{"id":809,"date":"2022-11-17T09:22:17","date_gmt":"2022-11-17T09:22:17","guid":{"rendered":"https:\/\/byggjobs.stg.geckodoit.com\/faq\/"},"modified":"2022-12-05T10:15:17","modified_gmt":"2022-12-05T10:15:17","slug":"faq","status":"publish","type":"page","link":"https:\/\/byggjobs.app\/sv\/faq\/","title":{"rendered":"FAQ"},"content":{"rendered":"\t\t<div data-elementor-type=\"wp-page\" data-elementor-id=\"809\" class=\"elementor elementor-809 elementor-17\" data-elementor-post-type=\"page\">\n\t\t\t\t\t\t<section class=\"elementor-section elementor-top-section elementor-element elementor-element-c4636ab elementor-section-height-min-height elementor-section-boxed elementor-section-height-default elementor-section-items-middle\" data-id=\"c4636ab\" data-element_type=\"section\" data-settings=\"{&quot;background_background&quot;:&quot;classic&quot;}\">\n\t\t\t\t\t\t<div class=\"elementor-container elementor-column-gap-default\">\n\t\t\t\t\t<div class=\"elementor-column elementor-col-100 elementor-top-column elementor-element elementor-element-9d14f92\" data-id=\"9d14f92\" data-element_type=\"column\">\n\t\t\t<div class=\"elementor-widget-wrap elementor-element-populated\">\n\t\t\t\t\t\t<section class=\"elementor-section elementor-inner-section elementor-element elementor-element-2643c0f elementor-section-boxed elementor-section-height-default elementor-section-height-default\" data-id=\"2643c0f\" data-element_type=\"section\">\n\t\t\t\t\t\t<div class=\"elementor-container elementor-column-gap-default\">\n\t\t\t\t\t<div class=\"elementor-column elementor-col-100 elementor-inner-column elementor-element elementor-element-c84408e\" data-id=\"c84408e\" data-element_type=\"column\">\n\t\t\t<div class=\"elementor-widget-wrap elementor-element-populated\">\n\t\t\t\t\t\t<div class=\"elementor-element elementor-element-714c673 elementor-widget elementor-widget-heading\" data-id=\"714c673\" data-element_type=\"widget\" data-widget_type=\"heading.default\">\n\t\t\t\t<div class=\"elementor-widget-container\">\n\t\t\t\t\t<h1 class=\"elementor-heading-title elementor-size-default\">FAQ<\/h1>\t\t\t\t<\/div>\n\t\t\t\t<\/div>\n\t\t\t\t\t<\/div>\n\t\t<\/div>\n\t\t\t\t\t<\/div>\n\t\t<\/section>\n\t\t\t\t\t<\/div>\n\t\t<\/div>\n\t\t\t\t\t<\/div>\n\t\t<\/section>\n\t\t\t\t<section class=\"elementor-section elementor-top-section elementor-element elementor-element-35f44e1 elementor-section-boxed elementor-section-height-default elementor-section-height-default\" data-id=\"35f44e1\" data-element_type=\"section\" data-settings=\"{&quot;background_background&quot;:&quot;classic&quot;}\">\n\t\t\t\t\t\t<div class=\"elementor-container elementor-column-gap-default\">\n\t\t\t\t\t<div class=\"elementor-column elementor-col-100 elementor-top-column elementor-element elementor-element-94d5169\" data-id=\"94d5169\" data-element_type=\"column\">\n\t\t\t<div class=\"elementor-widget-wrap elementor-element-populated\">\n\t\t\t\t\t\t<section class=\"elementor-section elementor-inner-section elementor-element elementor-element-d8c0e3d elementor-section-boxed elementor-section-height-default elementor-section-height-default\" data-id=\"d8c0e3d\" data-element_type=\"section\">\n\t\t\t\t\t\t<div class=\"elementor-container elementor-column-gap-default\">\n\t\t\t\t\t<div class=\"elementor-column elementor-col-100 elementor-inner-column elementor-element elementor-element-d70e4e7\" data-id=\"d70e4e7\" data-element_type=\"column\">\n\t\t\t<div class=\"elementor-widget-wrap elementor-element-populated\">\n\t\t\t\t\t\t<div class=\"elementor-element elementor-element-6e424ea elementor-widget elementor-widget-heading\" data-id=\"6e424ea\" data-element_type=\"widget\" data-widget_type=\"heading.default\">\n\t\t\t\t<div class=\"elementor-widget-container\">\n\t\t\t\t\t<h2 class=\"elementor-heading-title elementor-size-default\">Fr\u00e5gor och svar<\/h2>\t\t\t\t<\/div>\n\t\t\t\t<\/div>\n\t\t\t\t\t<\/div>\n\t\t<\/div>\n\t\t\t\t\t<\/div>\n\t\t<\/section>\n\t\t\t\t<section class=\"elementor-section elementor-inner-section elementor-element elementor-element-e33eeb8 elementor-section-boxed elementor-section-height-default elementor-section-height-default\" data-id=\"e33eeb8\" data-element_type=\"section\">\n\t\t\t\t\t\t<div class=\"elementor-container elementor-column-gap-default\">\n\t\t\t\t\t<div class=\"elementor-column elementor-col-50 elementor-inner-column elementor-element elementor-element-24ebe40\" data-id=\"24ebe40\" data-element_type=\"column\">\n\t\t\t<div class=\"elementor-widget-wrap elementor-element-populated\">\n\t\t\t\t\t\t<div class=\"elementor-element elementor-element-fec9719 elementor-widget elementor-widget-eael-adv-accordion\" data-id=\"fec9719\" data-element_type=\"widget\" data-widget_type=\"eael-adv-accordion.default\">\n\t\t\t\t<div class=\"elementor-widget-container\">\n\t\t\t\t\t            <div class=\"eael-adv-accordion\" id=\"eael-adv-accordion-fec9719\" data-scroll-on-click=\"no\" data-scroll-speed=\"300\" data-accordion-id=\"fec9719\" data-accordion-type=\"accordion\" data-toogle-speed=\"300\">\n            <div class=\"eael-accordion-list\">\n\t\t\t\t\t<div id=\"hur-sker-man-i-byggjobs\" class=\"elementor-tab-title eael-accordion-header\" tabindex=\"0\" data-tab=\"1\" aria-controls=\"elementor-tab-content-2671\"><span class=\"eael-accordion-tab-title\">Hur s\u00f6ker man i ByggJobs?<\/span><span class=\"eael-advanced-accordion-icon-closed\"><i aria-hidden=\"true\" class=\"fa-accordion-icon fas fa-plus\"><\/i><\/span><span class=\"eael-advanced-accordion-icon-opened\"><i aria-hidden=\"true\" class=\"fa-accordion-icon fas fa-minus\"><\/i><\/span><\/div><div id=\"elementor-tab-content-2671\" class=\"eael-accordion-content clearfix\" data-tab=\"1\" aria-labelledby=\"hur-sker-man-i-byggjobs\"><p><span style=\"font-weight: 400\">S\u00f6kfunktionen finns p\u00e5 startsidan i sk\u00e4rmens \u00f6vre del och \u00e4r synlig efter att du loggat in. H\u00e4r kan du ange tj\u00e4nst eller f\u00f6retag som du \u00e4r intresserad av att s\u00f6ka efter. <\/span><\/p><\/div>\n\t\t\t\t\t<\/div><div class=\"eael-accordion-list\">\n\t\t\t\t\t<div id=\"hur-kan-jag-spara-mina-favoritjobbannonser\" class=\"elementor-tab-title eael-accordion-header\" tabindex=\"0\" data-tab=\"2\" aria-controls=\"elementor-tab-content-2672\"><span class=\"eael-accordion-tab-title\">Hur kan jag spara mina favoritjobbannonser?<\/span><span class=\"eael-advanced-accordion-icon-closed\"><i aria-hidden=\"true\" class=\"fa-accordion-icon fas fa-plus\"><\/i><\/span><span class=\"eael-advanced-accordion-icon-opened\"><i aria-hidden=\"true\" class=\"fa-accordion-icon fas fa-minus\"><\/i><\/span><\/div><div id=\"elementor-tab-content-2672\" class=\"eael-accordion-content clearfix\" data-tab=\"2\" aria-labelledby=\"hur-kan-jag-spara-mina-favoritjobbannonser\"><p><span style=\"font-weight: 400\">Till h\u00f6ger om varje jobbannons finns en bokm\u00e4rkesikon. V\u00e4lj ikonen f\u00f6r att l\u00e4gga till jobbannonsen till dina favoriter. Du hittar dina favoriter p\u00e5 bokm\u00e4rkessk\u00e4rmen &#8211; sidan bredvid bokm\u00e4rket \u201dStartsidan\u201d.<\/span><\/p><p><span style=\"font-weight: 400\">Klicka p\u00e5 bokm\u00e4rkesikonen igen om du vill ta bort jobbannonsen fr\u00e5n dina favoriter.<\/span><\/p><\/div>\n\t\t\t\t\t<\/div><div class=\"eael-accordion-list\">\n\t\t\t\t\t<div id=\"hur-filtrerar-jag-jobbannonserna\" class=\"elementor-tab-title eael-accordion-header\" tabindex=\"0\" data-tab=\"3\" aria-controls=\"elementor-tab-content-2673\"><span class=\"eael-accordion-tab-title\">Hur filtrerar jag jobbannonserna?<\/span><span class=\"eael-advanced-accordion-icon-closed\"><i aria-hidden=\"true\" class=\"fa-accordion-icon fas fa-plus\"><\/i><\/span><span class=\"eael-advanced-accordion-icon-opened\"><i aria-hidden=\"true\" class=\"fa-accordion-icon fas fa-minus\"><\/i><\/span><\/div><div id=\"elementor-tab-content-2673\" class=\"eael-accordion-content clearfix\" data-tab=\"3\" aria-labelledby=\"hur-filtrerar-jag-jobbannonserna\"><p><span style=\"font-weight: 400\">Till h\u00f6ger om s\u00f6kf\u00e4ltet finns en filterikon som, n\u00e4r du klickar p\u00e5 den, visar en ny sk\u00e4rm med filterkategorier. V\u00e4lj de filter du vill ha och klicka p\u00e5 \u201dTill\u00e4mpa\u201d f\u00f6r att visa utvalda jobbannonser som st\u00e4mmer \u00f6verens med dina valda s\u00f6kfilter. Om du vill ta bort filtren och se alla uppdrag igen, klickar du p\u00e5 \u201dRensa\u201d.<\/span><\/p><\/div>\n\t\t\t\t\t<\/div><div class=\"eael-accordion-list\">\n\t\t\t\t\t<div id=\"kan-jag-dela-jobbannonser-till-mitt-ntverk\" class=\"elementor-tab-title eael-accordion-header\" tabindex=\"0\" data-tab=\"4\" aria-controls=\"elementor-tab-content-2674\"><span class=\"eael-accordion-tab-title\">Kan jag dela jobbannonser till mitt n\u00e4tverk?<\/span><span class=\"eael-advanced-accordion-icon-closed\"><i aria-hidden=\"true\" class=\"fa-accordion-icon fas fa-plus\"><\/i><\/span><span class=\"eael-advanced-accordion-icon-opened\"><i aria-hidden=\"true\" class=\"fa-accordion-icon fas fa-minus\"><\/i><\/span><\/div><div id=\"elementor-tab-content-2674\" class=\"eael-accordion-content clearfix\" data-tab=\"4\" aria-labelledby=\"kan-jag-dela-jobbannonser-till-mitt-ntverk\"><p><span style=\"font-weight: 400\">Absolut! G\u00e5 till startsidan f\u00f6r att se alla jobbannonser. V\u00e4lj den jobbannons du vill dela. Delningsikonen finns i sk\u00e4rmens h\u00f6gra \u00f6vre kant. N\u00e4r du klickar p\u00e5 delningsikonen f\u00f6resl\u00e5r appen olika kanaler som kan anv\u00e4ndas f\u00f6r att dela l\u00e4nken till annonsen.<\/span><\/p><\/div>\n\t\t\t\t\t<\/div><div class=\"eael-accordion-list\">\n\t\t\t\t\t<div id=\"hur-sker-jag-ett-jobb\" class=\"elementor-tab-title eael-accordion-header\" tabindex=\"0\" data-tab=\"5\" aria-controls=\"elementor-tab-content-2675\"><span class=\"eael-accordion-tab-title\">Hur s\u00f6ker jag ett jobb?<\/span><span class=\"eael-advanced-accordion-icon-closed\"><i aria-hidden=\"true\" class=\"fa-accordion-icon fas fa-plus\"><\/i><\/span><span class=\"eael-advanced-accordion-icon-opened\"><i aria-hidden=\"true\" class=\"fa-accordion-icon fas fa-minus\"><\/i><\/span><\/div><div id=\"elementor-tab-content-2675\" class=\"eael-accordion-content clearfix\" data-tab=\"5\" aria-labelledby=\"hur-sker-jag-ett-jobb\"><p><span style=\"font-weight: 400\">Om vill s\u00f6ka ett jobb s\u00e5 finns knappen \u201cAns\u00f6k\u201d nederst p\u00e5 jobbannonsens sida. Klicka p\u00e5 \u201cAns\u00f6k\u201d f\u00f6r att starta ans\u00f6kningsprocessen. Du kommer beh\u00f6va bekr\u00e4fta att du vill ans\u00f6ka till aktuell tj\u00e4nst innan du kan skicka iv\u00e4g din ans\u00f6kan genom att klicka p\u00e5 \u201dAns\u00f6k\u201d igen. Ditt CV skickas d\u00e5 till den potentiella arbetsgivaren.<\/span><\/p><\/div>\n\t\t\t\t\t<\/div><div class=\"eael-accordion-list\">\n\t\t\t\t\t<div id=\"kan-jag-lmna-recension-om-ett-fretag\" class=\"elementor-tab-title eael-accordion-header\" tabindex=\"0\" data-tab=\"6\" aria-controls=\"elementor-tab-content-2676\"><span class=\"eael-accordion-tab-title\">Kan jag l\u00e4mna recension om ett f\u00f6retag?<\/span><span class=\"eael-advanced-accordion-icon-closed\"><i aria-hidden=\"true\" class=\"fa-accordion-icon fas fa-plus\"><\/i><\/span><span class=\"eael-advanced-accordion-icon-opened\"><i aria-hidden=\"true\" class=\"fa-accordion-icon fas fa-minus\"><\/i><\/span><\/div><div id=\"elementor-tab-content-2676\" class=\"eael-accordion-content clearfix\" data-tab=\"6\" aria-labelledby=\"kan-jag-lmna-recension-om-ett-fretag\"><p><span style=\"font-weight: 400\">Ja, men endast de f\u00f6retag du arbetat f\u00f6r.\u00a0 N\u00e4r du avslutar samarbete med ett f\u00f6retag, eller projekt, f\u00e5r du ett push-meddelande med information om att jobbet har avslutats i v\u00e5rt system. Om du klickar p\u00e5 notisen dirigeras du till sidan f\u00f6r jobbet, vilken nu har en sektion f\u00f6r omd\u00f6men och recensioner.\u00a0 H\u00e4r kan du skriva en recension om arbetsgivaren och betygs\u00e4tta med stj\u00e4rnor (fr\u00e5n en till fem). F\u00f6r att publicera recensionen klicka p\u00e5 \u201dPublicera\u201d.<\/span><\/p><\/div>\n\t\t\t\t\t<\/div><div class=\"eael-accordion-list\">\n\t\t\t\t\t<div id=\"kan-jag-stnga-av-notiser\" class=\"elementor-tab-title eael-accordion-header\" tabindex=\"0\" data-tab=\"7\" aria-controls=\"elementor-tab-content-2677\"><span class=\"eael-accordion-tab-title\">Kan jag st\u00e4nga av notiser?<\/span><span class=\"eael-advanced-accordion-icon-closed\"><i aria-hidden=\"true\" class=\"fa-accordion-icon fas fa-plus\"><\/i><\/span><span class=\"eael-advanced-accordion-icon-opened\"><i aria-hidden=\"true\" class=\"fa-accordion-icon fas fa-minus\"><\/i><\/span><\/div><div id=\"elementor-tab-content-2677\" class=\"eael-accordion-content clearfix\" data-tab=\"7\" aria-labelledby=\"kan-jag-stnga-av-notiser\"><p><span style=\"font-weight: 400\">Ja! G\u00e5 till det \u00f6vre h\u00f6gra h\u00f6rnet av hemsk\u00e4rmen och klicka p\u00e5 de tv\u00e5 horisontella sm\u00e5 linjerna. V\u00e4lj\u00a0 Inst\u00e4llningar fr\u00e5n rullgardinsmenyn och v\u00e4lj sedan \u201cMeddelanden\u201d. D\u00e4r finns en P\u00e5-Av-knapp som anv\u00e4nds f\u00f6r att kontrollera om notiser ska visas eller inte.<\/span><\/p><\/div>\n\t\t\t\t\t<\/div><div class=\"eael-accordion-list\">\n\t\t\t\t\t<div id=\"hur-uppdaterar-jag-min-profil\" class=\"elementor-tab-title eael-accordion-header\" tabindex=\"0\" data-tab=\"8\" aria-controls=\"elementor-tab-content-2678\"><span class=\"eael-accordion-tab-title\">Hur uppdaterar jag min profil?<\/span><span class=\"eael-advanced-accordion-icon-closed\"><i aria-hidden=\"true\" class=\"fa-accordion-icon fas fa-plus\"><\/i><\/span><span class=\"eael-advanced-accordion-icon-opened\"><i aria-hidden=\"true\" class=\"fa-accordion-icon fas fa-minus\"><\/i><\/span><\/div><div id=\"elementor-tab-content-2678\" class=\"eael-accordion-content clearfix\" data-tab=\"8\" aria-labelledby=\"hur-uppdaterar-jag-min-profil\"><p><span style=\"font-weight: 400\">Klicka p\u00e5 de tv\u00e5 linjerna i hemsk\u00e4rmens \u00f6vre h\u00f6gra h\u00f6rnet f\u00f6r att \u00f6ppna rullgardinsmenyn. V\u00e4lj \u201cMin Profil\u201d d\u00e4r du kan l\u00e4gga till avslutade kurser och certifikat,\u00a0 spr\u00e5k du beh\u00e4rskar, arbetslivserfarenhet och en portf\u00f6lj med projekt som du har arbetat p\u00e5. Du kan ocks\u00e5 \u00e4ndra annan information s\u00e5som dina kontaktuppgifter.<\/span><\/p><\/div>\n\t\t\t\t\t<\/div><\/div>\t\t\t\t<\/div>\n\t\t\t\t<\/div>\n\t\t\t\t\t<\/div>\n\t\t<\/div>\n\t\t\t\t<div class=\"elementor-column elementor-col-50 elementor-inner-column elementor-element elementor-element-94c148a\" data-id=\"94c148a\" data-element_type=\"column\">\n\t\t\t<div class=\"elementor-widget-wrap elementor-element-populated\">\n\t\t\t\t\t\t<div class=\"elementor-element elementor-element-5f91cbd elementor-widget elementor-widget-eael-adv-accordion\" data-id=\"5f91cbd\" data-element_type=\"widget\" data-widget_type=\"eael-adv-accordion.default\">\n\t\t\t\t<div class=\"elementor-widget-container\">\n\t\t\t\t\t            <div class=\"eael-adv-accordion\" id=\"eael-adv-accordion-5f91cbd\" data-scroll-on-click=\"no\" data-scroll-speed=\"300\" data-accordion-id=\"5f91cbd\" data-accordion-type=\"accordion\" data-toogle-speed=\"300\">\n            <div class=\"eael-accordion-list\">\n\t\t\t\t\t<div id=\"hur-ser-man-detaljerad-information-om-arbetstagare\" class=\"elementor-tab-title eael-accordion-header\" tabindex=\"0\" data-tab=\"1\" aria-controls=\"elementor-tab-content-1001\"><span class=\"eael-accordion-tab-title\">Hur ser man detaljerad information om arbetstagare?<\/span><span class=\"eael-advanced-accordion-icon-closed\"><i aria-hidden=\"true\" class=\"fa-accordion-icon fas fa-plus\"><\/i><\/span><span class=\"eael-advanced-accordion-icon-opened\"><i aria-hidden=\"true\" class=\"fa-accordion-icon fas fa-minus\"><\/i><\/span><\/div><div id=\"elementor-tab-content-1001\" class=\"eael-accordion-content clearfix\" data-tab=\"1\" aria-labelledby=\"hur-ser-man-detaljerad-information-om-arbetstagare\"><p><span style=\"font-weight: 400\">P\u00e5 startsidan visas en lista med alla tillg\u00e4ngliga arbetstagare i din bransch. Om du vill veta mer om n\u00e5gon av dem s\u00e5 klickar du enkelt p\u00e5 personens namn eller bild.<\/span><\/p><\/div>\n\t\t\t\t\t<\/div><div class=\"eael-accordion-list\">\n\t\t\t\t\t<div id=\"hur-skapar-jag-en-jobbannons\" class=\"elementor-tab-title eael-accordion-header\" tabindex=\"0\" data-tab=\"2\" aria-controls=\"elementor-tab-content-1002\"><span class=\"eael-accordion-tab-title\">Hur skapar jag en jobbannons?<\/span><span class=\"eael-advanced-accordion-icon-closed\"><i aria-hidden=\"true\" class=\"fa-accordion-icon fas fa-plus\"><\/i><\/span><span class=\"eael-advanced-accordion-icon-opened\"><i aria-hidden=\"true\" class=\"fa-accordion-icon fas fa-minus\"><\/i><\/span><\/div><div id=\"elementor-tab-content-1002\" class=\"eael-accordion-content clearfix\" data-tab=\"2\" aria-labelledby=\"hur-skapar-jag-en-jobbannons\"><p><span style=\"font-weight: 400\">V\u00e4lj \u201cJobbannonser\u201d nederst p\u00e5 sk\u00e4rmen f\u00f6r att komma till dina jobbannonser. I sk\u00e4rmens \u00f6vre h\u00f6gra h\u00f6rn finns en gul knapp, \u201dL\u00e4gg till jobbannonser\u201d, som du klickar p\u00e5 f\u00f6r att skapa en jobbannons. Du kan l\u00e4gga till detaljerade uppgifter om jobberbjudandet s\u00e5som typ av tj\u00e4nst, typ av anst\u00e4llning, anst\u00e4llningstid och andra projektspecifika uppgifter. <\/span><\/p><p><span style=\"font-weight: 400\">N\u00e4r du \u00e4r klar, klicka p\u00e5 \u201dSpara och Publicera\u201d f\u00f6r att publicera annonsen.<\/span><\/p><\/div>\n\t\t\t\t\t<\/div><div class=\"eael-accordion-list\">\n\t\t\t\t\t<div id=\"hur-bokar-jag-en-jobbintervju-med-en-potentiell-anstlld\" class=\"elementor-tab-title eael-accordion-header\" tabindex=\"0\" data-tab=\"3\" aria-controls=\"elementor-tab-content-1003\"><span class=\"eael-accordion-tab-title\">Hur bokar jag en jobbintervju med en potentiell anst\u00e4lld?<\/span><span class=\"eael-advanced-accordion-icon-closed\"><i aria-hidden=\"true\" class=\"fa-accordion-icon fas fa-plus\"><\/i><\/span><span class=\"eael-advanced-accordion-icon-opened\"><i aria-hidden=\"true\" class=\"fa-accordion-icon fas fa-minus\"><\/i><\/span><\/div><div id=\"elementor-tab-content-1003\" class=\"eael-accordion-content clearfix\" data-tab=\"3\" aria-labelledby=\"hur-bokar-jag-en-jobbintervju-med-en-potentiell-anstlld\"><p><span style=\"font-weight: 400\">Via startsidan v\u00e4ljer du den kandidat du vill bjuda in till jobbintervju. I sk\u00e4rmens nedre del finns en gul knapp \u201dPlanera jobbintervju\u201d. Klicka p\u00e5 knappen f\u00f6r att boka intervjun och meddela kandidaten.<\/span><\/p><\/div>\n\t\t\t\t\t<\/div><div class=\"eael-accordion-list\">\n\t\t\t\t\t<div id=\"kan-jag-chatta-med-en-arbetstagare\" class=\"elementor-tab-title eael-accordion-header\" tabindex=\"0\" data-tab=\"4\" aria-controls=\"elementor-tab-content-1004\"><span class=\"eael-accordion-tab-title\">Kan jag chatta med en arbetstagare?<\/span><span class=\"eael-advanced-accordion-icon-closed\"><i aria-hidden=\"true\" class=\"fa-accordion-icon fas fa-plus\"><\/i><\/span><span class=\"eael-advanced-accordion-icon-opened\"><i aria-hidden=\"true\" class=\"fa-accordion-icon fas fa-minus\"><\/i><\/span><\/div><div id=\"elementor-tab-content-1004\" class=\"eael-accordion-content clearfix\" data-tab=\"4\" aria-labelledby=\"kan-jag-chatta-med-en-arbetstagare\"><p><span style=\"font-weight: 400\">Ja, men du kan endast chatta med\u00a0 arbetstagare som du har valt att anst\u00e4lla. <\/span><\/p><p><span style=\"font-weight: 400\">I sk\u00e4rmens nedre del finns en chattikon. Klicka p\u00e5 den f\u00f6r att komma till chatten.<\/span><\/p><\/div>\n\t\t\t\t\t<\/div><div class=\"eael-accordion-list\">\n\t\t\t\t\t<div id=\"hur-uppdaterar-jag-min-fretagsprofil\" class=\"elementor-tab-title eael-accordion-header\" tabindex=\"0\" data-tab=\"5\" aria-controls=\"elementor-tab-content-1005\"><span class=\"eael-accordion-tab-title\">Hur uppdaterar jag min f\u00f6retagsprofil?<\/span><span class=\"eael-advanced-accordion-icon-closed\"><i aria-hidden=\"true\" class=\"fa-accordion-icon fas fa-plus\"><\/i><\/span><span class=\"eael-advanced-accordion-icon-opened\"><i aria-hidden=\"true\" class=\"fa-accordion-icon fas fa-minus\"><\/i><\/span><\/div><div id=\"elementor-tab-content-1005\" class=\"eael-accordion-content clearfix\" data-tab=\"5\" aria-labelledby=\"hur-uppdaterar-jag-min-fretagsprofil\"><p><span style=\"font-weight: 400\">Klicka p\u00e5 de tv\u00e5 horisontella linjerna i sk\u00e4rmens \u00f6vre h\u00f6gra h\u00f6rn. Klicka p\u00e5 \u201cProfil\u201d, den f\u00f6rsta posten, i\u00a0 rullgardinsmenyn f\u00f6r att komma till redigering av profilen.<\/span><\/p><\/div>\n\t\t\t\t\t<\/div><div class=\"eael-accordion-list\">\n\t\t\t\t\t<div id=\"hur-kan-jag-lmna-ett-omdme-om-en-arbetstagare\" class=\"elementor-tab-title eael-accordion-header\" tabindex=\"0\" data-tab=\"6\" aria-controls=\"elementor-tab-content-1006\"><span class=\"eael-accordion-tab-title\">Hur kan jag l\u00e4mna ett omd\u00f6me om en arbetstagare?<\/span><span class=\"eael-advanced-accordion-icon-closed\"><i aria-hidden=\"true\" class=\"fa-accordion-icon fas fa-plus\"><\/i><\/span><span class=\"eael-advanced-accordion-icon-opened\"><i aria-hidden=\"true\" class=\"fa-accordion-icon fas fa-minus\"><\/i><\/span><\/div><div id=\"elementor-tab-content-1006\" class=\"eael-accordion-content clearfix\" data-tab=\"6\" aria-labelledby=\"hur-kan-jag-lmna-ett-omdme-om-en-arbetstagare\"><p><span style=\"font-weight: 400\">N\u00e4r en anst\u00e4llning har avslutats f\u00e5r du ett push-meddelande om att arbetstagarens uppdrag har avslutats. N\u00e4r du klickar p\u00e5 meddelandet kommer du till en sida d\u00e4r du kan betygs\u00e4tta och l\u00e4mna ett omd\u00f6me f\u00f6r byggarbetaren. N\u00e4r du \u00e4r f\u00e4rdig, v\u00e4lj \u201cPublicera\u201d.<\/span><\/p><\/div>\n\t\t\t\t\t<\/div><\/div>\t\t\t\t<\/div>\n\t\t\t\t<\/div>\n\t\t\t\t\t<\/div>\n\t\t<\/div>\n\t\t\t\t\t<\/div>\n\t\t<\/section>\n\t\t\t\t\t<\/div>\n\t\t<\/div>\n\t\t\t\t\t<\/div>\n\t\t<\/section>\n\t\t\t\t<\/div>\n\t\t","protected":false},"excerpt":{"rendered":"<p>Fr\u00e5gor och svar Hur s\u00f6ker man i ByggJobs? S\u00f6kfunktionen finns p\u00e5 startsidan i sk\u00e4rmens \u00f6vre del och \u00e4r synlig efter att du loggat in. H\u00e4r kan du ange tj\u00e4nst eller f\u00f6retag som du \u00e4r intresserad av att s\u00f6ka efter. Hur kan jag spara mina favoritjobbannonser? Till h\u00f6ger om varje jobbannons finns en bokm\u00e4rkesikon. V\u00e4lj ikonen [&hellip;]<\/p>\n","protected":false},"author":4,"featured_media":0,"parent":0,"menu_order":0,"comment_status":"closed","ping_status":"closed","template":"","meta":{"footnotes":""},"class_list":["post-809","page","type-page","status-publish","hentry"],"_links":{"self":[{"href":"https:\/\/byggjobs.app\/sv\/wp-json\/wp\/v2\/pages\/809","targetHints":{"allow":["GET"]}}],"collection":[{"href":"https:\/\/byggjobs.app\/sv\/wp-json\/wp\/v2\/pages"}],"about":[{"href":"https:\/\/byggjobs.app\/sv\/wp-json\/wp\/v2\/types\/page"}],"author":[{"embeddable":true,"href":"https:\/\/byggjobs.app\/sv\/wp-json\/wp\/v2\/users\/4"}],"replies":[{"embeddable":true,"href":"https:\/\/byggjobs.app\/sv\/wp-json\/wp\/v2\/comments?post=809"}],"version-history":[{"count":19,"href":"https:\/\/byggjobs.app\/sv\/wp-json\/wp\/v2\/pages\/809\/revisions"}],"predecessor-version":[{"id":885,"href":"https:\/\/byggjobs.app\/sv\/wp-json\/wp\/v2\/pages\/809\/revisions\/885"}],"wp:attachment":[{"href":"https:\/\/byggjobs.app\/sv\/wp-json\/wp\/v2\/media?parent=809"}],"curies":[{"name":"wp","href":"https:\/\/api.w.org\/{rel}","templated":true}]}}