{"id":764,"date":"2022-11-17T09:20:50","date_gmt":"2022-11-17T09:20:50","guid":{"rendered":"https:\/\/byggjobs.stg.geckodoit.com\/om-oss\/"},"modified":"2023-03-03T08:07:41","modified_gmt":"2023-03-03T08:07:41","slug":"om-oss","status":"publish","type":"page","link":"https:\/\/byggjobs.app\/sv\/om-oss\/","title":{"rendered":"Om oss"},"content":{"rendered":"\t\t<div data-elementor-type=\"wp-page\" data-elementor-id=\"764\" class=\"elementor elementor-764 elementor-13\" data-elementor-post-type=\"page\">\n\t\t\t\t\t\t<section class=\"elementor-section elementor-top-section elementor-element elementor-element-5bb95e6 elementor-section-height-min-height elementor-section-boxed elementor-section-height-default elementor-section-items-middle\" data-id=\"5bb95e6\" data-element_type=\"section\" data-settings=\"{&quot;background_background&quot;:&quot;classic&quot;}\">\n\t\t\t\t\t\t<div class=\"elementor-container elementor-column-gap-default\">\n\t\t\t\t\t<div class=\"elementor-column elementor-col-100 elementor-top-column elementor-element elementor-element-c352216\" data-id=\"c352216\" data-element_type=\"column\">\n\t\t\t<div class=\"elementor-widget-wrap elementor-element-populated\">\n\t\t\t\t\t\t<section class=\"elementor-section elementor-inner-section elementor-element elementor-element-dbcaf34 elementor-section-boxed elementor-section-height-default elementor-section-height-default\" data-id=\"dbcaf34\" data-element_type=\"section\">\n\t\t\t\t\t\t<div class=\"elementor-container elementor-column-gap-default\">\n\t\t\t\t\t<div class=\"elementor-column elementor-col-100 elementor-inner-column elementor-element elementor-element-23f44cd\" data-id=\"23f44cd\" data-element_type=\"column\">\n\t\t\t<div class=\"elementor-widget-wrap elementor-element-populated\">\n\t\t\t\t\t\t<div class=\"elementor-element elementor-element-1e29877 elementor-widget elementor-widget-heading\" data-id=\"1e29877\" data-element_type=\"widget\" data-widget_type=\"heading.default\">\n\t\t\t\t<div class=\"elementor-widget-container\">\n\t\t\t\t\t<h1 class=\"elementor-heading-title elementor-size-default\">Om oss<\/h1>\t\t\t\t<\/div>\n\t\t\t\t<\/div>\n\t\t\t\t\t<\/div>\n\t\t<\/div>\n\t\t\t\t\t<\/div>\n\t\t<\/section>\n\t\t\t\t\t<\/div>\n\t\t<\/div>\n\t\t\t\t\t<\/div>\n\t\t<\/section>\n\t\t\t\t<section class=\"elementor-section elementor-top-section elementor-element elementor-element-05f8b2a elementor-section-boxed elementor-section-height-default elementor-section-height-default\" data-id=\"05f8b2a\" data-element_type=\"section\" data-settings=\"{&quot;background_background&quot;:&quot;classic&quot;}\">\n\t\t\t\t\t\t<div class=\"elementor-container elementor-column-gap-default\">\n\t\t\t\t\t<div class=\"elementor-column elementor-col-100 elementor-top-column elementor-element elementor-element-f533021\" data-id=\"f533021\" data-element_type=\"column\">\n\t\t\t<div class=\"elementor-widget-wrap elementor-element-populated\">\n\t\t\t\t\t\t<section class=\"elementor-section elementor-inner-section elementor-element elementor-element-df5befa elementor-section-boxed elementor-section-height-default elementor-section-height-default\" data-id=\"df5befa\" data-element_type=\"section\">\n\t\t\t\t\t\t<div class=\"elementor-container elementor-column-gap-default\">\n\t\t\t\t\t<div class=\"elementor-column elementor-col-50 elementor-inner-column elementor-element elementor-element-9661ed8\" data-id=\"9661ed8\" data-element_type=\"column\">\n\t\t\t<div class=\"elementor-widget-wrap elementor-element-populated\">\n\t\t\t\t\t\t<div class=\"elementor-element elementor-element-81a7034 text-background elementor-widget elementor-widget-heading\" data-id=\"81a7034\" data-element_type=\"widget\" data-widget_type=\"heading.default\">\n\t\t\t\t<div class=\"elementor-widget-container\">\n\t\t\t\t\t<h2 class=\"elementor-heading-title elementor-size-default\">Vilka \u00e4r ByggJobs? <\/h2>\t\t\t\t<\/div>\n\t\t\t\t<\/div>\n\t\t\t\t\t<\/div>\n\t\t<\/div>\n\t\t\t\t<div class=\"elementor-column elementor-col-50 elementor-inner-column elementor-element elementor-element-d123bdf\" data-id=\"d123bdf\" data-element_type=\"column\">\n\t\t\t<div class=\"elementor-widget-wrap elementor-element-populated\">\n\t\t\t\t\t\t<div class=\"elementor-element elementor-element-9f6b665 elementor-widget elementor-widget-text-editor\" data-id=\"9f6b665\" data-element_type=\"widget\" data-widget_type=\"text-editor.default\">\n\t\t\t\t<div class=\"elementor-widget-container\">\n\t\t\t\t\t\t\t\t\t<p><span style=\"font-weight: 400;\">Plattformen ByggJobs grundades 2018 av skandinaviska EHRAB-gruppen &#8211; experter inom rekrytering och arbetskraftsf\u00f6rmedling f\u00f6r byggbranschen.\u00a0<\/span><\/p><p><span style=\"color: var( --e-global-color-0c259df ); font-family: var( --e-global-typography-7601ffe-font-family ), Sans-serif; font-size: var( --e-global-typography-7601ffe-font-size ); font-weight: var( --e-global-typography-7601ffe-font-weight ); letter-spacing: var( --e-global-typography-7601ffe-letter-spacing ); word-spacing: var( --e-global-typography-7601ffe-word-spacing ); background-color: var( --e-global-color-c60a7aa );\">ByggJobs \u00e4r<\/span><span style=\"font-weight: 400;\">\u00a0en virtuell marknad f\u00f6r arbetss\u00f6kande och arbetsgivare, inom bygg-, anl\u00e4ggnings- och installationsbranschen i Europa, med m\u00e5ls\u00e4ttningen att s\u00e4kerst\u00e4lla en tillf\u00f6rlitlig tillg\u00e5ng till h\u00f6g- och medelkvalificerad arbetskraft fr\u00e5n hela Europa.<\/span><\/p>\t\t\t\t\t\t\t\t<\/div>\n\t\t\t\t<\/div>\n\t\t\t\t\t<\/div>\n\t\t<\/div>\n\t\t\t\t\t<\/div>\n\t\t<\/section>\n\t\t\t\t<section class=\"elementor-section elementor-inner-section elementor-element elementor-element-8897543 elementor-section-boxed elementor-section-height-default elementor-section-height-default\" data-id=\"8897543\" data-element_type=\"section\">\n\t\t\t\t\t\t<div class=\"elementor-container elementor-column-gap-default\">\n\t\t\t\t\t<div class=\"elementor-column elementor-col-50 elementor-inner-column elementor-element elementor-element-d83adb0\" data-id=\"d83adb0\" data-element_type=\"column\">\n\t\t\t<div class=\"elementor-widget-wrap elementor-element-populated\">\n\t\t\t\t\t\t<div class=\"elementor-element elementor-element-4120562 text-background elementor-widget elementor-widget-heading\" data-id=\"4120562\" data-element_type=\"widget\" data-widget_type=\"heading.default\">\n\t\t\t\t<div class=\"elementor-widget-container\">\n\t\t\t\t\t<h2 class=\"elementor-heading-title elementor-size-default\">V\u00e5r mission <\/h2>\t\t\t\t<\/div>\n\t\t\t\t<\/div>\n\t\t\t\t\t<\/div>\n\t\t<\/div>\n\t\t\t\t<div class=\"elementor-column elementor-col-50 elementor-inner-column elementor-element elementor-element-f43244d\" data-id=\"f43244d\" data-element_type=\"column\">\n\t\t\t<div class=\"elementor-widget-wrap elementor-element-populated\">\n\t\t\t\t\t\t<div class=\"elementor-element elementor-element-7bb2279 elementor-widget elementor-widget-text-editor\" data-id=\"7bb2279\" data-element_type=\"widget\" data-widget_type=\"text-editor.default\">\n\t\t\t\t<div class=\"elementor-widget-container\">\n\t\t\t\t\t\t\t\t\t<p><span style=\"color: var( --e-global-color-0c259df ); font-family: var( --e-global-typography-7601ffe-font-family ), Sans-serif; font-size: var( --e-global-typography-7601ffe-font-size ); font-weight: var( --e-global-typography-7601ffe-font-weight ); letter-spacing: var( --e-global-typography-7601ffe-letter-spacing ); word-spacing: var( --e-global-typography-7601ffe-word-spacing ); background-color: var( --e-global-color-c60a7aa );\">Den europeiska byggbranschen<\/span><span style=\"font-weight: 400;\">&nbsp;har under de senaste decennierna utvecklats lavinartat, men samtidigt upplevt sv\u00e5righeter med att hitta kvalificerad arbetskraft. Detta har lett till att m\u00e5nga f\u00f6retag s\u00f6ker personal utomlands f\u00f6r att kompensera f\u00f6r arbetskraftsbristen. M\u00e5nga utl\u00e4ndska arbetsgivare letar efter personal i \u00d6steuropa och v\u00e4nder sig numera till de skandinaviska l\u00e4nderna f\u00f6r att g\u00f6ra aff\u00e4rer.&nbsp;<\/span><\/p>\n<p><span style=\"font-weight: 400;\">Den otillr\u00e4ckligt reglerade marknaden har skapat m\u00f6jlighet att utnyttja luckor i de europeiska skattef\u00f6reskrifterna s\u00e5som t.ex. f\u00f6reskrifter om gr\u00e4ns\u00f6verskridande anst\u00e4llning. Detta har p\u00e5verkat&nbsp;<\/span><span style=\"color: var( --e-global-color-0c259df ); font-family: var( --e-global-typography-7601ffe-font-family ), Sans-serif; font-size: var( --e-global-typography-7601ffe-font-size ); font-weight: var( --e-global-typography-7601ffe-font-weight ); letter-spacing: var( --e-global-typography-7601ffe-letter-spacing ); word-spacing: var( --e-global-typography-7601ffe-word-spacing ); background-color: var( --e-global-color-c60a7aa );\">byggbranschens&nbsp;<\/span><span style=\"color: var( --e-global-color-0c259df ); font-family: var( --e-global-typography-7601ffe-font-family ), Sans-serif; font-size: var( --e-global-typography-7601ffe-font-size ); letter-spacing: var( --e-global-typography-7601ffe-letter-spacing ); word-spacing: var( --e-global-typography-7601ffe-word-spacing ); background-color: var( --e-global-color-c60a7aa );\">arbetsmarknad och lett till l\u00f6nedumpning, bristande tillsyn och utnyttjande av arbetstagare.<\/span><\/p>\n<p><span style=\"font-weight: 400;\">Som ett svar p\u00e5 branschens problem skapade EHRAB-gruppen appen ByggJobs som verkar f\u00f6r h\u00e5llbar utveckling och samh\u00e4llsansvar. Syftet med ByggJobs \u00e4r att tillhandah\u00e5lla en plattform d\u00e4r arbetstagare och arbetsgivare kan hitta, och kommunicera med, varandra p\u00e5 ett professionellt s\u00e4tt.&nbsp; V\u00e5r l\u00e5ngsiktiga m\u00e5ls\u00e4ttning \u00e4r att eliminera l\u00f6nedumpningen inom byggbranschen genom att tillhandah\u00e5lla en virtuell arbetsmarknad grundad i transparens, omtanke och riktig tillsyn.<\/span><\/p>\t\t\t\t\t\t\t\t<\/div>\n\t\t\t\t<\/div>\n\t\t\t\t\t<\/div>\n\t\t<\/div>\n\t\t\t\t\t<\/div>\n\t\t<\/section>\n\t\t\t\t\t<\/div>\n\t\t<\/div>\n\t\t\t\t\t<\/div>\n\t\t<\/section>\n\t\t\t\t<section class=\"elementor-section elementor-top-section elementor-element elementor-element-60f6f70 elementor-section-boxed elementor-section-height-default elementor-section-height-default\" data-id=\"60f6f70\" data-element_type=\"section\">\n\t\t\t\t\t\t<div class=\"elementor-container elementor-column-gap-default\">\n\t\t\t\t\t<div class=\"elementor-column elementor-col-100 elementor-top-column elementor-element elementor-element-1f42838\" data-id=\"1f42838\" data-element_type=\"column\">\n\t\t\t<div class=\"elementor-widget-wrap elementor-element-populated\">\n\t\t\t\t\t\t<section class=\"elementor-section elementor-inner-section elementor-element elementor-element-ddcfc54 elementor-section-boxed elementor-section-height-default elementor-section-height-default\" data-id=\"ddcfc54\" data-element_type=\"section\">\n\t\t\t\t\t\t<div class=\"elementor-container elementor-column-gap-default\">\n\t\t\t\t\t<div class=\"elementor-column elementor-col-100 elementor-inner-column elementor-element elementor-element-6790c74\" data-id=\"6790c74\" data-element_type=\"column\">\n\t\t\t<div class=\"elementor-widget-wrap elementor-element-populated\">\n\t\t\t\t\t\t<div class=\"elementor-element elementor-element-31d1671 elementor-widget elementor-widget-heading\" data-id=\"31d1671\" data-element_type=\"widget\" data-widget_type=\"heading.default\">\n\t\t\t\t<div class=\"elementor-widget-container\">\n\t\t\t\t\t<h2 class=\"elementor-heading-title elementor-size-default\">V\u00e5rt h\u00f6gre syfte<\/h2>\t\t\t\t<\/div>\n\t\t\t\t<\/div>\n\t\t\t\t\t<\/div>\n\t\t<\/div>\n\t\t\t\t\t<\/div>\n\t\t<\/section>\n\t\t\t\t<section class=\"elementor-section elementor-inner-section elementor-element elementor-element-c52fe32 elementor-section-boxed elementor-section-height-default elementor-section-height-default\" data-id=\"c52fe32\" data-element_type=\"section\">\n\t\t\t\t\t\t<div class=\"elementor-container elementor-column-gap-default\">\n\t\t\t\t\t<div class=\"elementor-column elementor-col-100 elementor-inner-column elementor-element elementor-element-3b8d0d9\" data-id=\"3b8d0d9\" data-element_type=\"column\">\n\t\t\t<div class=\"elementor-widget-wrap elementor-element-populated\">\n\t\t\t\t\t\t<div class=\"elementor-element elementor-element-fdb8d20 elementor-widget elementor-widget-video\" data-id=\"fdb8d20\" data-element_type=\"widget\" data-settings=\"{&quot;youtube_url&quot;:&quot;https:\\\/\\\/www.youtube.com\\\/watch?v=Pi4c-nGOfl8&quot;,&quot;video_type&quot;:&quot;youtube&quot;,&quot;controls&quot;:&quot;yes&quot;}\" data-widget_type=\"video.default\">\n\t\t\t\t<div class=\"elementor-widget-container\">\n\t\t\t\t\t\t\t<div class=\"elementor-wrapper elementor-open-inline\">\n\t\t\t<div class=\"elementor-video\"><\/div>\t\t<\/div>\n\t\t\t\t\t\t<\/div>\n\t\t\t\t<\/div>\n\t\t\t\t\t<\/div>\n\t\t<\/div>\n\t\t\t\t\t<\/div>\n\t\t<\/section>\n\t\t\t\t\t<\/div>\n\t\t<\/div>\n\t\t\t\t\t<\/div>\n\t\t<\/section>\n\t\t\t\t<\/div>\n\t\t","protected":false},"excerpt":{"rendered":"<p>Vilka \u00e4r ByggJobs? Plattformen ByggJobs grundades 2018 av skandinaviska EHRAB-gruppen &#8211; experter inom rekrytering och arbetskraftsf\u00f6rmedling f\u00f6r byggbranschen.\u00a0 ByggJobs \u00e4r\u00a0en virtuell marknad f\u00f6r arbetss\u00f6kande och arbetsgivare, inom bygg-, anl\u00e4ggnings- och installationsbranschen i Europa, med m\u00e5ls\u00e4ttningen att s\u00e4kerst\u00e4lla en tillf\u00f6rlitlig tillg\u00e5ng till h\u00f6g- och medelkvalificerad arbetskraft fr\u00e5n hela Europa. V\u00e5r mission Den europeiska byggbranschen&nbsp;har under de [&hellip;]<\/p>\n","protected":false},"author":4,"featured_media":0,"parent":0,"menu_order":0,"comment_status":"closed","ping_status":"closed","template":"","meta":{"footnotes":""},"class_list":["post-764","page","type-page","status-publish","hentry"],"_links":{"self":[{"href":"https:\/\/byggjobs.app\/sv\/wp-json\/wp\/v2\/pages\/764","targetHints":{"allow":["GET"]}}],"collection":[{"href":"https:\/\/byggjobs.app\/sv\/wp-json\/wp\/v2\/pages"}],"about":[{"href":"https:\/\/byggjobs.app\/sv\/wp-json\/wp\/v2\/types\/page"}],"author":[{"embeddable":true,"href":"https:\/\/byggjobs.app\/sv\/wp-json\/wp\/v2\/users\/4"}],"replies":[{"embeddable":true,"href":"https:\/\/byggjobs.app\/sv\/wp-json\/wp\/v2\/comments?post=764"}],"version-history":[{"count":11,"href":"https:\/\/byggjobs.app\/sv\/wp-json\/wp\/v2\/pages\/764\/revisions"}],"predecessor-version":[{"id":3553,"href":"https:\/\/byggjobs.app\/sv\/wp-json\/wp\/v2\/pages\/764\/revisions\/3553"}],"wp:attachment":[{"href":"https:\/\/byggjobs.app\/sv\/wp-json\/wp\/v2\/media?parent=764"}],"curies":[{"name":"wp","href":"https:\/\/api.w.org\/{rel}","templated":true}]}}