{"id":1613,"date":"2022-11-17T09:21:06","date_gmt":"2022-11-17T09:21:06","guid":{"rendered":"https:\/\/byggjobs.stg.geckodoit.com\/how-it-works\/"},"modified":"2022-12-09T06:05:05","modified_gmt":"2022-12-09T06:05:05","slug":"ako-to-funguje","status":"publish","type":"page","link":"https:\/\/byggjobs.app\/sk\/ako-to-funguje\/","title":{"rendered":"Ako to funguje"},"content":{"rendered":"\t\t<div data-elementor-type=\"wp-page\" data-elementor-id=\"1613\" class=\"elementor elementor-1613 elementor-15\" data-elementor-post-type=\"page\">\n\t\t\t\t\t\t<section class=\"elementor-section elementor-top-section elementor-element elementor-element-d57b1b3 elementor-section-height-min-height elementor-section-boxed elementor-section-height-default elementor-section-items-middle\" data-id=\"d57b1b3\" data-element_type=\"section\" data-settings=\"{&quot;background_background&quot;:&quot;classic&quot;}\">\n\t\t\t\t\t\t<div class=\"elementor-container elementor-column-gap-default\">\n\t\t\t\t\t<div class=\"elementor-column elementor-col-100 elementor-top-column elementor-element elementor-element-9040d1d\" data-id=\"9040d1d\" data-element_type=\"column\">\n\t\t\t<div class=\"elementor-widget-wrap elementor-element-populated\">\n\t\t\t\t\t\t<section class=\"elementor-section elementor-inner-section elementor-element elementor-element-ae2189d elementor-section-boxed elementor-section-height-default elementor-section-height-default\" data-id=\"ae2189d\" data-element_type=\"section\">\n\t\t\t\t\t\t<div class=\"elementor-container elementor-column-gap-default\">\n\t\t\t\t\t<div class=\"elementor-column elementor-col-100 elementor-inner-column elementor-element elementor-element-e2fe13b\" data-id=\"e2fe13b\" data-element_type=\"column\">\n\t\t\t<div class=\"elementor-widget-wrap elementor-element-populated\">\n\t\t\t\t\t\t<div class=\"elementor-element elementor-element-f7f9c57 elementor-widget elementor-widget-heading\" data-id=\"f7f9c57\" data-element_type=\"widget\" data-widget_type=\"heading.default\">\n\t\t\t\t<div class=\"elementor-widget-container\">\n\t\t\t\t\t<h1 class=\"elementor-heading-title elementor-size-default\">Ako to funguje<\/h1>\t\t\t\t<\/div>\n\t\t\t\t<\/div>\n\t\t\t\t\t<\/div>\n\t\t<\/div>\n\t\t\t\t\t<\/div>\n\t\t<\/section>\n\t\t\t\t\t<\/div>\n\t\t<\/div>\n\t\t\t\t\t<\/div>\n\t\t<\/section>\n\t\t\t\t<section class=\"elementor-section elementor-top-section elementor-element elementor-element-8e38f4f elementor-section-boxed elementor-section-height-default elementor-section-height-default\" data-id=\"8e38f4f\" data-element_type=\"section\" data-settings=\"{&quot;background_background&quot;:&quot;classic&quot;}\">\n\t\t\t\t\t\t<div class=\"elementor-container elementor-column-gap-default\">\n\t\t\t\t\t<div class=\"elementor-column elementor-col-100 elementor-top-column elementor-element elementor-element-0738249\" data-id=\"0738249\" data-element_type=\"column\">\n\t\t\t<div class=\"elementor-widget-wrap elementor-element-populated\">\n\t\t\t\t\t\t<section class=\"elementor-section elementor-inner-section elementor-element elementor-element-238dc15 elementor-section-boxed elementor-section-height-default elementor-section-height-default\" data-id=\"238dc15\" data-element_type=\"section\">\n\t\t\t\t\t\t<div class=\"elementor-container elementor-column-gap-default\">\n\t\t\t\t\t<div class=\"elementor-column elementor-col-50 elementor-inner-column elementor-element elementor-element-1697f46\" data-id=\"1697f46\" data-element_type=\"column\">\n\t\t\t<div class=\"elementor-widget-wrap elementor-element-populated\">\n\t\t\t\t\t\t<div class=\"elementor-element elementor-element-b787290 text-background elementor-widget elementor-widget-heading\" data-id=\"b787290\" data-element_type=\"widget\" data-widget_type=\"heading.default\">\n\t\t\t\t<div class=\"elementor-widget-container\">\n\t\t\t\t\t<h2 class=\"elementor-heading-title elementor-size-default\">Vytvor pracovn\u00fa ponuku\n<\/h2>\t\t\t\t<\/div>\n\t\t\t\t<\/div>\n\t\t\t\t<div class=\"elementor-element elementor-element-92fc7f1 elementor-widget elementor-widget-text-editor\" data-id=\"92fc7f1\" data-element_type=\"widget\" data-widget_type=\"text-editor.default\">\n\t\t\t\t<div class=\"elementor-widget-container\">\n\t\t\t\t\t\t\t\t\t<p>Pozri sa na doln\u00fa \u010das\u0165 obrazovky, kde sa nach\u00e1dzaj\u00fa ikony navig\u00e1cie. Zvo\u013e ikonu Ponuky pr\u00e1ce, ktor\u00e1 Ti dovol\u00ed sa dosta\u0165 na stranu Moje ponuky pr\u00e1ce. V pravom hornom rohu tejto strany n\u00e1jde\u0161 \u017elt\u00e9 tla\u010didlo &#8222;Pridaj ponuku pr\u00e1ce&#8220;. Stla\u010d toto tla\u010didlo a tam m\u00f4\u017ee\u0161 prida\u0165 ponuky pr\u00e1ce. Aplik\u00e1cia umo\u017e\u0148uje uv\u00e1dzanie r\u00f4znych podrobn\u00fdch \u00fadajov t\u00fdkaj\u00facich sa ponuky pr\u00e1ce ako napr.: ozna\u010denie prac. zaradenia, druh zamestnania alebo presn\u00fd \u010das vykon\u00e1vania pr\u00e1ce. Po ukon\u010den\u00ed ed\u00edcie ponuky prejdi do dolnej \u010dasti strany a stla\u010d Ulo\u017e a publikujte, ozn\u00e1menie o ponuke bude zverejnen\u00e9.<\/p>\t\t\t\t\t\t\t\t<\/div>\n\t\t\t\t<\/div>\n\t\t\t\t\t<\/div>\n\t\t<\/div>\n\t\t\t\t<div class=\"elementor-column elementor-col-50 elementor-inner-column elementor-element elementor-element-ef109c9\" data-id=\"ef109c9\" data-element_type=\"column\">\n\t\t\t<div class=\"elementor-widget-wrap elementor-element-populated\">\n\t\t\t\t\t\t<div class=\"elementor-element elementor-element-9ba976a gallery-spacing-custom elementor-widget elementor-widget-image-gallery\" data-id=\"9ba976a\" data-element_type=\"widget\" data-widget_type=\"image-gallery.default\">\n\t\t\t\t<div class=\"elementor-widget-container\">\n\t\t\t\t\t\t\t<div class=\"elementor-image-gallery\">\n\t\t\t<div id='gallery-1' class='gallery galleryid-1613 gallery-columns-2 gallery-size-large'><figure class='gallery-item'>\n\t\t\t<div class='gallery-icon portrait'>\n\t\t\t\t<img fetchpriority=\"high\" decoding=\"async\" width=\"297\" height=\"609\" src=\"https:\/\/byggjobs.app\/wp-content\/uploads\/2022\/11\/create-job-add-2.png\" class=\"attachment-large size-large\" alt=\"\" srcset=\"https:\/\/byggjobs.app\/wp-content\/uploads\/2022\/11\/create-job-add-2.png 297w, https:\/\/byggjobs.app\/wp-content\/uploads\/2022\/11\/create-job-add-2-146x300.png 146w\" sizes=\"(max-width: 297px) 100vw, 297px\" \/>\n\t\t\t<\/div><\/figure><figure class='gallery-item'>\n\t\t\t<div class='gallery-icon portrait'>\n\t\t\t\t<img decoding=\"async\" width=\"299\" height=\"608\" src=\"https:\/\/byggjobs.app\/wp-content\/uploads\/2022\/11\/create-job-add.png\" class=\"attachment-large size-large\" alt=\"\" srcset=\"https:\/\/byggjobs.app\/wp-content\/uploads\/2022\/11\/create-job-add.png 299w, https:\/\/byggjobs.app\/wp-content\/uploads\/2022\/11\/create-job-add-148x300.png 148w\" sizes=\"(max-width: 299px) 100vw, 299px\" \/>\n\t\t\t<\/div><\/figure>\n\t\t<\/div>\n\t\t<\/div>\n\t\t\t\t\t\t<\/div>\n\t\t\t\t<\/div>\n\t\t\t\t\t<\/div>\n\t\t<\/div>\n\t\t\t\t\t<\/div>\n\t\t<\/section>\n\t\t\t\t<section class=\"elementor-section elementor-inner-section elementor-element elementor-element-a85b995 elementor-section-boxed elementor-section-height-default elementor-section-height-default\" data-id=\"a85b995\" data-element_type=\"section\">\n\t\t\t\t\t\t<div class=\"elementor-container elementor-column-gap-default\">\n\t\t\t\t\t<div class=\"elementor-column elementor-col-50 elementor-inner-column elementor-element elementor-element-74c01e3\" data-id=\"74c01e3\" data-element_type=\"column\">\n\t\t\t<div class=\"elementor-widget-wrap elementor-element-populated\">\n\t\t\t\t\t\t<div class=\"elementor-element elementor-element-f74b545 text-background elementor-widget elementor-widget-heading\" data-id=\"f74b545\" data-element_type=\"widget\" data-widget_type=\"heading.default\">\n\t\t\t\t<div class=\"elementor-widget-container\">\n\t\t\t\t\t<h2 class=\"elementor-heading-title elementor-size-default\">Prezri si kandid\u00e1tov<\/h2>\t\t\t\t<\/div>\n\t\t\t\t<\/div>\n\t\t\t\t<div class=\"elementor-element elementor-element-3085ed6 elementor-widget elementor-widget-text-editor\" data-id=\"3085ed6\" data-element_type=\"widget\" data-widget_type=\"text-editor.default\">\n\t\t\t\t<div class=\"elementor-widget-container\">\n\t\t\t\t\t\t\t\t\t<p>Pozri sa na doln\u00fa \u010das\u0165 obrazovky, kde sa nach\u00e1dzaj\u00fa ikony navig\u00e1cie. Zvo\u013e ikonu Ponuky pr\u00e1ce, ktor\u00e1 Ti dovol\u00ed sa dosta\u0165 na stranu Moje ponuky pr\u00e1ce. Medzi ponukami navig\u00e1cie dostupn\u00fdmi v hornej \u010dasti strany sa nach\u00e1dza ponuka V\u00ddBER &#8222;Wyb\u00f3r&#8220;. Zvo\u013e ju, a zobraz\u00ed sa zoznam zverejnen\u00fdch pracovn\u00fdch pon\u00fak. Pod ka\u017edou pracovnou ponukou sa nach\u00e1dza zelen\u00e9 tla\u010didlo &#8222;Kandid\u00e1ti&#8220;. Stla\u010d tla\u010didlo pod prac. zaraden\u00edm, ktor\u00e9 \u0164a zauj\u00edma a uvid\u00ed\u0161 v\u0161etky profily kandid\u00e1tov.<\/p>\t\t\t\t\t\t\t\t<\/div>\n\t\t\t\t<\/div>\n\t\t\t\t\t<\/div>\n\t\t<\/div>\n\t\t\t\t<div class=\"elementor-column elementor-col-50 elementor-inner-column elementor-element elementor-element-eb844a5\" data-id=\"eb844a5\" data-element_type=\"column\">\n\t\t\t<div class=\"elementor-widget-wrap elementor-element-populated\">\n\t\t\t\t\t\t<div class=\"elementor-element elementor-element-90a7d49 gallery-spacing-custom elementor-widget elementor-widget-image-gallery\" data-id=\"90a7d49\" data-element_type=\"widget\" data-widget_type=\"image-gallery.default\">\n\t\t\t\t<div class=\"elementor-widget-container\">\n\t\t\t\t\t\t\t<div class=\"elementor-image-gallery\">\n\t\t\t<div id='gallery-2' class='gallery galleryid-1613 gallery-columns-2 gallery-size-large'><figure class='gallery-item'>\n\t\t\t<div class='gallery-icon portrait'>\n\t\t\t\t<img decoding=\"async\" width=\"299\" height=\"611\" src=\"https:\/\/byggjobs.app\/wp-content\/uploads\/2022\/11\/review-candidates-2.png\" class=\"attachment-large size-large\" alt=\"\" srcset=\"https:\/\/byggjobs.app\/wp-content\/uploads\/2022\/11\/review-candidates-2.png 299w, https:\/\/byggjobs.app\/wp-content\/uploads\/2022\/11\/review-candidates-2-147x300.png 147w\" sizes=\"(max-width: 299px) 100vw, 299px\" \/>\n\t\t\t<\/div><\/figure><figure class='gallery-item'>\n\t\t\t<div class='gallery-icon portrait'>\n\t\t\t\t<img loading=\"lazy\" decoding=\"async\" width=\"299\" height=\"611\" src=\"https:\/\/byggjobs.app\/wp-content\/uploads\/2022\/11\/review-candidates.png\" class=\"attachment-large size-large\" alt=\"\" srcset=\"https:\/\/byggjobs.app\/wp-content\/uploads\/2022\/11\/review-candidates.png 299w, https:\/\/byggjobs.app\/wp-content\/uploads\/2022\/11\/review-candidates-147x300.png 147w\" sizes=\"(max-width: 299px) 100vw, 299px\" \/>\n\t\t\t<\/div><\/figure>\n\t\t<\/div>\n\t\t<\/div>\n\t\t\t\t\t\t<\/div>\n\t\t\t\t<\/div>\n\t\t\t\t\t<\/div>\n\t\t<\/div>\n\t\t\t\t\t<\/div>\n\t\t<\/section>\n\t\t\t\t<section class=\"elementor-section elementor-inner-section elementor-element elementor-element-742445f elementor-section-boxed elementor-section-height-default elementor-section-height-default\" data-id=\"742445f\" data-element_type=\"section\">\n\t\t\t\t\t\t<div class=\"elementor-container elementor-column-gap-default\">\n\t\t\t\t\t<div class=\"elementor-column elementor-col-50 elementor-inner-column elementor-element elementor-element-77c7880\" data-id=\"77c7880\" data-element_type=\"column\">\n\t\t\t<div class=\"elementor-widget-wrap elementor-element-populated\">\n\t\t\t\t\t\t<div class=\"elementor-element elementor-element-b7727f6 text-background elementor-widget elementor-widget-heading\" data-id=\"b7727f6\" data-element_type=\"widget\" data-widget_type=\"heading.default\">\n\t\t\t\t<div class=\"elementor-widget-container\">\n\t\t\t\t\t<h2 class=\"elementor-heading-title elementor-size-default\">Zamestnaj kandid\u00e1ta, ktor\u00fd najlep\u0161ie spl\u0148uje Tvoje po\u017eiadavky.\n<\/h2>\t\t\t\t<\/div>\n\t\t\t\t<\/div>\n\t\t\t\t<div class=\"elementor-element elementor-element-89d75e9 elementor-widget elementor-widget-text-editor\" data-id=\"89d75e9\" data-element_type=\"widget\" data-widget_type=\"text-editor.default\">\n\t\t\t\t<div class=\"elementor-widget-container\">\n\t\t\t\t\t\t\t\t\t<p>Po zvolen\u00ed kandid\u00e1ta, ktor\u00fd splnia v\u0161etky tvoje po\u017eiadavky pre dan\u00fa poz\u00edciu, m\u00f4\u017ee\u0161 za\u010da\u0165 proces jeho zamestn\u00e1vania. Prejdi na str\u00e1nku &#8222;Inform\u00e1cie o kandid\u00e1tovi&#8220; vybran\u00e9ho kandid\u00e1ta, a n\u00e1sledne cho\u010f smerom dolu na koniec str\u00e1nky. Nach\u00e1dza sa tam \u017elte tla\u010didlo &#8222;Zamestnaj&#8220;. Stla\u010d to tla\u010didlo, \u010d\u00edm ozn\u00e1mi\u0161 potenci\u00e1lnemu pracovn\u00edkovi, \u017ee si pripraven\u00fd ho zamestna\u0165. Teraz u\u017e sta\u010d\u00ed len, aby kandid\u00e1t akceptoval Tvoju ponuku.<\/p>\t\t\t\t\t\t\t\t<\/div>\n\t\t\t\t<\/div>\n\t\t\t\t\t<\/div>\n\t\t<\/div>\n\t\t\t\t<div class=\"elementor-column elementor-col-50 elementor-inner-column elementor-element elementor-element-89e9cd6\" data-id=\"89e9cd6\" data-element_type=\"column\">\n\t\t\t<div class=\"elementor-widget-wrap elementor-element-populated\">\n\t\t\t\t\t\t<div class=\"elementor-element elementor-element-28e3e05 gallery-spacing-custom elementor-widget elementor-widget-image-gallery\" data-id=\"28e3e05\" data-element_type=\"widget\" data-widget_type=\"image-gallery.default\">\n\t\t\t\t<div class=\"elementor-widget-container\">\n\t\t\t\t\t\t\t<div class=\"elementor-image-gallery\">\n\t\t\t<div id='gallery-3' class='gallery galleryid-1613 gallery-columns-2 gallery-size-large'><figure class='gallery-item'>\n\t\t\t<div class='gallery-icon portrait'>\n\t\t\t\t<img loading=\"lazy\" decoding=\"async\" width=\"297\" height=\"606\" src=\"https:\/\/byggjobs.app\/wp-content\/uploads\/2022\/11\/hire-the-best-fit-2.png\" class=\"attachment-large size-large\" alt=\"\" srcset=\"https:\/\/byggjobs.app\/wp-content\/uploads\/2022\/11\/hire-the-best-fit-2.png 297w, https:\/\/byggjobs.app\/wp-content\/uploads\/2022\/11\/hire-the-best-fit-2-147x300.png 147w\" sizes=\"(max-width: 297px) 100vw, 297px\" \/>\n\t\t\t<\/div><\/figure><figure class='gallery-item'>\n\t\t\t<div class='gallery-icon portrait'>\n\t\t\t\t<img loading=\"lazy\" decoding=\"async\" width=\"298\" height=\"610\" src=\"https:\/\/byggjobs.app\/wp-content\/uploads\/2022\/11\/hire-the-best-fit.png\" class=\"attachment-large size-large\" alt=\"\" srcset=\"https:\/\/byggjobs.app\/wp-content\/uploads\/2022\/11\/hire-the-best-fit.png 298w, https:\/\/byggjobs.app\/wp-content\/uploads\/2022\/11\/hire-the-best-fit-147x300.png 147w\" sizes=\"(max-width: 298px) 100vw, 298px\" \/>\n\t\t\t<\/div><\/figure>\n\t\t<\/div>\n\t\t<\/div>\n\t\t\t\t\t\t<\/div>\n\t\t\t\t<\/div>\n\t\t\t\t\t<\/div>\n\t\t<\/div>\n\t\t\t\t\t<\/div>\n\t\t<\/section>\n\t\t\t\t\t<\/div>\n\t\t<\/div>\n\t\t\t\t\t<\/div>\n\t\t<\/section>\n\t\t\t\t<\/div>\n\t\t","protected":false},"excerpt":{"rendered":"<p>Vytvor pracovn\u00fa ponuku Pozri sa na doln\u00fa \u010das\u0165 obrazovky, kde sa nach\u00e1dzaj\u00fa ikony navig\u00e1cie. Zvo\u013e ikonu Ponuky pr\u00e1ce, ktor\u00e1 Ti dovol\u00ed sa dosta\u0165 na stranu Moje ponuky pr\u00e1ce. V pravom hornom rohu tejto strany n\u00e1jde\u0161 \u017elt\u00e9 tla\u010didlo &#8222;Pridaj ponuku pr\u00e1ce&#8220;. Stla\u010d toto tla\u010didlo a tam m\u00f4\u017ee\u0161 prida\u0165 ponuky pr\u00e1ce. Aplik\u00e1cia umo\u017e\u0148uje uv\u00e1dzanie r\u00f4znych podrobn\u00fdch \u00fadajov [&hellip;]<\/p>\n","protected":false},"author":4,"featured_media":0,"parent":0,"menu_order":0,"comment_status":"closed","ping_status":"closed","template":"","meta":{"footnotes":""},"class_list":["post-1613","page","type-page","status-publish","hentry"],"_links":{"self":[{"href":"https:\/\/byggjobs.app\/sk\/wp-json\/wp\/v2\/pages\/1613","targetHints":{"allow":["GET"]}}],"collection":[{"href":"https:\/\/byggjobs.app\/sk\/wp-json\/wp\/v2\/pages"}],"about":[{"href":"https:\/\/byggjobs.app\/sk\/wp-json\/wp\/v2\/types\/page"}],"author":[{"embeddable":true,"href":"https:\/\/byggjobs.app\/sk\/wp-json\/wp\/v2\/users\/4"}],"replies":[{"embeddable":true,"href":"https:\/\/byggjobs.app\/sk\/wp-json\/wp\/v2\/comments?post=1613"}],"version-history":[{"count":9,"href":"https:\/\/byggjobs.app\/sk\/wp-json\/wp\/v2\/pages\/1613\/revisions"}],"predecessor-version":[{"id":2460,"href":"https:\/\/byggjobs.app\/sk\/wp-json\/wp\/v2\/pages\/1613\/revisions\/2460"}],"wp:attachment":[{"href":"https:\/\/byggjobs.app\/sk\/wp-json\/wp\/v2\/media?parent=1613"}],"curies":[{"name":"wp","href":"https:\/\/api.w.org\/{rel}","templated":true}]}}