{"id":1564,"date":"2022-11-17T09:22:17","date_gmt":"2022-11-17T09:22:17","guid":{"rendered":"https:\/\/byggjobs.stg.geckodoit.com\/faq\/"},"modified":"2022-12-09T06:10:49","modified_gmt":"2022-12-09T06:10:49","slug":"faq","status":"publish","type":"page","link":"https:\/\/byggjobs.app\/sk\/faq\/","title":{"rendered":"FAQ"},"content":{"rendered":"\t\t<div data-elementor-type=\"wp-page\" data-elementor-id=\"1564\" class=\"elementor elementor-1564 elementor-17\" data-elementor-post-type=\"page\">\n\t\t\t\t\t\t<section class=\"elementor-section elementor-top-section elementor-element elementor-element-c4636ab elementor-section-height-min-height elementor-section-boxed elementor-section-height-default elementor-section-items-middle\" data-id=\"c4636ab\" data-element_type=\"section\" data-settings=\"{&quot;background_background&quot;:&quot;classic&quot;}\">\n\t\t\t\t\t\t<div class=\"elementor-container elementor-column-gap-default\">\n\t\t\t\t\t<div class=\"elementor-column elementor-col-100 elementor-top-column elementor-element elementor-element-9d14f92\" data-id=\"9d14f92\" data-element_type=\"column\">\n\t\t\t<div class=\"elementor-widget-wrap elementor-element-populated\">\n\t\t\t\t\t\t<section class=\"elementor-section elementor-inner-section elementor-element elementor-element-2643c0f elementor-section-boxed elementor-section-height-default elementor-section-height-default\" data-id=\"2643c0f\" data-element_type=\"section\">\n\t\t\t\t\t\t<div class=\"elementor-container elementor-column-gap-default\">\n\t\t\t\t\t<div class=\"elementor-column elementor-col-100 elementor-inner-column elementor-element elementor-element-c84408e\" data-id=\"c84408e\" data-element_type=\"column\">\n\t\t\t<div class=\"elementor-widget-wrap elementor-element-populated\">\n\t\t\t\t\t\t<div class=\"elementor-element elementor-element-714c673 elementor-widget elementor-widget-heading\" data-id=\"714c673\" data-element_type=\"widget\" data-widget_type=\"heading.default\">\n\t\t\t\t<div class=\"elementor-widget-container\">\n\t\t\t\t\t<h1 class=\"elementor-heading-title elementor-size-default\">FAQ<\/h1>\t\t\t\t<\/div>\n\t\t\t\t<\/div>\n\t\t\t\t\t<\/div>\n\t\t<\/div>\n\t\t\t\t\t<\/div>\n\t\t<\/section>\n\t\t\t\t\t<\/div>\n\t\t<\/div>\n\t\t\t\t\t<\/div>\n\t\t<\/section>\n\t\t\t\t<section class=\"elementor-section elementor-top-section elementor-element elementor-element-35f44e1 elementor-section-boxed elementor-section-height-default elementor-section-height-default\" data-id=\"35f44e1\" data-element_type=\"section\" data-settings=\"{&quot;background_background&quot;:&quot;classic&quot;}\">\n\t\t\t\t\t\t<div class=\"elementor-container elementor-column-gap-default\">\n\t\t\t\t\t<div class=\"elementor-column elementor-col-100 elementor-top-column elementor-element elementor-element-94d5169\" data-id=\"94d5169\" data-element_type=\"column\">\n\t\t\t<div class=\"elementor-widget-wrap elementor-element-populated\">\n\t\t\t\t\t\t<section class=\"elementor-section elementor-inner-section elementor-element elementor-element-d8c0e3d elementor-section-boxed elementor-section-height-default elementor-section-height-default\" data-id=\"d8c0e3d\" data-element_type=\"section\">\n\t\t\t\t\t\t<div class=\"elementor-container elementor-column-gap-default\">\n\t\t\t\t\t<div class=\"elementor-column elementor-col-100 elementor-inner-column elementor-element elementor-element-d70e4e7\" data-id=\"d70e4e7\" data-element_type=\"column\">\n\t\t\t<div class=\"elementor-widget-wrap elementor-element-populated\">\n\t\t\t\t\t\t<div class=\"elementor-element elementor-element-6e424ea elementor-widget elementor-widget-heading\" data-id=\"6e424ea\" data-element_type=\"widget\" data-widget_type=\"heading.default\">\n\t\t\t\t<div class=\"elementor-widget-container\">\n\t\t\t\t\t<h2 class=\"elementor-heading-title elementor-size-default\">Naj\u010dastej\u0161ie kladen\u00e9 ot\u00e1zky a odpovede<\/h2>\t\t\t\t<\/div>\n\t\t\t\t<\/div>\n\t\t\t\t\t<\/div>\n\t\t<\/div>\n\t\t\t\t\t<\/div>\n\t\t<\/section>\n\t\t\t\t<section class=\"elementor-section elementor-inner-section elementor-element elementor-element-e33eeb8 elementor-section-boxed elementor-section-height-default elementor-section-height-default\" data-id=\"e33eeb8\" data-element_type=\"section\">\n\t\t\t\t\t\t<div class=\"elementor-container elementor-column-gap-default\">\n\t\t\t\t\t<div class=\"elementor-column elementor-col-50 elementor-inner-column elementor-element elementor-element-24ebe40\" data-id=\"24ebe40\" data-element_type=\"column\">\n\t\t\t<div class=\"elementor-widget-wrap elementor-element-populated\">\n\t\t\t\t\t\t<div class=\"elementor-element elementor-element-fec9719 elementor-widget elementor-widget-eael-adv-accordion\" data-id=\"fec9719\" data-element_type=\"widget\" data-widget_type=\"eael-adv-accordion.default\">\n\t\t\t\t<div class=\"elementor-widget-container\">\n\t\t\t\t\t            <div class=\"eael-adv-accordion\" id=\"eael-adv-accordion-fec9719\" data-scroll-on-click=\"no\" data-scroll-speed=\"300\" data-accordion-id=\"fec9719\" data-accordion-type=\"accordion\" data-toogle-speed=\"300\">\n            <div class=\"eael-accordion-list\">\n\t\t\t\t\t<div id=\"ako-hada-v-byggjobs\" class=\"elementor-tab-title eael-accordion-header\" tabindex=\"0\" data-tab=\"1\" aria-controls=\"elementor-tab-content-2671\"><span class=\"eael-accordion-tab-title\">ako h\u013eada\u0165 v ByggJobs?<\/span><span class=\"eael-advanced-accordion-icon-closed\"><i aria-hidden=\"true\" class=\"fa-accordion-icon fas fa-plus\"><\/i><\/span><span class=\"eael-advanced-accordion-icon-opened\"><i aria-hidden=\"true\" class=\"fa-accordion-icon fas fa-minus\"><\/i><\/span><\/div><div id=\"elementor-tab-content-2671\" class=\"eael-accordion-content clearfix\" data-tab=\"1\" aria-labelledby=\"ako-hada-v-byggjobs\"><p>Po prihl\u00e1sen\u00ed sa n\u00e1jdi funkciu vyh\u013ead\u00e1vania na hlavnej\u00a0 strane. Vo verzii aplik\u00e1cia ur\u010denej pre stranu WWW. V mobilnej aplik\u00e1cii\u00a0 sa t\u00e1to funkcia nach\u00e1dza v hornej \u010dasti obrazovky. V tomto mieste\u00a0 m\u00f4\u017ee\u0161 uvies\u0165 \u013eubovo\u013en\u00e9 prac. zaradenie alebo firmu, ktor\u00e1 \u0165a\u00a0 zauj\u00edma a za\u010da\u0165 vyh\u013ead\u00e1vanie v na\u0161ej datab\u00e1ze.<\/p><\/div>\n\t\t\t\t\t<\/div><div class=\"eael-accordion-list\">\n\t\t\t\t\t<div id=\"ako-mem-zapsa-svoje-obben-ponuky-prce\" class=\"elementor-tab-title eael-accordion-header\" tabindex=\"0\" data-tab=\"2\" aria-controls=\"elementor-tab-content-2672\"><span class=\"eael-accordion-tab-title\">ako m\u00f4\u017eem zap\u00edsa\u0165 svoje ob\u013e\u00faben\u00e9 ponuky pr\u00e1ce?<\/span><span class=\"eael-advanced-accordion-icon-closed\"><i aria-hidden=\"true\" class=\"fa-accordion-icon fas fa-plus\"><\/i><\/span><span class=\"eael-advanced-accordion-icon-opened\"><i aria-hidden=\"true\" class=\"fa-accordion-icon fas fa-minus\"><\/i><\/span><\/div><div id=\"elementor-tab-content-2672\" class=\"eael-accordion-content clearfix\" data-tab=\"2\" aria-labelledby=\"ako-mem-zapsa-svoje-obben-ponuky-prce\"><p>V\u0161etky pr\u00edstupn\u00e9 ponuky pr\u00e1ce bud\u00fa zobrazen\u00e9 na hlavnej strane. Vpravo od ka\u017ed\u00e9 ponuky pr\u00e1ce sa nach\u00e1dza ikona z\u00e1lo\u017eky. Zvo\u013e t\u00fato ikonu, aby bola ponuka pr\u00e1ce pridan\u00e1 do ob\u013e\u00faben\u00fdch. Potom bude inzer\u00e1t automaticky pridan\u00fd\u00a0 do Obrazovky z\u00e1lo\u017eiek \u2014 strana ved\u013ea z\u00e1lo\u017eky\u00a0 Hlavn\u00e1 strana \/\u201eStrona G\u0142\u00f3wna\u201d.<\/p><p>Ak chce\u0161 odstr\u00e1ni\u0165 ponuku pr\u00e1ce zo z\u00e1lo\u017eiek, vyber znovu t\u00fa ist\u00fa ikonu z\u00e1lo\u017eky.<\/p><\/div>\n\t\t\t\t\t<\/div><div class=\"eael-accordion-list\">\n\t\t\t\t\t<div id=\"ako-filtrova-ponuky-prce\" class=\"elementor-tab-title eael-accordion-header\" tabindex=\"0\" data-tab=\"3\" aria-controls=\"elementor-tab-content-2673\"><span class=\"eael-accordion-tab-title\">ako filtrova\u0165 ponuky pr\u00e1ce?<\/span><span class=\"eael-advanced-accordion-icon-closed\"><i aria-hidden=\"true\" class=\"fa-accordion-icon fas fa-plus\"><\/i><\/span><span class=\"eael-advanced-accordion-icon-opened\"><i aria-hidden=\"true\" class=\"fa-accordion-icon fas fa-minus\"><\/i><\/span><\/div><div id=\"elementor-tab-content-2673\" class=\"eael-accordion-content clearfix\" data-tab=\"3\" aria-labelledby=\"ako-filtrova-ponuky-prce\"><p>Prejdi na za\u010diatok hlavnej strany. Napravo od po\u013ea vyh\u013ead\u00e1vania sa nach\u00e1dza\u00a0 ikona filtru. Po jej zvolen\u00ed\u00a0 sa zobraz\u00ed nov\u00e1 obrazovka, na ktorej bud\u00fa vidie\u0165 r\u00f4zne kateg\u00f3rie filtrov. Po zvolen\u00ed v\u0161etk\u00fdch potrebn\u00fdch filtrov stla\u010d tla\u010didlo Pou\u017ei \/\u201eZastosuj\u201d, aby sa zobrazili ponuky pr\u00e1ce so zoh\u013eadnen\u00edm zvolen\u00fdch filtrov vyh\u013ead\u00e1vania. Ak chce\u0161 op\u00e4\u0165 vidie\u0165\u00a0 v\u0161etky\u00a0 zadania, klikni tla\u010didlo Vy\u010disti\u00a0 \u201eWyczy\u015b\u0107\u201d, aby sa odstr\u00e1nili v\u0161etky filtre.<\/p><\/div>\n\t\t\t\t\t<\/div><div class=\"eael-accordion-list\">\n\t\t\t\t\t<div id=\"mem-sprstupni-ponuky-prce-mojim-znmym\" class=\"elementor-tab-title eael-accordion-header\" tabindex=\"0\" data-tab=\"4\" aria-controls=\"elementor-tab-content-2674\"><span class=\"eael-accordion-tab-title\">M\u00f4\u017eem spr\u00edstupni\u0165 ponuky pr\u00e1ce mojim zn\u00e1mym?<\/span><span class=\"eael-advanced-accordion-icon-closed\"><i aria-hidden=\"true\" class=\"fa-accordion-icon fas fa-plus\"><\/i><\/span><span class=\"eael-advanced-accordion-icon-opened\"><i aria-hidden=\"true\" class=\"fa-accordion-icon fas fa-minus\"><\/i><\/span><\/div><div id=\"elementor-tab-content-2674\" class=\"eael-accordion-content clearfix\" data-tab=\"4\" aria-labelledby=\"mem-sprstupni-ponuky-prce-mojim-znmym\"><p>\u00c1no, samozrejme. Prejdi na hlavn\u00fa stranu, aby sa zobrazili ponuky pr\u00e1ce. Zvo\u013e inzer\u00e1t, ktor\u00fd chce\u0161 spr\u00edstupni\u0165\u00a0 zn\u00e1mym. Uvid\u00ed\u0161 detaily ponuky pr\u00e1ce, a v\u00a0pravom hornom rohu ikonu spr\u00edstup\u0148ovania. Zvo\u013e ikonu, a potom Ti na\u0161a aplik\u00e1cia navrhne r\u00f4zne\u00a0 kan\u00e1ly, cez ktor\u00e9 m\u00f4\u017ee\u0161 zasla\u0165 odkaz na inzer\u00e1t svojim zn\u00e1mym.<\/p><\/div>\n\t\t\t\t\t<\/div><div class=\"eael-accordion-list\">\n\t\t\t\t\t<div id=\"ako-mem-podva-aplikciu\" class=\"elementor-tab-title eael-accordion-header\" tabindex=\"0\" data-tab=\"5\" aria-controls=\"elementor-tab-content-2675\"><span class=\"eael-accordion-tab-title\">ako m\u00f4\u017eem pod\u00e1va\u0165 aplik\u00e1ciu?<\/span><span class=\"eael-advanced-accordion-icon-closed\"><i aria-hidden=\"true\" class=\"fa-accordion-icon fas fa-plus\"><\/i><\/span><span class=\"eael-advanced-accordion-icon-opened\"><i aria-hidden=\"true\" class=\"fa-accordion-icon fas fa-minus\"><\/i><\/span><\/div><div id=\"elementor-tab-content-2675\" class=\"eael-accordion-content clearfix\" data-tab=\"5\" aria-labelledby=\"ako-mem-podva-aplikciu\"><p>Prehliadaj\u00fac hlavn\u00ed stranu pri h\u013eadan\u00ed vhodn\u00fdch prac. zaraden\u00ed, m\u00f4\u017ee\u0161 zvoli\u0165 ka\u017ed\u00fd inzer\u00e1t a\u00a0 sledova\u0165 detaily pon\u00fakanej\u00a0 pr\u00e1ce. Ak chce\u0161 poda\u0165\u00a0 aplik\u00e1ciu, prejdi do dolnej \u010dasti strany, na ktorej s\u00fa predstaven\u00e9 detailn\u00ed inform\u00e1cie o ponuke pr\u00e1ce a stla\u010d tla\u010didlo Aplikuj\/ \u201eAplikuj\u201d. Stla\u010d to tla\u010didlo, aby sa zah\u00e1jil proces podania aplik\u00e1cie. Aplik\u00e1cia po\u017eiada\u00a0 o potvrdenie, \u017ee chce\u0161 aplikova\u0165 na dan\u00e9 prac. zaradenie. Op\u00e4\u0165 zvo\u013e \u201eAplikuj\u201d, a Tvoje CV bude post\u00fapen\u00e9 potenci\u00e1lnemu zamestn\u00e1vate\u013eovi.<\/p><\/div>\n\t\t\t\t\t<\/div><div class=\"eael-accordion-list\">\n\t\t\t\t\t<div id=\"mem-oceni-firmu\" class=\"elementor-tab-title eael-accordion-header\" tabindex=\"0\" data-tab=\"6\" aria-controls=\"elementor-tab-content-2676\"><span class=\"eael-accordion-tab-title\">M\u00f4\u017eem oceni\u0165 firmu?<\/span><span class=\"eael-advanced-accordion-icon-closed\"><i aria-hidden=\"true\" class=\"fa-accordion-icon fas fa-plus\"><\/i><\/span><span class=\"eael-advanced-accordion-icon-opened\"><i aria-hidden=\"true\" class=\"fa-accordion-icon fas fa-minus\"><\/i><\/span><\/div><div id=\"elementor-tab-content-2676\" class=\"eael-accordion-content clearfix\" data-tab=\"6\" aria-labelledby=\"mem-oceni-firmu\"><p>\u00c1no, ale len pokia\u013e si s tou firmou spolupracoval. A\u017e skon\u010d\u00ed\u0161 spolupr\u00e1cu s firmou za\u0161le Ti na\u0161a aplik\u00e1cia ozn\u00e1menie\u00a0 push s inform\u00e1ciou, \u017ee pr\u00e1ca bola registrovan\u00e1 v na\u0161om syst\u00e9me ako ukon\u010den\u00e1. Zvolenie ozn\u00e1menia sp\u00f4sob\u00ed prechod na stranu detailov ponuky pr\u00e1ce, na ktorej sa uk\u00e1\u017ee sekcia Hodnoten\u00ed a recenzi\u00ed. Tu m\u00f4\u017ee\u0161 nap\u00edsa\u0165 recenziu o zamestn\u00e1vate\u013eovi a vystavi\u0165 mu hodnotenie v podobe hviezdi\u010diek\u00a0 (od jednej do piatich). Recenziu publikuje\u0161 stla\u010den\u00edm tla\u010didla \u201ePublikuj\u201d.<\/p><\/div>\n\t\t\t\t\t<\/div><div class=\"eael-accordion-list\">\n\t\t\t\t\t<div id=\"je-mon-vypn-oznmenia\" class=\"elementor-tab-title eael-accordion-header\" tabindex=\"0\" data-tab=\"7\" aria-controls=\"elementor-tab-content-2677\"><span class=\"eael-accordion-tab-title\">Je mo\u017en\u00e9 vypn\u00fa\u0165 ozn\u00e1menia?<\/span><span class=\"eael-advanced-accordion-icon-closed\"><i aria-hidden=\"true\" class=\"fa-accordion-icon fas fa-plus\"><\/i><\/span><span class=\"eael-advanced-accordion-icon-opened\"><i aria-hidden=\"true\" class=\"fa-accordion-icon fas fa-minus\"><\/i><\/span><\/div><div id=\"elementor-tab-content-2677\" class=\"eael-accordion-content clearfix\" data-tab=\"7\" aria-labelledby=\"je-mon-vypn-oznmenia\"><p>\u00c1no, samozrejme. Prejdi do prav\u00e9ho horn\u00e9ho rohu strany a n\u00e1jdi dve mal\u00e9 vodorovn\u00e9 \u010diarky. Zvo\u013e ich a\u00a0otvor\u00ed\u0161 \u00a0 menu rozv\u00edjania,\u00a0 n\u00e1sledne zvo\u013e opciu Nastaven\u00ed\/ Ustawienia. Prejdi do sekcie Ozn\u00e1men\u00ed\/ Powiadomienia, v ktorej je vidie\u0165\u00a0 Zapni\/Vypni W\u0142\u0105cz-Wy\u0142\u0105cz. Dovo\u013euje to kontrolova\u0165 ozn\u00e1menia, ak\u00e9 zobrazuje na\u0161a aplik\u00e1cia.<\/p><\/div>\n\t\t\t\t\t<\/div><div class=\"eael-accordion-list\">\n\t\t\t\t\t<div id=\"ako-aktualizova-svoj-profil\" class=\"elementor-tab-title eael-accordion-header\" tabindex=\"0\" data-tab=\"8\" aria-controls=\"elementor-tab-content-2678\"><span class=\"eael-accordion-tab-title\">ako aktualizova\u0165 svoj profil?<\/span><span class=\"eael-advanced-accordion-icon-closed\"><i aria-hidden=\"true\" class=\"fa-accordion-icon fas fa-plus\"><\/i><\/span><span class=\"eael-advanced-accordion-icon-opened\"><i aria-hidden=\"true\" class=\"fa-accordion-icon fas fa-minus\"><\/i><\/span><\/div><div id=\"elementor-tab-content-2678\" class=\"eael-accordion-content clearfix\" data-tab=\"8\" aria-labelledby=\"ako-aktualizova-svoj-profil\"><p>Zvo\u013e dve \u010diarky v pravom hornom rohu a otvor\u00ed sa rozv\u00edjan\u00e9 menu. Zvo\u013e prv\u00fa opciu My Profile a modifikuje\u0161 svoj profil v servise ByggJobs. M\u00f4\u017ee\u0161 prida\u0165 ukon\u010den\u00e9 kurzy a z\u00edskan\u00e9 certifik\u00e1ty, jazyky, ktor\u00e9 ovl\u00e1da\u0161, svoje sk\u00fasenosti a portf\u00f3lio. M\u00f4\u017ee\u0161 tie\u017e modifikova\u0165 v\u0161etky in\u00e9 inform\u00e1cie, vr\u00e1tane\u00a0 svojich kontaktn\u00fdch \u00fadajov.<\/p><\/div>\n\t\t\t\t\t<\/div><\/div>\t\t\t\t<\/div>\n\t\t\t\t<\/div>\n\t\t\t\t\t<\/div>\n\t\t<\/div>\n\t\t\t\t<div class=\"elementor-column elementor-col-50 elementor-inner-column elementor-element elementor-element-94c148a\" data-id=\"94c148a\" data-element_type=\"column\">\n\t\t\t<div class=\"elementor-widget-wrap elementor-element-populated\">\n\t\t\t\t\t\t<div class=\"elementor-element elementor-element-5f91cbd elementor-widget elementor-widget-eael-adv-accordion\" data-id=\"5f91cbd\" data-element_type=\"widget\" data-widget_type=\"eael-adv-accordion.default\">\n\t\t\t\t<div class=\"elementor-widget-container\">\n\t\t\t\t\t            <div class=\"eael-adv-accordion\" id=\"eael-adv-accordion-5f91cbd\" data-scroll-on-click=\"no\" data-scroll-speed=\"300\" data-accordion-id=\"5f91cbd\" data-accordion-type=\"accordion\" data-toogle-speed=\"300\">\n            <div class=\"eael-accordion-list\">\n\t\t\t\t\t<div id=\"ako-zobrazi-podrobn-informcie-o-pracovnkoch\" class=\"elementor-tab-title eael-accordion-header\" tabindex=\"0\" data-tab=\"1\" aria-controls=\"elementor-tab-content-1001\"><span class=\"eael-accordion-tab-title\">ako zobrazi\u0165 podrobn\u00e9 inform\u00e1cie o pracovn\u00edkoch?<\/span><span class=\"eael-advanced-accordion-icon-closed\"><i aria-hidden=\"true\" class=\"fa-accordion-icon fas fa-plus\"><\/i><\/span><span class=\"eael-advanced-accordion-icon-opened\"><i aria-hidden=\"true\" class=\"fa-accordion-icon fas fa-minus\"><\/i><\/span><\/div><div id=\"elementor-tab-content-1001\" class=\"eael-accordion-content clearfix\" data-tab=\"1\" aria-labelledby=\"ako-zobrazi-podrobn-informcie-o-pracovnkoch\"><p>Na Hlavnej strane je\u00a0 vidie\u0165 zoznam v\u0161etk\u00fdch dostupn\u00fdch pracovn\u00edkov v\u00a0Tvojom odvetv\u00ed. ak sa chce\u0161 dozvedie\u0165 viac o niektor\u00fdch z nich, zvo\u013e pole s priezviskom a fotografii danej osoby.\u00a0 Aplik\u00e1cia \u0165a\u00a0 prenesie na nov\u00fa obrazovku, na ktorej sa nach\u00e1dzaj\u00fa \u00fadaje pracovn\u00edka.<\/p><\/div>\n\t\t\t\t\t<\/div><div class=\"eael-accordion-list\">\n\t\t\t\t\t<div id=\"ako-mem-utvori-ponuku-prce\" class=\"elementor-tab-title eael-accordion-header\" tabindex=\"0\" data-tab=\"2\" aria-controls=\"elementor-tab-content-1002\"><span class=\"eael-accordion-tab-title\">ako m\u00f4\u017eem utvori\u0165 ponuku pr\u00e1ce?<\/span><span class=\"eael-advanced-accordion-icon-closed\"><i aria-hidden=\"true\" class=\"fa-accordion-icon fas fa-plus\"><\/i><\/span><span class=\"eael-advanced-accordion-icon-opened\"><i aria-hidden=\"true\" class=\"fa-accordion-icon fas fa-minus\"><\/i><\/span><\/div><div id=\"elementor-tab-content-1002\" class=\"eael-accordion-content clearfix\" data-tab=\"2\" aria-labelledby=\"ako-mem-utvori-ponuku-prce\"><p>Pozri sa na doln\u00fa \u010das\u0165 obrazovky, kde sa nach\u00e1dzaj\u00fa ikony navig\u00e1cie. Zvo\u013e ikonu Ponuky pr\u00e1ce, ktor\u00e1 Ti dovol\u00ed sa dosta\u0165 na stranu Moje ponuky pr\u00e1ce.<br \/>V pravom hornom rohu tejto strany n\u00e1jde\u0161 \u017elt\u00e9 tla\u010didlo \u201ePridaj ponuku pr\u00e1ce\u201d. Stla\u010d to tla\u010didlo a prid\u00e1\u0161 tak ponuky pr\u00e1ce. Aplik\u00e1cia umo\u017e\u0148uje zavadzanie r\u00f4znych podrobn\u00fdch \u00fadajov t\u00fdkaj\u00facich sa ponuky pr\u00e1ce ako napr.: ozna\u010denie prac. zaraden\u00ed, druh zamestnania \u010di presn\u00fd \u010das vykon\u00e1vania pr\u00e1ce. Po ukon\u010den\u00ed ed\u00edcie ponuky prejdi do dolnej \u010dasti strany a stla\u010d\u00a0 Zap\u00ed\u0161 a Publikuj, ozn\u00e1menie bude zverejnen\u00e9.<\/p><\/div>\n\t\t\t\t\t<\/div><div class=\"eael-accordion-list\">\n\t\t\t\t\t<div id=\"ako-dohodn-kvalifikan-rozhovor-s-potencilnym-pracovnkom\" class=\"elementor-tab-title eael-accordion-header\" tabindex=\"0\" data-tab=\"3\" aria-controls=\"elementor-tab-content-1003\"><span class=\"eael-accordion-tab-title\">ako dohodn\u00fa\u0165 kvalifika\u010dn\u00fd rozhovor s potenci\u00e1lnym pracovn\u00edkom?<\/span><span class=\"eael-advanced-accordion-icon-closed\"><i aria-hidden=\"true\" class=\"fa-accordion-icon fas fa-plus\"><\/i><\/span><span class=\"eael-advanced-accordion-icon-opened\"><i aria-hidden=\"true\" class=\"fa-accordion-icon fas fa-minus\"><\/i><\/span><\/div><div id=\"elementor-tab-content-1003\" class=\"eael-accordion-content clearfix\" data-tab=\"3\" aria-labelledby=\"ako-dohodn-kvalifikan-rozhovor-s-potencilnym-pracovnkom\"><p>Prejdi na Hlavn\u00fa stranu a vyber kandid\u00e1ta, ktor\u00e9ho chce\u0161 pozva\u0165 na kvalifika\u010dn\u00fd rozhovor.. Zobraz\u00ed sa strana prezentuj\u00faca podrobn\u00e9 inform\u00e1cie t\u00fdkaj\u00face sa pracovn\u00edka. Pozri\u00a0 sa\u00a0 na doln\u00fa \u010das\u0165 obrazovky, kde n\u00e1jde\u0161 \u017elt\u00e9 tla\u010didlo \u201eNapl\u00e1nuj kvalifika\u010dn\u00ed rozhovor\u201d. Stla\u010d ho. Dohodne\u0161 stretnutie\u00a0 a\u00a0 bude\u0161 informova\u0165 kandid\u00e1ta.<\/p><\/div>\n\t\t\t\t\t<\/div><div class=\"eael-accordion-list\">\n\t\t\t\t\t<div id=\"mem-hovori-s-pracovnkom-na-ate\" class=\"elementor-tab-title eael-accordion-header\" tabindex=\"0\" data-tab=\"4\" aria-controls=\"elementor-tab-content-1004\"><span class=\"eael-accordion-tab-title\">M\u00f4\u017eem hovori\u0165 s pracovn\u00edkom na \u010date?<\/span><span class=\"eael-advanced-accordion-icon-closed\"><i aria-hidden=\"true\" class=\"fa-accordion-icon fas fa-plus\"><\/i><\/span><span class=\"eael-advanced-accordion-icon-opened\"><i aria-hidden=\"true\" class=\"fa-accordion-icon fas fa-minus\"><\/i><\/span><\/div><div id=\"elementor-tab-content-1004\" class=\"eael-accordion-content clearfix\" data-tab=\"4\" aria-labelledby=\"mem-hovori-s-pracovnkom-na-ate\"><p>\u00c1no, ale jen s pracovn\u00edkmi, ktor\u00fdch si zamestnal. Na naviga\u010dnom p\u00e1sku v dolnej \u010dasti obrazovky sa nach\u00e1dza ikona \u010datu. Stla\u010d ju, a dostane\u0161 sa na stranu \u010datu.<\/p><\/div>\n\t\t\t\t\t<\/div><div class=\"eael-accordion-list\">\n\t\t\t\t\t<div id=\"ako-aktualizova-profil-mojej-firmy\" class=\"elementor-tab-title eael-accordion-header\" tabindex=\"0\" data-tab=\"5\" aria-controls=\"elementor-tab-content-1005\"><span class=\"eael-accordion-tab-title\">ako aktualizova\u0165 profil mojej firmy?<\/span><span class=\"eael-advanced-accordion-icon-closed\"><i aria-hidden=\"true\" class=\"fa-accordion-icon fas fa-plus\"><\/i><\/span><span class=\"eael-advanced-accordion-icon-opened\"><i aria-hidden=\"true\" class=\"fa-accordion-icon fas fa-minus\"><\/i><\/span><\/div><div id=\"elementor-tab-content-1005\" class=\"eael-accordion-content clearfix\" data-tab=\"5\" aria-labelledby=\"ako-aktualizova-profil-mojej-firmy\"><p>N\u00e1jdi dva vodorovn\u00e9 p\u00e1siky v pravom hornom rohu obrazovky. Po zvolen\u00ed toho symbolu sa otvor\u00ed rozv\u00edjan\u00e9 menu. Prv\u00e1 opcia v menu je Profil. Zvol ten symbol\u00a0 a otvor\u00ed\u0161 stranu ed\u00edcie profilu.<\/p><\/div>\n\t\t\t\t\t<\/div><div class=\"eael-accordion-list\">\n\t\t\t\t\t<div id=\"ako-mem-oceni-a-recenzova-prcu-pracovnka\" class=\"elementor-tab-title eael-accordion-header\" tabindex=\"0\" data-tab=\"6\" aria-controls=\"elementor-tab-content-1006\"><span class=\"eael-accordion-tab-title\">ako m\u00f4\u017eem oceni\u0165 a recenzova\u0165 pr\u00e1cu pracovn\u00edka?<\/span><span class=\"eael-advanced-accordion-icon-closed\"><i aria-hidden=\"true\" class=\"fa-accordion-icon fas fa-plus\"><\/i><\/span><span class=\"eael-advanced-accordion-icon-opened\"><i aria-hidden=\"true\" class=\"fa-accordion-icon fas fa-minus\"><\/i><\/span><\/div><div id=\"elementor-tab-content-1006\" class=\"eael-accordion-content clearfix\" data-tab=\"6\" aria-labelledby=\"ako-mem-oceni-a-recenzova-prcu-pracovnka\"><p>Po tom, kdy pracovn\u00edk ukon\u010d\u00ed pr\u00e1ci dostane\u0161 ozn\u00e1men\u00ed push s inform\u00e1ciou, \u017ee sme registrovali ukon\u010denie Tvojej spolupr\u00e1ce s pracovn\u00edkom. Po zvolen\u00ed inform\u00e1cie sa zobraz\u00ed\u00a0 nov\u00e1 strana, na ktorej bude dostupn\u00e1 mo\u017enos\u0165 hodnotenia a recenzia. Svoju recenziu zverejn\u00ed\u0161 stla\u010den\u00edm tla\u010didla\u00a0 \u201ePublikuj\u201d ktor\u00e9 je v dolnej \u010dasti strany.<\/p><\/div>\n\t\t\t\t\t<\/div><\/div>\t\t\t\t<\/div>\n\t\t\t\t<\/div>\n\t\t\t\t\t<\/div>\n\t\t<\/div>\n\t\t\t\t\t<\/div>\n\t\t<\/section>\n\t\t\t\t\t<\/div>\n\t\t<\/div>\n\t\t\t\t\t<\/div>\n\t\t<\/section>\n\t\t\t\t<\/div>\n\t\t","protected":false},"excerpt":{"rendered":"<p>Naj\u010dastej\u0161ie kladen\u00e9 ot\u00e1zky a odpovede ako h\u013eada\u0165 v ByggJobs? Po prihl\u00e1sen\u00ed sa n\u00e1jdi funkciu vyh\u013ead\u00e1vania na hlavnej\u00a0 strane. Vo verzii aplik\u00e1cia ur\u010denej pre stranu WWW. V mobilnej aplik\u00e1cii\u00a0 sa t\u00e1to funkcia nach\u00e1dza v hornej \u010dasti obrazovky. V tomto mieste\u00a0 m\u00f4\u017ee\u0161 uvies\u0165 \u013eubovo\u013en\u00e9 prac. zaradenie alebo firmu, ktor\u00e1 \u0165a\u00a0 zauj\u00edma a za\u010da\u0165 vyh\u013ead\u00e1vanie v na\u0161ej datab\u00e1ze. [&hellip;]<\/p>\n","protected":false},"author":4,"featured_media":0,"parent":0,"menu_order":0,"comment_status":"closed","ping_status":"closed","template":"","meta":{"footnotes":""},"class_list":["post-1564","page","type-page","status-publish","hentry"],"_links":{"self":[{"href":"https:\/\/byggjobs.app\/sk\/wp-json\/wp\/v2\/pages\/1564","targetHints":{"allow":["GET"]}}],"collection":[{"href":"https:\/\/byggjobs.app\/sk\/wp-json\/wp\/v2\/pages"}],"about":[{"href":"https:\/\/byggjobs.app\/sk\/wp-json\/wp\/v2\/types\/page"}],"author":[{"embeddable":true,"href":"https:\/\/byggjobs.app\/sk\/wp-json\/wp\/v2\/users\/4"}],"replies":[{"embeddable":true,"href":"https:\/\/byggjobs.app\/sk\/wp-json\/wp\/v2\/comments?post=1564"}],"version-history":[{"count":7,"href":"https:\/\/byggjobs.app\/sk\/wp-json\/wp\/v2\/pages\/1564\/revisions"}],"predecessor-version":[{"id":2466,"href":"https:\/\/byggjobs.app\/sk\/wp-json\/wp\/v2\/pages\/1564\/revisions\/2466"}],"wp:attachment":[{"href":"https:\/\/byggjobs.app\/sk\/wp-json\/wp\/v2\/media?parent=1564"}],"curies":[{"name":"wp","href":"https:\/\/api.w.org\/{rel}","templated":true}]}}