{"id":1541,"date":"2022-11-17T09:20:50","date_gmt":"2022-11-17T09:20:50","guid":{"rendered":"https:\/\/byggjobs.stg.geckodoit.com\/about-us\/"},"modified":"2022-12-09T06:00:22","modified_gmt":"2022-12-09T06:00:22","slug":"o-nas","status":"publish","type":"page","link":"https:\/\/byggjobs.app\/sk\/o-nas\/","title":{"rendered":"O n\u00e1s"},"content":{"rendered":"\t\t<div data-elementor-type=\"wp-page\" data-elementor-id=\"1541\" class=\"elementor elementor-1541 elementor-13\" data-elementor-post-type=\"page\">\n\t\t\t\t\t\t<section class=\"elementor-section elementor-top-section elementor-element elementor-element-5bb95e6 elementor-section-height-min-height elementor-section-boxed elementor-section-height-default elementor-section-items-middle\" data-id=\"5bb95e6\" data-element_type=\"section\" data-settings=\"{&quot;background_background&quot;:&quot;classic&quot;}\">\n\t\t\t\t\t\t<div class=\"elementor-container elementor-column-gap-default\">\n\t\t\t\t\t<div class=\"elementor-column elementor-col-100 elementor-top-column elementor-element elementor-element-c352216\" data-id=\"c352216\" data-element_type=\"column\">\n\t\t\t<div class=\"elementor-widget-wrap elementor-element-populated\">\n\t\t\t\t\t\t<section class=\"elementor-section elementor-inner-section elementor-element elementor-element-dbcaf34 elementor-section-boxed elementor-section-height-default elementor-section-height-default\" data-id=\"dbcaf34\" data-element_type=\"section\">\n\t\t\t\t\t\t<div class=\"elementor-container elementor-column-gap-default\">\n\t\t\t\t\t<div class=\"elementor-column elementor-col-100 elementor-inner-column elementor-element elementor-element-23f44cd\" data-id=\"23f44cd\" data-element_type=\"column\">\n\t\t\t<div class=\"elementor-widget-wrap elementor-element-populated\">\n\t\t\t\t\t\t<div class=\"elementor-element elementor-element-1e29877 elementor-widget elementor-widget-heading\" data-id=\"1e29877\" data-element_type=\"widget\" data-widget_type=\"heading.default\">\n\t\t\t\t<div class=\"elementor-widget-container\">\n\t\t\t\t\t<h1 class=\"elementor-heading-title elementor-size-default\">O n\u00e1s<\/h1>\t\t\t\t<\/div>\n\t\t\t\t<\/div>\n\t\t\t\t\t<\/div>\n\t\t<\/div>\n\t\t\t\t\t<\/div>\n\t\t<\/section>\n\t\t\t\t\t<\/div>\n\t\t<\/div>\n\t\t\t\t\t<\/div>\n\t\t<\/section>\n\t\t\t\t<section class=\"elementor-section elementor-top-section elementor-element elementor-element-05f8b2a elementor-section-boxed elementor-section-height-default elementor-section-height-default\" data-id=\"05f8b2a\" data-element_type=\"section\" data-settings=\"{&quot;background_background&quot;:&quot;classic&quot;}\">\n\t\t\t\t\t\t<div class=\"elementor-container elementor-column-gap-default\">\n\t\t\t\t\t<div class=\"elementor-column elementor-col-100 elementor-top-column elementor-element elementor-element-f533021\" data-id=\"f533021\" data-element_type=\"column\">\n\t\t\t<div class=\"elementor-widget-wrap elementor-element-populated\">\n\t\t\t\t\t\t<section class=\"elementor-section elementor-inner-section elementor-element elementor-element-df5befa elementor-section-boxed elementor-section-height-default elementor-section-height-default\" data-id=\"df5befa\" data-element_type=\"section\">\n\t\t\t\t\t\t<div class=\"elementor-container elementor-column-gap-default\">\n\t\t\t\t\t<div class=\"elementor-column elementor-col-50 elementor-inner-column elementor-element elementor-element-9661ed8\" data-id=\"9661ed8\" data-element_type=\"column\">\n\t\t\t<div class=\"elementor-widget-wrap elementor-element-populated\">\n\t\t\t\t\t\t<div class=\"elementor-element elementor-element-81a7034 text-background elementor-widget elementor-widget-heading\" data-id=\"81a7034\" data-element_type=\"widget\" data-widget_type=\"heading.default\">\n\t\t\t\t<div class=\"elementor-widget-container\">\n\t\t\t\t\t<h2 class=\"elementor-heading-title elementor-size-default\">Kto sme? \n<\/h2>\t\t\t\t<\/div>\n\t\t\t\t<\/div>\n\t\t\t\t\t<\/div>\n\t\t<\/div>\n\t\t\t\t<div class=\"elementor-column elementor-col-50 elementor-inner-column elementor-element elementor-element-d123bdf\" data-id=\"d123bdf\" data-element_type=\"column\">\n\t\t\t<div class=\"elementor-widget-wrap elementor-element-populated\">\n\t\t\t\t\t\t<div class=\"elementor-element elementor-element-9f6b665 elementor-widget elementor-widget-text-editor\" data-id=\"9f6b665\" data-element_type=\"widget\" data-widget_type=\"text-editor.default\">\n\t\t\t\t<div class=\"elementor-widget-container\">\n\t\t\t\t\t\t\t\t\t<p>Platformu ByggJobs\u00a0zalo\u017eila v roku 2018 \u0161kandin\u00e1vska skupina Grupa EHRAB zaoberaj\u00faca sa n\u00e1borom a sprostredkovan\u00edm v procese zamestn\u00e1vania. Na\u0161a platforma je virtu\u00e1lnym trhom pre osoby h\u013eadaj\u00face pr\u00e1cu a zamestn\u00e1vate\u013ea v stavebnom sektore, pozemnom a in\u0161tala\u010dnom in\u017einierstve v Eur\u00f3pe. Na\u0161im cie\u013eom je podnikom z celej Eur\u00f3py zabezpe\u010di\u0165 spo\u013eahliv\u00fd pr\u00edstupu ku stredn\u00e9 a vysoko kvalifikovan\u00fdm pracovn\u00edkom.<\/p>\t\t\t\t\t\t\t\t<\/div>\n\t\t\t\t<\/div>\n\t\t\t\t\t<\/div>\n\t\t<\/div>\n\t\t\t\t\t<\/div>\n\t\t<\/section>\n\t\t\t\t<section class=\"elementor-section elementor-inner-section elementor-element elementor-element-8897543 elementor-section-boxed elementor-section-height-default elementor-section-height-default\" data-id=\"8897543\" data-element_type=\"section\">\n\t\t\t\t\t\t<div class=\"elementor-container elementor-column-gap-default\">\n\t\t\t\t\t<div class=\"elementor-column elementor-col-50 elementor-inner-column elementor-element elementor-element-d83adb0\" data-id=\"d83adb0\" data-element_type=\"column\">\n\t\t\t<div class=\"elementor-widget-wrap elementor-element-populated\">\n\t\t\t\t\t\t<div class=\"elementor-element elementor-element-4120562 text-background elementor-widget elementor-widget-heading\" data-id=\"4120562\" data-element_type=\"widget\" data-widget_type=\"heading.default\">\n\t\t\t\t<div class=\"elementor-widget-container\">\n\t\t\t\t\t<h2 class=\"elementor-heading-title elementor-size-default\">Na\u0161a misia \n<\/h2>\t\t\t\t<\/div>\n\t\t\t\t<\/div>\n\t\t\t\t\t<\/div>\n\t\t<\/div>\n\t\t\t\t<div class=\"elementor-column elementor-col-50 elementor-inner-column elementor-element elementor-element-f43244d\" data-id=\"f43244d\" data-element_type=\"column\">\n\t\t\t<div class=\"elementor-widget-wrap elementor-element-populated\">\n\t\t\t\t\t\t<div class=\"elementor-element elementor-element-7bb2279 elementor-widget elementor-widget-text-editor\" data-id=\"7bb2279\" data-element_type=\"widget\" data-widget_type=\"text-editor.default\">\n\t\t\t\t<div class=\"elementor-widget-container\">\n\t\t\t\t\t\t\t\t\t<p>\u00a0<\/p><div class=\"col-lg-7 col-md-7 col-sm-7 col-s-12 col-ss-12\"><div><p>Po\u010das posledn\u00fdch desiatich rokov eur\u00f3pske stavebn\u00e9 odvetvie pre\u017e\u00edva rozkvet, ale z\u00e1rove\u0148 poci\u0165uje aj \u0165a\u017ekosti s n\u00e1jden\u00edm kvalifikovanej pracovnej sily. Mnoho firiem h\u013ead\u00e1 pracovn\u00edkov v zahrani\u010d\u00ed, aby mohli doplni\u0165 ch\u00fdbaj\u00face dom\u00e1ce k\u00e1dre. Zoh\u013ead\u0148ujeme ve\u013ek\u00fa potrebu so strany mnoh\u00fdch zahrani\u010dn\u00fdch partnerov, ktor\u00ed za\u010dali h\u013eada\u0165 pracovn\u00edkov vo v\u00fdchodnej Eur\u00f3pe a otvorili sa aj na \u0161kandin\u00e1vske krajiny. Nedostato\u010dne regulovan\u00fd trh d\u00e1val mo\u017enos\u0165 vyu\u017eitia medzier v eur\u00f3pskych da\u0148ov\u00fdch prepisoch ako aj predpisy o cezhrani\u010dnom zamestnan\u00ed, vo v\u00fdsledku ovplyvnili pracovn\u00fd trh v stavebnom sektore a to viedlo k soci\u00e1lnemu dampingu, nedostatku dozoru, \u010doho d\u00f4sledkom bolo vykoris\u0165ovanie pracovn\u00edkov. V odpovedi na tieto probl\u00e9my skupina Grupa EHRAB vytvorila aplik\u00e1ciu ByggJobs, v ktorej zvl\u00e1\u0161tny d\u00f4raz bol polo\u017een\u00fd na udr\u017eate\u013en\u00fd rozvoj a spolo\u010densk\u00fa zodpovednos\u0165. Cie\u013eom aplik\u00e1cie ByggJobs\u00a0je vytvorenie platformy, prostredn\u00edctvom ktorej m\u00f4\u017eu pracovn\u00edci aj zamestn\u00e1vatelia komunikova\u0165 medzi sebou profesion\u00e1lnym sp\u00f4sobom s pri dodr\u017ean\u00ed pravidiel partnerskej spolupr\u00e1ce. Na\u0161\u00edm dlhodob\u00fdm cie\u013eom je elimin\u00e1cia soci\u00e1lneho dumpingu v stavebnom sektore, formou zaisten\u00e1 virtu\u00e1lneho pracovn\u00e9ho trhu, ktor\u00fd je zalo\u017een\u00fd na transparentnosti, starostlivosti a zodpovedaj\u00facemu tomu dozoru.<\/p><\/div><\/div>\t\t\t\t\t\t\t\t<\/div>\n\t\t\t\t<\/div>\n\t\t\t\t\t<\/div>\n\t\t<\/div>\n\t\t\t\t\t<\/div>\n\t\t<\/section>\n\t\t\t\t\t<\/div>\n\t\t<\/div>\n\t\t\t\t\t<\/div>\n\t\t<\/section>\n\t\t\t\t<section class=\"elementor-section elementor-top-section elementor-element elementor-element-60f6f70 elementor-section-boxed elementor-section-height-default elementor-section-height-default\" data-id=\"60f6f70\" data-element_type=\"section\">\n\t\t\t\t\t\t<div class=\"elementor-container elementor-column-gap-default\">\n\t\t\t\t\t<div class=\"elementor-column elementor-col-100 elementor-top-column elementor-element elementor-element-1f42838\" data-id=\"1f42838\" data-element_type=\"column\">\n\t\t\t<div class=\"elementor-widget-wrap elementor-element-populated\">\n\t\t\t\t\t\t<section class=\"elementor-section elementor-inner-section elementor-element elementor-element-ddcfc54 elementor-section-boxed elementor-section-height-default elementor-section-height-default\" data-id=\"ddcfc54\" data-element_type=\"section\">\n\t\t\t\t\t\t<div class=\"elementor-container elementor-column-gap-default\">\n\t\t\t\t\t<div class=\"elementor-column elementor-col-100 elementor-inner-column elementor-element elementor-element-6790c74\" data-id=\"6790c74\" data-element_type=\"column\">\n\t\t\t<div class=\"elementor-widget-wrap elementor-element-populated\">\n\t\t\t\t\t\t<div class=\"elementor-element elementor-element-31d1671 elementor-widget elementor-widget-heading\" data-id=\"31d1671\" data-element_type=\"widget\" data-widget_type=\"heading.default\">\n\t\t\t\t<div class=\"elementor-widget-container\">\n\t\t\t\t\t<h2 class=\"elementor-heading-title elementor-size-default\">N\u00e1\u0161 vy\u0161\u0161\u00ed \u00fa\u010del<\/h2>\t\t\t\t<\/div>\n\t\t\t\t<\/div>\n\t\t\t\t\t<\/div>\n\t\t<\/div>\n\t\t\t\t\t<\/div>\n\t\t<\/section>\n\t\t\t\t<section class=\"elementor-section elementor-inner-section elementor-element elementor-element-c52fe32 elementor-section-boxed elementor-section-height-default elementor-section-height-default\" data-id=\"c52fe32\" data-element_type=\"section\">\n\t\t\t\t\t\t<div class=\"elementor-container elementor-column-gap-default\">\n\t\t\t\t\t<div class=\"elementor-column elementor-col-100 elementor-inner-column elementor-element elementor-element-3b8d0d9\" data-id=\"3b8d0d9\" data-element_type=\"column\">\n\t\t\t<div class=\"elementor-widget-wrap elementor-element-populated\">\n\t\t\t\t\t\t<div class=\"elementor-element elementor-element-fdb8d20 elementor-widget elementor-widget-video\" data-id=\"fdb8d20\" data-element_type=\"widget\" data-settings=\"{&quot;youtube_url&quot;:&quot;https:\\\/\\\/www.youtube.com\\\/watch?v=Pi4c-nGOfl8&quot;,&quot;video_type&quot;:&quot;youtube&quot;,&quot;controls&quot;:&quot;yes&quot;}\" data-widget_type=\"video.default\">\n\t\t\t\t<div class=\"elementor-widget-container\">\n\t\t\t\t\t\t\t<div class=\"elementor-wrapper elementor-open-inline\">\n\t\t\t<div class=\"elementor-video\"><\/div>\t\t<\/div>\n\t\t\t\t\t\t<\/div>\n\t\t\t\t<\/div>\n\t\t\t\t\t<\/div>\n\t\t<\/div>\n\t\t\t\t\t<\/div>\n\t\t<\/section>\n\t\t\t\t\t<\/div>\n\t\t<\/div>\n\t\t\t\t\t<\/div>\n\t\t<\/section>\n\t\t\t\t<\/div>\n\t\t","protected":false},"excerpt":{"rendered":"<p>Kto sme? Platformu ByggJobs\u00a0zalo\u017eila v roku 2018 \u0161kandin\u00e1vska skupina Grupa EHRAB zaoberaj\u00faca sa n\u00e1borom a sprostredkovan\u00edm v procese zamestn\u00e1vania. Na\u0161a platforma je virtu\u00e1lnym trhom pre osoby h\u013eadaj\u00face pr\u00e1cu a zamestn\u00e1vate\u013ea v stavebnom sektore, pozemnom a in\u0161tala\u010dnom in\u017einierstve v Eur\u00f3pe. Na\u0161im cie\u013eom je podnikom z celej Eur\u00f3py zabezpe\u010di\u0165 spo\u013eahliv\u00fd pr\u00edstupu ku stredn\u00e9 a vysoko kvalifikovan\u00fdm pracovn\u00edkom. [&hellip;]<\/p>\n","protected":false},"author":4,"featured_media":0,"parent":0,"menu_order":0,"comment_status":"closed","ping_status":"closed","template":"","meta":{"footnotes":""},"class_list":["post-1541","page","type-page","status-publish","hentry"],"_links":{"self":[{"href":"https:\/\/byggjobs.app\/sk\/wp-json\/wp\/v2\/pages\/1541","targetHints":{"allow":["GET"]}}],"collection":[{"href":"https:\/\/byggjobs.app\/sk\/wp-json\/wp\/v2\/pages"}],"about":[{"href":"https:\/\/byggjobs.app\/sk\/wp-json\/wp\/v2\/types\/page"}],"author":[{"embeddable":true,"href":"https:\/\/byggjobs.app\/sk\/wp-json\/wp\/v2\/users\/4"}],"replies":[{"embeddable":true,"href":"https:\/\/byggjobs.app\/sk\/wp-json\/wp\/v2\/comments?post=1541"}],"version-history":[{"count":8,"href":"https:\/\/byggjobs.app\/sk\/wp-json\/wp\/v2\/pages\/1541\/revisions"}],"predecessor-version":[{"id":2456,"href":"https:\/\/byggjobs.app\/sk\/wp-json\/wp\/v2\/pages\/1541\/revisions\/2456"}],"wp:attachment":[{"href":"https:\/\/byggjobs.app\/sk\/wp-json\/wp\/v2\/media?parent=1541"}],"curies":[{"name":"wp","href":"https:\/\/api.w.org\/{rel}","templated":true}]}}