{"id":1563,"date":"2022-11-17T09:22:17","date_gmt":"2022-11-17T09:22:17","guid":{"rendered":"https:\/\/byggjobs.stg.geckodoit.com\/faq\/"},"modified":"2022-12-08T23:36:16","modified_gmt":"2022-12-08T23:36:16","slug":"faq","status":"publish","type":"page","link":"https:\/\/byggjobs.app\/ro\/faq\/","title":{"rendered":"FAQ"},"content":{"rendered":"\t\t<div data-elementor-type=\"wp-page\" data-elementor-id=\"1563\" class=\"elementor elementor-1563 elementor-17\" data-elementor-post-type=\"page\">\n\t\t\t\t\t\t<section class=\"elementor-section elementor-top-section elementor-element elementor-element-c4636ab elementor-section-height-min-height elementor-section-boxed elementor-section-height-default elementor-section-items-middle\" data-id=\"c4636ab\" data-element_type=\"section\" data-settings=\"{&quot;background_background&quot;:&quot;classic&quot;}\">\n\t\t\t\t\t\t<div class=\"elementor-container elementor-column-gap-default\">\n\t\t\t\t\t<div class=\"elementor-column elementor-col-100 elementor-top-column elementor-element elementor-element-9d14f92\" data-id=\"9d14f92\" data-element_type=\"column\">\n\t\t\t<div class=\"elementor-widget-wrap elementor-element-populated\">\n\t\t\t\t\t\t<section class=\"elementor-section elementor-inner-section elementor-element elementor-element-2643c0f elementor-section-boxed elementor-section-height-default elementor-section-height-default\" data-id=\"2643c0f\" data-element_type=\"section\">\n\t\t\t\t\t\t<div class=\"elementor-container elementor-column-gap-default\">\n\t\t\t\t\t<div class=\"elementor-column elementor-col-100 elementor-inner-column elementor-element elementor-element-c84408e\" data-id=\"c84408e\" data-element_type=\"column\">\n\t\t\t<div class=\"elementor-widget-wrap elementor-element-populated\">\n\t\t\t\t\t\t<div class=\"elementor-element elementor-element-714c673 elementor-widget elementor-widget-heading\" data-id=\"714c673\" data-element_type=\"widget\" data-widget_type=\"heading.default\">\n\t\t\t\t<div class=\"elementor-widget-container\">\n\t\t\t\t\t<h1 class=\"elementor-heading-title elementor-size-default\">FAQ<\/h1>\t\t\t\t<\/div>\n\t\t\t\t<\/div>\n\t\t\t\t\t<\/div>\n\t\t<\/div>\n\t\t\t\t\t<\/div>\n\t\t<\/section>\n\t\t\t\t\t<\/div>\n\t\t<\/div>\n\t\t\t\t\t<\/div>\n\t\t<\/section>\n\t\t\t\t<section class=\"elementor-section elementor-top-section elementor-element elementor-element-35f44e1 elementor-section-boxed elementor-section-height-default elementor-section-height-default\" data-id=\"35f44e1\" data-element_type=\"section\" data-settings=\"{&quot;background_background&quot;:&quot;classic&quot;}\">\n\t\t\t\t\t\t<div class=\"elementor-container elementor-column-gap-default\">\n\t\t\t\t\t<div class=\"elementor-column elementor-col-100 elementor-top-column elementor-element elementor-element-94d5169\" data-id=\"94d5169\" data-element_type=\"column\">\n\t\t\t<div class=\"elementor-widget-wrap elementor-element-populated\">\n\t\t\t\t\t\t<section class=\"elementor-section elementor-inner-section elementor-element elementor-element-d8c0e3d elementor-section-boxed elementor-section-height-default elementor-section-height-default\" data-id=\"d8c0e3d\" data-element_type=\"section\">\n\t\t\t\t\t\t<div class=\"elementor-container elementor-column-gap-default\">\n\t\t\t\t\t<div class=\"elementor-column elementor-col-100 elementor-inner-column elementor-element elementor-element-d70e4e7\" data-id=\"d70e4e7\" data-element_type=\"column\">\n\t\t\t<div class=\"elementor-widget-wrap elementor-element-populated\">\n\t\t\t\t\t\t<div class=\"elementor-element elementor-element-6e424ea elementor-widget elementor-widget-heading\" data-id=\"6e424ea\" data-element_type=\"widget\" data-widget_type=\"heading.default\">\n\t\t\t\t<div class=\"elementor-widget-container\">\n\t\t\t\t\t<h2 class=\"elementor-heading-title elementor-size-default\">\u00centreb\u0103ri \u0219i R\u0103spunsuri<\/h2>\t\t\t\t<\/div>\n\t\t\t\t<\/div>\n\t\t\t\t\t<\/div>\n\t\t<\/div>\n\t\t\t\t\t<\/div>\n\t\t<\/section>\n\t\t\t\t<section class=\"elementor-section elementor-inner-section elementor-element elementor-element-e33eeb8 elementor-section-boxed elementor-section-height-default elementor-section-height-default\" data-id=\"e33eeb8\" data-element_type=\"section\">\n\t\t\t\t\t\t<div class=\"elementor-container elementor-column-gap-default\">\n\t\t\t\t\t<div class=\"elementor-column elementor-col-50 elementor-inner-column elementor-element elementor-element-24ebe40\" data-id=\"24ebe40\" data-element_type=\"column\">\n\t\t\t<div class=\"elementor-widget-wrap elementor-element-populated\">\n\t\t\t\t\t\t<div class=\"elementor-element elementor-element-fec9719 elementor-widget elementor-widget-eael-adv-accordion\" data-id=\"fec9719\" data-element_type=\"widget\" data-widget_type=\"eael-adv-accordion.default\">\n\t\t\t\t<div class=\"elementor-widget-container\">\n\t\t\t\t\t            <div class=\"eael-adv-accordion\" id=\"eael-adv-accordion-fec9719\" data-scroll-on-click=\"no\" data-scroll-speed=\"300\" data-accordion-id=\"fec9719\" data-accordion-type=\"accordion\" data-toogle-speed=\"300\">\n            <div class=\"eael-accordion-list\">\n\t\t\t\t\t<div id=\"cum-trebuie-s-cutai-n-byggjobs\" class=\"elementor-tab-title eael-accordion-header\" tabindex=\"0\" data-tab=\"1\" aria-controls=\"elementor-tab-content-2671\"><span class=\"eael-accordion-tab-title\">Cum trebuie s\u0103 c\u0103uta\u021bi \u00een ByggJobs?<\/span><span class=\"eael-advanced-accordion-icon-closed\"><i aria-hidden=\"true\" class=\"fa-accordion-icon fas fa-plus\"><\/i><\/span><span class=\"eael-advanced-accordion-icon-opened\"><i aria-hidden=\"true\" class=\"fa-accordion-icon fas fa-minus\"><\/i><\/span><\/div><div id=\"elementor-tab-content-2671\" class=\"eael-accordion-content clearfix\" data-tab=\"1\" aria-labelledby=\"cum-trebuie-s-cutai-n-byggjobs\"><p>Dup\u0103 conectare, g\u0103si\u021bi func\u021bia de c\u0103utare \u00een fila \u201dAcas\u0103\u201d. At\u00e2t \u00een versiunea site-ului web a aplica\u021biei, c\u00e2t \u0219i \u00een aplica\u021bia mobil\u0103, aceast\u0103 func\u021bie se afl\u0103 \u00een partea de sus a ecranului. Aici pute\u021bi introduce orice pozi\u021bie sau companie care v\u0103 intereseaz\u0103 \u0219i s\u0103 \u00eencepe\u021bi s\u0103 c\u0103uta\u021bi \u00een baza noastr\u0103 de date.<\/p><\/div>\n\t\t\t\t\t<\/div><div class=\"eael-accordion-list\">\n\t\t\t\t\t<div id=\"cum-pot-salva-ofertele-mele-preferate-de-munc\" class=\"elementor-tab-title eael-accordion-header\" tabindex=\"0\" data-tab=\"2\" aria-controls=\"elementor-tab-content-2672\"><span class=\"eael-accordion-tab-title\">Cum pot salva ofertele mele preferate de munc\u0103?<\/span><span class=\"eael-advanced-accordion-icon-closed\"><i aria-hidden=\"true\" class=\"fa-accordion-icon fas fa-plus\"><\/i><\/span><span class=\"eael-advanced-accordion-icon-opened\"><i aria-hidden=\"true\" class=\"fa-accordion-icon fas fa-minus\"><\/i><\/span><\/div><div id=\"elementor-tab-content-2672\" class=\"eael-accordion-content clearfix\" data-tab=\"2\" aria-labelledby=\"cum-pot-salva-ofertele-mele-preferate-de-munc\"><p>Toate ofertele de munc\u0103 disponibile vor fi afi\u0219ate pe pagina de pornire. Exist\u0103 o pictogram\u0103 de marcaj \u00cen partea dreapt\u0103 a fiec\u0103rei oferte de munc\u0103 ve\u021bi g\u0103si pictograma filei. Selecta\u021bi aceast\u0103 pictogram\u0103 pentru a ad\u0103uga oferta de munc\u0103 la favorite. Atunci anun\u021bul\u00a0 va fi ad\u0103ugat automat la Ecranul File &#8211; pagina de l\u00e2ng\u0103 fila \u201eAcas\u0103\u201d.<\/p><p>Dac\u0103 dori\u021bi s\u0103 \u0219terge\u021bi oferta de munc\u0103 din fil\u0103, selecta\u021bi din nou aceea\u0219i pictogram\u0103 a filei.<\/p><\/div>\n\t\t\t\t\t<\/div><div class=\"eael-accordion-list\">\n\t\t\t\t\t<div id=\"cum-se-filtreaz-ofertele-de-munc\" class=\"elementor-tab-title eael-accordion-header\" tabindex=\"0\" data-tab=\"3\" aria-controls=\"elementor-tab-content-2673\"><span class=\"eael-accordion-tab-title\">Cum se filtreaz\u0103 ofertele de munc\u0103?<\/span><span class=\"eael-advanced-accordion-icon-closed\"><i aria-hidden=\"true\" class=\"fa-accordion-icon fas fa-plus\"><\/i><\/span><span class=\"eael-advanced-accordion-icon-opened\"><i aria-hidden=\"true\" class=\"fa-accordion-icon fas fa-minus\"><\/i><\/span><\/div><div id=\"elementor-tab-content-2673\" class=\"eael-accordion-content clearfix\" data-tab=\"3\" aria-labelledby=\"cum-se-filtreaz-ofertele-de-munc\"><p>Accesa\u021bi partea de sus a paginii de pornire. \u00cen dreapta casetei de c\u0103utare este o pictogram\u0103 de filtrare. Dup\u0103 selectare, va fi afi\u0219at un nou ecran cu diferite categorii de filtre. Dup\u0103 selectarea tuturor filtrelor necesare, ap\u0103sa\u021bi butonul \u201eAplica\u021bi\u201d pentru a vizualiza ofertele de munc\u0103 cu filtrele de c\u0103utare selectate. Dac\u0103 dori\u021bi s\u0103 vede\u021bi din nou toate sarcinile, face\u021bi clic pe butonul \u201e\u0218terge\u021bi\u201d pentru a \u0219terge toate filtrele.<\/p><\/div>\n\t\t\t\t\t<\/div><div class=\"eael-accordion-list\">\n\t\t\t\t\t<div id=\"pot-s-mprtesc-ofertele-de-munc-prietenilor-mei\" class=\"elementor-tab-title eael-accordion-header\" tabindex=\"0\" data-tab=\"4\" aria-controls=\"elementor-tab-content-2674\"><span class=\"eael-accordion-tab-title\">Pot s\u0103 \u00eemp\u0103rt\u0103\u0219esc ofertele de munc\u0103 prietenilor mei?<\/span><span class=\"eael-advanced-accordion-icon-closed\"><i aria-hidden=\"true\" class=\"fa-accordion-icon fas fa-plus\"><\/i><\/span><span class=\"eael-advanced-accordion-icon-opened\"><i aria-hidden=\"true\" class=\"fa-accordion-icon fas fa-minus\"><\/i><\/span><\/div><div id=\"elementor-tab-content-2674\" class=\"eael-accordion-content clearfix\" data-tab=\"4\" aria-labelledby=\"pot-s-mprtesc-ofertele-de-munc-prietenilor-mei\"><p>Da, desigur. Accesa\u021bi Pagina de Pornire pentru a vizualiza oferta de munc\u0103. Selecta\u021bi anun\u021bul pe care dori\u021bi s\u0103 \u00eel distribui\u021bi prietenilor dvs. Ve\u021bi vedea detaliile ofertei \u0219i pictograma de partajare \u00een col\u021bul din dreapta sus. Selecta\u021bi pictograma, iar apoi aplica\u021bia noastr\u0103 v\u0103 va sugera diverse canale prin care pute\u021bi trimite prietenilor dvs. linkul anun\u021bului.<\/p><\/div>\n\t\t\t\t\t<\/div><div class=\"eael-accordion-list\">\n\t\t\t\t\t<div id=\"cum-pot-depune-aplicaia\" class=\"elementor-tab-title eael-accordion-header\" tabindex=\"0\" data-tab=\"5\" aria-controls=\"elementor-tab-content-2675\"><span class=\"eael-accordion-tab-title\">Cum pot depune aplica\u021bia?<\/span><span class=\"eael-advanced-accordion-icon-closed\"><i aria-hidden=\"true\" class=\"fa-accordion-icon fas fa-plus\"><\/i><\/span><span class=\"eael-advanced-accordion-icon-opened\"><i aria-hidden=\"true\" class=\"fa-accordion-icon fas fa-minus\"><\/i><\/span><\/div><div id=\"elementor-tab-content-2675\" class=\"eael-accordion-content clearfix\" data-tab=\"5\" aria-labelledby=\"cum-pot-depune-aplicaia\"><p>Navig\u00e2nd pe pagina de pornire \u00een c\u0103utarea pozi\u021biilor adecvate, pute\u021bi selecta orice anun\u021b \u0219i pute\u021bi vizualiza detaliile postului oferit. Dac\u0103 dori\u021bi s\u0103 aplica\u021bi, v\u0103 rug\u0103m s\u0103 accesa\u021bi partea de jos a paginii cu informa\u021bii detaliate despre oferta de munc\u0103 \u0219i selecta\u021bi butonul \u201eAplica\u021bi\u201d. Ap\u0103sa\u021bi acest buton pentru a \u00eencepe procesul de aplicare. Aplica\u021bia v\u0103 va cere s\u0103 confirma\u021bi c\u0103 dori\u021bi s\u0103 candida\u021bi pentru un anumit post de munc\u0103. Selecta\u021bi din nou \u201eAplica\u021bi\u201d \u0219i CV-ul dvs. va fi transmis poten\u021bialului angajator.<\/p><\/div>\n\t\t\t\t\t<\/div><div class=\"eael-accordion-list\">\n\t\t\t\t\t<div id=\"pot-evalua-compania\" class=\"elementor-tab-title eael-accordion-header\" tabindex=\"0\" data-tab=\"6\" aria-controls=\"elementor-tab-content-2676\"><span class=\"eael-accordion-tab-title\">Pot evalua compania?<\/span><span class=\"eael-advanced-accordion-icon-closed\"><i aria-hidden=\"true\" class=\"fa-accordion-icon fas fa-plus\"><\/i><\/span><span class=\"eael-advanced-accordion-icon-opened\"><i aria-hidden=\"true\" class=\"fa-accordion-icon fas fa-minus\"><\/i><\/span><\/div><div id=\"elementor-tab-content-2676\" class=\"eael-accordion-content clearfix\" data-tab=\"6\" aria-labelledby=\"pot-evalua-compania\"><p>Da, dar numai dac\u0103 a\u021bi coaborat cu ea. C\u00e2nd finaliza\u021bi colaborarea cu compania, aplica\u021bia noastr\u0103 v\u0103 va trimite o notificare push cu informa\u021bia c\u0103 aceast\u0103 colaborare a fost \u00eenregistrat\u0103 \u00een sistemul nostru ca finalizat\u0103. Selectarea unei notific\u0103ri v\u0103 va duce la pagina cu detalii despre job, unde va ap\u0103rea sec\u021biunea Evalu\u0103ri \u0219i Recenzii. Aici pute\u021bi scrie o recenzie despre angajatorul dvs. \u0219i o pute\u021bi evalua bif\u00e2nd num\u0103rul corespunz\u0103tor de stele (de la una la cinci). Pentru a publica recenzia, selecta\u021bi butonul \u201ePublic\u0103\u201d.<\/p><\/div>\n\t\t\t\t\t<\/div><div class=\"eael-accordion-list\">\n\t\t\t\t\t<div id=\"pot-fi-dezactivate-notificrile\" class=\"elementor-tab-title eael-accordion-header\" tabindex=\"0\" data-tab=\"7\" aria-controls=\"elementor-tab-content-2677\"><span class=\"eael-accordion-tab-title\">Pot fi dezactivate notific\u0103rile?<\/span><span class=\"eael-advanced-accordion-icon-closed\"><i aria-hidden=\"true\" class=\"fa-accordion-icon fas fa-plus\"><\/i><\/span><span class=\"eael-advanced-accordion-icon-opened\"><i aria-hidden=\"true\" class=\"fa-accordion-icon fas fa-minus\"><\/i><\/span><\/div><div id=\"elementor-tab-content-2677\" class=\"eael-accordion-content clearfix\" data-tab=\"7\" aria-labelledby=\"pot-fi-dezactivate-notificrile\"><p>Da, bine\u00een\u021beles. Pentru a face acest lucru, merge\u021bi \u00een col\u021bul din dreapta sus al paginii \u0219i c\u0103uta\u021bi dou\u0103 linii orizontale mici. Selecta\u021bi pentru a deschide meniul derulant, apoi selecta\u021bi Set\u0103ri. Dup\u0103 aceea accesa\u021bi sec\u021biunea Notific\u0103ri unde este vizibil glisorul On-Off. Acesta v\u0103 permite s\u0103 controla\u021bi notific\u0103rile afi\u0219ate de aplica\u021bia noastr\u0103.<\/p><\/div>\n\t\t\t\t\t<\/div><div class=\"eael-accordion-list\">\n\t\t\t\t\t<div id=\"cum-trebuie-actualizat-profilul\" class=\"elementor-tab-title eael-accordion-header\" tabindex=\"0\" data-tab=\"8\" aria-controls=\"elementor-tab-content-2678\"><span class=\"eael-accordion-tab-title\">Cum trebuie actualizat profilul?<\/span><span class=\"eael-advanced-accordion-icon-closed\"><i aria-hidden=\"true\" class=\"fa-accordion-icon fas fa-plus\"><\/i><\/span><span class=\"eael-advanced-accordion-icon-opened\"><i aria-hidden=\"true\" class=\"fa-accordion-icon fas fa-minus\"><\/i><\/span><\/div><div id=\"elementor-tab-content-2678\" class=\"eael-accordion-content clearfix\" data-tab=\"8\" aria-labelledby=\"cum-trebuie-actualizat-profilul\"><p>Selecta\u021bi cele dou\u0103 linii din col\u021bul din dreapta sus pentru a deschide meniul derulant. Selecta\u021bi prima op\u021biune, My Profile, pentru a modifica profilul ByggJobs. Pute\u021bi ad\u0103uga cursurile \u0219i certific\u0103rile finalizate, limbile pe care le vorbi\u021bi, experien\u021ba dvs. \u0219i portofoliul dvs. De asemenea, pute\u021bi modifica orice alte informa\u021bii, inclusiv datele dvs. de contact.<\/p><\/div>\n\t\t\t\t\t<\/div><\/div>\t\t\t\t<\/div>\n\t\t\t\t<\/div>\n\t\t\t\t\t<\/div>\n\t\t<\/div>\n\t\t\t\t<div class=\"elementor-column elementor-col-50 elementor-inner-column elementor-element elementor-element-94c148a\" data-id=\"94c148a\" data-element_type=\"column\">\n\t\t\t<div class=\"elementor-widget-wrap elementor-element-populated\">\n\t\t\t\t\t\t<div class=\"elementor-element elementor-element-5f91cbd elementor-widget elementor-widget-eael-adv-accordion\" data-id=\"5f91cbd\" data-element_type=\"widget\" data-widget_type=\"eael-adv-accordion.default\">\n\t\t\t\t<div class=\"elementor-widget-container\">\n\t\t\t\t\t            <div class=\"eael-adv-accordion\" id=\"eael-adv-accordion-5f91cbd\" data-scroll-on-click=\"no\" data-scroll-speed=\"300\" data-accordion-id=\"5f91cbd\" data-accordion-type=\"accordion\" data-toogle-speed=\"300\">\n            <div class=\"eael-accordion-list\">\n\t\t\t\t\t<div id=\"cum-pot-vizualiza-informaiile-detaliate-despre-angajai\" class=\"elementor-tab-title eael-accordion-header\" tabindex=\"0\" data-tab=\"1\" aria-controls=\"elementor-tab-content-1001\"><span class=\"eael-accordion-tab-title\">Cum pot vizualiza informa\u021biile detaliate despre angaja\u021bi?<\/span><span class=\"eael-advanced-accordion-icon-closed\"><i aria-hidden=\"true\" class=\"fa-accordion-icon fas fa-plus\"><\/i><\/span><span class=\"eael-advanced-accordion-icon-opened\"><i aria-hidden=\"true\" class=\"fa-accordion-icon fas fa-minus\"><\/i><\/span><\/div><div id=\"elementor-tab-content-1001\" class=\"eael-accordion-content clearfix\" data-tab=\"1\" aria-labelledby=\"cum-pot-vizualiza-informaiile-detaliate-despre-angajai\"><p>\u00cen fila \u201dAcas\u0103\u201d este afi\u0219at\u0103 o list\u0103 cu to\u021bi angaja\u021bii disponibili din bran\u0219a dvs. Dac\u0103 dori\u021bi s\u0103 afla\u021bi mai multe despre unele dintre ele, selecta\u021bi c\u00e2mpul cu numele \u0219i fotografia persoanei, iar aplica\u021bia v\u0103 va permite s\u0103 trece\u021bi la un nou ecran cu datele angaja\u021bilor.<\/p><\/div>\n\t\t\t\t\t<\/div><div class=\"eael-accordion-list\">\n\t\t\t\t\t<div id=\"cum-poate-fi-creat-o-ofert-de-munc\" class=\"elementor-tab-title eael-accordion-header\" tabindex=\"0\" data-tab=\"2\" aria-controls=\"elementor-tab-content-1002\"><span class=\"eael-accordion-tab-title\">Cum poate fi creat\u0103 o ofert\u0103 de munc\u0103?<\/span><span class=\"eael-advanced-accordion-icon-closed\"><i aria-hidden=\"true\" class=\"fa-accordion-icon fas fa-plus\"><\/i><\/span><span class=\"eael-advanced-accordion-icon-opened\"><i aria-hidden=\"true\" class=\"fa-accordion-icon fas fa-minus\"><\/i><\/span><\/div><div id=\"elementor-tab-content-1002\" class=\"eael-accordion-content clearfix\" data-tab=\"2\" aria-labelledby=\"cum-poate-fi-creat-o-ofert-de-munc\"><p>Uita\u021bi-v\u0103 \u00een partea de jos a ecranului unde sunt amplasate pictogramele de navigare. Selecta\u021bi pictograma intitulat\u0103 Jobs, care v\u0103 va permite s\u0103 trece\u021bi la pagina My Jobs.<br \/>\u00cen col\u021bul din dreapta sus al acestei pagini ve\u021bi g\u0103si butonul galben \u201eAdaug\u0103 jobul\u201d. Ap\u0103sa\u021bi acest buton pentru a ad\u0103uga oferta de munc\u0103. Aplica\u021bia v\u0103 permite s\u0103 introduce\u021bi diverse date detaliate despre ofert\u0103, cum ar fi: numele func\u021biei, tipul de angajare sau timpul precis de lucru. Dup\u0103 editarea \u00eenregistr\u0103rii, derula\u021bi p\u00e2n\u0103 \u00een partea de jos a paginii \u0219i ap\u0103sa\u021bi Salvare \u0219i Publicare pentru a publica postul.<\/p><\/div>\n\t\t\t\t\t<\/div><div class=\"eael-accordion-list\">\n\t\t\t\t\t<div id=\"cum-pot-stabili-un-interviu-cu-un-potenial-angajat\" class=\"elementor-tab-title eael-accordion-header\" tabindex=\"0\" data-tab=\"3\" aria-controls=\"elementor-tab-content-1003\"><span class=\"eael-accordion-tab-title\">Cum pot stabili un interviu cu un poten\u021bial angajat?<\/span><span class=\"eael-advanced-accordion-icon-closed\"><i aria-hidden=\"true\" class=\"fa-accordion-icon fas fa-plus\"><\/i><\/span><span class=\"eael-advanced-accordion-icon-opened\"><i aria-hidden=\"true\" class=\"fa-accordion-icon fas fa-minus\"><\/i><\/span><\/div><div id=\"elementor-tab-content-1003\" class=\"eael-accordion-content clearfix\" data-tab=\"3\" aria-labelledby=\"cum-pot-stabili-un-interviu-cu-un-potenial-angajat\"><p>Accesa\u021bi fila \u201dAcas\u0103\u201d \u0219i selecta\u021bi candidatul pe care dori\u021bi s\u0103-l invita\u021bi la interviu. Va fi afi\u0219at\u0103 o pagin\u0103 cu informa\u021bii detaliate despre angajat. Uita\u021bi-v\u0103 \u00een partea de jos a ecranului, unde ve\u021bi g\u0103si un buton galben \u201eProgrameaz\u0103 un interviu\u201d. Ap\u0103sa\u021bi acest buton pentru a programa o \u00eent\u00e2lnire \u0219i a-l anun\u021ba pe candidat.<\/p><\/div>\n\t\t\t\t\t<\/div><div class=\"eael-accordion-list\">\n\t\t\t\t\t<div id=\"pot-vorbi-cu-angajatul-prin-chat\" class=\"elementor-tab-title eael-accordion-header\" tabindex=\"0\" data-tab=\"4\" aria-controls=\"elementor-tab-content-1004\"><span class=\"eael-accordion-tab-title\">Pot vorbi cu angajatul prin chat?<\/span><span class=\"eael-advanced-accordion-icon-closed\"><i aria-hidden=\"true\" class=\"fa-accordion-icon fas fa-plus\"><\/i><\/span><span class=\"eael-advanced-accordion-icon-opened\"><i aria-hidden=\"true\" class=\"fa-accordion-icon fas fa-minus\"><\/i><\/span><\/div><div id=\"elementor-tab-content-1004\" class=\"eael-accordion-content clearfix\" data-tab=\"4\" aria-labelledby=\"pot-vorbi-cu-angajatul-prin-chat\"><p>Da, dar numai cu angaja\u021bii pe care i-a\u021bi angajat. Exist\u0103 o pictogram\u0103 de chat \u00een bara de navigare din partea de jos a ecranului. Ap\u0103sa\u021bi-l pentru a accesa site-ul de chat.<\/p><\/div>\n\t\t\t\t\t<\/div><div class=\"eael-accordion-list\">\n\t\t\t\t\t<div id=\"cum-pot-actualiza-profilul-companiei-mele\" class=\"elementor-tab-title eael-accordion-header\" tabindex=\"0\" data-tab=\"5\" aria-controls=\"elementor-tab-content-1005\"><span class=\"eael-accordion-tab-title\">Cum pot actualiza profilul companiei mele?<\/span><span class=\"eael-advanced-accordion-icon-closed\"><i aria-hidden=\"true\" class=\"fa-accordion-icon fas fa-plus\"><\/i><\/span><span class=\"eael-advanced-accordion-icon-opened\"><i aria-hidden=\"true\" class=\"fa-accordion-icon fas fa-minus\"><\/i><\/span><\/div><div id=\"elementor-tab-content-1005\" class=\"eael-accordion-content clearfix\" data-tab=\"5\" aria-labelledby=\"cum-pot-actualiza-profilul-companiei-mele\"><p>G\u0103si\u021bi dou\u0103 bare orizontale \u00een col\u021bul din dreapta sus al ecranului. C\u00e2nd este selectat acest simbol, se va deschide un meniu derulant. Prima op\u021biune din meniu este Profilul. Selecta\u021bi acest simbol pentru a deschide site-ul de editare a profilului.<\/p><\/div>\n\t\t\t\t\t<\/div><div class=\"eael-accordion-list\">\n\t\t\t\t\t<div id=\"cum-pot-evalua-i-trece-o-recenzie-cu-privire-la-munca-unui-angajat\" class=\"elementor-tab-title eael-accordion-header\" tabindex=\"0\" data-tab=\"6\" aria-controls=\"elementor-tab-content-1006\"><span class=\"eael-accordion-tab-title\">Cum pot evalua \u0219i trece o recenzie cu privire la munca unui angajat?<\/span><span class=\"eael-advanced-accordion-icon-closed\"><i aria-hidden=\"true\" class=\"fa-accordion-icon fas fa-plus\"><\/i><\/span><span class=\"eael-advanced-accordion-icon-opened\"><i aria-hidden=\"true\" class=\"fa-accordion-icon fas fa-minus\"><\/i><\/span><\/div><div id=\"elementor-tab-content-1006\" class=\"eael-accordion-content clearfix\" data-tab=\"6\" aria-labelledby=\"cum-pot-evalua-i-trece-o-recenzie-cu-privire-la-munca-unui-angajat\"><p>Dup\u0103 finalizarea muncii de c\u0103tre angajat, ve\u021bi primi o notificare push care v\u0103 informeaz\u0103 c\u0103 am \u00eenregistrat \u00eencetarea cooper\u0103rii dvs. cu angajatul. Dup\u0103 selectarea informa\u021biilor, va fi afi\u0219at\u0103 un nou site unde va fi posibil\u0103 evaluarea \u0219i scrierea recenziei. Pentru a publica recenzia, selecta\u021bi butonul \u201ePublic\u0103\u201d din partea de jos a site-ului.<\/p><\/div>\n\t\t\t\t\t<\/div><\/div>\t\t\t\t<\/div>\n\t\t\t\t<\/div>\n\t\t\t\t\t<\/div>\n\t\t<\/div>\n\t\t\t\t\t<\/div>\n\t\t<\/section>\n\t\t\t\t\t<\/div>\n\t\t<\/div>\n\t\t\t\t\t<\/div>\n\t\t<\/section>\n\t\t\t\t<\/div>\n\t\t","protected":false},"excerpt":{"rendered":"<p>\u00centreb\u0103ri \u0219i R\u0103spunsuri Cum trebuie s\u0103 c\u0103uta\u021bi \u00een ByggJobs? Dup\u0103 conectare, g\u0103si\u021bi func\u021bia de c\u0103utare \u00een fila \u201dAcas\u0103\u201d. At\u00e2t \u00een versiunea site-ului web a aplica\u021biei, c\u00e2t \u0219i \u00een aplica\u021bia mobil\u0103, aceast\u0103 func\u021bie se afl\u0103 \u00een partea de sus a ecranului. Aici pute\u021bi introduce orice pozi\u021bie sau companie care v\u0103 intereseaz\u0103 \u0219i s\u0103 \u00eencepe\u021bi s\u0103 c\u0103uta\u021bi [&hellip;]<\/p>\n","protected":false},"author":4,"featured_media":0,"parent":0,"menu_order":0,"comment_status":"closed","ping_status":"closed","template":"","meta":{"footnotes":""},"class_list":["post-1563","page","type-page","status-publish","hentry"],"_links":{"self":[{"href":"https:\/\/byggjobs.app\/ro\/wp-json\/wp\/v2\/pages\/1563","targetHints":{"allow":["GET"]}}],"collection":[{"href":"https:\/\/byggjobs.app\/ro\/wp-json\/wp\/v2\/pages"}],"about":[{"href":"https:\/\/byggjobs.app\/ro\/wp-json\/wp\/v2\/types\/page"}],"author":[{"embeddable":true,"href":"https:\/\/byggjobs.app\/ro\/wp-json\/wp\/v2\/users\/4"}],"replies":[{"embeddable":true,"href":"https:\/\/byggjobs.app\/ro\/wp-json\/wp\/v2\/comments?post=1563"}],"version-history":[{"count":13,"href":"https:\/\/byggjobs.app\/ro\/wp-json\/wp\/v2\/pages\/1563\/revisions"}],"predecessor-version":[{"id":2436,"href":"https:\/\/byggjobs.app\/ro\/wp-json\/wp\/v2\/pages\/1563\/revisions\/2436"}],"wp:attachment":[{"href":"https:\/\/byggjobs.app\/ro\/wp-json\/wp\/v2\/media?parent=1563"}],"curies":[{"name":"wp","href":"https:\/\/api.w.org\/{rel}","templated":true}]}}