{"id":1540,"date":"2022-11-17T09:20:50","date_gmt":"2022-11-17T09:20:50","guid":{"rendered":"https:\/\/byggjobs.stg.geckodoit.com\/about-us\/"},"modified":"2022-12-08T23:22:01","modified_gmt":"2022-12-08T23:22:01","slug":"despre-noi","status":"publish","type":"page","link":"https:\/\/byggjobs.app\/ro\/despre-noi\/","title":{"rendered":"Despre Noi"},"content":{"rendered":"\t\t<div data-elementor-type=\"wp-page\" data-elementor-id=\"1540\" class=\"elementor elementor-1540 elementor-13\" data-elementor-post-type=\"page\">\n\t\t\t\t\t\t<section class=\"elementor-section elementor-top-section elementor-element elementor-element-5bb95e6 elementor-section-height-min-height elementor-section-boxed elementor-section-height-default elementor-section-items-middle\" data-id=\"5bb95e6\" data-element_type=\"section\" data-settings=\"{&quot;background_background&quot;:&quot;classic&quot;}\">\n\t\t\t\t\t\t<div class=\"elementor-container elementor-column-gap-default\">\n\t\t\t\t\t<div class=\"elementor-column elementor-col-100 elementor-top-column elementor-element elementor-element-c352216\" data-id=\"c352216\" data-element_type=\"column\">\n\t\t\t<div class=\"elementor-widget-wrap elementor-element-populated\">\n\t\t\t\t\t\t<section class=\"elementor-section elementor-inner-section elementor-element elementor-element-dbcaf34 elementor-section-boxed elementor-section-height-default elementor-section-height-default\" data-id=\"dbcaf34\" data-element_type=\"section\">\n\t\t\t\t\t\t<div class=\"elementor-container elementor-column-gap-default\">\n\t\t\t\t\t<div class=\"elementor-column elementor-col-100 elementor-inner-column elementor-element elementor-element-23f44cd\" data-id=\"23f44cd\" data-element_type=\"column\">\n\t\t\t<div class=\"elementor-widget-wrap elementor-element-populated\">\n\t\t\t\t\t\t<div class=\"elementor-element elementor-element-1e29877 elementor-widget elementor-widget-heading\" data-id=\"1e29877\" data-element_type=\"widget\" data-widget_type=\"heading.default\">\n\t\t\t\t<div class=\"elementor-widget-container\">\n\t\t\t\t\t<h1 class=\"elementor-heading-title elementor-size-default\">Despre Noi<\/h1>\t\t\t\t<\/div>\n\t\t\t\t<\/div>\n\t\t\t\t\t<\/div>\n\t\t<\/div>\n\t\t\t\t\t<\/div>\n\t\t<\/section>\n\t\t\t\t\t<\/div>\n\t\t<\/div>\n\t\t\t\t\t<\/div>\n\t\t<\/section>\n\t\t\t\t<section class=\"elementor-section elementor-top-section elementor-element elementor-element-05f8b2a elementor-section-boxed elementor-section-height-default elementor-section-height-default\" data-id=\"05f8b2a\" data-element_type=\"section\" data-settings=\"{&quot;background_background&quot;:&quot;classic&quot;}\">\n\t\t\t\t\t\t<div class=\"elementor-container elementor-column-gap-default\">\n\t\t\t\t\t<div class=\"elementor-column elementor-col-100 elementor-top-column elementor-element elementor-element-f533021\" data-id=\"f533021\" data-element_type=\"column\">\n\t\t\t<div class=\"elementor-widget-wrap elementor-element-populated\">\n\t\t\t\t\t\t<section class=\"elementor-section elementor-inner-section elementor-element elementor-element-df5befa elementor-section-boxed elementor-section-height-default elementor-section-height-default\" data-id=\"df5befa\" data-element_type=\"section\">\n\t\t\t\t\t\t<div class=\"elementor-container elementor-column-gap-default\">\n\t\t\t\t\t<div class=\"elementor-column elementor-col-50 elementor-inner-column elementor-element elementor-element-9661ed8\" data-id=\"9661ed8\" data-element_type=\"column\">\n\t\t\t<div class=\"elementor-widget-wrap elementor-element-populated\">\n\t\t\t\t\t\t<div class=\"elementor-element elementor-element-81a7034 text-background elementor-widget elementor-widget-heading\" data-id=\"81a7034\" data-element_type=\"widget\" data-widget_type=\"heading.default\">\n\t\t\t\t<div class=\"elementor-widget-container\">\n\t\t\t\t\t<h2 class=\"elementor-heading-title elementor-size-default\">Kas esame \n<\/h2>\t\t\t\t<\/div>\n\t\t\t\t<\/div>\n\t\t\t\t\t<\/div>\n\t\t<\/div>\n\t\t\t\t<div class=\"elementor-column elementor-col-50 elementor-inner-column elementor-element elementor-element-d123bdf\" data-id=\"d123bdf\" data-element_type=\"column\">\n\t\t\t<div class=\"elementor-widget-wrap elementor-element-populated\">\n\t\t\t\t\t\t<div class=\"elementor-element elementor-element-9f6b665 elementor-widget elementor-widget-text-editor\" data-id=\"9f6b665\" data-element_type=\"widget\" data-widget_type=\"text-editor.default\">\n\t\t\t\t<div class=\"elementor-widget-container\">\n\t\t\t\t\t\t\t\t\t<p>Platforma ByggJobb a fost fondat\u0103 \u00een 2018 de Grupul scandinav EHRAB, care se ocup\u0103 cu recrutarea \u0219i agen\u021bia \u00een procesul de angajare. Platforma noastr\u0103 este o pia\u021b\u0103 virtual\u0103 pentru solicitan\u021bii de locuri de munc\u0103 \u0219i angajatorii din bran\u0219a construc\u021biilor, ingineriei civile \u0219i a instala\u021biilor din Europa. Obiectivul nostru este de a oferi companiilor din \u00eentreaga Europ\u0103 acces fiabil la angaja\u021bi de nivel mediu \u0219i \u00eenalt de calificare.<\/p>\t\t\t\t\t\t\t\t<\/div>\n\t\t\t\t<\/div>\n\t\t\t\t\t<\/div>\n\t\t<\/div>\n\t\t\t\t\t<\/div>\n\t\t<\/section>\n\t\t\t\t<section class=\"elementor-section elementor-inner-section elementor-element elementor-element-8897543 elementor-section-boxed elementor-section-height-default elementor-section-height-default\" data-id=\"8897543\" data-element_type=\"section\">\n\t\t\t\t\t\t<div class=\"elementor-container elementor-column-gap-default\">\n\t\t\t\t\t<div class=\"elementor-column elementor-col-50 elementor-inner-column elementor-element elementor-element-d83adb0\" data-id=\"d83adb0\" data-element_type=\"column\">\n\t\t\t<div class=\"elementor-widget-wrap elementor-element-populated\">\n\t\t\t\t\t\t<div class=\"elementor-element elementor-element-4120562 text-background elementor-widget elementor-widget-heading\" data-id=\"4120562\" data-element_type=\"widget\" data-widget_type=\"heading.default\">\n\t\t\t\t<div class=\"elementor-widget-container\">\n\t\t\t\t\t<h2 class=\"elementor-heading-title elementor-size-default\">Misiunea noastr\u0103 \n<\/h2>\t\t\t\t<\/div>\n\t\t\t\t<\/div>\n\t\t\t\t\t<\/div>\n\t\t<\/div>\n\t\t\t\t<div class=\"elementor-column elementor-col-50 elementor-inner-column elementor-element elementor-element-f43244d\" data-id=\"f43244d\" data-element_type=\"column\">\n\t\t\t<div class=\"elementor-widget-wrap elementor-element-populated\">\n\t\t\t\t\t\t<div class=\"elementor-element elementor-element-7bb2279 elementor-widget elementor-widget-text-editor\" data-id=\"7bb2279\" data-element_type=\"widget\" data-widget_type=\"text-editor.default\">\n\t\t\t\t<div class=\"elementor-widget-container\">\n\t\t\t\t\t\t\t\t\t<div class=\"col-lg-7 col-md-7 col-sm-7 col-s-12 col-ss-12\"><p>\u00cen ultimele decenii, bran\u0219a construc\u021biilor europene a \u00eenflorit, dar \u00een acela\u0219i timp se lupt\u0103 s\u0103 g\u0103seasc\u0103 o for\u021b\u0103 de munc\u0103 calificat\u0103. Multe companii caut\u0103 angaja\u021bi \u00een str\u0103in\u0103tate pentru a suplini lipsa de personal. Datorit\u0103 cererii ridicate, mul\u021bi contractori str\u0103ini au \u00eenceput s\u0103 caute angaja\u021bi \u00een Europa de Est \u0219i s-au deschis c\u0103tre \u021b\u0103rile scandinave. Pia\u021ba insuficient reglementat\u0103 a f\u0103cut posibil\u0103 exploatarea lacunelor din legisla\u021bia fiscal\u0103 european\u0103, cum ar fi ocuparea for\u021bei de munc\u0103 transfrontaliere, care la r\u00e2ndul lor a afectat pia\u021ba de munc\u0103 \u00een bran\u0219a construc\u021biilor, duc\u00e2nd la dumping social, lipsa de supraveghere \u0219i, \u00een consecin\u021b\u0103, la exploatarea angaja\u021bilor. Ca r\u0103spuns la aceste probleme, Grupul EHRAB a dezvoltat aplica\u021bia ByggJobb, \u00een care s-a pus un accent deosebit pe dezvoltarea durabil\u0103 \u0219i responsabilitatea social\u0103. Scopul aplica\u021biei ByggJobb este de a oferi o platform\u0103 prin care angaja\u021bii \u0219i angajatorii s\u0103 poat\u0103 comunica \u00eentre ei \u00eentr-o manier\u0103 profesional\u0103, men\u021bin\u00e2nd principiile cooper\u0103rii de parteneriat. Obiectivul nostru pe termen lung este de a elimina dumpingul social \u00een bran\u0219a construc\u021biilor, oferind o pia\u021b\u0103 virtual\u0103 a muncii bazat\u0103 pe transparen\u021b\u0103, \u00eengrijire \u0219i supraveghere adecvat\u0103.<\/p><\/div>\t\t\t\t\t\t\t\t<\/div>\n\t\t\t\t<\/div>\n\t\t\t\t\t<\/div>\n\t\t<\/div>\n\t\t\t\t\t<\/div>\n\t\t<\/section>\n\t\t\t\t\t<\/div>\n\t\t<\/div>\n\t\t\t\t\t<\/div>\n\t\t<\/section>\n\t\t\t\t<section class=\"elementor-section elementor-top-section elementor-element elementor-element-60f6f70 elementor-section-boxed elementor-section-height-default elementor-section-height-default\" data-id=\"60f6f70\" data-element_type=\"section\">\n\t\t\t\t\t\t<div class=\"elementor-container elementor-column-gap-default\">\n\t\t\t\t\t<div class=\"elementor-column elementor-col-100 elementor-top-column elementor-element elementor-element-1f42838\" data-id=\"1f42838\" data-element_type=\"column\">\n\t\t\t<div class=\"elementor-widget-wrap elementor-element-populated\">\n\t\t\t\t\t\t<section class=\"elementor-section elementor-inner-section elementor-element elementor-element-ddcfc54 elementor-section-boxed elementor-section-height-default elementor-section-height-default\" data-id=\"ddcfc54\" data-element_type=\"section\">\n\t\t\t\t\t\t<div class=\"elementor-container elementor-column-gap-default\">\n\t\t\t\t\t<div class=\"elementor-column elementor-col-100 elementor-inner-column elementor-element elementor-element-6790c74\" data-id=\"6790c74\" data-element_type=\"column\">\n\t\t\t<div class=\"elementor-widget-wrap elementor-element-populated\">\n\t\t\t\t\t\t<div class=\"elementor-element elementor-element-31d1671 elementor-widget elementor-widget-heading\" data-id=\"31d1671\" data-element_type=\"widget\" data-widget_type=\"heading.default\">\n\t\t\t\t<div class=\"elementor-widget-container\">\n\t\t\t\t\t<h2 class=\"elementor-heading-title elementor-size-default\">Scopul nostru superior<\/h2>\t\t\t\t<\/div>\n\t\t\t\t<\/div>\n\t\t\t\t\t<\/div>\n\t\t<\/div>\n\t\t\t\t\t<\/div>\n\t\t<\/section>\n\t\t\t\t<section class=\"elementor-section elementor-inner-section elementor-element elementor-element-c52fe32 elementor-section-boxed elementor-section-height-default elementor-section-height-default\" data-id=\"c52fe32\" data-element_type=\"section\">\n\t\t\t\t\t\t<div class=\"elementor-container elementor-column-gap-default\">\n\t\t\t\t\t<div class=\"elementor-column elementor-col-100 elementor-inner-column elementor-element elementor-element-3b8d0d9\" data-id=\"3b8d0d9\" data-element_type=\"column\">\n\t\t\t<div class=\"elementor-widget-wrap elementor-element-populated\">\n\t\t\t\t\t\t<div class=\"elementor-element elementor-element-fdb8d20 elementor-widget elementor-widget-video\" data-id=\"fdb8d20\" data-element_type=\"widget\" data-settings=\"{&quot;youtube_url&quot;:&quot;https:\\\/\\\/www.youtube.com\\\/watch?v=Pi4c-nGOfl8&quot;,&quot;video_type&quot;:&quot;youtube&quot;,&quot;controls&quot;:&quot;yes&quot;}\" data-widget_type=\"video.default\">\n\t\t\t\t<div class=\"elementor-widget-container\">\n\t\t\t\t\t\t\t<div class=\"elementor-wrapper elementor-open-inline\">\n\t\t\t<div class=\"elementor-video\"><\/div>\t\t<\/div>\n\t\t\t\t\t\t<\/div>\n\t\t\t\t<\/div>\n\t\t\t\t\t<\/div>\n\t\t<\/div>\n\t\t\t\t\t<\/div>\n\t\t<\/section>\n\t\t\t\t\t<\/div>\n\t\t<\/div>\n\t\t\t\t\t<\/div>\n\t\t<\/section>\n\t\t\t\t<\/div>\n\t\t","protected":false},"excerpt":{"rendered":"<p>Kas esame Platforma ByggJobb a fost fondat\u0103 \u00een 2018 de Grupul scandinav EHRAB, care se ocup\u0103 cu recrutarea \u0219i agen\u021bia \u00een procesul de angajare. Platforma noastr\u0103 este o pia\u021b\u0103 virtual\u0103 pentru solicitan\u021bii de locuri de munc\u0103 \u0219i angajatorii din bran\u0219a construc\u021biilor, ingineriei civile \u0219i a instala\u021biilor din Europa. Obiectivul nostru este de a oferi companiilor [&hellip;]<\/p>\n","protected":false},"author":4,"featured_media":0,"parent":0,"menu_order":0,"comment_status":"closed","ping_status":"closed","template":"","meta":{"footnotes":""},"class_list":["post-1540","page","type-page","status-publish","hentry"],"_links":{"self":[{"href":"https:\/\/byggjobs.app\/ro\/wp-json\/wp\/v2\/pages\/1540","targetHints":{"allow":["GET"]}}],"collection":[{"href":"https:\/\/byggjobs.app\/ro\/wp-json\/wp\/v2\/pages"}],"about":[{"href":"https:\/\/byggjobs.app\/ro\/wp-json\/wp\/v2\/types\/page"}],"author":[{"embeddable":true,"href":"https:\/\/byggjobs.app\/ro\/wp-json\/wp\/v2\/users\/4"}],"replies":[{"embeddable":true,"href":"https:\/\/byggjobs.app\/ro\/wp-json\/wp\/v2\/comments?post=1540"}],"version-history":[{"count":12,"href":"https:\/\/byggjobs.app\/ro\/wp-json\/wp\/v2\/pages\/1540\/revisions"}],"predecessor-version":[{"id":2426,"href":"https:\/\/byggjobs.app\/ro\/wp-json\/wp\/v2\/pages\/1540\/revisions\/2426"}],"wp:attachment":[{"href":"https:\/\/byggjobs.app\/ro\/wp-json\/wp\/v2\/media?parent=1540"}],"curies":[{"name":"wp","href":"https:\/\/api.w.org\/{rel}","templated":true}]}}