{"id":1022,"date":"2022-11-17T09:21:06","date_gmt":"2022-11-17T09:21:06","guid":{"rendered":"https:\/\/byggjobs.stg.geckodoit.com\/how-it-works\/"},"modified":"2022-12-08T06:23:55","modified_gmt":"2022-12-08T06:23:55","slug":"jak-to-dziala","status":"publish","type":"page","link":"https:\/\/byggjobs.app\/pl\/jak-to-dziala\/","title":{"rendered":"Jak to dzia\u0142a"},"content":{"rendered":"\t\t<div data-elementor-type=\"wp-page\" data-elementor-id=\"1022\" class=\"elementor elementor-1022 elementor-15\" data-elementor-post-type=\"page\">\n\t\t\t\t\t\t<section class=\"elementor-section elementor-top-section elementor-element elementor-element-d57b1b3 elementor-section-height-min-height elementor-section-boxed elementor-section-height-default elementor-section-items-middle\" data-id=\"d57b1b3\" data-element_type=\"section\" data-settings=\"{&quot;background_background&quot;:&quot;classic&quot;}\">\n\t\t\t\t\t\t<div class=\"elementor-container elementor-column-gap-default\">\n\t\t\t\t\t<div class=\"elementor-column elementor-col-100 elementor-top-column elementor-element elementor-element-9040d1d\" data-id=\"9040d1d\" data-element_type=\"column\">\n\t\t\t<div class=\"elementor-widget-wrap elementor-element-populated\">\n\t\t\t\t\t\t<section class=\"elementor-section elementor-inner-section elementor-element elementor-element-ae2189d elementor-section-boxed elementor-section-height-default elementor-section-height-default\" data-id=\"ae2189d\" data-element_type=\"section\">\n\t\t\t\t\t\t<div class=\"elementor-container elementor-column-gap-default\">\n\t\t\t\t\t<div class=\"elementor-column elementor-col-100 elementor-inner-column elementor-element elementor-element-e2fe13b\" data-id=\"e2fe13b\" data-element_type=\"column\">\n\t\t\t<div class=\"elementor-widget-wrap elementor-element-populated\">\n\t\t\t\t\t\t<div class=\"elementor-element elementor-element-f7f9c57 elementor-widget elementor-widget-heading\" data-id=\"f7f9c57\" data-element_type=\"widget\" data-widget_type=\"heading.default\">\n\t\t\t\t<div class=\"elementor-widget-container\">\n\t\t\t\t\t<h1 class=\"elementor-heading-title elementor-size-default\">Jak to dzia\u0142a<\/h1>\t\t\t\t<\/div>\n\t\t\t\t<\/div>\n\t\t\t\t\t<\/div>\n\t\t<\/div>\n\t\t\t\t\t<\/div>\n\t\t<\/section>\n\t\t\t\t\t<\/div>\n\t\t<\/div>\n\t\t\t\t\t<\/div>\n\t\t<\/section>\n\t\t\t\t<section class=\"elementor-section elementor-top-section elementor-element elementor-element-8e38f4f elementor-section-boxed elementor-section-height-default elementor-section-height-default\" data-id=\"8e38f4f\" data-element_type=\"section\" data-settings=\"{&quot;background_background&quot;:&quot;classic&quot;}\">\n\t\t\t\t\t\t<div class=\"elementor-container elementor-column-gap-default\">\n\t\t\t\t\t<div class=\"elementor-column elementor-col-100 elementor-top-column elementor-element elementor-element-0738249\" data-id=\"0738249\" data-element_type=\"column\">\n\t\t\t<div class=\"elementor-widget-wrap elementor-element-populated\">\n\t\t\t\t\t\t<section class=\"elementor-section elementor-inner-section elementor-element elementor-element-238dc15 elementor-section-boxed elementor-section-height-default elementor-section-height-default\" data-id=\"238dc15\" data-element_type=\"section\">\n\t\t\t\t\t\t<div class=\"elementor-container elementor-column-gap-default\">\n\t\t\t\t\t<div class=\"elementor-column elementor-col-50 elementor-inner-column elementor-element elementor-element-1697f46\" data-id=\"1697f46\" data-element_type=\"column\">\n\t\t\t<div class=\"elementor-widget-wrap elementor-element-populated\">\n\t\t\t\t\t\t<div class=\"elementor-element elementor-element-b787290 text-background elementor-widget elementor-widget-heading\" data-id=\"b787290\" data-element_type=\"widget\" data-widget_type=\"heading.default\">\n\t\t\t\t<div class=\"elementor-widget-container\">\n\t\t\t\t\t<h2 class=\"elementor-heading-title elementor-size-default\">Utw\u00f3rz ofert\u0119 pracy\n<\/h2>\t\t\t\t<\/div>\n\t\t\t\t<\/div>\n\t\t\t\t<div class=\"elementor-element elementor-element-92fc7f1 elementor-widget elementor-widget-text-editor\" data-id=\"92fc7f1\" data-element_type=\"widget\" data-widget_type=\"text-editor.default\">\n\t\t\t\t<div class=\"elementor-widget-container\">\n\t\t\t\t\t\t\t\t\t<p>Sp\u00f3jrz na d\u00f3\u0142 ekranu, gdzie znajduj\u0105 si\u0119 ikony nawigacji. Wybierz ikon\u0119 zatytu\u0142owan\u0105 Oferty pracy, kt\u00f3ra pozwoli Ci przej\u015b\u0107 do strony \u201eMoje oferty pracy\u201d. W prawym g\u00f3rnym rogu tej strony znajdziesz \u017c\u00f3\u0142ty przycisk \u201eDodaj ofert\u0119 pracy\u201d. Naci\u015bnij ten przycisk, aby doda\u0107 ofert\u0119 pracy. Aplikacja umo\u017cliwia wprowadzanie r\u00f3\u017cnych szczeg\u00f3\u0142owych danych dotycz\u0105cych oferty, takich jak: nazwa stanowiska, rodzaj zatrudnienia czy precyzyjny czas wykonywania pracy. Po zako\u0144czeniu edycji oferty przejd\u017a na d\u00f3\u0142 strony i naci\u015bnij przycisk \u201eZapisz i Publikuj\u201d, aby opublikowa\u0107 og\u0142oszenie.<\/p>\t\t\t\t\t\t\t\t<\/div>\n\t\t\t\t<\/div>\n\t\t\t\t\t<\/div>\n\t\t<\/div>\n\t\t\t\t<div class=\"elementor-column elementor-col-50 elementor-inner-column elementor-element elementor-element-ef109c9\" data-id=\"ef109c9\" data-element_type=\"column\">\n\t\t\t<div class=\"elementor-widget-wrap elementor-element-populated\">\n\t\t\t\t\t\t<div class=\"elementor-element elementor-element-9ba976a gallery-spacing-custom elementor-widget elementor-widget-image-gallery\" data-id=\"9ba976a\" data-element_type=\"widget\" data-widget_type=\"image-gallery.default\">\n\t\t\t\t<div class=\"elementor-widget-container\">\n\t\t\t\t\t\t\t<div class=\"elementor-image-gallery\">\n\t\t\t<div id='gallery-1' class='gallery galleryid-1022 gallery-columns-2 gallery-size-large'><figure class='gallery-item'>\n\t\t\t<div class='gallery-icon portrait'>\n\t\t\t\t<img fetchpriority=\"high\" decoding=\"async\" width=\"297\" height=\"609\" src=\"https:\/\/byggjobs.app\/wp-content\/uploads\/2022\/11\/create-job-add-2.png\" class=\"attachment-large size-large\" alt=\"\" srcset=\"https:\/\/byggjobs.app\/wp-content\/uploads\/2022\/11\/create-job-add-2.png 297w, https:\/\/byggjobs.app\/wp-content\/uploads\/2022\/11\/create-job-add-2-146x300.png 146w\" sizes=\"(max-width: 297px) 100vw, 297px\" \/>\n\t\t\t<\/div><\/figure><figure class='gallery-item'>\n\t\t\t<div class='gallery-icon portrait'>\n\t\t\t\t<img decoding=\"async\" width=\"299\" height=\"608\" src=\"https:\/\/byggjobs.app\/wp-content\/uploads\/2022\/11\/create-job-add.png\" class=\"attachment-large size-large\" alt=\"\" srcset=\"https:\/\/byggjobs.app\/wp-content\/uploads\/2022\/11\/create-job-add.png 299w, https:\/\/byggjobs.app\/wp-content\/uploads\/2022\/11\/create-job-add-148x300.png 148w\" sizes=\"(max-width: 299px) 100vw, 299px\" \/>\n\t\t\t<\/div><\/figure>\n\t\t<\/div>\n\t\t<\/div>\n\t\t\t\t\t\t<\/div>\n\t\t\t\t<\/div>\n\t\t\t\t\t<\/div>\n\t\t<\/div>\n\t\t\t\t\t<\/div>\n\t\t<\/section>\n\t\t\t\t<section class=\"elementor-section elementor-inner-section elementor-element elementor-element-a85b995 elementor-section-boxed elementor-section-height-default elementor-section-height-default\" data-id=\"a85b995\" data-element_type=\"section\">\n\t\t\t\t\t\t<div class=\"elementor-container elementor-column-gap-default\">\n\t\t\t\t\t<div class=\"elementor-column elementor-col-50 elementor-inner-column elementor-element elementor-element-74c01e3\" data-id=\"74c01e3\" data-element_type=\"column\">\n\t\t\t<div class=\"elementor-widget-wrap elementor-element-populated\">\n\t\t\t\t\t\t<div class=\"elementor-element elementor-element-f74b545 text-background elementor-widget elementor-widget-heading\" data-id=\"f74b545\" data-element_type=\"widget\" data-widget_type=\"heading.default\">\n\t\t\t\t<div class=\"elementor-widget-container\">\n\t\t\t\t\t<h2 class=\"elementor-heading-title elementor-size-default\">Przejrzyj kandydat\u00f3w\n<\/h2>\t\t\t\t<\/div>\n\t\t\t\t<\/div>\n\t\t\t\t<div class=\"elementor-element elementor-element-3085ed6 elementor-widget elementor-widget-text-editor\" data-id=\"3085ed6\" data-element_type=\"widget\" data-widget_type=\"text-editor.default\">\n\t\t\t\t<div class=\"elementor-widget-container\">\n\t\t\t\t\t\t\t\t\t<p>Sp\u00f3jrz na d\u00f3\u0142 ekranu, gdzie znajduj\u0105 si\u0119 ikony nawigacji. Wybierz ikon\u0119 zatytu\u0142owan\u0105 Oferty pracy, kt\u00f3ra pozwoli Ci przej\u015b\u0107 do strony \u201eMoje oferty pracy\u201d. W\u015br\u00f3d opcji nawigacji dost\u0119pnych na g\u00f3rze strony znajduje si\u0119 opcja zatytu\u0142owan\u0105 \u201eWyb\u00f3r\u201d. Wybierz j\u0105, aby wy\u015bwietli\u0107 list\u0119 opublikowanych ofert pracy. Pod ka\u017cd\u0105 ofert\u0105 znajduje si\u0119 zielony przycisk \u201eKandydaci\u201d. Naci\u015bnij przycisk pod stanowiskiem, kt\u00f3re Ci\u0119 interesuje, aby zobaczy\u0107 wszystkie profile kandydat\u00f3w.<\/p>\t\t\t\t\t\t\t\t<\/div>\n\t\t\t\t<\/div>\n\t\t\t\t\t<\/div>\n\t\t<\/div>\n\t\t\t\t<div class=\"elementor-column elementor-col-50 elementor-inner-column elementor-element elementor-element-eb844a5\" data-id=\"eb844a5\" data-element_type=\"column\">\n\t\t\t<div class=\"elementor-widget-wrap elementor-element-populated\">\n\t\t\t\t\t\t<div class=\"elementor-element elementor-element-90a7d49 gallery-spacing-custom elementor-widget elementor-widget-image-gallery\" data-id=\"90a7d49\" data-element_type=\"widget\" data-widget_type=\"image-gallery.default\">\n\t\t\t\t<div class=\"elementor-widget-container\">\n\t\t\t\t\t\t\t<div class=\"elementor-image-gallery\">\n\t\t\t<div id='gallery-2' class='gallery galleryid-1022 gallery-columns-2 gallery-size-large'><figure class='gallery-item'>\n\t\t\t<div class='gallery-icon portrait'>\n\t\t\t\t<img decoding=\"async\" width=\"299\" height=\"611\" src=\"https:\/\/byggjobs.app\/wp-content\/uploads\/2022\/11\/review-candidates-2.png\" class=\"attachment-large size-large\" alt=\"\" srcset=\"https:\/\/byggjobs.app\/wp-content\/uploads\/2022\/11\/review-candidates-2.png 299w, https:\/\/byggjobs.app\/wp-content\/uploads\/2022\/11\/review-candidates-2-147x300.png 147w\" sizes=\"(max-width: 299px) 100vw, 299px\" \/>\n\t\t\t<\/div><\/figure><figure class='gallery-item'>\n\t\t\t<div class='gallery-icon portrait'>\n\t\t\t\t<img loading=\"lazy\" decoding=\"async\" width=\"299\" height=\"611\" src=\"https:\/\/byggjobs.app\/wp-content\/uploads\/2022\/11\/review-candidates.png\" class=\"attachment-large size-large\" alt=\"\" srcset=\"https:\/\/byggjobs.app\/wp-content\/uploads\/2022\/11\/review-candidates.png 299w, https:\/\/byggjobs.app\/wp-content\/uploads\/2022\/11\/review-candidates-147x300.png 147w\" sizes=\"(max-width: 299px) 100vw, 299px\" \/>\n\t\t\t<\/div><\/figure>\n\t\t<\/div>\n\t\t<\/div>\n\t\t\t\t\t\t<\/div>\n\t\t\t\t<\/div>\n\t\t\t\t\t<\/div>\n\t\t<\/div>\n\t\t\t\t\t<\/div>\n\t\t<\/section>\n\t\t\t\t<section class=\"elementor-section elementor-inner-section elementor-element elementor-element-742445f elementor-section-boxed elementor-section-height-default elementor-section-height-default\" data-id=\"742445f\" data-element_type=\"section\">\n\t\t\t\t\t\t<div class=\"elementor-container elementor-column-gap-default\">\n\t\t\t\t\t<div class=\"elementor-column elementor-col-50 elementor-inner-column elementor-element elementor-element-77c7880\" data-id=\"77c7880\" data-element_type=\"column\">\n\t\t\t<div class=\"elementor-widget-wrap elementor-element-populated\">\n\t\t\t\t\t\t<div class=\"elementor-element elementor-element-b7727f6 text-background elementor-widget elementor-widget-heading\" data-id=\"b7727f6\" data-element_type=\"widget\" data-widget_type=\"heading.default\">\n\t\t\t\t<div class=\"elementor-widget-container\">\n\t\t\t\t\t<h2 class=\"elementor-heading-title elementor-size-default\">Zatrudnij kandydata, kt\u00f3ry najlepiej spe\u0142nia Twoje wymagania.\n<\/h2>\t\t\t\t<\/div>\n\t\t\t\t<\/div>\n\t\t\t\t<div class=\"elementor-element elementor-element-89d75e9 elementor-widget elementor-widget-text-editor\" data-id=\"89d75e9\" data-element_type=\"widget\" data-widget_type=\"text-editor.default\">\n\t\t\t\t<div class=\"elementor-widget-container\">\n\t\t\t\t\t\t\t\t\t<p>Po wybraniu kandydata, kt\u00f3ry spe\u0142nia wszystkie wymagania na dane stanowisko, mo\u017cesz rozpocz\u0105\u0107 procedur\u0119 jego zatrudnienia. Przejd\u017a do strony \u201eInformacje o kandydacie\u201d wybranego kandydata, a nast\u0119pnie przewi\u0144 w d\u00f3\u0142 do ko\u0144ca strony. Znajduje si\u0119 tam \u017c\u00f3\u0142ty przycisk \u201eZatrudnij\u201d. Naci\u015bnij ten przycisk, aby powiadomi\u0107 potencjalnego pracownika, \u017ce jeste\u015b gotowy go zatrudni\u0107. Teraz wystarczy ju\u017c tylko, \u017ce kandydat zaakceptuje Twoj\u0105 ofert\u0119.<\/p>\t\t\t\t\t\t\t\t<\/div>\n\t\t\t\t<\/div>\n\t\t\t\t\t<\/div>\n\t\t<\/div>\n\t\t\t\t<div class=\"elementor-column elementor-col-50 elementor-inner-column elementor-element elementor-element-89e9cd6\" data-id=\"89e9cd6\" data-element_type=\"column\">\n\t\t\t<div class=\"elementor-widget-wrap elementor-element-populated\">\n\t\t\t\t\t\t<div class=\"elementor-element elementor-element-28e3e05 gallery-spacing-custom elementor-widget elementor-widget-image-gallery\" data-id=\"28e3e05\" data-element_type=\"widget\" data-widget_type=\"image-gallery.default\">\n\t\t\t\t<div class=\"elementor-widget-container\">\n\t\t\t\t\t\t\t<div class=\"elementor-image-gallery\">\n\t\t\t<div id='gallery-3' class='gallery galleryid-1022 gallery-columns-2 gallery-size-large'><figure class='gallery-item'>\n\t\t\t<div class='gallery-icon portrait'>\n\t\t\t\t<img loading=\"lazy\" decoding=\"async\" width=\"297\" height=\"606\" src=\"https:\/\/byggjobs.app\/wp-content\/uploads\/2022\/11\/hire-the-best-fit-2.png\" class=\"attachment-large size-large\" alt=\"\" srcset=\"https:\/\/byggjobs.app\/wp-content\/uploads\/2022\/11\/hire-the-best-fit-2.png 297w, https:\/\/byggjobs.app\/wp-content\/uploads\/2022\/11\/hire-the-best-fit-2-147x300.png 147w\" sizes=\"(max-width: 297px) 100vw, 297px\" \/>\n\t\t\t<\/div><\/figure><figure class='gallery-item'>\n\t\t\t<div class='gallery-icon portrait'>\n\t\t\t\t<img loading=\"lazy\" decoding=\"async\" width=\"298\" height=\"610\" src=\"https:\/\/byggjobs.app\/wp-content\/uploads\/2022\/11\/hire-the-best-fit.png\" class=\"attachment-large size-large\" alt=\"\" srcset=\"https:\/\/byggjobs.app\/wp-content\/uploads\/2022\/11\/hire-the-best-fit.png 298w, https:\/\/byggjobs.app\/wp-content\/uploads\/2022\/11\/hire-the-best-fit-147x300.png 147w\" sizes=\"(max-width: 298px) 100vw, 298px\" \/>\n\t\t\t<\/div><\/figure>\n\t\t<\/div>\n\t\t<\/div>\n\t\t\t\t\t\t<\/div>\n\t\t\t\t<\/div>\n\t\t\t\t\t<\/div>\n\t\t<\/div>\n\t\t\t\t\t<\/div>\n\t\t<\/section>\n\t\t\t\t\t<\/div>\n\t\t<\/div>\n\t\t\t\t\t<\/div>\n\t\t<\/section>\n\t\t\t\t<\/div>\n\t\t","protected":false},"excerpt":{"rendered":"<p>Utw\u00f3rz ofert\u0119 pracy Sp\u00f3jrz na d\u00f3\u0142 ekranu, gdzie znajduj\u0105 si\u0119 ikony nawigacji. Wybierz ikon\u0119 zatytu\u0142owan\u0105 Oferty pracy, kt\u00f3ra pozwoli Ci przej\u015b\u0107 do strony \u201eMoje oferty pracy\u201d. W prawym g\u00f3rnym rogu tej strony znajdziesz \u017c\u00f3\u0142ty przycisk \u201eDodaj ofert\u0119 pracy\u201d. Naci\u015bnij ten przycisk, aby doda\u0107 ofert\u0119 pracy. Aplikacja umo\u017cliwia wprowadzanie r\u00f3\u017cnych szczeg\u00f3\u0142owych danych dotycz\u0105cych oferty, takich jak: [&hellip;]<\/p>\n","protected":false},"author":4,"featured_media":0,"parent":0,"menu_order":0,"comment_status":"closed","ping_status":"closed","template":"","meta":{"footnotes":""},"class_list":["post-1022","page","type-page","status-publish","hentry"],"_links":{"self":[{"href":"https:\/\/byggjobs.app\/pl\/wp-json\/wp\/v2\/pages\/1022","targetHints":{"allow":["GET"]}}],"collection":[{"href":"https:\/\/byggjobs.app\/pl\/wp-json\/wp\/v2\/pages"}],"about":[{"href":"https:\/\/byggjobs.app\/pl\/wp-json\/wp\/v2\/types\/page"}],"author":[{"embeddable":true,"href":"https:\/\/byggjobs.app\/pl\/wp-json\/wp\/v2\/users\/4"}],"replies":[{"embeddable":true,"href":"https:\/\/byggjobs.app\/pl\/wp-json\/wp\/v2\/comments?post=1022"}],"version-history":[{"count":5,"href":"https:\/\/byggjobs.app\/pl\/wp-json\/wp\/v2\/pages\/1022\/revisions"}],"predecessor-version":[{"id":2041,"href":"https:\/\/byggjobs.app\/pl\/wp-json\/wp\/v2\/pages\/1022\/revisions\/2041"}],"wp:attachment":[{"href":"https:\/\/byggjobs.app\/pl\/wp-json\/wp\/v2\/media?parent=1022"}],"curies":[{"name":"wp","href":"https:\/\/api.w.org\/{rel}","templated":true}]}}