{"id":1014,"date":"2022-11-17T09:22:17","date_gmt":"2022-11-17T09:22:17","guid":{"rendered":"https:\/\/byggjobs.stg.geckodoit.com\/faq\/"},"modified":"2022-12-08T06:29:13","modified_gmt":"2022-12-08T06:29:13","slug":"faq","status":"publish","type":"page","link":"https:\/\/byggjobs.app\/pl\/faq\/","title":{"rendered":"FAQ"},"content":{"rendered":"\t\t<div data-elementor-type=\"wp-page\" data-elementor-id=\"1014\" class=\"elementor elementor-1014 elementor-17\" data-elementor-post-type=\"page\">\n\t\t\t\t\t\t<section class=\"elementor-section elementor-top-section elementor-element elementor-element-c4636ab elementor-section-height-min-height elementor-section-boxed elementor-section-height-default elementor-section-items-middle\" data-id=\"c4636ab\" data-element_type=\"section\" data-settings=\"{&quot;background_background&quot;:&quot;classic&quot;}\">\n\t\t\t\t\t\t<div class=\"elementor-container elementor-column-gap-default\">\n\t\t\t\t\t<div class=\"elementor-column elementor-col-100 elementor-top-column elementor-element elementor-element-9d14f92\" data-id=\"9d14f92\" data-element_type=\"column\">\n\t\t\t<div class=\"elementor-widget-wrap elementor-element-populated\">\n\t\t\t\t\t\t<section class=\"elementor-section elementor-inner-section elementor-element elementor-element-2643c0f elementor-section-boxed elementor-section-height-default elementor-section-height-default\" data-id=\"2643c0f\" data-element_type=\"section\">\n\t\t\t\t\t\t<div class=\"elementor-container elementor-column-gap-default\">\n\t\t\t\t\t<div class=\"elementor-column elementor-col-100 elementor-inner-column elementor-element elementor-element-c84408e\" data-id=\"c84408e\" data-element_type=\"column\">\n\t\t\t<div class=\"elementor-widget-wrap elementor-element-populated\">\n\t\t\t\t\t\t<div class=\"elementor-element elementor-element-714c673 elementor-widget elementor-widget-heading\" data-id=\"714c673\" data-element_type=\"widget\" data-widget_type=\"heading.default\">\n\t\t\t\t<div class=\"elementor-widget-container\">\n\t\t\t\t\t<h1 class=\"elementor-heading-title elementor-size-default\">FAQ<\/h1>\t\t\t\t<\/div>\n\t\t\t\t<\/div>\n\t\t\t\t\t<\/div>\n\t\t<\/div>\n\t\t\t\t\t<\/div>\n\t\t<\/section>\n\t\t\t\t\t<\/div>\n\t\t<\/div>\n\t\t\t\t\t<\/div>\n\t\t<\/section>\n\t\t\t\t<section class=\"elementor-section elementor-top-section elementor-element elementor-element-35f44e1 elementor-section-boxed elementor-section-height-default elementor-section-height-default\" data-id=\"35f44e1\" data-element_type=\"section\" data-settings=\"{&quot;background_background&quot;:&quot;classic&quot;}\">\n\t\t\t\t\t\t<div class=\"elementor-container elementor-column-gap-default\">\n\t\t\t\t\t<div class=\"elementor-column elementor-col-100 elementor-top-column elementor-element elementor-element-94d5169\" data-id=\"94d5169\" data-element_type=\"column\">\n\t\t\t<div class=\"elementor-widget-wrap elementor-element-populated\">\n\t\t\t\t\t\t<section class=\"elementor-section elementor-inner-section elementor-element elementor-element-d8c0e3d elementor-section-boxed elementor-section-height-default elementor-section-height-default\" data-id=\"d8c0e3d\" data-element_type=\"section\">\n\t\t\t\t\t\t<div class=\"elementor-container elementor-column-gap-default\">\n\t\t\t\t\t<div class=\"elementor-column elementor-col-100 elementor-inner-column elementor-element elementor-element-d70e4e7\" data-id=\"d70e4e7\" data-element_type=\"column\">\n\t\t\t<div class=\"elementor-widget-wrap elementor-element-populated\">\n\t\t\t\t\t\t<div class=\"elementor-element elementor-element-6e424ea elementor-widget elementor-widget-heading\" data-id=\"6e424ea\" data-element_type=\"widget\" data-widget_type=\"heading.default\">\n\t\t\t\t<div class=\"elementor-widget-container\">\n\t\t\t\t\t<h2 class=\"elementor-heading-title elementor-size-default\">Najcz\u0119\u015bciej zadawane pytania\n<\/h2>\t\t\t\t<\/div>\n\t\t\t\t<\/div>\n\t\t\t\t\t<\/div>\n\t\t<\/div>\n\t\t\t\t\t<\/div>\n\t\t<\/section>\n\t\t\t\t<section class=\"elementor-section elementor-inner-section elementor-element elementor-element-e33eeb8 elementor-section-boxed elementor-section-height-default elementor-section-height-default\" data-id=\"e33eeb8\" data-element_type=\"section\">\n\t\t\t\t\t\t<div class=\"elementor-container elementor-column-gap-default\">\n\t\t\t\t\t<div class=\"elementor-column elementor-col-50 elementor-inner-column elementor-element elementor-element-24ebe40\" data-id=\"24ebe40\" data-element_type=\"column\">\n\t\t\t<div class=\"elementor-widget-wrap elementor-element-populated\">\n\t\t\t\t\t\t<div class=\"elementor-element elementor-element-fec9719 elementor-widget elementor-widget-eael-adv-accordion\" data-id=\"fec9719\" data-element_type=\"widget\" data-widget_type=\"eael-adv-accordion.default\">\n\t\t\t\t<div class=\"elementor-widget-container\">\n\t\t\t\t\t            <div class=\"eael-adv-accordion\" id=\"eael-adv-accordion-fec9719\" data-scroll-on-click=\"no\" data-scroll-speed=\"300\" data-accordion-id=\"fec9719\" data-accordion-type=\"accordion\" data-toogle-speed=\"300\">\n            <div class=\"eael-accordion-list\">\n\t\t\t\t\t<div id=\"jak-wyszukiwa-w-byggjobs\" class=\"elementor-tab-title eael-accordion-header\" tabindex=\"0\" data-tab=\"1\" aria-controls=\"elementor-tab-content-2671\"><span class=\"eael-accordion-tab-title\">Jak wyszukiwa\u0107 w ByggJobs?<\/span><span class=\"eael-advanced-accordion-icon-closed\"><i aria-hidden=\"true\" class=\"fa-accordion-icon fas fa-plus\"><\/i><\/span><span class=\"eael-advanced-accordion-icon-opened\"><i aria-hidden=\"true\" class=\"fa-accordion-icon fas fa-minus\"><\/i><\/span><\/div><div id=\"elementor-tab-content-2671\" class=\"eael-accordion-content clearfix\" data-tab=\"1\" aria-labelledby=\"jak-wyszukiwa-w-byggjobs\"><p>Po zalogowaniu znajd\u017a funkcj\u0119 wyszukiwania na stronie g\u0142\u00f3wnej. Zar\u00f3wno w wersji aplikacji przeznaczonej na stron\u0119 WWW, jak i w aplikacji mobilnej funkcja ta znajduje si\u0119 w g\u00f3rnej cz\u0119\u015bci ekranu. W tym miejscu mo\u017cesz wpisa\u0107 dowolne stanowisko lub firm\u0119, kt\u00f3ra Ci\u0119 interesuje, i rozpocz\u0105\u0107 wyszukiwanie w naszej bazie danych.<\/p><\/div>\n\t\t\t\t\t<\/div><div class=\"eael-accordion-list\">\n\t\t\t\t\t<div id=\"jak-mog-zapisa-moje-ulubione-oferty-pracy\" class=\"elementor-tab-title eael-accordion-header\" tabindex=\"0\" data-tab=\"2\" aria-controls=\"elementor-tab-content-2672\"><span class=\"eael-accordion-tab-title\">Jak mog\u0119 zapisa\u0107 moje ulubione oferty pracy?<\/span><span class=\"eael-advanced-accordion-icon-closed\"><i aria-hidden=\"true\" class=\"fa-accordion-icon fas fa-plus\"><\/i><\/span><span class=\"eael-advanced-accordion-icon-opened\"><i aria-hidden=\"true\" class=\"fa-accordion-icon fas fa-minus\"><\/i><\/span><\/div><div id=\"elementor-tab-content-2672\" class=\"eael-accordion-content clearfix\" data-tab=\"2\" aria-labelledby=\"jak-mog-zapisa-moje-ulubione-oferty-pracy\"><p>Wszystkie dost\u0119pne oferty pracy zostan\u0105 wy\u015bwietlone na stronie g\u0142\u00f3wnej. Na prawo od ka\u017cdej oferty pracy znajduje si\u0119 ikona zak\u0142adki. Wybierz t\u0119 ikon\u0119, aby doda\u0107 ofert\u0119 pracy do ulubionych. W\u00f3wczas og\u0142oszenie zostanie automatycznie dodane do Ekranu Zak\u0142adek \u2014 strona obok zak\u0142adki \u201eStrona G\u0142\u00f3wna\u201d.<\/p><p>Je\u015bli chcesz usun\u0105\u0107 ofert\u0119 pracy z zak\u0142adek, wybierz ponownie t\u0119 sam\u0105 ikon\u0119 zak\u0142adki.<\/p><\/div>\n\t\t\t\t\t<\/div><div class=\"eael-accordion-list\">\n\t\t\t\t\t<div id=\"jak-filtrowa-oferty-pracy\" class=\"elementor-tab-title eael-accordion-header\" tabindex=\"0\" data-tab=\"3\" aria-controls=\"elementor-tab-content-2673\"><span class=\"eael-accordion-tab-title\">Jak filtrowa\u0107 oferty pracy?<\/span><span class=\"eael-advanced-accordion-icon-closed\"><i aria-hidden=\"true\" class=\"fa-accordion-icon fas fa-plus\"><\/i><\/span><span class=\"eael-advanced-accordion-icon-opened\"><i aria-hidden=\"true\" class=\"fa-accordion-icon fas fa-minus\"><\/i><\/span><\/div><div id=\"elementor-tab-content-2673\" class=\"eael-accordion-content clearfix\" data-tab=\"3\" aria-labelledby=\"jak-filtrowa-oferty-pracy\"><p>Przejd\u017a do pocz\u0105tku strony g\u0142\u00f3wnej. Po prawej od pola wyszukiwania znajduje si\u0119 ikona filtra. Po jej wybraniu wy\u015bwietli si\u0119 nowy ekran, na kt\u00f3rym widoczne b\u0119d\u0105 r\u00f3\u017cne kategorie filtr\u00f3w. Po wybraniu wszystkich potrzebnych filtr\u00f3w naci\u015bnij przycisk \u201eZastosuj\u201d, aby wy\u015bwietli\u0107 oferty pracy z uwzgl\u0119dnieniem wybranych filtr\u00f3w wyszukiwania. Je\u015bli chcesz ponownie zobaczy\u0107 wszystkie zadania, kliknij przycisk \u201eWyczy\u015b\u0107\u201d, aby usun\u0105\u0107 wszystkie filtry.<\/p><\/div>\n\t\t\t\t\t<\/div><div class=\"eael-accordion-list\">\n\t\t\t\t\t<div id=\"czy-mog-udostpnia-oferty-pracy-moim-znajomym\" class=\"elementor-tab-title eael-accordion-header\" tabindex=\"0\" data-tab=\"4\" aria-controls=\"elementor-tab-content-2674\"><span class=\"eael-accordion-tab-title\">Czy mog\u0119 udost\u0119pnia\u0107 oferty pracy moim znajomym?<\/span><span class=\"eael-advanced-accordion-icon-closed\"><i aria-hidden=\"true\" class=\"fa-accordion-icon fas fa-plus\"><\/i><\/span><span class=\"eael-advanced-accordion-icon-opened\"><i aria-hidden=\"true\" class=\"fa-accordion-icon fas fa-minus\"><\/i><\/span><\/div><div id=\"elementor-tab-content-2674\" class=\"eael-accordion-content clearfix\" data-tab=\"4\" aria-labelledby=\"czy-mog-udostpnia-oferty-pracy-moim-znajomym\"><p>Tak, oczywi\u015bcie. Przejd\u017a do Strony G\u0142\u00f3wnej, aby wy\u015bwietli\u0107 ofert\u0119 pracy. Wybierz og\u0142oszenie, kt\u00f3re chcesz udost\u0119pni\u0107 znajomym. Zobaczysz szczeg\u00f3\u0142y oferty, a w prawym g\u00f3rnym rogu ikon\u0119 udost\u0119pniania. Wybierz ikon\u0119, a w\u00f3wczas nasza aplikacja zaproponuje Ci r\u00f3\u017cne kana\u0142y, przez kt\u00f3re mo\u017cesz wys\u0142a\u0107 odno\u015bnik do og\u0142oszenia swoim znajomym.<\/p><\/div>\n\t\t\t\t\t<\/div><div class=\"eael-accordion-list\">\n\t\t\t\t\t<div id=\"jak-mog-skada-aplikacje\" class=\"elementor-tab-title eael-accordion-header\" tabindex=\"0\" data-tab=\"5\" aria-controls=\"elementor-tab-content-2675\"><span class=\"eael-accordion-tab-title\">Jak mog\u0119 sk\u0142ada\u0107 aplikacje?<\/span><span class=\"eael-advanced-accordion-icon-closed\"><i aria-hidden=\"true\" class=\"fa-accordion-icon fas fa-plus\"><\/i><\/span><span class=\"eael-advanced-accordion-icon-opened\"><i aria-hidden=\"true\" class=\"fa-accordion-icon fas fa-minus\"><\/i><\/span><\/div><div id=\"elementor-tab-content-2675\" class=\"eael-accordion-content clearfix\" data-tab=\"5\" aria-labelledby=\"jak-mog-skada-aplikacje\"><p>Przegl\u0105daj\u0105c stron\u0119 g\u0142\u00f3wn\u0105 w poszukiwaniu odpowiednich stanowisk, mo\u017cesz wybra\u0107 dowolne og\u0142oszenie i zobaczy\u0107 szczeg\u00f3\u0142y dotycz\u0105ce oferowanej pracy. Je\u015bli chcesz z\u0142o\u017cy\u0107 aplikacj\u0119, przejd\u017a na d\u00f3\u0142 strony, na kt\u00f3rej przedstawione s\u0105 szczeg\u00f3\u0142owe informacje dotycz\u0105ce oferty pracy, i wybierz przycisk \u201eAplikuj\u201d. Naci\u015bnij ten przycisk, aby rozpocz\u0105\u0107 proces sk\u0142adania aplikacji. Aplikacja poprosi o potwierdzenie, \u017ce chcesz aplikowa\u0107 na dane stanowisko. Ponownie wybierz \u201eAplikuj\u201d, a Twoje CV zostanie przekazane do potencjalnego pracodawcy.<\/p><\/div>\n\t\t\t\t\t<\/div><div class=\"eael-accordion-list\">\n\t\t\t\t\t<div id=\"czy-mog-oceni-firm\" class=\"elementor-tab-title eael-accordion-header\" tabindex=\"0\" data-tab=\"6\" aria-controls=\"elementor-tab-content-2676\"><span class=\"eael-accordion-tab-title\">Czy mog\u0119 oceni\u0107 firm\u0119?<\/span><span class=\"eael-advanced-accordion-icon-closed\"><i aria-hidden=\"true\" class=\"fa-accordion-icon fas fa-plus\"><\/i><\/span><span class=\"eael-advanced-accordion-icon-opened\"><i aria-hidden=\"true\" class=\"fa-accordion-icon fas fa-minus\"><\/i><\/span><\/div><div id=\"elementor-tab-content-2676\" class=\"eael-accordion-content clearfix\" data-tab=\"6\" aria-labelledby=\"czy-mog-oceni-firm\"><p>Tak, ale tylko je\u015bli z ni\u0105 wsp\u00f3\u0142pracowa\u0142e\u015b. Kiedy zako\u0144czysz wsp\u00f3\u0142prac\u0119 z firm\u0105, nasza aplikacja wy\u015ble do Ciebie powiadomienie push z informacj\u0105, \u017ce praca zosta\u0142a zarejestrowana w naszym systemie jako zako\u0144czona. Wybranie powiadomienia spowoduje przej\u015bcie do strony szczeg\u00f3\u0142\u00f3w oferty pracy, na kt\u00f3rej pojawi si\u0119 sekcja Oceny i Recenzji. Tutaj mo\u017cesz napisa\u0107 recenzj\u0119 dotycz\u0105c\u0105 pracodawcy i wystawi\u0107 mu ocen\u0119, przyznaj\u0105c gwiazdki (od jednej do pi\u0119ciu). Aby opublikowa\u0107 swoj\u0105 recenzj\u0119, wybierz przycisk \u201ePublikuj\u201d.<\/p><\/div>\n\t\t\t\t\t<\/div><div class=\"eael-accordion-list\">\n\t\t\t\t\t<div id=\"czy-da-si-wyczy-powiadomienia\" class=\"elementor-tab-title eael-accordion-header\" tabindex=\"0\" data-tab=\"7\" aria-controls=\"elementor-tab-content-2677\"><span class=\"eael-accordion-tab-title\">Czy da si\u0119 wy\u0142\u0105czy\u0107 powiadomienia?<\/span><span class=\"eael-advanced-accordion-icon-closed\"><i aria-hidden=\"true\" class=\"fa-accordion-icon fas fa-plus\"><\/i><\/span><span class=\"eael-advanced-accordion-icon-opened\"><i aria-hidden=\"true\" class=\"fa-accordion-icon fas fa-minus\"><\/i><\/span><\/div><div id=\"elementor-tab-content-2677\" class=\"eael-accordion-content clearfix\" data-tab=\"7\" aria-labelledby=\"czy-da-si-wyczy-powiadomienia\"><p>Tak, oczywi\u015bcie. W tym celu przejd\u017a do prawego g\u00f3rnego rogu strony i poszukaj dw\u00f3ch ma\u0142ych poziomych linii. Wybierz, aby otworzy\u0107 menu rozwijane, a nast\u0119pnie wybierz opcj\u0119 Ustawienia. Nast\u0119pnie przejd\u017a do sekcji Powiadomienia, w kt\u00f3rej widoczny jest suwak W\u0142\u0105cz-Wy\u0142\u0105cz. Pozwala on kontrolowa\u0107 powiadomienia, jakie wy\u015bwietla nasza aplikacja.<\/p><\/div>\n\t\t\t\t\t<\/div><div class=\"eael-accordion-list\">\n\t\t\t\t\t<div id=\"jak-zaktualizowa-swj-profil\" class=\"elementor-tab-title eael-accordion-header\" tabindex=\"0\" data-tab=\"8\" aria-controls=\"elementor-tab-content-2678\"><span class=\"eael-accordion-tab-title\">Jak zaktualizowa\u0107 sw\u00f3j profil?<\/span><span class=\"eael-advanced-accordion-icon-closed\"><i aria-hidden=\"true\" class=\"fa-accordion-icon fas fa-plus\"><\/i><\/span><span class=\"eael-advanced-accordion-icon-opened\"><i aria-hidden=\"true\" class=\"fa-accordion-icon fas fa-minus\"><\/i><\/span><\/div><div id=\"elementor-tab-content-2678\" class=\"eael-accordion-content clearfix\" data-tab=\"8\" aria-labelledby=\"jak-zaktualizowa-swj-profil\"><p>Wybierz dwie linie w prawym g\u00f3rnym rogu, aby otworzy\u0107 menu rozwijane. Wybierz pierwsz\u0105 opcj\u0119 My Profile, aby zmodyfikowa\u0107 sw\u00f3j profil w serwisie ByggJobs. Mo\u017cesz doda\u0107 uko\u0144czone kursy i zdobyte certyfikaty, j\u0119zyki, kt\u00f3rymi si\u0119 pos\u0142ugujesz, swoje do\u015bwiadczenie i portfolio. Mo\u017cesz tak\u017ce zmodyfikowa\u0107 wszelkie inne informacje, w tym swoje dane kontaktowe.<\/p><\/div>\n\t\t\t\t\t<\/div><\/div>\t\t\t\t<\/div>\n\t\t\t\t<\/div>\n\t\t\t\t\t<\/div>\n\t\t<\/div>\n\t\t\t\t<div class=\"elementor-column elementor-col-50 elementor-inner-column elementor-element elementor-element-94c148a\" data-id=\"94c148a\" data-element_type=\"column\">\n\t\t\t<div class=\"elementor-widget-wrap elementor-element-populated\">\n\t\t\t\t\t\t<div class=\"elementor-element elementor-element-5f91cbd elementor-widget elementor-widget-eael-adv-accordion\" data-id=\"5f91cbd\" data-element_type=\"widget\" data-widget_type=\"eael-adv-accordion.default\">\n\t\t\t\t<div class=\"elementor-widget-container\">\n\t\t\t\t\t            <div class=\"eael-adv-accordion\" id=\"eael-adv-accordion-5f91cbd\" data-scroll-on-click=\"no\" data-scroll-speed=\"300\" data-accordion-id=\"5f91cbd\" data-accordion-type=\"accordion\" data-toogle-speed=\"300\">\n            <div class=\"eael-accordion-list\">\n\t\t\t\t\t<div id=\"jak-wywietli-szczegowe-informacje-dotyczce-pracownikw\" class=\"elementor-tab-title eael-accordion-header\" tabindex=\"0\" data-tab=\"1\" aria-controls=\"elementor-tab-content-1001\"><span class=\"eael-accordion-tab-title\">Jak wy\u015bwietli\u0107 szczeg\u00f3\u0142owe informacje dotycz\u0105ce pracownik\u00f3w?<\/span><span class=\"eael-advanced-accordion-icon-closed\"><i aria-hidden=\"true\" class=\"fa-accordion-icon fas fa-plus\"><\/i><\/span><span class=\"eael-advanced-accordion-icon-opened\"><i aria-hidden=\"true\" class=\"fa-accordion-icon fas fa-minus\"><\/i><\/span><\/div><div id=\"elementor-tab-content-1001\" class=\"eael-accordion-content clearfix\" data-tab=\"1\" aria-labelledby=\"jak-wywietli-szczegowe-informacje-dotyczce-pracownikw\"><p>Na Stronie G\u0142\u00f3wnej widoczna jest lista wszystkich dost\u0119pnych pracownik\u00f3w w Twojej bran\u017cy. Je\u015bli chcesz dowiedzie\u0107 si\u0119 wi\u0119cej o niekt\u00f3rych z nich, wybierz pole z nazwiskiem i zdj\u0119ciem danej osoby, a aplikacja przeniesie Ci\u0119 na nowy ekran, na kt\u00f3rym znajduj\u0105 si\u0119 dane pracownika.<\/p><\/div>\n\t\t\t\t\t<\/div><div class=\"eael-accordion-list\">\n\t\t\t\t\t<div id=\"jak-mog-utworzy-ofert-pracy\" class=\"elementor-tab-title eael-accordion-header\" tabindex=\"0\" data-tab=\"2\" aria-controls=\"elementor-tab-content-1002\"><span class=\"eael-accordion-tab-title\">Jak mog\u0119 utworzy\u0107 ofert\u0119 pracy?<\/span><span class=\"eael-advanced-accordion-icon-closed\"><i aria-hidden=\"true\" class=\"fa-accordion-icon fas fa-plus\"><\/i><\/span><span class=\"eael-advanced-accordion-icon-opened\"><i aria-hidden=\"true\" class=\"fa-accordion-icon fas fa-minus\"><\/i><\/span><\/div><div id=\"elementor-tab-content-1002\" class=\"eael-accordion-content clearfix\" data-tab=\"2\" aria-labelledby=\"jak-mog-utworzy-ofert-pracy\"><p>Sp\u00f3jrz na d\u00f3\u0142 ekranu, gdzie znajduj\u0105 si\u0119 ikony nawigacji. Wybierz ikon\u0119 zatytu\u0142owan\u0105 Oferty pracy, kt\u00f3ra pozwoli Ci przej\u015b\u0107 do strony Moje oferty pracy.<br \/>W prawym g\u00f3rnym rogu tej strony znajdziesz \u017c\u00f3\u0142ty przycisk \u201eDodaj ofert\u0119 pracy\u201d. Naci\u015bnij ten przycisk, aby doda\u0107 ofert\u0119 pracy. Aplikacja umo\u017cliwia wprowadzanie r\u00f3\u017cnych szczeg\u00f3\u0142owych danych dotycz\u0105cych oferty, takich jak: nazwa stanowiska, rodzaj zatrudnienia czy precyzyjny czas wykonywania pracy. Po zako\u0144czeniu edycji oferty przejd\u017a na d\u00f3\u0142 strony i naci\u015bnij Zapisz i Publikuj, aby opublikowa\u0107 og\u0142oszenie.<\/p><\/div>\n\t\t\t\t\t<\/div><div class=\"eael-accordion-list\">\n\t\t\t\t\t<div id=\"jak-umwi-si-na-rozmow-kwalifikacyjn-z-potencjalnym-pracownikiem\" class=\"elementor-tab-title eael-accordion-header\" tabindex=\"0\" data-tab=\"3\" aria-controls=\"elementor-tab-content-1003\"><span class=\"eael-accordion-tab-title\">Jak um\u00f3wi\u0107 si\u0119 na rozmow\u0119 kwalifikacyjn\u0105 z potencjalnym pracownikiem?<\/span><span class=\"eael-advanced-accordion-icon-closed\"><i aria-hidden=\"true\" class=\"fa-accordion-icon fas fa-plus\"><\/i><\/span><span class=\"eael-advanced-accordion-icon-opened\"><i aria-hidden=\"true\" class=\"fa-accordion-icon fas fa-minus\"><\/i><\/span><\/div><div id=\"elementor-tab-content-1003\" class=\"eael-accordion-content clearfix\" data-tab=\"3\" aria-labelledby=\"jak-umwi-si-na-rozmow-kwalifikacyjn-z-potencjalnym-pracownikiem\"><p>Przejd\u017a do Strony G\u0142\u00f3wnej i wybierz kandydata, kt\u00f3rego chcesz zaprosi\u0107 na rozmow\u0119 kwalifikacyjn\u0105. Wy\u015bwietli si\u0119 strona prezentuj\u0105ca szczeg\u00f3\u0142owe informacje dotycz\u0105ce pracownika. Sp\u00f3jrz na doln\u0105 cz\u0119\u015b\u0107 ekranu, gdzie znajdziesz \u017c\u00f3\u0142ty przycisk \u201eZaplanuj rozmow\u0119 kwalifikacyjn\u0105\u201d. Naci\u015bnij ten przycisk, aby ustali\u0107 spotkanie i powiadomi\u0107 kandydata.<\/p><\/div>\n\t\t\t\t\t<\/div><div class=\"eael-accordion-list\">\n\t\t\t\t\t<div id=\"czy-mog-rozmawia-z-pracownikiem-za-porednictwem-czata\" class=\"elementor-tab-title eael-accordion-header\" tabindex=\"0\" data-tab=\"4\" aria-controls=\"elementor-tab-content-1004\"><span class=\"eael-accordion-tab-title\">Czy mog\u0119 rozmawia\u0107 z pracownikiem za po\u015brednictwem czata?<\/span><span class=\"eael-advanced-accordion-icon-closed\"><i aria-hidden=\"true\" class=\"fa-accordion-icon fas fa-plus\"><\/i><\/span><span class=\"eael-advanced-accordion-icon-opened\"><i aria-hidden=\"true\" class=\"fa-accordion-icon fas fa-minus\"><\/i><\/span><\/div><div id=\"elementor-tab-content-1004\" class=\"eael-accordion-content clearfix\" data-tab=\"4\" aria-labelledby=\"czy-mog-rozmawia-z-pracownikiem-za-porednictwem-czata\"><p>Tak, ale tylko z pracownikami, kt\u00f3rych zatrudni\u0142e\u015b. Na pasku nawigacyjnym w dolnej cz\u0119\u015bci ekranu znajduje si\u0119 ikona czatu. Naci\u015bnij j\u0105, aby przej\u015b\u0107 do strony czatu.<\/p><\/div>\n\t\t\t\t\t<\/div><div class=\"eael-accordion-list\">\n\t\t\t\t\t<div id=\"jak-zaktualizowa-profil-mojej-firmy\" class=\"elementor-tab-title eael-accordion-header\" tabindex=\"0\" data-tab=\"5\" aria-controls=\"elementor-tab-content-1005\"><span class=\"eael-accordion-tab-title\">Jak zaktualizowa\u0107 profil mojej firmy?<\/span><span class=\"eael-advanced-accordion-icon-closed\"><i aria-hidden=\"true\" class=\"fa-accordion-icon fas fa-plus\"><\/i><\/span><span class=\"eael-advanced-accordion-icon-opened\"><i aria-hidden=\"true\" class=\"fa-accordion-icon fas fa-minus\"><\/i><\/span><\/div><div id=\"elementor-tab-content-1005\" class=\"eael-accordion-content clearfix\" data-tab=\"5\" aria-labelledby=\"jak-zaktualizowa-profil-mojej-firmy\"><p>Znajd\u017a dwa poziome paski w prawym g\u00f3rnym rogu ekranu. Po wybraniu tego symbolu otworzy si\u0119 menu rozwijane. Pierwsza opcja w menu to w\u0142a\u015bnie Profil. Wybierz ten symbol, aby otworzy\u0107 stron\u0119 edycji profilu.<\/p><\/div>\n\t\t\t\t\t<\/div><div class=\"eael-accordion-list\">\n\t\t\t\t\t<div id=\"jak-mog-oceni-i-zrecenzowa-prac-pracownika\" class=\"elementor-tab-title eael-accordion-header\" tabindex=\"0\" data-tab=\"6\" aria-controls=\"elementor-tab-content-1006\"><span class=\"eael-accordion-tab-title\">Jak mog\u0119 oceni\u0107 i zrecenzowa\u0107 prac\u0119 pracownika?<\/span><span class=\"eael-advanced-accordion-icon-closed\"><i aria-hidden=\"true\" class=\"fa-accordion-icon fas fa-plus\"><\/i><\/span><span class=\"eael-advanced-accordion-icon-opened\"><i aria-hidden=\"true\" class=\"fa-accordion-icon fas fa-minus\"><\/i><\/span><\/div><div id=\"elementor-tab-content-1006\" class=\"eael-accordion-content clearfix\" data-tab=\"6\" aria-labelledby=\"jak-mog-oceni-i-zrecenzowa-prac-pracownika\"><p>Po zako\u0144czeniu pracy przez pracownika otrzymasz powiadomienie push z informacj\u0105, \u017ce zarejestrowali\u015bmy zako\u0144czenie Twojej wsp\u00f3\u0142pracy z pracownikiem. Po wybraniu informacji wy\u015bwietli si\u0119 nowa strona, na kt\u00f3rej b\u0119dzie dost\u0119pna mo\u017cliwo\u015b\u0107 oceny i recenzji. Aby opublikowa\u0107 swoj\u0105 recenzj\u0119, wybierz przycisk \u201ePublikuj\u201d znajduj\u0105cy si\u0119 w dolnej cz\u0119\u015bci strony.<\/p><\/div>\n\t\t\t\t\t<\/div><\/div>\t\t\t\t<\/div>\n\t\t\t\t<\/div>\n\t\t\t\t\t<\/div>\n\t\t<\/div>\n\t\t\t\t\t<\/div>\n\t\t<\/section>\n\t\t\t\t\t<\/div>\n\t\t<\/div>\n\t\t\t\t\t<\/div>\n\t\t<\/section>\n\t\t\t\t<\/div>\n\t\t","protected":false},"excerpt":{"rendered":"<p>Najcz\u0119\u015bciej zadawane pytania Jak wyszukiwa\u0107 w ByggJobs? Po zalogowaniu znajd\u017a funkcj\u0119 wyszukiwania na stronie g\u0142\u00f3wnej. Zar\u00f3wno w wersji aplikacji przeznaczonej na stron\u0119 WWW, jak i w aplikacji mobilnej funkcja ta znajduje si\u0119 w g\u00f3rnej cz\u0119\u015bci ekranu. W tym miejscu mo\u017cesz wpisa\u0107 dowolne stanowisko lub firm\u0119, kt\u00f3ra Ci\u0119 interesuje, i rozpocz\u0105\u0107 wyszukiwanie w naszej bazie danych. [&hellip;]<\/p>\n","protected":false},"author":4,"featured_media":0,"parent":0,"menu_order":0,"comment_status":"closed","ping_status":"closed","template":"","meta":{"footnotes":""},"class_list":["post-1014","page","type-page","status-publish","hentry"],"_links":{"self":[{"href":"https:\/\/byggjobs.app\/pl\/wp-json\/wp\/v2\/pages\/1014","targetHints":{"allow":["GET"]}}],"collection":[{"href":"https:\/\/byggjobs.app\/pl\/wp-json\/wp\/v2\/pages"}],"about":[{"href":"https:\/\/byggjobs.app\/pl\/wp-json\/wp\/v2\/types\/page"}],"author":[{"embeddable":true,"href":"https:\/\/byggjobs.app\/pl\/wp-json\/wp\/v2\/users\/4"}],"replies":[{"embeddable":true,"href":"https:\/\/byggjobs.app\/pl\/wp-json\/wp\/v2\/comments?post=1014"}],"version-history":[{"count":7,"href":"https:\/\/byggjobs.app\/pl\/wp-json\/wp\/v2\/pages\/1014\/revisions"}],"predecessor-version":[{"id":2047,"href":"https:\/\/byggjobs.app\/pl\/wp-json\/wp\/v2\/pages\/1014\/revisions\/2047"}],"wp:attachment":[{"href":"https:\/\/byggjobs.app\/pl\/wp-json\/wp\/v2\/media?parent=1014"}],"curies":[{"name":"wp","href":"https:\/\/api.w.org\/{rel}","templated":true}]}}