{"id":999,"date":"2022-11-17T09:21:06","date_gmt":"2022-11-17T09:21:06","guid":{"rendered":"https:\/\/byggjobs.stg.geckodoit.com\/how-it-works\/"},"modified":"2022-12-08T06:03:56","modified_gmt":"2022-12-08T06:03:56","slug":"hvordan-fungerer-dette","status":"publish","type":"page","link":"https:\/\/byggjobs.app\/no\/hvordan-fungerer-dette\/","title":{"rendered":"Hvordan fungerer dette?"},"content":{"rendered":"\t\t<div data-elementor-type=\"wp-page\" data-elementor-id=\"999\" class=\"elementor elementor-999 elementor-15\" data-elementor-post-type=\"page\">\n\t\t\t\t\t\t<section class=\"elementor-section elementor-top-section elementor-element elementor-element-d57b1b3 elementor-section-height-min-height elementor-section-boxed elementor-section-height-default elementor-section-items-middle\" data-id=\"d57b1b3\" data-element_type=\"section\" data-settings=\"{&quot;background_background&quot;:&quot;classic&quot;}\">\n\t\t\t\t\t\t<div class=\"elementor-container elementor-column-gap-default\">\n\t\t\t\t\t<div class=\"elementor-column elementor-col-100 elementor-top-column elementor-element elementor-element-9040d1d\" data-id=\"9040d1d\" data-element_type=\"column\">\n\t\t\t<div class=\"elementor-widget-wrap elementor-element-populated\">\n\t\t\t\t\t\t<section class=\"elementor-section elementor-inner-section elementor-element elementor-element-ae2189d elementor-section-boxed elementor-section-height-default elementor-section-height-default\" data-id=\"ae2189d\" data-element_type=\"section\">\n\t\t\t\t\t\t<div class=\"elementor-container elementor-column-gap-default\">\n\t\t\t\t\t<div class=\"elementor-column elementor-col-100 elementor-inner-column elementor-element elementor-element-e2fe13b\" data-id=\"e2fe13b\" data-element_type=\"column\">\n\t\t\t<div class=\"elementor-widget-wrap elementor-element-populated\">\n\t\t\t\t\t\t<div class=\"elementor-element elementor-element-f7f9c57 elementor-widget elementor-widget-heading\" data-id=\"f7f9c57\" data-element_type=\"widget\" data-widget_type=\"heading.default\">\n\t\t\t\t<div class=\"elementor-widget-container\">\n\t\t\t\t\t<h1 class=\"elementor-heading-title elementor-size-default\">Hvordan fungerer dette?<\/h1>\t\t\t\t<\/div>\n\t\t\t\t<\/div>\n\t\t\t\t\t<\/div>\n\t\t<\/div>\n\t\t\t\t\t<\/div>\n\t\t<\/section>\n\t\t\t\t\t<\/div>\n\t\t<\/div>\n\t\t\t\t\t<\/div>\n\t\t<\/section>\n\t\t\t\t<section class=\"elementor-section elementor-top-section elementor-element elementor-element-8e38f4f elementor-section-boxed elementor-section-height-default elementor-section-height-default\" data-id=\"8e38f4f\" data-element_type=\"section\" data-settings=\"{&quot;background_background&quot;:&quot;classic&quot;}\">\n\t\t\t\t\t\t<div class=\"elementor-container elementor-column-gap-default\">\n\t\t\t\t\t<div class=\"elementor-column elementor-col-100 elementor-top-column elementor-element elementor-element-0738249\" data-id=\"0738249\" data-element_type=\"column\">\n\t\t\t<div class=\"elementor-widget-wrap elementor-element-populated\">\n\t\t\t\t\t\t<section class=\"elementor-section elementor-inner-section elementor-element elementor-element-238dc15 elementor-section-boxed elementor-section-height-default elementor-section-height-default\" data-id=\"238dc15\" data-element_type=\"section\">\n\t\t\t\t\t\t<div class=\"elementor-container elementor-column-gap-default\">\n\t\t\t\t\t<div class=\"elementor-column elementor-col-50 elementor-inner-column elementor-element elementor-element-1697f46\" data-id=\"1697f46\" data-element_type=\"column\">\n\t\t\t<div class=\"elementor-widget-wrap elementor-element-populated\">\n\t\t\t\t\t\t<div class=\"elementor-element elementor-element-b787290 text-background elementor-widget elementor-widget-heading\" data-id=\"b787290\" data-element_type=\"widget\" data-widget_type=\"heading.default\">\n\t\t\t\t<div class=\"elementor-widget-container\">\n\t\t\t\t\t<h2 class=\"elementor-heading-title elementor-size-default\">Lag et jobbtilbud<\/h2>\t\t\t\t<\/div>\n\t\t\t\t<\/div>\n\t\t\t\t<div class=\"elementor-element elementor-element-92fc7f1 elementor-widget elementor-widget-text-editor\" data-id=\"92fc7f1\" data-element_type=\"widget\" data-widget_type=\"text-editor.default\">\n\t\t\t\t<div class=\"elementor-widget-container\">\n\t\t\t\t\t\t\t\t\t<p>Nederst p\u00e5 skjermen ser du navigasjonsikoner. Velg ikonet som heter Jobbtilbud som vil flytte deg til siden \u201cMine jobbtilbud\u201d. \u00d8verst til h\u00f8yre finner du en gul knapp \u201eLegg til et jobbtilbud\u201d. Klikk knappen for \u00e5 legge til et jobbtilbud. Appen gj\u00f8r det mulig \u00e5 oppgi forskjellige detaljerte opplysninger vedr\u00f8rende jobbtilbudet som stillingsnavn, type ansettelse eller n\u00f8yaktig periode for utf\u00f8ring av arbeid. Etter redigering g\u00e5 ned og klikk knappen \u201eLagre og Publiser\u201d for \u00e5 publisere annonsen.<\/p>\t\t\t\t\t\t\t\t<\/div>\n\t\t\t\t<\/div>\n\t\t\t\t\t<\/div>\n\t\t<\/div>\n\t\t\t\t<div class=\"elementor-column elementor-col-50 elementor-inner-column elementor-element elementor-element-ef109c9\" data-id=\"ef109c9\" data-element_type=\"column\">\n\t\t\t<div class=\"elementor-widget-wrap elementor-element-populated\">\n\t\t\t\t\t\t<div class=\"elementor-element elementor-element-9ba976a gallery-spacing-custom elementor-widget elementor-widget-image-gallery\" data-id=\"9ba976a\" data-element_type=\"widget\" data-widget_type=\"image-gallery.default\">\n\t\t\t\t<div class=\"elementor-widget-container\">\n\t\t\t\t\t\t\t<div class=\"elementor-image-gallery\">\n\t\t\t<div id='gallery-1' class='gallery galleryid-999 gallery-columns-2 gallery-size-large'><figure class='gallery-item'>\n\t\t\t<div class='gallery-icon portrait'>\n\t\t\t\t<img fetchpriority=\"high\" decoding=\"async\" width=\"297\" height=\"609\" src=\"https:\/\/byggjobs.app\/wp-content\/uploads\/2022\/11\/create-job-add-2.png\" class=\"attachment-large size-large\" alt=\"\" srcset=\"https:\/\/byggjobs.app\/wp-content\/uploads\/2022\/11\/create-job-add-2.png 297w, https:\/\/byggjobs.app\/wp-content\/uploads\/2022\/11\/create-job-add-2-146x300.png 146w\" sizes=\"(max-width: 297px) 100vw, 297px\" \/>\n\t\t\t<\/div><\/figure><figure class='gallery-item'>\n\t\t\t<div class='gallery-icon portrait'>\n\t\t\t\t<img decoding=\"async\" width=\"299\" height=\"608\" src=\"https:\/\/byggjobs.app\/wp-content\/uploads\/2022\/11\/create-job-add.png\" class=\"attachment-large size-large\" alt=\"\" srcset=\"https:\/\/byggjobs.app\/wp-content\/uploads\/2022\/11\/create-job-add.png 299w, https:\/\/byggjobs.app\/wp-content\/uploads\/2022\/11\/create-job-add-148x300.png 148w\" sizes=\"(max-width: 299px) 100vw, 299px\" \/>\n\t\t\t<\/div><\/figure>\n\t\t<\/div>\n\t\t<\/div>\n\t\t\t\t\t\t<\/div>\n\t\t\t\t<\/div>\n\t\t\t\t\t<\/div>\n\t\t<\/div>\n\t\t\t\t\t<\/div>\n\t\t<\/section>\n\t\t\t\t<section class=\"elementor-section elementor-inner-section elementor-element elementor-element-a85b995 elementor-section-boxed elementor-section-height-default elementor-section-height-default\" data-id=\"a85b995\" data-element_type=\"section\">\n\t\t\t\t\t\t<div class=\"elementor-container elementor-column-gap-default\">\n\t\t\t\t\t<div class=\"elementor-column elementor-col-50 elementor-inner-column elementor-element elementor-element-74c01e3\" data-id=\"74c01e3\" data-element_type=\"column\">\n\t\t\t<div class=\"elementor-widget-wrap elementor-element-populated\">\n\t\t\t\t\t\t<div class=\"elementor-element elementor-element-f74b545 text-background elementor-widget elementor-widget-heading\" data-id=\"f74b545\" data-element_type=\"widget\" data-widget_type=\"heading.default\">\n\t\t\t\t<div class=\"elementor-widget-container\">\n\t\t\t\t\t<h2 class=\"elementor-heading-title elementor-size-default\">Se kandidater\n<\/h2>\t\t\t\t<\/div>\n\t\t\t\t<\/div>\n\t\t\t\t<div class=\"elementor-element elementor-element-3085ed6 elementor-widget elementor-widget-text-editor\" data-id=\"3085ed6\" data-element_type=\"widget\" data-widget_type=\"text-editor.default\">\n\t\t\t\t<div class=\"elementor-widget-container\">\n\t\t\t\t\t\t\t\t\t<p>Nederst p\u00e5 skjermen ser du navigasjonsikoner. Velg ikonet som heter Jobbtilbud som vil flytte deg til siden \u201cMine jobbtilbud\u201d. Blant navigasjonsalternativer \u00f8verst p\u00e5 siden finnes det alternativet som heter \u201eValg\u201d. Velg dette for \u00e5 se oversikt over publiserte jobbtilbud. Det finnes en gr\u00f8nn knapp \u201eKandidater\u201d under hvert tilbud. Klikk knappen under stillingen du er interessert i for \u00e5 se alle kandidatprofiler.<\/p>\t\t\t\t\t\t\t\t<\/div>\n\t\t\t\t<\/div>\n\t\t\t\t\t<\/div>\n\t\t<\/div>\n\t\t\t\t<div class=\"elementor-column elementor-col-50 elementor-inner-column elementor-element elementor-element-eb844a5\" data-id=\"eb844a5\" data-element_type=\"column\">\n\t\t\t<div class=\"elementor-widget-wrap elementor-element-populated\">\n\t\t\t\t\t\t<div class=\"elementor-element elementor-element-90a7d49 gallery-spacing-custom elementor-widget elementor-widget-image-gallery\" data-id=\"90a7d49\" data-element_type=\"widget\" data-widget_type=\"image-gallery.default\">\n\t\t\t\t<div class=\"elementor-widget-container\">\n\t\t\t\t\t\t\t<div class=\"elementor-image-gallery\">\n\t\t\t<div id='gallery-2' class='gallery galleryid-999 gallery-columns-2 gallery-size-large'><figure class='gallery-item'>\n\t\t\t<div class='gallery-icon portrait'>\n\t\t\t\t<img decoding=\"async\" width=\"299\" height=\"611\" src=\"https:\/\/byggjobs.app\/wp-content\/uploads\/2022\/11\/review-candidates-2.png\" class=\"attachment-large size-large\" alt=\"\" srcset=\"https:\/\/byggjobs.app\/wp-content\/uploads\/2022\/11\/review-candidates-2.png 299w, https:\/\/byggjobs.app\/wp-content\/uploads\/2022\/11\/review-candidates-2-147x300.png 147w\" sizes=\"(max-width: 299px) 100vw, 299px\" \/>\n\t\t\t<\/div><\/figure><figure class='gallery-item'>\n\t\t\t<div class='gallery-icon portrait'>\n\t\t\t\t<img loading=\"lazy\" decoding=\"async\" width=\"299\" height=\"611\" src=\"https:\/\/byggjobs.app\/wp-content\/uploads\/2022\/11\/review-candidates.png\" class=\"attachment-large size-large\" alt=\"\" srcset=\"https:\/\/byggjobs.app\/wp-content\/uploads\/2022\/11\/review-candidates.png 299w, https:\/\/byggjobs.app\/wp-content\/uploads\/2022\/11\/review-candidates-147x300.png 147w\" sizes=\"(max-width: 299px) 100vw, 299px\" \/>\n\t\t\t<\/div><\/figure>\n\t\t<\/div>\n\t\t<\/div>\n\t\t\t\t\t\t<\/div>\n\t\t\t\t<\/div>\n\t\t\t\t\t<\/div>\n\t\t<\/div>\n\t\t\t\t\t<\/div>\n\t\t<\/section>\n\t\t\t\t<section class=\"elementor-section elementor-inner-section elementor-element elementor-element-742445f elementor-section-boxed elementor-section-height-default elementor-section-height-default\" data-id=\"742445f\" data-element_type=\"section\">\n\t\t\t\t\t\t<div class=\"elementor-container elementor-column-gap-default\">\n\t\t\t\t\t<div class=\"elementor-column elementor-col-50 elementor-inner-column elementor-element elementor-element-77c7880\" data-id=\"77c7880\" data-element_type=\"column\">\n\t\t\t<div class=\"elementor-widget-wrap elementor-element-populated\">\n\t\t\t\t\t\t<div class=\"elementor-element elementor-element-b7727f6 text-background elementor-widget elementor-widget-heading\" data-id=\"b7727f6\" data-element_type=\"widget\" data-widget_type=\"heading.default\">\n\t\t\t\t<div class=\"elementor-widget-container\">\n\t\t\t\t\t<h2 class=\"elementor-heading-title elementor-size-default\">Ansett kandidaten som best oppfyller dine krav.\n<\/h2>\t\t\t\t<\/div>\n\t\t\t\t<\/div>\n\t\t\t\t<div class=\"elementor-element elementor-element-89d75e9 elementor-widget elementor-widget-text-editor\" data-id=\"89d75e9\" data-element_type=\"widget\" data-widget_type=\"text-editor.default\">\n\t\t\t\t<div class=\"elementor-widget-container\">\n\t\t\t\t\t\t\t\t\t<p>Etter at kandidaten som oppfyller alle krav for stillingen er valgt, kan du starte ansettelsesprosedyren. G\u00e5 til siden \u201eOpplysninger om kandidaten\u201d som gjelder den valgte kandidaten, og s\u00e5 bla nedover til slutten av siden. Der finnes det den gule knappen \u201eAnsett\u201d. Klikk knappen for \u00e5 gi beskjed til den potensielle arbeidstakeren om at du er interessert i \u00e5 ansette vedkommende. N\u00e5 er det nok med at kandidaten aksepterer jobbtilbudet ditt.<\/p>\t\t\t\t\t\t\t\t<\/div>\n\t\t\t\t<\/div>\n\t\t\t\t\t<\/div>\n\t\t<\/div>\n\t\t\t\t<div class=\"elementor-column elementor-col-50 elementor-inner-column elementor-element elementor-element-89e9cd6\" data-id=\"89e9cd6\" data-element_type=\"column\">\n\t\t\t<div class=\"elementor-widget-wrap elementor-element-populated\">\n\t\t\t\t\t\t<div class=\"elementor-element elementor-element-28e3e05 gallery-spacing-custom elementor-widget elementor-widget-image-gallery\" data-id=\"28e3e05\" data-element_type=\"widget\" data-widget_type=\"image-gallery.default\">\n\t\t\t\t<div class=\"elementor-widget-container\">\n\t\t\t\t\t\t\t<div class=\"elementor-image-gallery\">\n\t\t\t<div id='gallery-3' class='gallery galleryid-999 gallery-columns-2 gallery-size-large'><figure class='gallery-item'>\n\t\t\t<div class='gallery-icon portrait'>\n\t\t\t\t<img loading=\"lazy\" decoding=\"async\" width=\"297\" height=\"606\" src=\"https:\/\/byggjobs.app\/wp-content\/uploads\/2022\/11\/hire-the-best-fit-2.png\" class=\"attachment-large size-large\" alt=\"\" srcset=\"https:\/\/byggjobs.app\/wp-content\/uploads\/2022\/11\/hire-the-best-fit-2.png 297w, https:\/\/byggjobs.app\/wp-content\/uploads\/2022\/11\/hire-the-best-fit-2-147x300.png 147w\" sizes=\"(max-width: 297px) 100vw, 297px\" \/>\n\t\t\t<\/div><\/figure><figure class='gallery-item'>\n\t\t\t<div class='gallery-icon portrait'>\n\t\t\t\t<img loading=\"lazy\" decoding=\"async\" width=\"298\" height=\"610\" src=\"https:\/\/byggjobs.app\/wp-content\/uploads\/2022\/11\/hire-the-best-fit.png\" class=\"attachment-large size-large\" alt=\"\" srcset=\"https:\/\/byggjobs.app\/wp-content\/uploads\/2022\/11\/hire-the-best-fit.png 298w, https:\/\/byggjobs.app\/wp-content\/uploads\/2022\/11\/hire-the-best-fit-147x300.png 147w\" sizes=\"(max-width: 298px) 100vw, 298px\" \/>\n\t\t\t<\/div><\/figure>\n\t\t<\/div>\n\t\t<\/div>\n\t\t\t\t\t\t<\/div>\n\t\t\t\t<\/div>\n\t\t\t\t\t<\/div>\n\t\t<\/div>\n\t\t\t\t\t<\/div>\n\t\t<\/section>\n\t\t\t\t\t<\/div>\n\t\t<\/div>\n\t\t\t\t\t<\/div>\n\t\t<\/section>\n\t\t\t\t<\/div>\n\t\t","protected":false},"excerpt":{"rendered":"<p>Lag et jobbtilbud Nederst p\u00e5 skjermen ser du navigasjonsikoner. Velg ikonet som heter Jobbtilbud som vil flytte deg til siden \u201cMine jobbtilbud\u201d. \u00d8verst til h\u00f8yre finner du en gul knapp \u201eLegg til et jobbtilbud\u201d. Klikk knappen for \u00e5 legge til et jobbtilbud. Appen gj\u00f8r det mulig \u00e5 oppgi forskjellige detaljerte opplysninger vedr\u00f8rende jobbtilbudet som stillingsnavn, [&hellip;]<\/p>\n","protected":false},"author":4,"featured_media":0,"parent":0,"menu_order":0,"comment_status":"closed","ping_status":"closed","template":"","meta":{"footnotes":""},"class_list":["post-999","page","type-page","status-publish","hentry"],"_links":{"self":[{"href":"https:\/\/byggjobs.app\/no\/wp-json\/wp\/v2\/pages\/999","targetHints":{"allow":["GET"]}}],"collection":[{"href":"https:\/\/byggjobs.app\/no\/wp-json\/wp\/v2\/pages"}],"about":[{"href":"https:\/\/byggjobs.app\/no\/wp-json\/wp\/v2\/types\/page"}],"author":[{"embeddable":true,"href":"https:\/\/byggjobs.app\/no\/wp-json\/wp\/v2\/users\/4"}],"replies":[{"embeddable":true,"href":"https:\/\/byggjobs.app\/no\/wp-json\/wp\/v2\/comments?post=999"}],"version-history":[{"count":5,"href":"https:\/\/byggjobs.app\/no\/wp-json\/wp\/v2\/pages\/999\/revisions"}],"predecessor-version":[{"id":2017,"href":"https:\/\/byggjobs.app\/no\/wp-json\/wp\/v2\/pages\/999\/revisions\/2017"}],"wp:attachment":[{"href":"https:\/\/byggjobs.app\/no\/wp-json\/wp\/v2\/media?parent=999"}],"curies":[{"name":"wp","href":"https:\/\/api.w.org\/{rel}","templated":true}]}}