{"id":989,"date":"2022-11-17T09:22:17","date_gmt":"2022-11-17T09:22:17","guid":{"rendered":"https:\/\/byggjobs.stg.geckodoit.com\/faq\/"},"modified":"2022-12-08T06:09:13","modified_gmt":"2022-12-08T06:09:13","slug":"faq","status":"publish","type":"page","link":"https:\/\/byggjobs.app\/no\/faq\/","title":{"rendered":"FAQ"},"content":{"rendered":"\t\t<div data-elementor-type=\"wp-page\" data-elementor-id=\"989\" class=\"elementor elementor-989 elementor-17\" data-elementor-post-type=\"page\">\n\t\t\t\t\t\t<section class=\"elementor-section elementor-top-section elementor-element elementor-element-c4636ab elementor-section-height-min-height elementor-section-boxed elementor-section-height-default elementor-section-items-middle\" data-id=\"c4636ab\" data-element_type=\"section\" data-settings=\"{&quot;background_background&quot;:&quot;classic&quot;}\">\n\t\t\t\t\t\t<div class=\"elementor-container elementor-column-gap-default\">\n\t\t\t\t\t<div class=\"elementor-column elementor-col-100 elementor-top-column elementor-element elementor-element-9d14f92\" data-id=\"9d14f92\" data-element_type=\"column\">\n\t\t\t<div class=\"elementor-widget-wrap elementor-element-populated\">\n\t\t\t\t\t\t<section class=\"elementor-section elementor-inner-section elementor-element elementor-element-2643c0f elementor-section-boxed elementor-section-height-default elementor-section-height-default\" data-id=\"2643c0f\" data-element_type=\"section\">\n\t\t\t\t\t\t<div class=\"elementor-container elementor-column-gap-default\">\n\t\t\t\t\t<div class=\"elementor-column elementor-col-100 elementor-inner-column elementor-element elementor-element-c84408e\" data-id=\"c84408e\" data-element_type=\"column\">\n\t\t\t<div class=\"elementor-widget-wrap elementor-element-populated\">\n\t\t\t\t\t\t<div class=\"elementor-element elementor-element-714c673 elementor-widget elementor-widget-heading\" data-id=\"714c673\" data-element_type=\"widget\" data-widget_type=\"heading.default\">\n\t\t\t\t<div class=\"elementor-widget-container\">\n\t\t\t\t\t<h1 class=\"elementor-heading-title elementor-size-default\">FAQ<\/h1>\t\t\t\t<\/div>\n\t\t\t\t<\/div>\n\t\t\t\t\t<\/div>\n\t\t<\/div>\n\t\t\t\t\t<\/div>\n\t\t<\/section>\n\t\t\t\t\t<\/div>\n\t\t<\/div>\n\t\t\t\t\t<\/div>\n\t\t<\/section>\n\t\t\t\t<section class=\"elementor-section elementor-top-section elementor-element elementor-element-35f44e1 elementor-section-boxed elementor-section-height-default elementor-section-height-default\" data-id=\"35f44e1\" data-element_type=\"section\" data-settings=\"{&quot;background_background&quot;:&quot;classic&quot;}\">\n\t\t\t\t\t\t<div class=\"elementor-container elementor-column-gap-default\">\n\t\t\t\t\t<div class=\"elementor-column elementor-col-100 elementor-top-column elementor-element elementor-element-94d5169\" data-id=\"94d5169\" data-element_type=\"column\">\n\t\t\t<div class=\"elementor-widget-wrap elementor-element-populated\">\n\t\t\t\t\t\t<section class=\"elementor-section elementor-inner-section elementor-element elementor-element-d8c0e3d elementor-section-boxed elementor-section-height-default elementor-section-height-default\" data-id=\"d8c0e3d\" data-element_type=\"section\">\n\t\t\t\t\t\t<div class=\"elementor-container elementor-column-gap-default\">\n\t\t\t\t\t<div class=\"elementor-column elementor-col-100 elementor-inner-column elementor-element elementor-element-d70e4e7\" data-id=\"d70e4e7\" data-element_type=\"column\">\n\t\t\t<div class=\"elementor-widget-wrap elementor-element-populated\">\n\t\t\t\t\t\t<div class=\"elementor-element elementor-element-6e424ea elementor-widget elementor-widget-heading\" data-id=\"6e424ea\" data-element_type=\"widget\" data-widget_type=\"heading.default\">\n\t\t\t\t<div class=\"elementor-widget-container\">\n\t\t\t\t\t<h2 class=\"elementor-heading-title elementor-size-default\">Ofte stilte sp\u00f8rsm\u00e5l<\/h2>\t\t\t\t<\/div>\n\t\t\t\t<\/div>\n\t\t\t\t\t<\/div>\n\t\t<\/div>\n\t\t\t\t\t<\/div>\n\t\t<\/section>\n\t\t\t\t<section class=\"elementor-section elementor-inner-section elementor-element elementor-element-e33eeb8 elementor-section-boxed elementor-section-height-default elementor-section-height-default\" data-id=\"e33eeb8\" data-element_type=\"section\">\n\t\t\t\t\t\t<div class=\"elementor-container elementor-column-gap-default\">\n\t\t\t\t\t<div class=\"elementor-column elementor-col-50 elementor-inner-column elementor-element elementor-element-24ebe40\" data-id=\"24ebe40\" data-element_type=\"column\">\n\t\t\t<div class=\"elementor-widget-wrap elementor-element-populated\">\n\t\t\t\t\t\t<div class=\"elementor-element elementor-element-fec9719 elementor-widget elementor-widget-eael-adv-accordion\" data-id=\"fec9719\" data-element_type=\"widget\" data-widget_type=\"eael-adv-accordion.default\">\n\t\t\t\t<div class=\"elementor-widget-container\">\n\t\t\t\t\t            <div class=\"eael-adv-accordion\" id=\"eael-adv-accordion-fec9719\" data-scroll-on-click=\"no\" data-scroll-speed=\"300\" data-accordion-id=\"fec9719\" data-accordion-type=\"accordion\" data-toogle-speed=\"300\">\n            <div class=\"eael-accordion-list\">\n\t\t\t\t\t<div id=\"hvordan-ske-i-byggjobs\" class=\"elementor-tab-title eael-accordion-header\" tabindex=\"0\" data-tab=\"1\" aria-controls=\"elementor-tab-content-2671\"><span class=\"eael-accordion-tab-title\">Hvordan s\u00f8ke i ByggJobs?<\/span><span class=\"eael-advanced-accordion-icon-closed\"><i aria-hidden=\"true\" class=\"fa-accordion-icon fas fa-plus\"><\/i><\/span><span class=\"eael-advanced-accordion-icon-opened\"><i aria-hidden=\"true\" class=\"fa-accordion-icon fas fa-minus\"><\/i><\/span><\/div><div id=\"elementor-tab-content-2671\" class=\"eael-accordion-content clearfix\" data-tab=\"1\" aria-labelledby=\"hvordan-ske-i-byggjobs\"><p>Logg inn og finn s\u00f8kefunksjon p\u00e5 hjem-siden. Denne funksjonen befinner seg \u00f8verst p\u00e5 skjermen b\u00e5de i appen som er tilpasset en WWW-side, og i den mobile appen. Her kan du skrive inn en stilling eller en bedrift som du er interessert i og du kan begynne \u00e5 s\u00f8ke i databasen v\u00e5r.<\/p><\/div>\n\t\t\t\t\t<\/div><div class=\"eael-accordion-list\">\n\t\t\t\t\t<div id=\"hvordan-kan-jeg-lagre-jobbtilbud-jeg-liker-best\" class=\"elementor-tab-title eael-accordion-header\" tabindex=\"0\" data-tab=\"2\" aria-controls=\"elementor-tab-content-2672\"><span class=\"eael-accordion-tab-title\">Hvordan kan jeg lagre jobbtilbud jeg liker best?<\/span><span class=\"eael-advanced-accordion-icon-closed\"><i aria-hidden=\"true\" class=\"fa-accordion-icon fas fa-plus\"><\/i><\/span><span class=\"eael-advanced-accordion-icon-opened\"><i aria-hidden=\"true\" class=\"fa-accordion-icon fas fa-minus\"><\/i><\/span><\/div><div id=\"elementor-tab-content-2672\" class=\"eael-accordion-content clearfix\" data-tab=\"2\" aria-labelledby=\"hvordan-kan-jeg-lagre-jobbtilbud-jeg-liker-best\"><p>Alle tilgjengelige jobbtilbud vises p\u00e5 hjem-siden. Til h\u00f8yre for hvert jobbtilbud finnes det et bokmerkeikon. Velg ikonet for \u00e5 legge jobbtilbudet til dine favoritter. Da blir annonsen automatisk lagt til Bokmerke-skjerm \u2013 side ved siden av bokmerket \u201cHjem\u201d.<\/p><p>Hvis du vil slette jobbtilbudet fra bokmerkene, velg igjen samme bokmerkeikon.<\/p><\/div>\n\t\t\t\t\t<\/div><div class=\"eael-accordion-list\">\n\t\t\t\t\t<div id=\"hvordan-bruke-filtre-for-jobbtilbud\" class=\"elementor-tab-title eael-accordion-header\" tabindex=\"0\" data-tab=\"3\" aria-controls=\"elementor-tab-content-2673\"><span class=\"eael-accordion-tab-title\">Hvordan bruke filtre for jobbtilbud?<\/span><span class=\"eael-advanced-accordion-icon-closed\"><i aria-hidden=\"true\" class=\"fa-accordion-icon fas fa-plus\"><\/i><\/span><span class=\"eael-advanced-accordion-icon-opened\"><i aria-hidden=\"true\" class=\"fa-accordion-icon fas fa-minus\"><\/i><\/span><\/div><div id=\"elementor-tab-content-2673\" class=\"eael-accordion-content clearfix\" data-tab=\"3\" aria-labelledby=\"hvordan-bruke-filtre-for-jobbtilbud\"><p>G\u00e5 til begynnelsen av hjem-siden. Til h\u00f8yre for s\u00f8kefeltet finnes det filterikon. N\u00e5r du velger dette, ser du en ny skjerm med ulike typer filtre. Velg alle n\u00f8dvendige filtre og klikk \u201cBruk\u201d-knappen for \u00e5 vise jobbtilbud som er tilpasset til de valgte filtrene. Hvis du vil igjen se alle oppgaver, klikk \u201cSlett\u201d-knappen for \u00e5 fjerne alle filtre.<\/p><\/div>\n\t\t\t\t\t<\/div><div class=\"eael-accordion-list\">\n\t\t\t\t\t<div id=\"kan-jeg-gjre-jobbtilbudene-tilgjengelige-for-andre\" class=\"elementor-tab-title eael-accordion-header\" tabindex=\"0\" data-tab=\"4\" aria-controls=\"elementor-tab-content-2674\"><span class=\"eael-accordion-tab-title\">Kan jeg gj\u00f8re jobbtilbudene tilgjengelige for andre?<\/span><span class=\"eael-advanced-accordion-icon-closed\"><i aria-hidden=\"true\" class=\"fa-accordion-icon fas fa-plus\"><\/i><\/span><span class=\"eael-advanced-accordion-icon-opened\"><i aria-hidden=\"true\" class=\"fa-accordion-icon fas fa-minus\"><\/i><\/span><\/div><div id=\"elementor-tab-content-2674\" class=\"eael-accordion-content clearfix\" data-tab=\"4\" aria-labelledby=\"kan-jeg-gjre-jobbtilbudene-tilgjengelige-for-andre\"><p>Ja, det er jo klart. G\u00e5 til Hjem-siden for \u00e5 vise et jobbtilbud. Velg annonsen som du vil dele med andre. Du f\u00e5r se annonsens detaljer, og deleikonet finnes \u00f8verst til h\u00f8yre. Velg ikonet, og s\u00e5 foresl\u00e5r appen v\u00e5r ulike kanaler du kan bruke til \u00e5 dele annonsen med andre.<\/p><\/div>\n\t\t\t\t\t<\/div><div class=\"eael-accordion-list\">\n\t\t\t\t\t<div id=\"hvordan-kan-jeg-ske-jobb\" class=\"elementor-tab-title eael-accordion-header\" tabindex=\"0\" data-tab=\"5\" aria-controls=\"elementor-tab-content-2675\"><span class=\"eael-accordion-tab-title\">Hvordan kan jeg s\u00f8ke jobb?<\/span><span class=\"eael-advanced-accordion-icon-closed\"><i aria-hidden=\"true\" class=\"fa-accordion-icon fas fa-plus\"><\/i><\/span><span class=\"eael-advanced-accordion-icon-opened\"><i aria-hidden=\"true\" class=\"fa-accordion-icon fas fa-minus\"><\/i><\/span><\/div><div id=\"elementor-tab-content-2675\" class=\"eael-accordion-content clearfix\" data-tab=\"5\" aria-labelledby=\"hvordan-kan-jeg-ske-jobb\"><p>Ved \u00e5 s\u00f8ke passende stillinger p\u00e5 hjem-siden kan du velge en annonse og se detaljer vedr\u00f8rende arbeid som tilbys. Hvis du \u00f8nsker \u00e5 s\u00f8ke jobben, g\u00e5 ned p\u00e5 siden med detaljerte opplysninger om jobbtilbudet og velg \u201cS\u00f8k jobb\u201d-knappen. Klikk knappen for \u00e5 begynne \u00e5 s\u00f8ke jobben. Appen vil sp\u00f8rre deg om \u00e5 bekrefte at du \u00f8nsker \u00e5 s\u00f8ke denne jobben. Velg igjen \u201cS\u00f8k jobb\u201d, og CV-en din blir overf\u00f8rt til en eventuell arbeidsgiver.<\/p><\/div>\n\t\t\t\t\t<\/div><div class=\"eael-accordion-list\">\n\t\t\t\t\t<div id=\"kan-jeg-vurdere-en-bedrift\" class=\"elementor-tab-title eael-accordion-header\" tabindex=\"0\" data-tab=\"6\" aria-controls=\"elementor-tab-content-2676\"><span class=\"eael-accordion-tab-title\">Kan jeg vurdere en bedrift?<\/span><span class=\"eael-advanced-accordion-icon-closed\"><i aria-hidden=\"true\" class=\"fa-accordion-icon fas fa-plus\"><\/i><\/span><span class=\"eael-advanced-accordion-icon-opened\"><i aria-hidden=\"true\" class=\"fa-accordion-icon fas fa-minus\"><\/i><\/span><\/div><div id=\"elementor-tab-content-2676\" class=\"eael-accordion-content clearfix\" data-tab=\"6\" aria-labelledby=\"kan-jeg-vurdere-en-bedrift\"><p>Ja, men kun i tilfellet du har samarbeidet med bedriften. N\u00e5r du avslutter samarbeid med en bedrift, sender appen v\u00e5r et push-varsel til deg med beskjed om at jobben er registert i systemet v\u00e5rt som avsluttet. Ved \u00e5 velge varselet g\u00e5r du til en side med detaljer vedr\u00f8rende jobbtilbudet der du ser seksjonen Vurderinger og Anmeldelser. Her kan du skrive en anmeldelse av arbeidsgiveren og vurdere denne ved \u00e5 gi stjerner (fra en til fem). For \u00e5 publisere anmeldelsen velg \u201cPubliser\u201d-knappen.<\/p><\/div>\n\t\t\t\t\t<\/div><div class=\"eael-accordion-list\">\n\t\t\t\t\t<div id=\"er-det-mulig-sl-av-meldinger\" class=\"elementor-tab-title eael-accordion-header\" tabindex=\"0\" data-tab=\"7\" aria-controls=\"elementor-tab-content-2677\"><span class=\"eael-accordion-tab-title\">Er det mulig \u00e5 sl\u00e5 av meldinger?<\/span><span class=\"eael-advanced-accordion-icon-closed\"><i aria-hidden=\"true\" class=\"fa-accordion-icon fas fa-plus\"><\/i><\/span><span class=\"eael-advanced-accordion-icon-opened\"><i aria-hidden=\"true\" class=\"fa-accordion-icon fas fa-minus\"><\/i><\/span><\/div><div id=\"elementor-tab-content-2677\" class=\"eael-accordion-content clearfix\" data-tab=\"7\" aria-labelledby=\"er-det-mulig-sl-av-meldinger\"><p>Ja, det er jo klart. For \u00e5 gj\u00f8re dette g\u00e5 til sidens h\u00f8yre hj\u00f8rnet \u00f8verst og let etter to sm\u00e5 horisontale linjer. Velg dem for \u00e5 \u00e5pne en rullegardinmeny, og s\u00e5 velg Innstillinger. G\u00e5 videre til seksjonen Meldinger der su ser glideknappen P\u00e5 &#8211; Av. Den gj\u00f8r det mulig \u00e5 kontrollere meldinger som appen v\u00e5r viser.<\/p><\/div>\n\t\t\t\t\t<\/div><div class=\"eael-accordion-list\">\n\t\t\t\t\t<div id=\"hvordan-oppdatere-profilen\" class=\"elementor-tab-title eael-accordion-header\" tabindex=\"0\" data-tab=\"8\" aria-controls=\"elementor-tab-content-2678\"><span class=\"eael-accordion-tab-title\">Hvordan oppdatere profilen?<\/span><span class=\"eael-advanced-accordion-icon-closed\"><i aria-hidden=\"true\" class=\"fa-accordion-icon fas fa-plus\"><\/i><\/span><span class=\"eael-advanced-accordion-icon-opened\"><i aria-hidden=\"true\" class=\"fa-accordion-icon fas fa-minus\"><\/i><\/span><\/div><div id=\"elementor-tab-content-2678\" class=\"eael-accordion-content clearfix\" data-tab=\"8\" aria-labelledby=\"hvordan-oppdatere-profilen\"><p>Velg to linjer \u00f8verst til h\u00f8yre for \u00e5 \u00e5pne en rullegardinmeny. Velg My Profile for \u00e5 modifisere profilen p\u00e5 nettstedet ByggJobs. Du kan legge inn fullf\u00f8rte kurs og sertifikater du har, spr\u00e5k du kan snakke, erfaringen din og portef\u00f8lje. Du kan ogs\u00e5 modifisere alle andre opplysninger, herunder dine kontaktdata.<\/p><\/div>\n\t\t\t\t\t<\/div><\/div>\t\t\t\t<\/div>\n\t\t\t\t<\/div>\n\t\t\t\t\t<\/div>\n\t\t<\/div>\n\t\t\t\t<div class=\"elementor-column elementor-col-50 elementor-inner-column elementor-element elementor-element-94c148a\" data-id=\"94c148a\" data-element_type=\"column\">\n\t\t\t<div class=\"elementor-widget-wrap elementor-element-populated\">\n\t\t\t\t\t\t<div class=\"elementor-element elementor-element-5f91cbd elementor-widget elementor-widget-eael-adv-accordion\" data-id=\"5f91cbd\" data-element_type=\"widget\" data-widget_type=\"eael-adv-accordion.default\">\n\t\t\t\t<div class=\"elementor-widget-container\">\n\t\t\t\t\t            <div class=\"eael-adv-accordion\" id=\"eael-adv-accordion-5f91cbd\" data-scroll-on-click=\"no\" data-scroll-speed=\"300\" data-accordion-id=\"5f91cbd\" data-accordion-type=\"accordion\" data-toogle-speed=\"300\">\n            <div class=\"eael-accordion-list\">\n\t\t\t\t\t<div id=\"hvordan-vise-detaljerte-opplysninger-om-arbeidstakere\" class=\"elementor-tab-title eael-accordion-header\" tabindex=\"0\" data-tab=\"1\" aria-controls=\"elementor-tab-content-1001\"><span class=\"eael-accordion-tab-title\">Hvordan vise detaljerte opplysninger om arbeidstakere?<\/span><span class=\"eael-advanced-accordion-icon-closed\"><i aria-hidden=\"true\" class=\"fa-accordion-icon fas fa-plus\"><\/i><\/span><span class=\"eael-advanced-accordion-icon-opened\"><i aria-hidden=\"true\" class=\"fa-accordion-icon fas fa-minus\"><\/i><\/span><\/div><div id=\"elementor-tab-content-1001\" class=\"eael-accordion-content clearfix\" data-tab=\"1\" aria-labelledby=\"hvordan-vise-detaljerte-opplysninger-om-arbeidstakere\"><p>P\u00e5 Hjem-siden ser man en liste over alle tilgjengelige arbeidstakere i bransjen din. Hvis du vil vite mer om noen av dem, velg feltet med vedkommendes navn og bilde, og appen vil vise en ny skjerm med opplysninger om arbeidstakeren.<\/p><\/div>\n\t\t\t\t\t<\/div><div class=\"eael-accordion-list\">\n\t\t\t\t\t<div id=\"hvordan-kan-jeg-opprette-et-jobbtilbud\" class=\"elementor-tab-title eael-accordion-header\" tabindex=\"0\" data-tab=\"2\" aria-controls=\"elementor-tab-content-1002\"><span class=\"eael-accordion-tab-title\">Hvordan kan jeg opprette et jobbtilbud?<\/span><span class=\"eael-advanced-accordion-icon-closed\"><i aria-hidden=\"true\" class=\"fa-accordion-icon fas fa-plus\"><\/i><\/span><span class=\"eael-advanced-accordion-icon-opened\"><i aria-hidden=\"true\" class=\"fa-accordion-icon fas fa-minus\"><\/i><\/span><\/div><div id=\"elementor-tab-content-1002\" class=\"eael-accordion-content clearfix\" data-tab=\"2\" aria-labelledby=\"hvordan-kan-jeg-opprette-et-jobbtilbud\"><p>Nederst p\u00e5 skjermen ser du navigasjonsikoner. Velg ikonet som heter Jobbtilbud som vil flytte deg til siden Mine jobbtilbud.<br \/>\u00d8verst til h\u00f8yre finner du en gul knapp \u201eLegg til et jobbtilbud\u201d. Klikk knappen for \u00e5 legge til et jobbtilbud. Appen gj\u00f8r det mulig \u00e5 oppgi forskjellige detaljerte opplysninger vedr\u00f8rende jobbtilbudet som stillingsnavn, type ansettelse eller n\u00f8yaktig periode for utf\u00f8ring av arbeid. Etter redigering g\u00e5 ned og klikk Lagre og Publiser for \u00e5 publisere annonsen.<\/p><\/div>\n\t\t\t\t\t<\/div><div class=\"eael-accordion-list\">\n\t\t\t\t\t<div id=\"hvordan-avtale-jobbintervju-med-en-eventuell-arbeidstaker\" class=\"elementor-tab-title eael-accordion-header\" tabindex=\"0\" data-tab=\"3\" aria-controls=\"elementor-tab-content-1003\"><span class=\"eael-accordion-tab-title\">Hvordan avtale jobbintervju med en eventuell arbeidstaker?<\/span><span class=\"eael-advanced-accordion-icon-closed\"><i aria-hidden=\"true\" class=\"fa-accordion-icon fas fa-plus\"><\/i><\/span><span class=\"eael-advanced-accordion-icon-opened\"><i aria-hidden=\"true\" class=\"fa-accordion-icon fas fa-minus\"><\/i><\/span><\/div><div id=\"elementor-tab-content-1003\" class=\"eael-accordion-content clearfix\" data-tab=\"3\" aria-labelledby=\"hvordan-avtale-jobbintervju-med-en-eventuell-arbeidstaker\"><p>G\u00e5 til Hjem-siden og velg kandidaten som du vil invitere til et jobbintervju. Du skal se en side med detaljerte opplysninger om arbeidstakeren. Nederst p\u00e5 skjermen ser du en gul knapp \u201ePlanlegg et jobbintervju\u201d. Klikk knappen for \u00e5 avtale et m\u00f8te og gi beskjed til kandidaten.<\/p><\/div>\n\t\t\t\t\t<\/div><div class=\"eael-accordion-list\">\n\t\t\t\t\t<div id=\"kan-jeg-snakke-med-en-arbeidstaker-i-en-chatt\" class=\"elementor-tab-title eael-accordion-header\" tabindex=\"0\" data-tab=\"4\" aria-controls=\"elementor-tab-content-1004\"><span class=\"eael-accordion-tab-title\">Kan jeg snakke med en arbeidstaker i en chatt?<\/span><span class=\"eael-advanced-accordion-icon-closed\"><i aria-hidden=\"true\" class=\"fa-accordion-icon fas fa-plus\"><\/i><\/span><span class=\"eael-advanced-accordion-icon-opened\"><i aria-hidden=\"true\" class=\"fa-accordion-icon fas fa-minus\"><\/i><\/span><\/div><div id=\"elementor-tab-content-1004\" class=\"eael-accordion-content clearfix\" data-tab=\"4\" aria-labelledby=\"kan-jeg-snakke-med-en-arbeidstaker-i-en-chatt\"><p>Ja, men kun med arbeidstakere som du har ansatt. Det er et chattikon i navigasjonslinjen nederst p\u00e5 skjermen. Klikk dette for \u00e5 gi til chatten.<\/p><\/div>\n\t\t\t\t\t<\/div><div class=\"eael-accordion-list\">\n\t\t\t\t\t<div id=\"hvordan-oppdatere-profilen-til-min-bedrift\" class=\"elementor-tab-title eael-accordion-header\" tabindex=\"0\" data-tab=\"5\" aria-controls=\"elementor-tab-content-1005\"><span class=\"eael-accordion-tab-title\">Hvordan oppdatere profilen til min bedrift?<\/span><span class=\"eael-advanced-accordion-icon-closed\"><i aria-hidden=\"true\" class=\"fa-accordion-icon fas fa-plus\"><\/i><\/span><span class=\"eael-advanced-accordion-icon-opened\"><i aria-hidden=\"true\" class=\"fa-accordion-icon fas fa-minus\"><\/i><\/span><\/div><div id=\"elementor-tab-content-1005\" class=\"eael-accordion-content clearfix\" data-tab=\"5\" aria-labelledby=\"hvordan-oppdatere-profilen-til-min-bedrift\"><p>Finn to horisontale striper \u00f8verst til h\u00f8yre p\u00e5 skjermen. N\u00e5r du velger disse, \u00e5pner det seg en rullegardinmeny. P\u00e5 f\u00f8rste plass i menyen st\u00e5r det Profil. Velg dette for \u00e5 g\u00e5 til redigering av profilen.<\/p><\/div>\n\t\t\t\t\t<\/div><div class=\"eael-accordion-list\">\n\t\t\t\t\t<div id=\"hvordan-kan-jeg-vurdere-og-kommentere-arbeid-utfrt-av-en-arbeidstaker\" class=\"elementor-tab-title eael-accordion-header\" tabindex=\"0\" data-tab=\"6\" aria-controls=\"elementor-tab-content-1006\"><span class=\"eael-accordion-tab-title\">Hvordan kan jeg vurdere og kommentere arbeid utf\u00f8rt av en arbeidstaker?<\/span><span class=\"eael-advanced-accordion-icon-closed\"><i aria-hidden=\"true\" class=\"fa-accordion-icon fas fa-plus\"><\/i><\/span><span class=\"eael-advanced-accordion-icon-opened\"><i aria-hidden=\"true\" class=\"fa-accordion-icon fas fa-minus\"><\/i><\/span><\/div><div id=\"elementor-tab-content-1006\" class=\"eael-accordion-content clearfix\" data-tab=\"6\" aria-labelledby=\"hvordan-kan-jeg-vurdere-og-kommentere-arbeid-utfrt-av-en-arbeidstaker\"><p>N\u00e5r en arbeidstaker avslutter arbeid, f\u00e5r du et push-varsel med informasjon om at vi har registrert avslutning av ditt samarbeid med arbeidstakeren. N\u00e5r varselet velges, vises det en side som gj\u00f8r det mulig \u00e5 legge inn en vurdering og anmeldelse. For \u00e5 publisere anmeldelsen velg knappen \u201cPubliser\u201d som befinner seg nederst p\u00e5 siden.<\/p><\/div>\n\t\t\t\t\t<\/div><\/div>\t\t\t\t<\/div>\n\t\t\t\t<\/div>\n\t\t\t\t\t<\/div>\n\t\t<\/div>\n\t\t\t\t\t<\/div>\n\t\t<\/section>\n\t\t\t\t\t<\/div>\n\t\t<\/div>\n\t\t\t\t\t<\/div>\n\t\t<\/section>\n\t\t\t\t<\/div>\n\t\t","protected":false},"excerpt":{"rendered":"<p>Ofte stilte sp\u00f8rsm\u00e5l Hvordan s\u00f8ke i ByggJobs? Logg inn og finn s\u00f8kefunksjon p\u00e5 hjem-siden. Denne funksjonen befinner seg \u00f8verst p\u00e5 skjermen b\u00e5de i appen som er tilpasset en WWW-side, og i den mobile appen. Her kan du skrive inn en stilling eller en bedrift som du er interessert i og du kan begynne \u00e5 s\u00f8ke [&hellip;]<\/p>\n","protected":false},"author":4,"featured_media":0,"parent":0,"menu_order":0,"comment_status":"closed","ping_status":"closed","template":"","meta":{"footnotes":""},"class_list":["post-989","page","type-page","status-publish","hentry"],"_links":{"self":[{"href":"https:\/\/byggjobs.app\/no\/wp-json\/wp\/v2\/pages\/989","targetHints":{"allow":["GET"]}}],"collection":[{"href":"https:\/\/byggjobs.app\/no\/wp-json\/wp\/v2\/pages"}],"about":[{"href":"https:\/\/byggjobs.app\/no\/wp-json\/wp\/v2\/types\/page"}],"author":[{"embeddable":true,"href":"https:\/\/byggjobs.app\/no\/wp-json\/wp\/v2\/users\/4"}],"replies":[{"embeddable":true,"href":"https:\/\/byggjobs.app\/no\/wp-json\/wp\/v2\/comments?post=989"}],"version-history":[{"count":7,"href":"https:\/\/byggjobs.app\/no\/wp-json\/wp\/v2\/pages\/989\/revisions"}],"predecessor-version":[{"id":2023,"href":"https:\/\/byggjobs.app\/no\/wp-json\/wp\/v2\/pages\/989\/revisions\/2023"}],"wp:attachment":[{"href":"https:\/\/byggjobs.app\/no\/wp-json\/wp\/v2\/media?parent=989"}],"curies":[{"name":"wp","href":"https:\/\/api.w.org\/{rel}","templated":true}]}}