{"id":1610,"date":"2022-11-17T09:21:06","date_gmt":"2022-11-17T09:21:06","guid":{"rendered":"https:\/\/byggjobs.stg.geckodoit.com\/how-it-works\/"},"modified":"2022-12-08T22:10:38","modified_gmt":"2022-12-08T22:10:38","slug":"ka-tas-darbojas","status":"publish","type":"page","link":"https:\/\/byggjobs.app\/lv\/ka-tas-darbojas\/","title":{"rendered":"K\u0101 tas darbojas"},"content":{"rendered":"\t\t<div data-elementor-type=\"wp-page\" data-elementor-id=\"1610\" class=\"elementor elementor-1610 elementor-15\" data-elementor-post-type=\"page\">\n\t\t\t\t\t\t<section class=\"elementor-section elementor-top-section elementor-element elementor-element-d57b1b3 elementor-section-height-min-height elementor-section-boxed elementor-section-height-default elementor-section-items-middle\" data-id=\"d57b1b3\" data-element_type=\"section\" data-settings=\"{&quot;background_background&quot;:&quot;classic&quot;}\">\n\t\t\t\t\t\t<div class=\"elementor-container elementor-column-gap-default\">\n\t\t\t\t\t<div class=\"elementor-column elementor-col-100 elementor-top-column elementor-element elementor-element-9040d1d\" data-id=\"9040d1d\" data-element_type=\"column\">\n\t\t\t<div class=\"elementor-widget-wrap elementor-element-populated\">\n\t\t\t\t\t\t<section class=\"elementor-section elementor-inner-section elementor-element elementor-element-ae2189d elementor-section-boxed elementor-section-height-default elementor-section-height-default\" data-id=\"ae2189d\" data-element_type=\"section\">\n\t\t\t\t\t\t<div class=\"elementor-container elementor-column-gap-default\">\n\t\t\t\t\t<div class=\"elementor-column elementor-col-100 elementor-inner-column elementor-element elementor-element-e2fe13b\" data-id=\"e2fe13b\" data-element_type=\"column\">\n\t\t\t<div class=\"elementor-widget-wrap elementor-element-populated\">\n\t\t\t\t\t\t<div class=\"elementor-element elementor-element-f7f9c57 elementor-widget elementor-widget-heading\" data-id=\"f7f9c57\" data-element_type=\"widget\" data-widget_type=\"heading.default\">\n\t\t\t\t<div class=\"elementor-widget-container\">\n\t\t\t\t\t<h1 class=\"elementor-heading-title elementor-size-default\">K\u0101 tas darbojas<\/h1>\t\t\t\t<\/div>\n\t\t\t\t<\/div>\n\t\t\t\t\t<\/div>\n\t\t<\/div>\n\t\t\t\t\t<\/div>\n\t\t<\/section>\n\t\t\t\t\t<\/div>\n\t\t<\/div>\n\t\t\t\t\t<\/div>\n\t\t<\/section>\n\t\t\t\t<section class=\"elementor-section elementor-top-section elementor-element elementor-element-8e38f4f elementor-section-boxed elementor-section-height-default elementor-section-height-default\" data-id=\"8e38f4f\" data-element_type=\"section\" data-settings=\"{&quot;background_background&quot;:&quot;classic&quot;}\">\n\t\t\t\t\t\t<div class=\"elementor-container elementor-column-gap-default\">\n\t\t\t\t\t<div class=\"elementor-column elementor-col-100 elementor-top-column elementor-element elementor-element-0738249\" data-id=\"0738249\" data-element_type=\"column\">\n\t\t\t<div class=\"elementor-widget-wrap elementor-element-populated\">\n\t\t\t\t\t\t<section class=\"elementor-section elementor-inner-section elementor-element elementor-element-238dc15 elementor-section-boxed elementor-section-height-default elementor-section-height-default\" data-id=\"238dc15\" data-element_type=\"section\">\n\t\t\t\t\t\t<div class=\"elementor-container elementor-column-gap-default\">\n\t\t\t\t\t<div class=\"elementor-column elementor-col-50 elementor-inner-column elementor-element elementor-element-1697f46\" data-id=\"1697f46\" data-element_type=\"column\">\n\t\t\t<div class=\"elementor-widget-wrap elementor-element-populated\">\n\t\t\t\t\t\t<div class=\"elementor-element elementor-element-b787290 text-background elementor-widget elementor-widget-heading\" data-id=\"b787290\" data-element_type=\"widget\" data-widget_type=\"heading.default\">\n\t\t\t\t<div class=\"elementor-widget-container\">\n\t\t\t\t\t<h2 class=\"elementor-heading-title elementor-size-default\">Izveidojiet darba pied\u0101v\u0101jumu\n<\/h2>\t\t\t\t<\/div>\n\t\t\t\t<\/div>\n\t\t\t\t<div class=\"elementor-element elementor-element-92fc7f1 elementor-widget elementor-widget-text-editor\" data-id=\"92fc7f1\" data-element_type=\"widget\" data-widget_type=\"text-editor.default\">\n\t\t\t\t<div class=\"elementor-widget-container\">\n\t\t\t\t\t\t\t\t\t<p>Ekr\u0101na apak\u0161da\u013c\u0101 redzamas navig\u0101cijas ikonas. Atlasiet ikonu ar nosaukumu \u201eDarba pied\u0101v\u0101jumi\u201d, kas j\u016bs p\u0101rnes uz lapu \u201eMani darba pied\u0101v\u0101jumi\u201d. \u0160\u012bs lapas aug\u0161\u0113j\u0101 labaj\u0101 st\u016br\u012b atrad\u012bsit dzelteno pogu \u201ePievienot darba pied\u0101v\u0101jumu\u201d. Nospiediet \u0161o pogu, lai pievienotu darba pied\u0101v\u0101jumu. Lietojumprogramma \u013cauj ievad\u012bt da\u017e\u0101dus detaliz\u0113tus datus par pied\u0101v\u0101jumu, piem\u0113ram: amata nosaukumu, nodarbin\u0101t\u012bbas veidu vai prec\u012bzu darba laiku. P\u0113c pied\u0101v\u0101juma redi\u0123\u0113\u0161anas ritiniet l\u012bdz lapas apak\u0161ai un nospiediet pogu \u201eSaglab\u0101t un Public\u0113t\u201d, lai public\u0113tu savu pazi\u0146ojumu.<\/p>\t\t\t\t\t\t\t\t<\/div>\n\t\t\t\t<\/div>\n\t\t\t\t\t<\/div>\n\t\t<\/div>\n\t\t\t\t<div class=\"elementor-column elementor-col-50 elementor-inner-column elementor-element elementor-element-ef109c9\" data-id=\"ef109c9\" data-element_type=\"column\">\n\t\t\t<div class=\"elementor-widget-wrap elementor-element-populated\">\n\t\t\t\t\t\t<div class=\"elementor-element elementor-element-9ba976a gallery-spacing-custom elementor-widget elementor-widget-image-gallery\" data-id=\"9ba976a\" data-element_type=\"widget\" data-widget_type=\"image-gallery.default\">\n\t\t\t\t<div class=\"elementor-widget-container\">\n\t\t\t\t\t\t\t<div class=\"elementor-image-gallery\">\n\t\t\t<div id='gallery-1' class='gallery galleryid-1610 gallery-columns-2 gallery-size-large'><figure class='gallery-item'>\n\t\t\t<div class='gallery-icon portrait'>\n\t\t\t\t<img fetchpriority=\"high\" decoding=\"async\" width=\"297\" height=\"609\" src=\"https:\/\/byggjobs.app\/wp-content\/uploads\/2022\/11\/create-job-add-2.png\" class=\"attachment-large size-large\" alt=\"\" srcset=\"https:\/\/byggjobs.app\/wp-content\/uploads\/2022\/11\/create-job-add-2.png 297w, https:\/\/byggjobs.app\/wp-content\/uploads\/2022\/11\/create-job-add-2-146x300.png 146w\" sizes=\"(max-width: 297px) 100vw, 297px\" \/>\n\t\t\t<\/div><\/figure><figure class='gallery-item'>\n\t\t\t<div class='gallery-icon portrait'>\n\t\t\t\t<img decoding=\"async\" width=\"299\" height=\"608\" src=\"https:\/\/byggjobs.app\/wp-content\/uploads\/2022\/11\/create-job-add.png\" class=\"attachment-large size-large\" alt=\"\" srcset=\"https:\/\/byggjobs.app\/wp-content\/uploads\/2022\/11\/create-job-add.png 299w, https:\/\/byggjobs.app\/wp-content\/uploads\/2022\/11\/create-job-add-148x300.png 148w\" sizes=\"(max-width: 299px) 100vw, 299px\" \/>\n\t\t\t<\/div><\/figure>\n\t\t<\/div>\n\t\t<\/div>\n\t\t\t\t\t\t<\/div>\n\t\t\t\t<\/div>\n\t\t\t\t\t<\/div>\n\t\t<\/div>\n\t\t\t\t\t<\/div>\n\t\t<\/section>\n\t\t\t\t<section class=\"elementor-section elementor-inner-section elementor-element elementor-element-a85b995 elementor-section-boxed elementor-section-height-default elementor-section-height-default\" data-id=\"a85b995\" data-element_type=\"section\">\n\t\t\t\t\t\t<div class=\"elementor-container elementor-column-gap-default\">\n\t\t\t\t\t<div class=\"elementor-column elementor-col-50 elementor-inner-column elementor-element elementor-element-74c01e3\" data-id=\"74c01e3\" data-element_type=\"column\">\n\t\t\t<div class=\"elementor-widget-wrap elementor-element-populated\">\n\t\t\t\t\t\t<div class=\"elementor-element elementor-element-f74b545 text-background elementor-widget elementor-widget-heading\" data-id=\"f74b545\" data-element_type=\"widget\" data-widget_type=\"heading.default\">\n\t\t\t\t<div class=\"elementor-widget-container\">\n\t\t\t\t\t<h2 class=\"elementor-heading-title elementor-size-default\">P\u0101rl\u016bkojiet kandid\u0101tus\n<\/h2>\t\t\t\t<\/div>\n\t\t\t\t<\/div>\n\t\t\t\t<div class=\"elementor-element elementor-element-3085ed6 elementor-widget elementor-widget-text-editor\" data-id=\"3085ed6\" data-element_type=\"widget\" data-widget_type=\"text-editor.default\">\n\t\t\t\t<div class=\"elementor-widget-container\">\n\t\t\t\t\t\t\t\t\t<p>Ekr\u0101na apak\u0161da\u013c\u0101 redzamas navig\u0101cijas ikonas. Atlasiet ikonu ar nosaukumu \u201eDarba pied\u0101v\u0101jumi\u201d, kas j\u016bs p\u0101rnes uz lapu \u201eMani darba pied\u0101v\u0101jumi\u201d. Starp navig\u0101cijas izv\u0113l\u0113m lapas aug\u0161da\u013c\u0101 ir izv\u0113le ar nosaukumu \u201eAtlase\u201d. Atlasiet to, lai skat\u012btu public\u0113to darbu sarakstu. Zem katra pied\u0101v\u0101juma atrodas za\u013ca poga \u201eKandid\u0101ti\u201d. Nospiediet pogu zem amata, kas j\u016bs interes\u0113, lai redz\u0113tu visus kandid\u0101tu profilus.<\/p>\t\t\t\t\t\t\t\t<\/div>\n\t\t\t\t<\/div>\n\t\t\t\t\t<\/div>\n\t\t<\/div>\n\t\t\t\t<div class=\"elementor-column elementor-col-50 elementor-inner-column elementor-element elementor-element-eb844a5\" data-id=\"eb844a5\" data-element_type=\"column\">\n\t\t\t<div class=\"elementor-widget-wrap elementor-element-populated\">\n\t\t\t\t\t\t<div class=\"elementor-element elementor-element-90a7d49 gallery-spacing-custom elementor-widget elementor-widget-image-gallery\" data-id=\"90a7d49\" data-element_type=\"widget\" data-widget_type=\"image-gallery.default\">\n\t\t\t\t<div class=\"elementor-widget-container\">\n\t\t\t\t\t\t\t<div class=\"elementor-image-gallery\">\n\t\t\t<div id='gallery-2' class='gallery galleryid-1610 gallery-columns-2 gallery-size-large'><figure class='gallery-item'>\n\t\t\t<div class='gallery-icon portrait'>\n\t\t\t\t<img decoding=\"async\" width=\"299\" height=\"611\" src=\"https:\/\/byggjobs.app\/wp-content\/uploads\/2022\/11\/review-candidates-2.png\" class=\"attachment-large size-large\" alt=\"\" srcset=\"https:\/\/byggjobs.app\/wp-content\/uploads\/2022\/11\/review-candidates-2.png 299w, https:\/\/byggjobs.app\/wp-content\/uploads\/2022\/11\/review-candidates-2-147x300.png 147w\" sizes=\"(max-width: 299px) 100vw, 299px\" \/>\n\t\t\t<\/div><\/figure><figure class='gallery-item'>\n\t\t\t<div class='gallery-icon portrait'>\n\t\t\t\t<img loading=\"lazy\" decoding=\"async\" width=\"299\" height=\"611\" src=\"https:\/\/byggjobs.app\/wp-content\/uploads\/2022\/11\/review-candidates.png\" class=\"attachment-large size-large\" alt=\"\" srcset=\"https:\/\/byggjobs.app\/wp-content\/uploads\/2022\/11\/review-candidates.png 299w, https:\/\/byggjobs.app\/wp-content\/uploads\/2022\/11\/review-candidates-147x300.png 147w\" sizes=\"(max-width: 299px) 100vw, 299px\" \/>\n\t\t\t<\/div><\/figure>\n\t\t<\/div>\n\t\t<\/div>\n\t\t\t\t\t\t<\/div>\n\t\t\t\t<\/div>\n\t\t\t\t\t<\/div>\n\t\t<\/div>\n\t\t\t\t\t<\/div>\n\t\t<\/section>\n\t\t\t\t<section class=\"elementor-section elementor-inner-section elementor-element elementor-element-742445f elementor-section-boxed elementor-section-height-default elementor-section-height-default\" data-id=\"742445f\" data-element_type=\"section\">\n\t\t\t\t\t\t<div class=\"elementor-container elementor-column-gap-default\">\n\t\t\t\t\t<div class=\"elementor-column elementor-col-50 elementor-inner-column elementor-element elementor-element-77c7880\" data-id=\"77c7880\" data-element_type=\"column\">\n\t\t\t<div class=\"elementor-widget-wrap elementor-element-populated\">\n\t\t\t\t\t\t<div class=\"elementor-element elementor-element-b7727f6 text-background elementor-widget elementor-widget-heading\" data-id=\"b7727f6\" data-element_type=\"widget\" data-widget_type=\"heading.default\">\n\t\t\t\t<div class=\"elementor-widget-container\">\n\t\t\t\t\t<h2 class=\"elementor-heading-title elementor-size-default\">Pie\u0146emiet darb\u0101 kandid\u0101tu, kas vislab\u0101k atbilst j\u016bsu pras\u012bb\u0101m.\n<\/h2>\t\t\t\t<\/div>\n\t\t\t\t<\/div>\n\t\t\t\t<div class=\"elementor-element elementor-element-89d75e9 elementor-widget elementor-widget-text-editor\" data-id=\"89d75e9\" data-element_type=\"widget\" data-widget_type=\"text-editor.default\">\n\t\t\t\t<div class=\"elementor-widget-container\">\n\t\t\t\t\t\t\t\t\t<p>P\u0113c kandid\u0101ta, kur\u0161 atbilst vis\u0101m amata pras\u012bb\u0101m, izv\u0113les, varat s\u0101kt vi\u0146a darb\u0101 pie\u0146em\u0161anas procesu. Ieiet uz atlas\u012bt\u0101 kandid\u0101ta \u201eInform\u0101ciju par kandid\u0101tu\u201d un p\u0113c tam ritiniet uz leju l\u012bdz lapas beig\u0101m. Tur atrod dzeltena poga \u201eNodarbin\u0101t\u201d. Nospiediet \u0161o pogu, lai pazi\u0146otu potenci\u0101lajam darbiniekam, ka esat gatavs vi\u0146u pie\u0146emt darb\u0101. Tagad atliek gaid\u012bt, lai kandid\u0101ts pie\u0146emtu j\u016bsu pied\u0101v\u0101jumu.<\/p>\t\t\t\t\t\t\t\t<\/div>\n\t\t\t\t<\/div>\n\t\t\t\t\t<\/div>\n\t\t<\/div>\n\t\t\t\t<div class=\"elementor-column elementor-col-50 elementor-inner-column elementor-element elementor-element-89e9cd6\" data-id=\"89e9cd6\" data-element_type=\"column\">\n\t\t\t<div class=\"elementor-widget-wrap elementor-element-populated\">\n\t\t\t\t\t\t<div class=\"elementor-element elementor-element-28e3e05 gallery-spacing-custom elementor-widget elementor-widget-image-gallery\" data-id=\"28e3e05\" data-element_type=\"widget\" data-widget_type=\"image-gallery.default\">\n\t\t\t\t<div class=\"elementor-widget-container\">\n\t\t\t\t\t\t\t<div class=\"elementor-image-gallery\">\n\t\t\t<div id='gallery-3' class='gallery galleryid-1610 gallery-columns-2 gallery-size-large'><figure class='gallery-item'>\n\t\t\t<div class='gallery-icon portrait'>\n\t\t\t\t<img loading=\"lazy\" decoding=\"async\" width=\"297\" height=\"606\" src=\"https:\/\/byggjobs.app\/wp-content\/uploads\/2022\/11\/hire-the-best-fit-2.png\" class=\"attachment-large size-large\" alt=\"\" srcset=\"https:\/\/byggjobs.app\/wp-content\/uploads\/2022\/11\/hire-the-best-fit-2.png 297w, https:\/\/byggjobs.app\/wp-content\/uploads\/2022\/11\/hire-the-best-fit-2-147x300.png 147w\" sizes=\"(max-width: 297px) 100vw, 297px\" \/>\n\t\t\t<\/div><\/figure><figure class='gallery-item'>\n\t\t\t<div class='gallery-icon portrait'>\n\t\t\t\t<img loading=\"lazy\" decoding=\"async\" width=\"298\" height=\"610\" src=\"https:\/\/byggjobs.app\/wp-content\/uploads\/2022\/11\/hire-the-best-fit.png\" class=\"attachment-large size-large\" alt=\"\" srcset=\"https:\/\/byggjobs.app\/wp-content\/uploads\/2022\/11\/hire-the-best-fit.png 298w, https:\/\/byggjobs.app\/wp-content\/uploads\/2022\/11\/hire-the-best-fit-147x300.png 147w\" sizes=\"(max-width: 298px) 100vw, 298px\" \/>\n\t\t\t<\/div><\/figure>\n\t\t<\/div>\n\t\t<\/div>\n\t\t\t\t\t\t<\/div>\n\t\t\t\t<\/div>\n\t\t\t\t\t<\/div>\n\t\t<\/div>\n\t\t\t\t\t<\/div>\n\t\t<\/section>\n\t\t\t\t\t<\/div>\n\t\t<\/div>\n\t\t\t\t\t<\/div>\n\t\t<\/section>\n\t\t\t\t<\/div>\n\t\t","protected":false},"excerpt":{"rendered":"<p>Izveidojiet darba pied\u0101v\u0101jumu Ekr\u0101na apak\u0161da\u013c\u0101 redzamas navig\u0101cijas ikonas. Atlasiet ikonu ar nosaukumu \u201eDarba pied\u0101v\u0101jumi\u201d, kas j\u016bs p\u0101rnes uz lapu \u201eMani darba pied\u0101v\u0101jumi\u201d. \u0160\u012bs lapas aug\u0161\u0113j\u0101 labaj\u0101 st\u016br\u012b atrad\u012bsit dzelteno pogu \u201ePievienot darba pied\u0101v\u0101jumu\u201d. Nospiediet \u0161o pogu, lai pievienotu darba pied\u0101v\u0101jumu. Lietojumprogramma \u013cauj ievad\u012bt da\u017e\u0101dus detaliz\u0113tus datus par pied\u0101v\u0101jumu, piem\u0113ram: amata nosaukumu, nodarbin\u0101t\u012bbas veidu vai prec\u012bzu [&hellip;]<\/p>\n","protected":false},"author":4,"featured_media":0,"parent":0,"menu_order":0,"comment_status":"closed","ping_status":"closed","template":"","meta":{"footnotes":""},"class_list":["post-1610","page","type-page","status-publish","hentry"],"_links":{"self":[{"href":"https:\/\/byggjobs.app\/lv\/wp-json\/wp\/v2\/pages\/1610","targetHints":{"allow":["GET"]}}],"collection":[{"href":"https:\/\/byggjobs.app\/lv\/wp-json\/wp\/v2\/pages"}],"about":[{"href":"https:\/\/byggjobs.app\/lv\/wp-json\/wp\/v2\/types\/page"}],"author":[{"embeddable":true,"href":"https:\/\/byggjobs.app\/lv\/wp-json\/wp\/v2\/users\/4"}],"replies":[{"embeddable":true,"href":"https:\/\/byggjobs.app\/lv\/wp-json\/wp\/v2\/comments?post=1610"}],"version-history":[{"count":9,"href":"https:\/\/byggjobs.app\/lv\/wp-json\/wp\/v2\/pages\/1610\/revisions"}],"predecessor-version":[{"id":2362,"href":"https:\/\/byggjobs.app\/lv\/wp-json\/wp\/v2\/pages\/1610\/revisions\/2362"}],"wp:attachment":[{"href":"https:\/\/byggjobs.app\/lv\/wp-json\/wp\/v2\/media?parent=1610"}],"curies":[{"name":"wp","href":"https:\/\/api.w.org\/{rel}","templated":true}]}}