{"id":1561,"date":"2022-11-17T09:22:17","date_gmt":"2022-11-17T09:22:17","guid":{"rendered":"https:\/\/byggjobs.stg.geckodoit.com\/faq\/"},"modified":"2022-12-08T22:17:28","modified_gmt":"2022-12-08T22:17:28","slug":"faq","status":"publish","type":"page","link":"https:\/\/byggjobs.app\/lv\/faq\/","title":{"rendered":"FAQ"},"content":{"rendered":"\t\t<div data-elementor-type=\"wp-page\" data-elementor-id=\"1561\" class=\"elementor elementor-1561 elementor-17\" data-elementor-post-type=\"page\">\n\t\t\t\t\t\t<section class=\"elementor-section elementor-top-section elementor-element elementor-element-c4636ab elementor-section-height-min-height elementor-section-boxed elementor-section-height-default elementor-section-items-middle\" data-id=\"c4636ab\" data-element_type=\"section\" data-settings=\"{&quot;background_background&quot;:&quot;classic&quot;}\">\n\t\t\t\t\t\t<div class=\"elementor-container elementor-column-gap-default\">\n\t\t\t\t\t<div class=\"elementor-column elementor-col-100 elementor-top-column elementor-element elementor-element-9d14f92\" data-id=\"9d14f92\" data-element_type=\"column\">\n\t\t\t<div class=\"elementor-widget-wrap elementor-element-populated\">\n\t\t\t\t\t\t<section class=\"elementor-section elementor-inner-section elementor-element elementor-element-2643c0f elementor-section-boxed elementor-section-height-default elementor-section-height-default\" data-id=\"2643c0f\" data-element_type=\"section\">\n\t\t\t\t\t\t<div class=\"elementor-container elementor-column-gap-default\">\n\t\t\t\t\t<div class=\"elementor-column elementor-col-100 elementor-inner-column elementor-element elementor-element-c84408e\" data-id=\"c84408e\" data-element_type=\"column\">\n\t\t\t<div class=\"elementor-widget-wrap elementor-element-populated\">\n\t\t\t\t\t\t<div class=\"elementor-element elementor-element-714c673 elementor-widget elementor-widget-heading\" data-id=\"714c673\" data-element_type=\"widget\" data-widget_type=\"heading.default\">\n\t\t\t\t<div class=\"elementor-widget-container\">\n\t\t\t\t\t<h1 class=\"elementor-heading-title elementor-size-default\">FAQ<\/h1>\t\t\t\t<\/div>\n\t\t\t\t<\/div>\n\t\t\t\t\t<\/div>\n\t\t<\/div>\n\t\t\t\t\t<\/div>\n\t\t<\/section>\n\t\t\t\t\t<\/div>\n\t\t<\/div>\n\t\t\t\t\t<\/div>\n\t\t<\/section>\n\t\t\t\t<section class=\"elementor-section elementor-top-section elementor-element elementor-element-35f44e1 elementor-section-boxed elementor-section-height-default elementor-section-height-default\" data-id=\"35f44e1\" data-element_type=\"section\" data-settings=\"{&quot;background_background&quot;:&quot;classic&quot;}\">\n\t\t\t\t\t\t<div class=\"elementor-container elementor-column-gap-default\">\n\t\t\t\t\t<div class=\"elementor-column elementor-col-100 elementor-top-column elementor-element elementor-element-94d5169\" data-id=\"94d5169\" data-element_type=\"column\">\n\t\t\t<div class=\"elementor-widget-wrap elementor-element-populated\">\n\t\t\t\t\t\t<section class=\"elementor-section elementor-inner-section elementor-element elementor-element-d8c0e3d elementor-section-boxed elementor-section-height-default elementor-section-height-default\" data-id=\"d8c0e3d\" data-element_type=\"section\">\n\t\t\t\t\t\t<div class=\"elementor-container elementor-column-gap-default\">\n\t\t\t\t\t<div class=\"elementor-column elementor-col-100 elementor-inner-column elementor-element elementor-element-d70e4e7\" data-id=\"d70e4e7\" data-element_type=\"column\">\n\t\t\t<div class=\"elementor-widget-wrap elementor-element-populated\">\n\t\t\t\t\t\t<div class=\"elementor-element elementor-element-6e424ea elementor-widget elementor-widget-heading\" data-id=\"6e424ea\" data-element_type=\"widget\" data-widget_type=\"heading.default\">\n\t\t\t\t<div class=\"elementor-widget-container\">\n\t\t\t\t\t<h2 class=\"elementor-heading-title elementor-size-default\">Bie\u017ei uzdoti jaut\u0101jumi<\/h2>\t\t\t\t<\/div>\n\t\t\t\t<\/div>\n\t\t\t\t\t<\/div>\n\t\t<\/div>\n\t\t\t\t\t<\/div>\n\t\t<\/section>\n\t\t\t\t<section class=\"elementor-section elementor-inner-section elementor-element elementor-element-e33eeb8 elementor-section-boxed elementor-section-height-default elementor-section-height-default\" data-id=\"e33eeb8\" data-element_type=\"section\">\n\t\t\t\t\t\t<div class=\"elementor-container elementor-column-gap-default\">\n\t\t\t\t\t<div class=\"elementor-column elementor-col-50 elementor-inner-column elementor-element elementor-element-24ebe40\" data-id=\"24ebe40\" data-element_type=\"column\">\n\t\t\t<div class=\"elementor-widget-wrap elementor-element-populated\">\n\t\t\t\t\t\t<div class=\"elementor-element elementor-element-fec9719 elementor-widget elementor-widget-eael-adv-accordion\" data-id=\"fec9719\" data-element_type=\"widget\" data-widget_type=\"eael-adv-accordion.default\">\n\t\t\t\t<div class=\"elementor-widget-container\">\n\t\t\t\t\t            <div class=\"eael-adv-accordion\" id=\"eael-adv-accordion-fec9719\" data-scroll-on-click=\"no\" data-scroll-speed=\"300\" data-accordion-id=\"fec9719\" data-accordion-type=\"accordion\" data-toogle-speed=\"300\">\n            <div class=\"eael-accordion-list\">\n\t\t\t\t\t<div id=\"k-meklt-byggjobs-lietojumprogramm\" class=\"elementor-tab-title eael-accordion-header\" tabindex=\"0\" data-tab=\"1\" aria-controls=\"elementor-tab-content-2671\"><span class=\"eael-accordion-tab-title\">K\u0101 mekl\u0113t ByggJobs lietojumprogramm\u0101?<\/span><span class=\"eael-advanced-accordion-icon-closed\"><i aria-hidden=\"true\" class=\"fa-accordion-icon fas fa-plus\"><\/i><\/span><span class=\"eael-advanced-accordion-icon-opened\"><i aria-hidden=\"true\" class=\"fa-accordion-icon fas fa-minus\"><\/i><\/span><\/div><div id=\"elementor-tab-content-2671\" class=\"eael-accordion-content clearfix\" data-tab=\"1\" aria-labelledby=\"k-meklt-byggjobs-lietojumprogramm\"><p>P\u0113c pieteik\u0161an\u0101s s\u0101kumlap\u0101 atrodiet mekl\u0113\u0161anas funkciju. Gan lietojumprogrammas t\u012bmek\u013ca vietnes versij\u0101, gan mobilaj\u0101 lietojumprogramm\u0101 \u0161\u012b funkcija atrodas ekr\u0101na aug\u0161da\u013c\u0101. \u0160eit j\u016bs varat ievad\u012bt jebkuru amatu vai uz\u0146\u0113mumu, kas j\u016bs interes\u0113, un s\u0101kt mekl\u0113t m\u016bsu datu b\u0101z\u0113.<\/p><\/div>\n\t\t\t\t\t<\/div><div class=\"eael-accordion-list\">\n\t\t\t\t\t<div id=\"k-es-varu-saglabt-savus-iecientkos-darba-piedvjumus\" class=\"elementor-tab-title eael-accordion-header\" tabindex=\"0\" data-tab=\"2\" aria-controls=\"elementor-tab-content-2672\"><span class=\"eael-accordion-tab-title\">K\u0101 es varu saglab\u0101t savus iecien\u012bt\u0101kos darba pied\u0101v\u0101jumus?<\/span><span class=\"eael-advanced-accordion-icon-closed\"><i aria-hidden=\"true\" class=\"fa-accordion-icon fas fa-plus\"><\/i><\/span><span class=\"eael-advanced-accordion-icon-opened\"><i aria-hidden=\"true\" class=\"fa-accordion-icon fas fa-minus\"><\/i><\/span><\/div><div id=\"elementor-tab-content-2672\" class=\"eael-accordion-content clearfix\" data-tab=\"2\" aria-labelledby=\"k-es-varu-saglabt-savus-iecientkos-darba-piedvjumus\"><p>Visi pieejamie darba pied\u0101v\u0101jumi tiks par\u0101d\u012bti m\u0101jas lap\u0101. Pa labi no katra darba pied\u0101v\u0101juma ir gr\u0101matz\u012bmes ikona. Atlasiet \u0161o ikonu, lai pievienotu darbu iecien\u012bt\u0101jiem. P\u0113c tam pazi\u0146ojums tiks autom\u0101tiski pievienots gr\u0101matz\u012bmju ekr\u0101nam \u2013 lapai, kas atrodas blakus cilnei \u201eS\u0101kumlapa\u201d.<\/p><p>Ja v\u0113laties no\u0146emt darbu no ciln\u0113m, v\u0113lreiz atlasiet to pa\u0161u gr\u0101matz\u012bmes ikonu.<\/p><\/div>\n\t\t\t\t\t<\/div><div class=\"eael-accordion-list\">\n\t\t\t\t\t<div id=\"k-filtrt-darba-piedvjumus\" class=\"elementor-tab-title eael-accordion-header\" tabindex=\"0\" data-tab=\"3\" aria-controls=\"elementor-tab-content-2673\"><span class=\"eael-accordion-tab-title\">K\u0101 filtr\u0113t darba pied\u0101v\u0101jumus?<\/span><span class=\"eael-advanced-accordion-icon-closed\"><i aria-hidden=\"true\" class=\"fa-accordion-icon fas fa-plus\"><\/i><\/span><span class=\"eael-advanced-accordion-icon-opened\"><i aria-hidden=\"true\" class=\"fa-accordion-icon fas fa-minus\"><\/i><\/span><\/div><div id=\"elementor-tab-content-2673\" class=\"eael-accordion-content clearfix\" data-tab=\"3\" aria-labelledby=\"k-filtrt-darba-piedvjumus\"><p>Dodieties uz s\u0101kumlapas aug\u0161da\u013cu. Pa labi no mekl\u0113\u0161anas lodzi\u0146a ir filtra ikona. P\u0113c t\u0101 izv\u0113les tiks par\u0101d\u012bts jauns ekr\u0101ns ar da\u017e\u0101du kategoriju filtriem. Kad esat atlas\u012bjis visus vajadz\u012bgos filtrus, nospiediet pogu \u201eLietot\u201d, lai apskat\u012btu darba pied\u0101v\u0101jumus ar atlas\u012btajiem mekl\u0113\u0161anas filtriem. Ja v\u0113laties v\u0113lreiz redz\u0113t visus uzdevumus, noklik\u0161\u0137iniet uz pogas \u201eNot\u012br\u012bt\u201d, lai no\u0146emtu visus filtrus.<\/p><\/div>\n\t\t\t\t\t<\/div><div class=\"eael-accordion-list\">\n\t\t\t\t\t<div id=\"vai-varu-dalties-darba-piedvjumos-ar-draugiem\" class=\"elementor-tab-title eael-accordion-header\" tabindex=\"0\" data-tab=\"4\" aria-controls=\"elementor-tab-content-2674\"><span class=\"eael-accordion-tab-title\">Vai varu dal\u012bties darba pied\u0101v\u0101jumos ar draugiem?<\/span><span class=\"eael-advanced-accordion-icon-closed\"><i aria-hidden=\"true\" class=\"fa-accordion-icon fas fa-plus\"><\/i><\/span><span class=\"eael-advanced-accordion-icon-opened\"><i aria-hidden=\"true\" class=\"fa-accordion-icon fas fa-minus\"><\/i><\/span><\/div><div id=\"elementor-tab-content-2674\" class=\"eael-accordion-content clearfix\" data-tab=\"4\" aria-labelledby=\"vai-varu-dalties-darba-piedvjumos-ar-draugiem\"><p>J\u0101, protams. Dodieties uz \u201eS\u0101kumlapu\u201d, lai apskat\u012btu darba pied\u0101v\u0101jumu. Atlasiet pazi\u0146ojumu, kuru v\u0113laties nos\u016bt\u012bt draugiem. Redz\u0113sit detaliz\u0113tu inform\u0101ciju par pied\u0101v\u0101jumu un aug\u0161\u0113j\u0101 labaj\u0101 st\u016br\u012b koplieto\u0161anas ikonu. Atlasiet ikonu, un tad m\u016bsu lietojumprogramma ieteiks jums da\u017e\u0101dus kan\u0101lus, caur kuriem j\u016bs varat nos\u016bt\u012bt saiti uz pazi\u0146ojumu saviem draugiem.<\/p><\/div>\n\t\t\t\t\t<\/div><div class=\"eael-accordion-list\">\n\t\t\t\t\t<div id=\"k-es-varu-iesniegt-pieteikumu\" class=\"elementor-tab-title eael-accordion-header\" tabindex=\"0\" data-tab=\"5\" aria-controls=\"elementor-tab-content-2675\"><span class=\"eael-accordion-tab-title\">K\u0101 es varu iesniegt pieteikumu?<\/span><span class=\"eael-advanced-accordion-icon-closed\"><i aria-hidden=\"true\" class=\"fa-accordion-icon fas fa-plus\"><\/i><\/span><span class=\"eael-advanced-accordion-icon-opened\"><i aria-hidden=\"true\" class=\"fa-accordion-icon fas fa-minus\"><\/i><\/span><\/div><div id=\"elementor-tab-content-2675\" class=\"eael-accordion-content clearfix\" data-tab=\"5\" aria-labelledby=\"k-es-varu-iesniegt-pieteikumu\"><p>P\u0101rl\u016bkojot s\u0101kumlapu, lai atrastu piem\u0113rotus amatus, j\u016bs varat izv\u0113l\u0113ties jebkuru darba pied\u0101v\u0101jumu un apskat\u012bt pied\u0101v\u0101t\u0101 darba deta\u013cas. Ja v\u0113laties iesniegt pieteikumu, dodieties uz lapas apak\u0161da\u013cu ar detaliz\u0113tu inform\u0101ciju par darba pied\u0101v\u0101jumu un atlasiet pogu \u201ePieteikties\u201d. Nospiediet \u0161o pogu, lai s\u0101ktu pieteikuma iesnieg\u0161anas procesu. Lietojumprogramm\u0101 tiks l\u016bgts apstiprin\u0101t, ka v\u0113laties pieteikties \u0161im amatam. V\u0113lreiz atlasiet \u201ePieteikties\u201d, un j\u016bsu CV tiks p\u0101rs\u016bt\u012bts potenci\u0101lajam darba dev\u0113jam.<\/p><\/div>\n\t\t\t\t\t<\/div><div class=\"eael-accordion-list\">\n\t\t\t\t\t<div id=\"vai-es-varu-novrtt-uzmumu\" class=\"elementor-tab-title eael-accordion-header\" tabindex=\"0\" data-tab=\"6\" aria-controls=\"elementor-tab-content-2676\"><span class=\"eael-accordion-tab-title\">Vai es varu nov\u0113rt\u0113t uz\u0146\u0113mumu?<\/span><span class=\"eael-advanced-accordion-icon-closed\"><i aria-hidden=\"true\" class=\"fa-accordion-icon fas fa-plus\"><\/i><\/span><span class=\"eael-advanced-accordion-icon-opened\"><i aria-hidden=\"true\" class=\"fa-accordion-icon fas fa-minus\"><\/i><\/span><\/div><div id=\"elementor-tab-content-2676\" class=\"eael-accordion-content clearfix\" data-tab=\"6\" aria-labelledby=\"vai-es-varu-novrtt-uzmumu\"><p>J\u0101, bet tikai tad, ja str\u0101d\u0101jat ar to. P\u0101rtraucot sadarb\u012bbu ar uz\u0146\u0113mumu, m\u016bsu lietojumprogramma nos\u016bt\u012bs jums \u201epush\u201d pazi\u0146ojumu, inform\u0113jot, ka darbs ir re\u0123istr\u0113ts m\u016bsu sist\u0113m\u0101 k\u0101 pabeigts. P\u0113c pazi\u0146ojuma izv\u0113l\u0113\u0161anas j\u016bs iesiet uz lappusi ar darba pied\u0101v\u0101juma deta\u013c\u0101m, kur par\u0101d\u012bsies sada\u013ca Nov\u0113rt\u0113jumi un Atsauksmes. \u0160eit j\u016bs varat uzrakst\u012bt atsauksmi par darba dev\u0113ju un pie\u0161\u0137irt vi\u0146am nov\u0113rt\u0113jumu, lietojot zvaigznes (no vienas l\u012bdz piec\u0101m). Lai public\u0113tu savu atsauksmi, atlasiet pogu \u201ePublic\u0113t\u201d.<\/p><\/div>\n\t\t\t\t\t<\/div><div class=\"eael-accordion-list\">\n\t\t\t\t\t<div id=\"vai-var-izslgt-paziojumus\" class=\"elementor-tab-title eael-accordion-header\" tabindex=\"0\" data-tab=\"7\" aria-controls=\"elementor-tab-content-2677\"><span class=\"eael-accordion-tab-title\">Vai var izsl\u0113gt pazi\u0146ojumus?<\/span><span class=\"eael-advanced-accordion-icon-closed\"><i aria-hidden=\"true\" class=\"fa-accordion-icon fas fa-plus\"><\/i><\/span><span class=\"eael-advanced-accordion-icon-opened\"><i aria-hidden=\"true\" class=\"fa-accordion-icon fas fa-minus\"><\/i><\/span><\/div><div id=\"elementor-tab-content-2677\" class=\"eael-accordion-content clearfix\" data-tab=\"7\" aria-labelledby=\"vai-var-izslgt-paziojumus\"><p>J\u0101, protams. Lai to izdar\u012btu, dodieties uz lapas aug\u0161\u0113jo labo st\u016bri un mekl\u0113jiet divas mazas horizont\u0101las l\u012bnijas. Atlasiet, lai atv\u0113rtu nolai\u017eamo izv\u0113lni, un p\u0113c tam atlasiet \u201eIestat\u012bjumi\u201d. P\u0113c tam dodieties uz sada\u013cu \u201ePazi\u0146ojumi\u201d, kur ir redzams sl\u012bdnis Iesl\u0113gt-Izsl\u0113gt. Tas \u013cauj kontrol\u0113t m\u016bsu lietojumprogrammas par\u0101d\u012btos pazi\u0146ojumus.<\/p><\/div>\n\t\t\t\t\t<\/div><div class=\"eael-accordion-list\">\n\t\t\t\t\t<div id=\"k-es-varu-atjaunint-savu-profilu\" class=\"elementor-tab-title eael-accordion-header\" tabindex=\"0\" data-tab=\"8\" aria-controls=\"elementor-tab-content-2678\"><span class=\"eael-accordion-tab-title\">K\u0101 es varu atjaunin\u0101t savu profilu?<\/span><span class=\"eael-advanced-accordion-icon-closed\"><i aria-hidden=\"true\" class=\"fa-accordion-icon fas fa-plus\"><\/i><\/span><span class=\"eael-advanced-accordion-icon-opened\"><i aria-hidden=\"true\" class=\"fa-accordion-icon fas fa-minus\"><\/i><\/span><\/div><div id=\"elementor-tab-content-2678\" class=\"eael-accordion-content clearfix\" data-tab=\"8\" aria-labelledby=\"k-es-varu-atjaunint-savu-profilu\"><p>Lai atv\u0113rtu nolai\u017eamo izv\u0113lni, aug\u0161\u0113j\u0101 labaj\u0101 st\u016br\u012b atlasiet divas l\u012bnijas. Atlasiet pirmo izv\u0113li \u201eMy Profile\u201d, lai redi\u0123\u0113tu savu ByggJobs\u00a0profilu. J\u016bs varat pievienot pabeigtos kursus un sertifik\u0101tus, valodas, kur\u0101s run\u0101jat, savu pieredzi un portfeli. Varat ar\u012b main\u012bt jebkuru citu inform\u0101ciju, tostarp savu kontaktinform\u0101ciju.<\/p><\/div>\n\t\t\t\t\t<\/div><\/div>\t\t\t\t<\/div>\n\t\t\t\t<\/div>\n\t\t\t\t\t<\/div>\n\t\t<\/div>\n\t\t\t\t<div class=\"elementor-column elementor-col-50 elementor-inner-column elementor-element elementor-element-94c148a\" data-id=\"94c148a\" data-element_type=\"column\">\n\t\t\t<div class=\"elementor-widget-wrap elementor-element-populated\">\n\t\t\t\t\t\t<div class=\"elementor-element elementor-element-5f91cbd elementor-widget elementor-widget-eael-adv-accordion\" data-id=\"5f91cbd\" data-element_type=\"widget\" data-widget_type=\"eael-adv-accordion.default\">\n\t\t\t\t<div class=\"elementor-widget-container\">\n\t\t\t\t\t            <div class=\"eael-adv-accordion\" id=\"eael-adv-accordion-5f91cbd\" data-scroll-on-click=\"no\" data-scroll-speed=\"300\" data-accordion-id=\"5f91cbd\" data-accordion-type=\"accordion\" data-toogle-speed=\"300\">\n            <div class=\"eael-accordion-list\">\n\t\t\t\t\t<div id=\"k-apskatt-detaliztu-informciju-par-darbiniekiem\" class=\"elementor-tab-title eael-accordion-header\" tabindex=\"0\" data-tab=\"1\" aria-controls=\"elementor-tab-content-1001\"><span class=\"eael-accordion-tab-title\">K\u0101 apskat\u012bt detaliz\u0113tu inform\u0101ciju par darbiniekiem?<\/span><span class=\"eael-advanced-accordion-icon-closed\"><i aria-hidden=\"true\" class=\"fa-accordion-icon fas fa-plus\"><\/i><\/span><span class=\"eael-advanced-accordion-icon-opened\"><i aria-hidden=\"true\" class=\"fa-accordion-icon fas fa-minus\"><\/i><\/span><\/div><div id=\"elementor-tab-content-1001\" class=\"eael-accordion-content clearfix\" data-tab=\"1\" aria-labelledby=\"k-apskatt-detaliztu-informciju-par-darbiniekiem\"><p>\u201eS\u0101kumlap\u0101\u201d redzams visu j\u016bsu nozar\u0113 pieejamo darbinieku saraksts. Ja v\u0113laties uzzin\u0101t vair\u0101k par da\u017eiem no tiem, atlasiet lauci\u0146u ar personas uzv\u0101rdu un fotoatt\u0113lu, un lietojumprogramma p\u0101rnes j\u016bs uz jaunu ekr\u0101nu ar darbinieku datiem.<\/p><\/div>\n\t\t\t\t\t<\/div><div class=\"eael-accordion-list\">\n\t\t\t\t\t<div id=\"k-es-varu-izveidot-darba-piedvjumu\" class=\"elementor-tab-title eael-accordion-header\" tabindex=\"0\" data-tab=\"2\" aria-controls=\"elementor-tab-content-1002\"><span class=\"eael-accordion-tab-title\">K\u0101 es varu izveidot darba pied\u0101v\u0101jumu?<\/span><span class=\"eael-advanced-accordion-icon-closed\"><i aria-hidden=\"true\" class=\"fa-accordion-icon fas fa-plus\"><\/i><\/span><span class=\"eael-advanced-accordion-icon-opened\"><i aria-hidden=\"true\" class=\"fa-accordion-icon fas fa-minus\"><\/i><\/span><\/div><div id=\"elementor-tab-content-1002\" class=\"eael-accordion-content clearfix\" data-tab=\"2\" aria-labelledby=\"k-es-varu-izveidot-darba-piedvjumu\"><p>Ekr\u0101na apak\u0161da\u013c\u0101 redzamas navig\u0101cijas ikonas. Atlasiet ikonu ar nosaukumu \u201eDarba pied\u0101v\u0101jumi\u201d, kas j\u016bs p\u0101rnes uz lapu \u201eMani darba pied\u0101v\u0101jumi\u201d.<br \/>\u0160\u012bs lapas aug\u0161\u0113j\u0101 labaj\u0101 st\u016br\u012b atrad\u012bsit dzelteno pogu \u201ePievienot darba pied\u0101v\u0101jumu\u201d. Nospiediet \u0161o pogu, lai pievienotu darba pied\u0101v\u0101jumu. Lietojumprogramma \u013cauj ievad\u012bt da\u017e\u0101dus detaliz\u0113tus datus par pied\u0101v\u0101jumu, piem\u0113ram: amata nosaukumu, nodarbin\u0101t\u012bbas veidu vai prec\u012bzu darba laiku. P\u0113c pied\u0101v\u0101juma redi\u0123\u0113\u0161anas paritiniet uz lapas apak\u0161u un nospiediet \u201eSaglab\u0101t un Public\u0113t\u201d, lai public\u0113tu pazi\u0146ojumu.<\/p><\/div>\n\t\t\t\t\t<\/div><div class=\"eael-accordion-list\">\n\t\t\t\t\t<div id=\"k-organizt-interviju-ar-potencilo-darbinieku\" class=\"elementor-tab-title eael-accordion-header\" tabindex=\"0\" data-tab=\"3\" aria-controls=\"elementor-tab-content-1003\"><span class=\"eael-accordion-tab-title\">K\u0101 organiz\u0113t interviju ar potenci\u0101lo darbinieku?<\/span><span class=\"eael-advanced-accordion-icon-closed\"><i aria-hidden=\"true\" class=\"fa-accordion-icon fas fa-plus\"><\/i><\/span><span class=\"eael-advanced-accordion-icon-opened\"><i aria-hidden=\"true\" class=\"fa-accordion-icon fas fa-minus\"><\/i><\/span><\/div><div id=\"elementor-tab-content-1003\" class=\"eael-accordion-content clearfix\" data-tab=\"3\" aria-labelledby=\"k-organizt-interviju-ar-potencilo-darbinieku\"><p>Dodieties uz \u201eS\u0101kumlapu\u201d un atlasiet kandid\u0101tu, kuru v\u0113laties uzaicin\u0101t uz interviju. Tiks par\u0101d\u012bta lappuse ar detaliz\u0113tu inform\u0101ciju par darbinieku. Ekr\u0101na apak\u0161da\u013c\u0101 tiks redzama dzeltena poga \u201ePl\u0101not interviju\u201d. Nospiediet \u0161o pogu, lai iepl\u0101notu san\u0101ksmi un pazi\u0146otu kandid\u0101tam.<\/p><\/div>\n\t\t\t\t\t<\/div><div class=\"eael-accordion-list\">\n\t\t\t\t\t<div id=\"vai-es-varu-sarunties-ar-darbinieku-izmantojot-trztavu\" class=\"elementor-tab-title eael-accordion-header\" tabindex=\"0\" data-tab=\"4\" aria-controls=\"elementor-tab-content-1004\"><span class=\"eael-accordion-tab-title\">Vai es varu sarun\u0101ties ar darbinieku, izmantojot t\u0113rz\u0113tavu?<\/span><span class=\"eael-advanced-accordion-icon-closed\"><i aria-hidden=\"true\" class=\"fa-accordion-icon fas fa-plus\"><\/i><\/span><span class=\"eael-advanced-accordion-icon-opened\"><i aria-hidden=\"true\" class=\"fa-accordion-icon fas fa-minus\"><\/i><\/span><\/div><div id=\"elementor-tab-content-1004\" class=\"eael-accordion-content clearfix\" data-tab=\"4\" aria-labelledby=\"vai-es-varu-sarunties-ar-darbinieku-izmantojot-trztavu\"><p>J\u0101, bet tikai ar savu nodarbin\u0101tiem darbiniekiem. Navig\u0101cijas josl\u0101 ekr\u0101na apak\u0161da\u013c\u0101 ir t\u0113rz\u0113tavas ikona. Nospiediet to, lai p\u0101rietu uz t\u0113rz\u0113tavas lappusi.<\/p><\/div>\n\t\t\t\t\t<\/div><div class=\"eael-accordion-list\">\n\t\t\t\t\t<div id=\"k-atjaunint-mana-uzmuma-profilu\" class=\"elementor-tab-title eael-accordion-header\" tabindex=\"0\" data-tab=\"5\" aria-controls=\"elementor-tab-content-1005\"><span class=\"eael-accordion-tab-title\">K\u0101 atjaunin\u0101t mana uz\u0146\u0113muma profilu?<\/span><span class=\"eael-advanced-accordion-icon-closed\"><i aria-hidden=\"true\" class=\"fa-accordion-icon fas fa-plus\"><\/i><\/span><span class=\"eael-advanced-accordion-icon-opened\"><i aria-hidden=\"true\" class=\"fa-accordion-icon fas fa-minus\"><\/i><\/span><\/div><div id=\"elementor-tab-content-1005\" class=\"eael-accordion-content clearfix\" data-tab=\"5\" aria-labelledby=\"k-atjaunint-mana-uzmuma-profilu\"><p>Ekr\u0101na aug\u0161\u0113j\u0101 labaj\u0101 st\u016br\u012b atrodiet divas horizont\u0101las joslas. Izv\u0113loties \u0161o simbolu, tiks atv\u0113rta nolai\u017eam\u0101 izv\u0113lne. Pirm\u0101 izv\u0113lnes izv\u0113le ir \u201eProfils\u201d. Atlasiet \u0161o simbolu, lai atv\u0113rtu profila redi\u0123\u0113\u0161anas lapu.<\/p><\/div>\n\t\t\t\t\t<\/div><div class=\"eael-accordion-list\">\n\t\t\t\t\t<div id=\"k-es-varu-novrtt-un-recenzt-darbinieka-darbu\" class=\"elementor-tab-title eael-accordion-header\" tabindex=\"0\" data-tab=\"6\" aria-controls=\"elementor-tab-content-1006\"><span class=\"eael-accordion-tab-title\">K\u0101 es varu nov\u0113rt\u0113t un recenz\u0113t darbinieka darbu?<\/span><span class=\"eael-advanced-accordion-icon-closed\"><i aria-hidden=\"true\" class=\"fa-accordion-icon fas fa-plus\"><\/i><\/span><span class=\"eael-advanced-accordion-icon-opened\"><i aria-hidden=\"true\" class=\"fa-accordion-icon fas fa-minus\"><\/i><\/span><\/div><div id=\"elementor-tab-content-1006\" class=\"eael-accordion-content clearfix\" data-tab=\"6\" aria-labelledby=\"k-es-varu-novrtt-un-recenzt-darbinieka-darbu\"><p>Kad darbinieks b\u016bs pabeidzis darbu, j\u016bs sa\u0146emsit \u201epush\u201d pazi\u0146ojumu ar inform\u0101ciju, ka esam re\u0123istr\u0113ju\u0161i j\u016bsu sadarb\u012bbas p\u0101rtrauk\u0161anu ar darbinieku. P\u0113c inform\u0101cijas atlas\u012b\u0161anas tiks par\u0101d\u012bta jauna lapa, kur\u0101 b\u016bs iesp\u0113jams nov\u0113rt\u0113t un recenz\u0113t. Lai public\u0113tu savu atsauksmi, lapas apak\u0161\u0101 atlasiet pogu \u201ePublic\u0113t\u201d.<\/p><\/div>\n\t\t\t\t\t<\/div><\/div>\t\t\t\t<\/div>\n\t\t\t\t<\/div>\n\t\t\t\t\t<\/div>\n\t\t<\/div>\n\t\t\t\t\t<\/div>\n\t\t<\/section>\n\t\t\t\t\t<\/div>\n\t\t<\/div>\n\t\t\t\t\t<\/div>\n\t\t<\/section>\n\t\t\t\t<\/div>\n\t\t","protected":false},"excerpt":{"rendered":"<p>Bie\u017ei uzdoti jaut\u0101jumi K\u0101 mekl\u0113t ByggJobs lietojumprogramm\u0101? P\u0113c pieteik\u0161an\u0101s s\u0101kumlap\u0101 atrodiet mekl\u0113\u0161anas funkciju. Gan lietojumprogrammas t\u012bmek\u013ca vietnes versij\u0101, gan mobilaj\u0101 lietojumprogramm\u0101 \u0161\u012b funkcija atrodas ekr\u0101na aug\u0161da\u013c\u0101. \u0160eit j\u016bs varat ievad\u012bt jebkuru amatu vai uz\u0146\u0113mumu, kas j\u016bs interes\u0113, un s\u0101kt mekl\u0113t m\u016bsu datu b\u0101z\u0113. K\u0101 es varu saglab\u0101t savus iecien\u012bt\u0101kos darba pied\u0101v\u0101jumus? Visi pieejamie darba pied\u0101v\u0101jumi [&hellip;]<\/p>\n","protected":false},"author":4,"featured_media":0,"parent":0,"menu_order":0,"comment_status":"closed","ping_status":"closed","template":"","meta":{"footnotes":""},"class_list":["post-1561","page","type-page","status-publish","hentry"],"_links":{"self":[{"href":"https:\/\/byggjobs.app\/lv\/wp-json\/wp\/v2\/pages\/1561","targetHints":{"allow":["GET"]}}],"collection":[{"href":"https:\/\/byggjobs.app\/lv\/wp-json\/wp\/v2\/pages"}],"about":[{"href":"https:\/\/byggjobs.app\/lv\/wp-json\/wp\/v2\/types\/page"}],"author":[{"embeddable":true,"href":"https:\/\/byggjobs.app\/lv\/wp-json\/wp\/v2\/users\/4"}],"replies":[{"embeddable":true,"href":"https:\/\/byggjobs.app\/lv\/wp-json\/wp\/v2\/comments?post=1561"}],"version-history":[{"count":13,"href":"https:\/\/byggjobs.app\/lv\/wp-json\/wp\/v2\/pages\/1561\/revisions"}],"predecessor-version":[{"id":2369,"href":"https:\/\/byggjobs.app\/lv\/wp-json\/wp\/v2\/pages\/1561\/revisions\/2369"}],"wp:attachment":[{"href":"https:\/\/byggjobs.app\/lv\/wp-json\/wp\/v2\/media?parent=1561"}],"curies":[{"name":"wp","href":"https:\/\/api.w.org\/{rel}","templated":true}]}}