{"id":1526,"date":"2022-11-17T09:20:50","date_gmt":"2022-11-17T09:20:50","guid":{"rendered":"https:\/\/byggjobs.stg.geckodoit.com\/about-us\/"},"modified":"2022-12-08T21:57:12","modified_gmt":"2022-12-08T21:57:12","slug":"par-mums","status":"publish","type":"page","link":"https:\/\/byggjobs.app\/lv\/par-mums\/","title":{"rendered":"Par mums"},"content":{"rendered":"\t\t<div data-elementor-type=\"wp-page\" data-elementor-id=\"1526\" class=\"elementor elementor-1526 elementor-13\" data-elementor-post-type=\"page\">\n\t\t\t\t\t\t<section class=\"elementor-section elementor-top-section elementor-element elementor-element-5bb95e6 elementor-section-height-min-height elementor-section-boxed elementor-section-height-default elementor-section-items-middle\" data-id=\"5bb95e6\" data-element_type=\"section\" data-settings=\"{&quot;background_background&quot;:&quot;classic&quot;}\">\n\t\t\t\t\t\t<div class=\"elementor-container elementor-column-gap-default\">\n\t\t\t\t\t<div class=\"elementor-column elementor-col-100 elementor-top-column elementor-element elementor-element-c352216\" data-id=\"c352216\" data-element_type=\"column\">\n\t\t\t<div class=\"elementor-widget-wrap elementor-element-populated\">\n\t\t\t\t\t\t<section class=\"elementor-section elementor-inner-section elementor-element elementor-element-dbcaf34 elementor-section-boxed elementor-section-height-default elementor-section-height-default\" data-id=\"dbcaf34\" data-element_type=\"section\">\n\t\t\t\t\t\t<div class=\"elementor-container elementor-column-gap-default\">\n\t\t\t\t\t<div class=\"elementor-column elementor-col-100 elementor-inner-column elementor-element elementor-element-23f44cd\" data-id=\"23f44cd\" data-element_type=\"column\">\n\t\t\t<div class=\"elementor-widget-wrap elementor-element-populated\">\n\t\t\t\t\t\t<div class=\"elementor-element elementor-element-1e29877 elementor-widget elementor-widget-heading\" data-id=\"1e29877\" data-element_type=\"widget\" data-widget_type=\"heading.default\">\n\t\t\t\t<div class=\"elementor-widget-container\">\n\t\t\t\t\t<h1 class=\"elementor-heading-title elementor-size-default\">Par mums<\/h1>\t\t\t\t<\/div>\n\t\t\t\t<\/div>\n\t\t\t\t\t<\/div>\n\t\t<\/div>\n\t\t\t\t\t<\/div>\n\t\t<\/section>\n\t\t\t\t\t<\/div>\n\t\t<\/div>\n\t\t\t\t\t<\/div>\n\t\t<\/section>\n\t\t\t\t<section class=\"elementor-section elementor-top-section elementor-element elementor-element-05f8b2a elementor-section-boxed elementor-section-height-default elementor-section-height-default\" data-id=\"05f8b2a\" data-element_type=\"section\" data-settings=\"{&quot;background_background&quot;:&quot;classic&quot;}\">\n\t\t\t\t\t\t<div class=\"elementor-container elementor-column-gap-default\">\n\t\t\t\t\t<div class=\"elementor-column elementor-col-100 elementor-top-column elementor-element elementor-element-f533021\" data-id=\"f533021\" data-element_type=\"column\">\n\t\t\t<div class=\"elementor-widget-wrap elementor-element-populated\">\n\t\t\t\t\t\t<section class=\"elementor-section elementor-inner-section elementor-element elementor-element-df5befa elementor-section-boxed elementor-section-height-default elementor-section-height-default\" data-id=\"df5befa\" data-element_type=\"section\">\n\t\t\t\t\t\t<div class=\"elementor-container elementor-column-gap-default\">\n\t\t\t\t\t<div class=\"elementor-column elementor-col-50 elementor-inner-column elementor-element elementor-element-9661ed8\" data-id=\"9661ed8\" data-element_type=\"column\">\n\t\t\t<div class=\"elementor-widget-wrap elementor-element-populated\">\n\t\t\t\t\t\t<div class=\"elementor-element elementor-element-81a7034 text-background elementor-widget elementor-widget-heading\" data-id=\"81a7034\" data-element_type=\"widget\" data-widget_type=\"heading.default\">\n\t\t\t\t<div class=\"elementor-widget-container\">\n\t\t\t\t\t<h2 class=\"elementor-heading-title elementor-size-default\">Kas m\u0113s esam \n<\/h2>\t\t\t\t<\/div>\n\t\t\t\t<\/div>\n\t\t\t\t\t<\/div>\n\t\t<\/div>\n\t\t\t\t<div class=\"elementor-column elementor-col-50 elementor-inner-column elementor-element elementor-element-d123bdf\" data-id=\"d123bdf\" data-element_type=\"column\">\n\t\t\t<div class=\"elementor-widget-wrap elementor-element-populated\">\n\t\t\t\t\t\t<div class=\"elementor-element elementor-element-9f6b665 elementor-widget elementor-widget-text-editor\" data-id=\"9f6b665\" data-element_type=\"widget\" data-widget_type=\"text-editor.default\">\n\t\t\t\t<div class=\"elementor-widget-container\">\n\t\t\t\t\t\t\t\t\t<p>\u201eByggJobs\u201d platformu 2018. gad\u0101 izveidoja Skandin\u0101vijas EHRAB Grupa, kas nodarbojas ar rekrut\u0113\u0161anu un starpniec\u012bbu nodarbin\u0101t\u012bbas proces\u0101. M\u016bsu t\u012bmek\u013ca vietne ir virtu\u0101ls tirgus darba mekl\u0113t\u0101jiem un celtniec\u012bbas, civil\u0101s in\u017eenierijas un uzst\u0101d\u012b\u0161anas nozaru darba dev\u0113jiem Eirop\u0101. M\u016bsu m\u0113r\u0137is ir nodro\u0161in\u0101t uz\u0146\u0113mumiem no visas Eiropas uzticamu piek\u013cuvi vid\u0113ja un augsti kvalific\u0113tiem darbiniekiem.<\/p>\t\t\t\t\t\t\t\t<\/div>\n\t\t\t\t<\/div>\n\t\t\t\t\t<\/div>\n\t\t<\/div>\n\t\t\t\t\t<\/div>\n\t\t<\/section>\n\t\t\t\t<section class=\"elementor-section elementor-inner-section elementor-element elementor-element-8897543 elementor-section-boxed elementor-section-height-default elementor-section-height-default\" data-id=\"8897543\" data-element_type=\"section\">\n\t\t\t\t\t\t<div class=\"elementor-container elementor-column-gap-default\">\n\t\t\t\t\t<div class=\"elementor-column elementor-col-50 elementor-inner-column elementor-element elementor-element-d83adb0\" data-id=\"d83adb0\" data-element_type=\"column\">\n\t\t\t<div class=\"elementor-widget-wrap elementor-element-populated\">\n\t\t\t\t\t\t<div class=\"elementor-element elementor-element-4120562 text-background elementor-widget elementor-widget-heading\" data-id=\"4120562\" data-element_type=\"widget\" data-widget_type=\"heading.default\">\n\t\t\t\t<div class=\"elementor-widget-container\">\n\t\t\t\t\t<h2 class=\"elementor-heading-title elementor-size-default\">M\u016bsu misija \n<\/h2>\t\t\t\t<\/div>\n\t\t\t\t<\/div>\n\t\t\t\t\t<\/div>\n\t\t<\/div>\n\t\t\t\t<div class=\"elementor-column elementor-col-50 elementor-inner-column elementor-element elementor-element-f43244d\" data-id=\"f43244d\" data-element_type=\"column\">\n\t\t\t<div class=\"elementor-widget-wrap elementor-element-populated\">\n\t\t\t\t\t\t<div class=\"elementor-element elementor-element-7bb2279 elementor-widget elementor-widget-text-editor\" data-id=\"7bb2279\" data-element_type=\"widget\" data-widget_type=\"text-editor.default\">\n\t\t\t\t<div class=\"elementor-widget-container\">\n\t\t\t\t\t\t\t\t\t<p>P\u0113d\u0113jo desmitga\u017eu laik\u0101 Eiropas b\u016bvniec\u012bbas nozar\u0113 ir v\u0113rojama liela izaugsme, bet taj\u0101 pa\u0161\u0101 laik\u0101 t\u0101 saskaras ar gr\u016bt\u012bb\u0101m atrast kvalific\u0113tu darbasp\u0113ku. Daudzi uz\u0146\u0113mumi mekl\u0113 darbiniekus \u0101rzem\u0113s, lai nov\u0113rstu darbinieku tr\u016bkumu. Liel\u0101 piepras\u012bjuma d\u0113\u013c daudzi \u0101rvalstu darbuz\u0146\u0113m\u0113ji s\u0101ka mekl\u0113t darbiniekus Austrumeirop\u0101 un atv\u0113r\u0101s Skandin\u0101vijas valst\u012bs. Nepietiekami regul\u0113ts tirgus \u013c\u0101va izmantot Eiropas nodok\u013cu ties\u012bbu aktu nepiln\u012bbas, piem\u0113ram, t\u0101das, kas attiecas uz p\u0101rrobe\u017eu nodarbin\u0101t\u012bbu, kas attiec\u012bgi ietekm\u0113ja b\u016bvniec\u012bbas nozares darba tirgu, izraisot soci\u0101lo dempingu, uzraudz\u012bbas tr\u016bkumu un l\u012bdz ar to darbasp\u0113ka ekspluat\u0101ciju. Atbildot uz \u0161\u012bm probl\u0113m\u0101m, EHRAB Grupa izstr\u0101d\u0101ja lietojumprogrammu \u201eByggJobs\u201d, kur\u0101 \u012bpa\u0161s uzsvars tika likts uz ilgtsp\u0113j\u012bgu att\u012bst\u012bbu un soci\u0101lo atbild\u012bbu. Lietojumprogrammas \u201eByggJobs\u201d m\u0113r\u0137is ir nodro\u0161in\u0101t platformu, ar kuras pal\u012bdz\u012bbu darbinieki un darba dev\u0113ji var savstarp\u0113ji profesion\u0101li sazin\u0101ties, saglab\u0101jot partner\u012bbas sadarb\u012bbas principus. M\u016bsu ilgtermi\u0146a m\u0113r\u0137is ir likvid\u0113t soci\u0101lo dempingu b\u016bvniec\u012bbas nozar\u0113, nodro\u0161inot virtu\u0101lu darba tirgu, kura pamat\u0101 ir p\u0101rredzam\u012bba, apr\u016bpe un pien\u0101c\u012bga uzraudz\u012bba.<\/p>\t\t\t\t\t\t\t\t<\/div>\n\t\t\t\t<\/div>\n\t\t\t\t\t<\/div>\n\t\t<\/div>\n\t\t\t\t\t<\/div>\n\t\t<\/section>\n\t\t\t\t\t<\/div>\n\t\t<\/div>\n\t\t\t\t\t<\/div>\n\t\t<\/section>\n\t\t\t\t<section class=\"elementor-section elementor-top-section elementor-element elementor-element-60f6f70 elementor-section-boxed elementor-section-height-default elementor-section-height-default\" data-id=\"60f6f70\" data-element_type=\"section\">\n\t\t\t\t\t\t<div class=\"elementor-container elementor-column-gap-default\">\n\t\t\t\t\t<div class=\"elementor-column elementor-col-100 elementor-top-column elementor-element elementor-element-1f42838\" data-id=\"1f42838\" data-element_type=\"column\">\n\t\t\t<div class=\"elementor-widget-wrap elementor-element-populated\">\n\t\t\t\t\t\t<section class=\"elementor-section elementor-inner-section elementor-element elementor-element-ddcfc54 elementor-section-boxed elementor-section-height-default elementor-section-height-default\" data-id=\"ddcfc54\" data-element_type=\"section\">\n\t\t\t\t\t\t<div class=\"elementor-container elementor-column-gap-default\">\n\t\t\t\t\t<div class=\"elementor-column elementor-col-100 elementor-inner-column elementor-element elementor-element-6790c74\" data-id=\"6790c74\" data-element_type=\"column\">\n\t\t\t<div class=\"elementor-widget-wrap elementor-element-populated\">\n\t\t\t\t\t\t<div class=\"elementor-element elementor-element-31d1671 elementor-widget elementor-widget-heading\" data-id=\"31d1671\" data-element_type=\"widget\" data-widget_type=\"heading.default\">\n\t\t\t\t<div class=\"elementor-widget-container\">\n\t\t\t\t\t<h2 class=\"elementor-heading-title elementor-size-default\">M\u016bsu augst\u0101kais m\u0113r\u0137is<\/h2>\t\t\t\t<\/div>\n\t\t\t\t<\/div>\n\t\t\t\t\t<\/div>\n\t\t<\/div>\n\t\t\t\t\t<\/div>\n\t\t<\/section>\n\t\t\t\t<section class=\"elementor-section elementor-inner-section elementor-element elementor-element-c52fe32 elementor-section-boxed elementor-section-height-default elementor-section-height-default\" data-id=\"c52fe32\" data-element_type=\"section\">\n\t\t\t\t\t\t<div class=\"elementor-container elementor-column-gap-default\">\n\t\t\t\t\t<div class=\"elementor-column elementor-col-100 elementor-inner-column elementor-element elementor-element-3b8d0d9\" data-id=\"3b8d0d9\" data-element_type=\"column\">\n\t\t\t<div class=\"elementor-widget-wrap elementor-element-populated\">\n\t\t\t\t\t\t<div class=\"elementor-element elementor-element-fdb8d20 elementor-widget elementor-widget-video\" data-id=\"fdb8d20\" data-element_type=\"widget\" data-settings=\"{&quot;youtube_url&quot;:&quot;https:\\\/\\\/www.youtube.com\\\/watch?v=Pi4c-nGOfl8&quot;,&quot;video_type&quot;:&quot;youtube&quot;,&quot;controls&quot;:&quot;yes&quot;}\" data-widget_type=\"video.default\">\n\t\t\t\t<div class=\"elementor-widget-container\">\n\t\t\t\t\t\t\t<div class=\"elementor-wrapper elementor-open-inline\">\n\t\t\t<div class=\"elementor-video\"><\/div>\t\t<\/div>\n\t\t\t\t\t\t<\/div>\n\t\t\t\t<\/div>\n\t\t\t\t\t<\/div>\n\t\t<\/div>\n\t\t\t\t\t<\/div>\n\t\t<\/section>\n\t\t\t\t\t<\/div>\n\t\t<\/div>\n\t\t\t\t\t<\/div>\n\t\t<\/section>\n\t\t\t\t<\/div>\n\t\t","protected":false},"excerpt":{"rendered":"<p>Kas m\u0113s esam \u201eByggJobs\u201d platformu 2018. gad\u0101 izveidoja Skandin\u0101vijas EHRAB Grupa, kas nodarbojas ar rekrut\u0113\u0161anu un starpniec\u012bbu nodarbin\u0101t\u012bbas proces\u0101. M\u016bsu t\u012bmek\u013ca vietne ir virtu\u0101ls tirgus darba mekl\u0113t\u0101jiem un celtniec\u012bbas, civil\u0101s in\u017eenierijas un uzst\u0101d\u012b\u0161anas nozaru darba dev\u0113jiem Eirop\u0101. M\u016bsu m\u0113r\u0137is ir nodro\u0161in\u0101t uz\u0146\u0113mumiem no visas Eiropas uzticamu piek\u013cuvi vid\u0113ja un augsti kvalific\u0113tiem darbiniekiem. M\u016bsu misija P\u0113d\u0113jo [&hellip;]<\/p>\n","protected":false},"author":4,"featured_media":0,"parent":0,"menu_order":0,"comment_status":"closed","ping_status":"closed","template":"","meta":{"footnotes":""},"class_list":["post-1526","page","type-page","status-publish","hentry"],"_links":{"self":[{"href":"https:\/\/byggjobs.app\/lv\/wp-json\/wp\/v2\/pages\/1526","targetHints":{"allow":["GET"]}}],"collection":[{"href":"https:\/\/byggjobs.app\/lv\/wp-json\/wp\/v2\/pages"}],"about":[{"href":"https:\/\/byggjobs.app\/lv\/wp-json\/wp\/v2\/types\/page"}],"author":[{"embeddable":true,"href":"https:\/\/byggjobs.app\/lv\/wp-json\/wp\/v2\/users\/4"}],"replies":[{"embeddable":true,"href":"https:\/\/byggjobs.app\/lv\/wp-json\/wp\/v2\/comments?post=1526"}],"version-history":[{"count":6,"href":"https:\/\/byggjobs.app\/lv\/wp-json\/wp\/v2\/pages\/1526\/revisions"}],"predecessor-version":[{"id":2358,"href":"https:\/\/byggjobs.app\/lv\/wp-json\/wp\/v2\/pages\/1526\/revisions\/2358"}],"wp:attachment":[{"href":"https:\/\/byggjobs.app\/lv\/wp-json\/wp\/v2\/media?parent=1526"}],"curies":[{"name":"wp","href":"https:\/\/api.w.org\/{rel}","templated":true}]}}