{"id":1562,"date":"2022-11-17T09:22:17","date_gmt":"2022-11-17T09:22:17","guid":{"rendered":"https:\/\/byggjobs.stg.geckodoit.com\/faq\/"},"modified":"2022-12-08T22:47:05","modified_gmt":"2022-12-08T22:47:05","slug":"faq","status":"publish","type":"page","link":"https:\/\/byggjobs.app\/lt\/faq\/","title":{"rendered":"FAQ"},"content":{"rendered":"\t\t<div data-elementor-type=\"wp-page\" data-elementor-id=\"1562\" class=\"elementor elementor-1562 elementor-17\" data-elementor-post-type=\"page\">\n\t\t\t\t\t\t<section class=\"elementor-section elementor-top-section elementor-element elementor-element-c4636ab elementor-section-height-min-height elementor-section-boxed elementor-section-height-default elementor-section-items-middle\" data-id=\"c4636ab\" data-element_type=\"section\" data-settings=\"{&quot;background_background&quot;:&quot;classic&quot;}\">\n\t\t\t\t\t\t<div class=\"elementor-container elementor-column-gap-default\">\n\t\t\t\t\t<div class=\"elementor-column elementor-col-100 elementor-top-column elementor-element elementor-element-9d14f92\" data-id=\"9d14f92\" data-element_type=\"column\">\n\t\t\t<div class=\"elementor-widget-wrap elementor-element-populated\">\n\t\t\t\t\t\t<section class=\"elementor-section elementor-inner-section elementor-element elementor-element-2643c0f elementor-section-boxed elementor-section-height-default elementor-section-height-default\" data-id=\"2643c0f\" data-element_type=\"section\">\n\t\t\t\t\t\t<div class=\"elementor-container elementor-column-gap-default\">\n\t\t\t\t\t<div class=\"elementor-column elementor-col-100 elementor-inner-column elementor-element elementor-element-c84408e\" data-id=\"c84408e\" data-element_type=\"column\">\n\t\t\t<div class=\"elementor-widget-wrap elementor-element-populated\">\n\t\t\t\t\t\t<div class=\"elementor-element elementor-element-714c673 elementor-widget elementor-widget-heading\" data-id=\"714c673\" data-element_type=\"widget\" data-widget_type=\"heading.default\">\n\t\t\t\t<div class=\"elementor-widget-container\">\n\t\t\t\t\t<h1 class=\"elementor-heading-title elementor-size-default\">FAQ<\/h1>\t\t\t\t<\/div>\n\t\t\t\t<\/div>\n\t\t\t\t\t<\/div>\n\t\t<\/div>\n\t\t\t\t\t<\/div>\n\t\t<\/section>\n\t\t\t\t\t<\/div>\n\t\t<\/div>\n\t\t\t\t\t<\/div>\n\t\t<\/section>\n\t\t\t\t<section class=\"elementor-section elementor-top-section elementor-element elementor-element-35f44e1 elementor-section-boxed elementor-section-height-default elementor-section-height-default\" data-id=\"35f44e1\" data-element_type=\"section\" data-settings=\"{&quot;background_background&quot;:&quot;classic&quot;}\">\n\t\t\t\t\t\t<div class=\"elementor-container elementor-column-gap-default\">\n\t\t\t\t\t<div class=\"elementor-column elementor-col-100 elementor-top-column elementor-element elementor-element-94d5169\" data-id=\"94d5169\" data-element_type=\"column\">\n\t\t\t<div class=\"elementor-widget-wrap elementor-element-populated\">\n\t\t\t\t\t\t<section class=\"elementor-section elementor-inner-section elementor-element elementor-element-d8c0e3d elementor-section-boxed elementor-section-height-default elementor-section-height-default\" data-id=\"d8c0e3d\" data-element_type=\"section\">\n\t\t\t\t\t\t<div class=\"elementor-container elementor-column-gap-default\">\n\t\t\t\t\t<div class=\"elementor-column elementor-col-100 elementor-inner-column elementor-element elementor-element-d70e4e7\" data-id=\"d70e4e7\" data-element_type=\"column\">\n\t\t\t<div class=\"elementor-widget-wrap elementor-element-populated\">\n\t\t\t\t\t\t<div class=\"elementor-element elementor-element-6e424ea elementor-widget elementor-widget-heading\" data-id=\"6e424ea\" data-element_type=\"widget\" data-widget_type=\"heading.default\">\n\t\t\t\t<div class=\"elementor-widget-container\">\n\t\t\t\t\t<h2 class=\"elementor-heading-title elementor-size-default\">Da\u017eniausiai u\u017eduodami klausimai\n<\/h2>\t\t\t\t<\/div>\n\t\t\t\t<\/div>\n\t\t\t\t\t<\/div>\n\t\t<\/div>\n\t\t\t\t\t<\/div>\n\t\t<\/section>\n\t\t\t\t<section class=\"elementor-section elementor-inner-section elementor-element elementor-element-e33eeb8 elementor-section-boxed elementor-section-height-default elementor-section-height-default\" data-id=\"e33eeb8\" data-element_type=\"section\">\n\t\t\t\t\t\t<div class=\"elementor-container elementor-column-gap-default\">\n\t\t\t\t\t<div class=\"elementor-column elementor-col-50 elementor-inner-column elementor-element elementor-element-24ebe40\" data-id=\"24ebe40\" data-element_type=\"column\">\n\t\t\t<div class=\"elementor-widget-wrap elementor-element-populated\">\n\t\t\t\t\t\t<div class=\"elementor-element elementor-element-fec9719 elementor-widget elementor-widget-eael-adv-accordion\" data-id=\"fec9719\" data-element_type=\"widget\" data-widget_type=\"eael-adv-accordion.default\">\n\t\t\t\t<div class=\"elementor-widget-container\">\n\t\t\t\t\t            <div class=\"eael-adv-accordion\" id=\"eael-adv-accordion-fec9719\" data-scroll-on-click=\"no\" data-scroll-speed=\"300\" data-accordion-id=\"fec9719\" data-accordion-type=\"accordion\" data-toogle-speed=\"300\">\n            <div class=\"eael-accordion-list\">\n\t\t\t\t\t<div id=\"kaip-iekoti-byggjobs-programoje\" class=\"elementor-tab-title eael-accordion-header\" tabindex=\"0\" data-tab=\"1\" aria-controls=\"elementor-tab-content-2671\"><span class=\"eael-accordion-tab-title\">Kaip ie\u0161koti \u201eByggJobs\u201c programoje?<\/span><span class=\"eael-advanced-accordion-icon-closed\"><i aria-hidden=\"true\" class=\"fa-accordion-icon fas fa-plus\"><\/i><\/span><span class=\"eael-advanced-accordion-icon-opened\"><i aria-hidden=\"true\" class=\"fa-accordion-icon fas fa-minus\"><\/i><\/span><\/div><div id=\"elementor-tab-content-2671\" class=\"eael-accordion-content clearfix\" data-tab=\"1\" aria-labelledby=\"kaip-iekoti-byggjobs-programoje\"><p>Prisijung\u0119 \u201ePrad\u017eios\u201c ekrane raskite paie\u0161kos funkcij\u0105. Tiek WWW svetain\u0117s programos versijoje, tiek mobiliojoje program\u0117l\u0117je \u0161i funkcija rodoma ekrano vir\u0161uje. \u010cia galite \u012fvesti bet kurias Jus dominan\u010dias pareigas ar \u012fmon\u0119 ir prad\u0117ti ie\u0161koti m\u016bs\u0173 duomen\u0173 baz\u0117je.<\/p><\/div>\n\t\t\t\t\t<\/div><div class=\"eael-accordion-list\">\n\t\t\t\t\t<div id=\"kaip-galiu-isaugoti-savo-mgstamiausius-darbo-pasilymus\" class=\"elementor-tab-title eael-accordion-header\" tabindex=\"0\" data-tab=\"2\" aria-controls=\"elementor-tab-content-2672\"><span class=\"eael-accordion-tab-title\">Kaip galiu i\u0161saugoti savo m\u0117gstamiausius darbo pasi\u016blymus?<\/span><span class=\"eael-advanced-accordion-icon-closed\"><i aria-hidden=\"true\" class=\"fa-accordion-icon fas fa-plus\"><\/i><\/span><span class=\"eael-advanced-accordion-icon-opened\"><i aria-hidden=\"true\" class=\"fa-accordion-icon fas fa-minus\"><\/i><\/span><\/div><div id=\"elementor-tab-content-2672\" class=\"eael-accordion-content clearfix\" data-tab=\"2\" aria-labelledby=\"kaip-galiu-isaugoti-savo-mgstamiausius-darbo-pasilymus\"><p>Visi prieinami darbo pasi\u016blymai bus rodomi \u201ePrad\u017eios\u201c ekrane. Kiekvieno darbo pasi\u016blymo de\u0161in\u0117je yra skirsnio piktograma. Pasirinkite \u0161i\u0105 piktogram\u0105, kad prid\u0117tum\u0117te darb\u0105 prie parankini\u0173. Tada skelbimas bus automati\u0161kai prid\u0117tas prie Skirsni\u0173 ekrano \u2013 puslapis, esantis \u0161alia skirsnio \u201ePrad\u017eia\u201c.<\/p><p>Jei norite pa\u0161alinti darbo pasi\u016blym\u0105 i\u0161 savo skirsni\u0173, dar kart\u0105 pasirinkite t\u0105 pa\u010di\u0105 skirsnio piktogram\u0105.<\/p><\/div>\n\t\t\t\t\t<\/div><div class=\"eael-accordion-list\">\n\t\t\t\t\t<div id=\"kaip-filtruoti-darbo-pasilymus\" class=\"elementor-tab-title eael-accordion-header\" tabindex=\"0\" data-tab=\"3\" aria-controls=\"elementor-tab-content-2673\"><span class=\"eael-accordion-tab-title\">Kaip filtruoti darbo pasi\u016blymus?<\/span><span class=\"eael-advanced-accordion-icon-closed\"><i aria-hidden=\"true\" class=\"fa-accordion-icon fas fa-plus\"><\/i><\/span><span class=\"eael-advanced-accordion-icon-opened\"><i aria-hidden=\"true\" class=\"fa-accordion-icon fas fa-minus\"><\/i><\/span><\/div><div id=\"elementor-tab-content-2673\" class=\"eael-accordion-content clearfix\" data-tab=\"3\" aria-labelledby=\"kaip-filtruoti-darbo-pasilymus\"><p>Eikite \u012f pagrindinio puslapio prad\u017eios. Paie\u0161kos laukelio de\u0161in\u0117je yra filtro piktograma. Pasirinkus j\u0105, bus rodomas naujas ekranas su skirting\u0173 kategorij\u0173 filtrais. Pasirink\u0119 visus norimus filtrus, paspauskite mygtuk\u0105 \u201eTaikyti\u201c, kad per\u017ei\u016br\u0117tum\u0117te darbo pasi\u016blymus naudodami pasirinktus paie\u0161kos filtrus. Jei norite v\u0117l matyti visas u\u017eduotis, spustel\u0117kite mygtuk\u0105 \u201eI\u0161valyti\u201c, kad pa\u0161alintum\u0117te visus filtrus.<\/p><\/div>\n\t\t\t\t\t<\/div><div class=\"eael-accordion-list\">\n\t\t\t\t\t<div id=\"ar-galiu-pasidalinti-darbo-pasilymais-su-draugais\" class=\"elementor-tab-title eael-accordion-header\" tabindex=\"0\" data-tab=\"4\" aria-controls=\"elementor-tab-content-2674\"><span class=\"eael-accordion-tab-title\">Ar galiu pasidalinti darbo pasi\u016blymais su draugais?<\/span><span class=\"eael-advanced-accordion-icon-closed\"><i aria-hidden=\"true\" class=\"fa-accordion-icon fas fa-plus\"><\/i><\/span><span class=\"eael-advanced-accordion-icon-opened\"><i aria-hidden=\"true\" class=\"fa-accordion-icon fas fa-minus\"><\/i><\/span><\/div><div id=\"elementor-tab-content-2674\" class=\"eael-accordion-content clearfix\" data-tab=\"4\" aria-labelledby=\"ar-galiu-pasidalinti-darbo-pasilymais-su-draugais\"><p>Taip, \u017einoma. Eikite \u012f \u201ePrad\u017ei\u0105\u201c, siekdami rodyti darbo pasi\u016blym\u0105. Pasirinkite skelbim\u0105, kur\u012f norite bendrinti su draugais. Pamatysite pasi\u016blymo detales, o vir\u0161utiniame de\u0161iniajame kampe bendrinimo piktogram\u0105. Pasirinkite piktogram\u0105, o po to m\u016bs\u0173 programa pasi\u016blys \u012fvairi\u0173 kanal\u0173, per kuriuos galite si\u0173sti nuorod\u0105 \u012f skelbim\u0105 savo draugams.<\/p><\/div>\n\t\t\t\t\t<\/div><div class=\"eael-accordion-list\">\n\t\t\t\t\t<div id=\"kaip-galiu-pateikti-paraik\" class=\"elementor-tab-title eael-accordion-header\" tabindex=\"0\" data-tab=\"5\" aria-controls=\"elementor-tab-content-2675\"><span class=\"eael-accordion-tab-title\">Kaip galiu pateikti parai\u0161k\u0173?<\/span><span class=\"eael-advanced-accordion-icon-closed\"><i aria-hidden=\"true\" class=\"fa-accordion-icon fas fa-plus\"><\/i><\/span><span class=\"eael-advanced-accordion-icon-opened\"><i aria-hidden=\"true\" class=\"fa-accordion-icon fas fa-minus\"><\/i><\/span><\/div><div id=\"elementor-tab-content-2675\" class=\"eael-accordion-content clearfix\" data-tab=\"5\" aria-labelledby=\"kaip-galiu-pateikti-paraik\"><p>Per\u017ei\u016br\u0117dami tinkamas pareigas \u201ePrad\u017eios\u201c ekrane, galite pasirinkti bet kok\u012f skelbim\u0105 ir patikrinti si\u016blomo darbo detales. Jei norite pateikti parai\u0161k\u0105, eikite \u012f puslapio apa\u010di\u0105, kur rodoma i\u0161sami informacija apie darbo pasi\u016blym\u0105, ir pasirinkite mygtuk\u0105 \u201eTaikyti\u201c. Paspauskite \u0161\u012f mygtuk\u0105, kad prad\u0117tum\u0117te parai\u0161k\u0173 teikimo proces\u0105. Parai\u0161ka papra\u0161ys patvirtinimo, kad norite pateikti parai\u0161k\u0105 d\u0117l tam tikros darbo vietos. Dar kart\u0105 pasirinkite \u201ePateikti parai\u0161k\u0105\u201c, o J\u016bs\u0173 gyvenimo apra\u0161ymas bus persi\u0173stas potencialiam darbdaviui.<\/p><\/div>\n\t\t\t\t\t<\/div><div class=\"eael-accordion-list\">\n\t\t\t\t\t<div id=\"ar-galiu-vertinti-mon\" class=\"elementor-tab-title eael-accordion-header\" tabindex=\"0\" data-tab=\"6\" aria-controls=\"elementor-tab-content-2676\"><span class=\"eael-accordion-tab-title\">Ar galiu \u012fvertinti \u012fmon\u0119?<\/span><span class=\"eael-advanced-accordion-icon-closed\"><i aria-hidden=\"true\" class=\"fa-accordion-icon fas fa-plus\"><\/i><\/span><span class=\"eael-advanced-accordion-icon-opened\"><i aria-hidden=\"true\" class=\"fa-accordion-icon fas fa-minus\"><\/i><\/span><\/div><div id=\"elementor-tab-content-2676\" class=\"eael-accordion-content clearfix\" data-tab=\"6\" aria-labelledby=\"ar-galiu-vertinti-mon\"><p>Taip, bet tik \u0161iuo atveju, kai bendradarbiavote su ja. Kai nutrauksite bendradarbiavim\u0105 su \u012fmone, m\u016bs\u0173 programa atsi\u0173s Jums tiesiogin\u012f prane\u0161im\u0105, informuodama, kad darbas buvo u\u017eregistruotas m\u016bs\u0173 sistemoje kaip baigtas. Pasirink\u0119 prane\u0161im\u0105, pereisite \u012f darbo pasi\u016blymo detali\u0173 puslap\u012f, kuriame bus rodomas \u012evertinimo ir Ap\u017evalgos skirsnis. \u010cia galite para\u0161yti ap\u017evalg\u0105 apie darbdav\u012f ir suteikti jam \u012fvertinim\u0105, suteikdami \u017evaig\u017edes (nuo vieno iki penki\u0173). Nor\u0117dami paskelbti savo ap\u017evalg\u0105, spustel\u0117kite mygtuk\u0105 \u201eSkelbti\u201c.<\/p><\/div>\n\t\t\t\t\t<\/div><div class=\"eael-accordion-list\">\n\t\t\t\t\t<div id=\"ar-galima-ijungti-praneimus\" class=\"elementor-tab-title eael-accordion-header\" tabindex=\"0\" data-tab=\"7\" aria-controls=\"elementor-tab-content-2677\"><span class=\"eael-accordion-tab-title\">Ar galima i\u0161jungti prane\u0161imus?<\/span><span class=\"eael-advanced-accordion-icon-closed\"><i aria-hidden=\"true\" class=\"fa-accordion-icon fas fa-plus\"><\/i><\/span><span class=\"eael-advanced-accordion-icon-opened\"><i aria-hidden=\"true\" class=\"fa-accordion-icon fas fa-minus\"><\/i><\/span><\/div><div id=\"elementor-tab-content-2677\" class=\"eael-accordion-content clearfix\" data-tab=\"7\" aria-labelledby=\"ar-galima-ijungti-praneimus\"><p>Taip, \u017einoma. Nor\u0117dami tai padaryti, eikite \u012f vir\u0161utin\u012f de\u0161in\u012fj\u012f puslapio kamp\u0105 ir suraskite dvi ma\u017eas horizontalias linijas. Pasirinkite, kad atidarytum\u0117te i\u0161skleid\u017eiam\u0105j\u012f meniu bei pasirinkite parinkt\u012f Nuostatos. Po to eikite \u012f skirsn\u012f Prane\u0161imai, kur matomas \u0161liau\u017eiklis \u012ejungti-I\u0161jungti. Jis leid\u017eia Jums valdyti m\u016bs\u0173 programos rodomus prane\u0161imus.<\/p><\/div>\n\t\t\t\t\t<\/div><div class=\"eael-accordion-list\">\n\t\t\t\t\t<div id=\"kaip-atnaujinti-savo-profil\" class=\"elementor-tab-title eael-accordion-header\" tabindex=\"0\" data-tab=\"8\" aria-controls=\"elementor-tab-content-2678\"><span class=\"eael-accordion-tab-title\">Kaip atnaujinti savo profil\u012f?<\/span><span class=\"eael-advanced-accordion-icon-closed\"><i aria-hidden=\"true\" class=\"fa-accordion-icon fas fa-plus\"><\/i><\/span><span class=\"eael-advanced-accordion-icon-opened\"><i aria-hidden=\"true\" class=\"fa-accordion-icon fas fa-minus\"><\/i><\/span><\/div><div id=\"elementor-tab-content-2678\" class=\"eael-accordion-content clearfix\" data-tab=\"8\" aria-labelledby=\"kaip-atnaujinti-savo-profil\"><p>Pasirinkite dvi eilutes vir\u0161utiniame de\u0161iniajame kampe, kad atidarytum\u0117te i\u0161skleid\u017eiam\u0105j\u012f meniu. Pasirinkite pirm\u0105j\u0105 parinkt\u012f \u201eMy Profile\u201c, kad gal\u0117tum\u0117te redaguoti savo \u201eByggJobs\u201c profil\u012f. Galite prid\u0117ti baigtus kursus ir gautus sertifikatus, kalbas, kuriomis kalbate, savo patirt\u012f ir portfel\u012f. Galite taip pat keisti bet koki\u0105 kit\u0105 informacij\u0105, \u012fskaitant kontaktinius duomenis.<\/p><\/div>\n\t\t\t\t\t<\/div><\/div>\t\t\t\t<\/div>\n\t\t\t\t<\/div>\n\t\t\t\t\t<\/div>\n\t\t<\/div>\n\t\t\t\t<div class=\"elementor-column elementor-col-50 elementor-inner-column elementor-element elementor-element-94c148a\" data-id=\"94c148a\" data-element_type=\"column\">\n\t\t\t<div class=\"elementor-widget-wrap elementor-element-populated\">\n\t\t\t\t\t\t<div class=\"elementor-element elementor-element-5f91cbd elementor-widget elementor-widget-eael-adv-accordion\" data-id=\"5f91cbd\" data-element_type=\"widget\" data-widget_type=\"eael-adv-accordion.default\">\n\t\t\t\t<div class=\"elementor-widget-container\">\n\t\t\t\t\t            <div class=\"eael-adv-accordion\" id=\"eael-adv-accordion-5f91cbd\" data-scroll-on-click=\"no\" data-scroll-speed=\"300\" data-accordion-id=\"5f91cbd\" data-accordion-type=\"accordion\" data-toogle-speed=\"300\">\n            <div class=\"eael-accordion-list\">\n\t\t\t\t\t<div id=\"how-to-see-employee-details\" class=\"elementor-tab-title eael-accordion-header\" tabindex=\"0\" data-tab=\"1\" aria-controls=\"elementor-tab-content-1001\"><span class=\"eael-accordion-tab-title\">How to see employee details?<\/span><span class=\"eael-advanced-accordion-icon-closed\"><i aria-hidden=\"true\" class=\"fa-accordion-icon fas fa-plus\"><\/i><\/span><span class=\"eael-advanced-accordion-icon-opened\"><i aria-hidden=\"true\" class=\"fa-accordion-icon fas fa-minus\"><\/i><\/span><\/div><div id=\"elementor-tab-content-1001\" class=\"eael-accordion-content clearfix\" data-tab=\"1\" aria-labelledby=\"how-to-see-employee-details\"><p>\u201ePrad\u017eios\u201c ekrane rodomas vis\u0173 J\u016bs\u0173 pramon\u0117s prieinam\u0173 darbuotoj\u0173 s\u0105ra\u0161as. Jei norite su\u017einoti daugiau apie kai kuriuos i\u0161 j\u0173, pasirinkite tam tikro asmens pavard\u0117s ir nuotraukos lauk\u0105, o programa perkels Jus \u012f nauj\u0105 ekran\u0105, kuriame bus darbuotoj\u0173 duomen\u0173.<\/p><\/div>\n\t\t\t\t\t<\/div><div class=\"eael-accordion-list\">\n\t\t\t\t\t<div id=\"kaip-galiu-sukurti-darbo-pasilym\" class=\"elementor-tab-title eael-accordion-header\" tabindex=\"0\" data-tab=\"2\" aria-controls=\"elementor-tab-content-1002\"><span class=\"eael-accordion-tab-title\">Kaip galiu sukurti darbo pasi\u016blym\u0105?<\/span><span class=\"eael-advanced-accordion-icon-closed\"><i aria-hidden=\"true\" class=\"fa-accordion-icon fas fa-plus\"><\/i><\/span><span class=\"eael-advanced-accordion-icon-opened\"><i aria-hidden=\"true\" class=\"fa-accordion-icon fas fa-minus\"><\/i><\/span><\/div><div id=\"elementor-tab-content-1002\" class=\"eael-accordion-content clearfix\" data-tab=\"2\" aria-labelledby=\"kaip-galiu-sukurti-darbo-pasilym\"><p>Pa\u017ei\u016br\u0117k \u012f ekrano apa\u010di\u0105, kur yra nar\u0161ymo piktogram\u0173. Pasirinkite piktogram\u0105 \u201eDarbo pasi\u016blymai\u201c, kuri leis Jums eiti \u012f puslap\u012f \u201eMano darbo pasi\u016blymai\u201c.<br \/>Vir\u0161utiniame de\u0161iniajame \u0161io puslapio kampe rasite gelton\u0105 mygtuk\u0105 \u201ePrid\u0117ti darbo pasi\u016blym\u0105\u201c. Paspauskite \u0161\u012f mygtuk\u0105, kad prid\u0117tum\u0117te darbo pasi\u016blym\u0105. Programa leid\u017eia \u012fvesti \u012fvairius i\u0161samius duomenis apie pasi\u016blym\u0105, pavyzd\u017eiui: pareig\u0173 pavadinim\u0105, \u012fdarbinimo tip\u0105 ar tiksl\u0173 darbo atlikimo laik\u0105. Redagav\u0119 \u012fra\u0161\u0105, eikite \u012f puslapio apa\u010di\u0105 ir paspauskite I\u0161saugoti ir Skelbti, kad paskelbtum\u0117te savo skelbim\u0105.<\/p><\/div>\n\t\t\t\t\t<\/div><div class=\"eael-accordion-list\">\n\t\t\t\t\t<div id=\"kaip-susitarti-dl-darbo-pokalbio-su-potencialiu-darbuotoju\" class=\"elementor-tab-title eael-accordion-header\" tabindex=\"0\" data-tab=\"3\" aria-controls=\"elementor-tab-content-1003\"><span class=\"eael-accordion-tab-title\">Kaip susitarti d\u0117l darbo pokalbio su potencialiu darbuotoju?<\/span><span class=\"eael-advanced-accordion-icon-closed\"><i aria-hidden=\"true\" class=\"fa-accordion-icon fas fa-plus\"><\/i><\/span><span class=\"eael-advanced-accordion-icon-opened\"><i aria-hidden=\"true\" class=\"fa-accordion-icon fas fa-minus\"><\/i><\/span><\/div><div id=\"elementor-tab-content-1003\" class=\"eael-accordion-content clearfix\" data-tab=\"3\" aria-labelledby=\"kaip-susitarti-dl-darbo-pokalbio-su-potencialiu-darbuotoju\"><p>Eikite \u012f \u201ePrad\u017eios\u201c ekran\u0105 ir pasirinkite kandidat\u0105, kur\u012f norite pakviesti \u012f darbo pokalb\u012f. Po to pasirodys puslapis su i\u0161samia informacija apie darbuotoj\u0105. Pa\u017ei\u016br\u0117kite \u012f ekrano apa\u010di\u0105, kur rasite gelton\u0105 mygtuk\u0105 \u201eSuplanuoti darbo pokalb\u012f\u201c. Paspauskite \u0161\u012f mygtuk\u0105, kad suplanuotum\u0117te susitikim\u0105 ir prane\u0161tum\u0117te kandidatui.<\/p><\/div>\n\t\t\t\t\t<\/div><div class=\"eael-accordion-list\">\n\t\t\t\t\t<div id=\"ar-galiu-kalbtis-su-darbuotoju-per-pokalbi-program\" class=\"elementor-tab-title eael-accordion-header\" tabindex=\"0\" data-tab=\"4\" aria-controls=\"elementor-tab-content-1004\"><span class=\"eael-accordion-tab-title\">Ar galiu kalb\u0117tis su darbuotoju per pokalbi\u0173 program\u0105?<\/span><span class=\"eael-advanced-accordion-icon-closed\"><i aria-hidden=\"true\" class=\"fa-accordion-icon fas fa-plus\"><\/i><\/span><span class=\"eael-advanced-accordion-icon-opened\"><i aria-hidden=\"true\" class=\"fa-accordion-icon fas fa-minus\"><\/i><\/span><\/div><div id=\"elementor-tab-content-1004\" class=\"eael-accordion-content clearfix\" data-tab=\"4\" aria-labelledby=\"ar-galiu-kalbtis-su-darbuotoju-per-pokalbi-program\"><p>Taip, bet tik su savo samdytais darbuotojais. Ekrano apa\u010dioje esan\u010dioje nar\u0161ymo juostoje yra pokalbio piktograma. Paspauskite j\u0105, kad patektum\u0117te \u012f pokalbi\u0173 puslap\u012f.<\/p><\/div>\n\t\t\t\t\t<\/div><div class=\"eael-accordion-list\">\n\t\t\t\t\t<div id=\"kaip-atnaujinti-mano-mons-profil\" class=\"elementor-tab-title eael-accordion-header\" tabindex=\"0\" data-tab=\"5\" aria-controls=\"elementor-tab-content-1005\"><span class=\"eael-accordion-tab-title\">Kaip atnaujinti mano \u012fmon\u0117s profil\u012f?<\/span><span class=\"eael-advanced-accordion-icon-closed\"><i aria-hidden=\"true\" class=\"fa-accordion-icon fas fa-plus\"><\/i><\/span><span class=\"eael-advanced-accordion-icon-opened\"><i aria-hidden=\"true\" class=\"fa-accordion-icon fas fa-minus\"><\/i><\/span><\/div><div id=\"elementor-tab-content-1005\" class=\"eael-accordion-content clearfix\" data-tab=\"5\" aria-labelledby=\"kaip-atnaujinti-mano-mons-profil\"><p>Vir\u0161utiniame de\u0161iniajame ekrano kampe raskite dvi horizontalias juostas. Pasirinkus \u0161\u012f simbol\u012f, atsidarys i\u0161skleid\u017eiamasis meniu. Pirma parinktis meniu \u2013 Profilis. Pasirinkite \u0161\u012f simbol\u012f, nor\u0117dami \u012feiti \u012f profilio redagavimo puslap\u012f.<\/p><\/div>\n\t\t\t\t\t<\/div><div class=\"eael-accordion-list\">\n\t\t\t\t\t<div id=\"kaip-galiu-vertinti-ir-pridti-atsiliepim-dl-darbuotojo-darbo\" class=\"elementor-tab-title eael-accordion-header\" tabindex=\"0\" data-tab=\"6\" aria-controls=\"elementor-tab-content-1006\"><span class=\"eael-accordion-tab-title\">Kaip galiu \u012fvertinti ir prid\u0117ti atsiliepim\u0105 d\u0117l darbuotojo darbo?<\/span><span class=\"eael-advanced-accordion-icon-closed\"><i aria-hidden=\"true\" class=\"fa-accordion-icon fas fa-plus\"><\/i><\/span><span class=\"eael-advanced-accordion-icon-opened\"><i aria-hidden=\"true\" class=\"fa-accordion-icon fas fa-minus\"><\/i><\/span><\/div><div id=\"elementor-tab-content-1006\" class=\"eael-accordion-content clearfix\" data-tab=\"6\" aria-labelledby=\"kaip-galiu-vertinti-ir-pridti-atsiliepim-dl-darbuotojo-darbo\"><p>Darbuotojui baigus darb\u0105, gausite tiesiogin\u012f prane\u0161im\u0105 su informacija, kad u\u017eregistravome J\u016bs\u0173 bendradarbiavimo su darbuotoju nutraukim\u0105. Pasirinkus informacij\u0105 bus rodomas naujas puslapis, kuriame galima prid\u0117ti \u012fvertinim\u0105 bei ap\u017evalg\u0105. Siekdami paskelbti savo ap\u017evalg\u0105, pasirinkite mygtuk\u0105 \u201ePaskelbti\u201c, esant\u012f puslapio apa\u010dioje.<\/p><\/div>\n\t\t\t\t\t<\/div><\/div>\t\t\t\t<\/div>\n\t\t\t\t<\/div>\n\t\t\t\t\t<\/div>\n\t\t<\/div>\n\t\t\t\t\t<\/div>\n\t\t<\/section>\n\t\t\t\t\t<\/div>\n\t\t<\/div>\n\t\t\t\t\t<\/div>\n\t\t<\/section>\n\t\t\t\t<\/div>\n\t\t","protected":false},"excerpt":{"rendered":"<p>Da\u017eniausiai u\u017eduodami klausimai Kaip ie\u0161koti \u201eByggJobs\u201c programoje? Prisijung\u0119 \u201ePrad\u017eios\u201c ekrane raskite paie\u0161kos funkcij\u0105. Tiek WWW svetain\u0117s programos versijoje, tiek mobiliojoje program\u0117l\u0117je \u0161i funkcija rodoma ekrano vir\u0161uje. \u010cia galite \u012fvesti bet kurias Jus dominan\u010dias pareigas ar \u012fmon\u0119 ir prad\u0117ti ie\u0161koti m\u016bs\u0173 duomen\u0173 baz\u0117je. Kaip galiu i\u0161saugoti savo m\u0117gstamiausius darbo pasi\u016blymus? Visi prieinami darbo pasi\u016blymai bus rodomi [&hellip;]<\/p>\n","protected":false},"author":4,"featured_media":0,"parent":0,"menu_order":0,"comment_status":"closed","ping_status":"closed","template":"","meta":{"footnotes":""},"class_list":["post-1562","page","type-page","status-publish","hentry"],"_links":{"self":[{"href":"https:\/\/byggjobs.app\/lt\/wp-json\/wp\/v2\/pages\/1562","targetHints":{"allow":["GET"]}}],"collection":[{"href":"https:\/\/byggjobs.app\/lt\/wp-json\/wp\/v2\/pages"}],"about":[{"href":"https:\/\/byggjobs.app\/lt\/wp-json\/wp\/v2\/types\/page"}],"author":[{"embeddable":true,"href":"https:\/\/byggjobs.app\/lt\/wp-json\/wp\/v2\/users\/4"}],"replies":[{"embeddable":true,"href":"https:\/\/byggjobs.app\/lt\/wp-json\/wp\/v2\/comments?post=1562"}],"version-history":[{"count":13,"href":"https:\/\/byggjobs.app\/lt\/wp-json\/wp\/v2\/pages\/1562\/revisions"}],"predecessor-version":[{"id":2411,"href":"https:\/\/byggjobs.app\/lt\/wp-json\/wp\/v2\/pages\/1562\/revisions\/2411"}],"wp:attachment":[{"href":"https:\/\/byggjobs.app\/lt\/wp-json\/wp\/v2\/media?parent=1562"}],"curies":[{"name":"wp","href":"https:\/\/api.w.org\/{rel}","templated":true}]}}