{"id":1608,"date":"2022-11-17T09:21:06","date_gmt":"2022-11-17T09:21:06","guid":{"rendered":"https:\/\/byggjobs.stg.geckodoit.com\/how-it-works\/"},"modified":"2022-12-07T06:21:11","modified_gmt":"2022-12-07T06:21:11","slug":"comment-ca-marche","status":"publish","type":"page","link":"https:\/\/byggjobs.app\/fr\/comment-ca-marche\/","title":{"rendered":"Comment \u00e7a marche"},"content":{"rendered":"\t\t<div data-elementor-type=\"wp-page\" data-elementor-id=\"1608\" class=\"elementor elementor-1608 elementor-15\" data-elementor-post-type=\"page\">\n\t\t\t\t\t\t<section class=\"elementor-section elementor-top-section elementor-element elementor-element-d57b1b3 elementor-section-height-min-height elementor-section-boxed elementor-section-height-default elementor-section-items-middle\" data-id=\"d57b1b3\" data-element_type=\"section\" data-settings=\"{&quot;background_background&quot;:&quot;classic&quot;}\">\n\t\t\t\t\t\t<div class=\"elementor-container elementor-column-gap-default\">\n\t\t\t\t\t<div class=\"elementor-column elementor-col-100 elementor-top-column elementor-element elementor-element-9040d1d\" data-id=\"9040d1d\" data-element_type=\"column\">\n\t\t\t<div class=\"elementor-widget-wrap elementor-element-populated\">\n\t\t\t\t\t\t<section class=\"elementor-section elementor-inner-section elementor-element elementor-element-ae2189d elementor-section-boxed elementor-section-height-default elementor-section-height-default\" data-id=\"ae2189d\" data-element_type=\"section\">\n\t\t\t\t\t\t<div class=\"elementor-container elementor-column-gap-default\">\n\t\t\t\t\t<div class=\"elementor-column elementor-col-100 elementor-inner-column elementor-element elementor-element-e2fe13b\" data-id=\"e2fe13b\" data-element_type=\"column\">\n\t\t\t<div class=\"elementor-widget-wrap elementor-element-populated\">\n\t\t\t\t\t\t<div class=\"elementor-element elementor-element-f7f9c57 elementor-widget elementor-widget-heading\" data-id=\"f7f9c57\" data-element_type=\"widget\" data-widget_type=\"heading.default\">\n\t\t\t\t<div class=\"elementor-widget-container\">\n\t\t\t\t\t<h1 class=\"elementor-heading-title elementor-size-default\">Comment \u00e7a marche<\/h1>\t\t\t\t<\/div>\n\t\t\t\t<\/div>\n\t\t\t\t\t<\/div>\n\t\t<\/div>\n\t\t\t\t\t<\/div>\n\t\t<\/section>\n\t\t\t\t\t<\/div>\n\t\t<\/div>\n\t\t\t\t\t<\/div>\n\t\t<\/section>\n\t\t\t\t<section class=\"elementor-section elementor-top-section elementor-element elementor-element-8e38f4f elementor-section-boxed elementor-section-height-default elementor-section-height-default\" data-id=\"8e38f4f\" data-element_type=\"section\" data-settings=\"{&quot;background_background&quot;:&quot;classic&quot;}\">\n\t\t\t\t\t\t<div class=\"elementor-container elementor-column-gap-default\">\n\t\t\t\t\t<div class=\"elementor-column elementor-col-100 elementor-top-column elementor-element elementor-element-0738249\" data-id=\"0738249\" data-element_type=\"column\">\n\t\t\t<div class=\"elementor-widget-wrap elementor-element-populated\">\n\t\t\t\t\t\t<section class=\"elementor-section elementor-inner-section elementor-element elementor-element-238dc15 elementor-section-boxed elementor-section-height-default elementor-section-height-default\" data-id=\"238dc15\" data-element_type=\"section\">\n\t\t\t\t\t\t<div class=\"elementor-container elementor-column-gap-default\">\n\t\t\t\t\t<div class=\"elementor-column elementor-col-50 elementor-inner-column elementor-element elementor-element-1697f46\" data-id=\"1697f46\" data-element_type=\"column\">\n\t\t\t<div class=\"elementor-widget-wrap elementor-element-populated\">\n\t\t\t\t\t\t<div class=\"elementor-element elementor-element-b787290 text-background elementor-widget elementor-widget-heading\" data-id=\"b787290\" data-element_type=\"widget\" data-widget_type=\"heading.default\">\n\t\t\t\t<div class=\"elementor-widget-container\">\n\t\t\t\t\t<h2 class=\"elementor-heading-title elementor-size-default\">Cr\u00e9ez une offre d\u2019emploi<\/h2>\t\t\t\t<\/div>\n\t\t\t\t<\/div>\n\t\t\t\t<div class=\"elementor-element elementor-element-92fc7f1 elementor-widget elementor-widget-text-editor\" data-id=\"92fc7f1\" data-element_type=\"widget\" data-widget_type=\"text-editor.default\">\n\t\t\t\t<div class=\"elementor-widget-container\">\n\t\t\t\t\t\t\t\t\t<p>Regardez vers le bas de l\u2019\u00e9cran o\u00f9 se trouvent les ic\u00f4nes de navigation. Choisissez l\u2019ic\u00f4ne intitul\u00e9e Offres d\u2019emploi qui vous permettra de passer vers la page \u201eMes offres d\u2019emploi\u201d. \u00c0 l\u2019angle droit sup\u00e9rieur de cette page vous trouverez une touche jaune \u201eAjouter une offre d\u2019emploi\u201d. Appuyez sur cette touche pour ajouter une offre d\u2019emploi. L\u2019application permet d\u2019introduire des donn\u00e9es diverses telles que\u00a0: le nom du poste, le type d\u2019emploi ou le temps pr\u00e9cis de la r\u00e9alisation. Une fois l\u2019\u00e9dition de l\u2019offre termin\u00e9e passez vers le bas de la page et appuyez sur la touche \u201eEnregistrer et publier\u201d, pour publier l\u2019annonce.<\/p>\t\t\t\t\t\t\t\t<\/div>\n\t\t\t\t<\/div>\n\t\t\t\t\t<\/div>\n\t\t<\/div>\n\t\t\t\t<div class=\"elementor-column elementor-col-50 elementor-inner-column elementor-element elementor-element-ef109c9\" data-id=\"ef109c9\" data-element_type=\"column\">\n\t\t\t<div class=\"elementor-widget-wrap elementor-element-populated\">\n\t\t\t\t\t\t<div class=\"elementor-element elementor-element-9ba976a gallery-spacing-custom elementor-widget elementor-widget-image-gallery\" data-id=\"9ba976a\" data-element_type=\"widget\" data-widget_type=\"image-gallery.default\">\n\t\t\t\t<div class=\"elementor-widget-container\">\n\t\t\t\t\t\t\t<div class=\"elementor-image-gallery\">\n\t\t\t<div id='gallery-1' class='gallery galleryid-1608 gallery-columns-2 gallery-size-large'><figure class='gallery-item'>\n\t\t\t<div class='gallery-icon portrait'>\n\t\t\t\t<img fetchpriority=\"high\" decoding=\"async\" width=\"297\" height=\"609\" src=\"https:\/\/byggjobs.app\/wp-content\/uploads\/2022\/11\/create-job-add-2.png\" class=\"attachment-large size-large\" alt=\"\" srcset=\"https:\/\/byggjobs.app\/wp-content\/uploads\/2022\/11\/create-job-add-2.png 297w, https:\/\/byggjobs.app\/wp-content\/uploads\/2022\/11\/create-job-add-2-146x300.png 146w\" sizes=\"(max-width: 297px) 100vw, 297px\" \/>\n\t\t\t<\/div><\/figure><figure class='gallery-item'>\n\t\t\t<div class='gallery-icon portrait'>\n\t\t\t\t<img decoding=\"async\" width=\"299\" height=\"608\" src=\"https:\/\/byggjobs.app\/wp-content\/uploads\/2022\/11\/create-job-add.png\" class=\"attachment-large size-large\" alt=\"\" srcset=\"https:\/\/byggjobs.app\/wp-content\/uploads\/2022\/11\/create-job-add.png 299w, https:\/\/byggjobs.app\/wp-content\/uploads\/2022\/11\/create-job-add-148x300.png 148w\" sizes=\"(max-width: 299px) 100vw, 299px\" \/>\n\t\t\t<\/div><\/figure>\n\t\t<\/div>\n\t\t<\/div>\n\t\t\t\t\t\t<\/div>\n\t\t\t\t<\/div>\n\t\t\t\t\t<\/div>\n\t\t<\/div>\n\t\t\t\t\t<\/div>\n\t\t<\/section>\n\t\t\t\t<section class=\"elementor-section elementor-inner-section elementor-element elementor-element-a85b995 elementor-section-boxed elementor-section-height-default elementor-section-height-default\" data-id=\"a85b995\" data-element_type=\"section\">\n\t\t\t\t\t\t<div class=\"elementor-container elementor-column-gap-default\">\n\t\t\t\t\t<div class=\"elementor-column elementor-col-50 elementor-inner-column elementor-element elementor-element-74c01e3\" data-id=\"74c01e3\" data-element_type=\"column\">\n\t\t\t<div class=\"elementor-widget-wrap elementor-element-populated\">\n\t\t\t\t\t\t<div class=\"elementor-element elementor-element-f74b545 text-background elementor-widget elementor-widget-heading\" data-id=\"f74b545\" data-element_type=\"widget\" data-widget_type=\"heading.default\">\n\t\t\t\t<div class=\"elementor-widget-container\">\n\t\t\t\t\t<h2 class=\"elementor-heading-title elementor-size-default\">Passez les candidats en revue<\/h2>\t\t\t\t<\/div>\n\t\t\t\t<\/div>\n\t\t\t\t<div class=\"elementor-element elementor-element-3085ed6 elementor-widget elementor-widget-text-editor\" data-id=\"3085ed6\" data-element_type=\"widget\" data-widget_type=\"text-editor.default\">\n\t\t\t\t<div class=\"elementor-widget-container\">\n\t\t\t\t\t\t\t\t\t<p>Regardez vers le bas de l\u2019\u00e9cran o\u00f9 se trouvent les ic\u00f4nes de navigation. Choisissez l\u2019ic\u00f4ne intitul\u00e9e Offres d\u2019emploi qui vous permettra de passer vers la page \u201eMes offres d\u2019emploi\u201d. Parmi les options de navigation accessibles en haut de la page il y a une option intitul\u00e9e \u00ab\u00a0Choisir\u00a0\u00bb. Choisissez-la pour afficher la liste des offres d\u2019emploi publi\u00e9es. Au dessous de chaque offre se trouve une touche verte \u00ab\u00a0Candidats\u00a0\u00bb. Appuyez sur la touche au dessous du poste qui vous int\u00e9resse pour voir tous les profils des candidats.<\/p>\t\t\t\t\t\t\t\t<\/div>\n\t\t\t\t<\/div>\n\t\t\t\t\t<\/div>\n\t\t<\/div>\n\t\t\t\t<div class=\"elementor-column elementor-col-50 elementor-inner-column elementor-element elementor-element-eb844a5\" data-id=\"eb844a5\" data-element_type=\"column\">\n\t\t\t<div class=\"elementor-widget-wrap elementor-element-populated\">\n\t\t\t\t\t\t<div class=\"elementor-element elementor-element-90a7d49 gallery-spacing-custom elementor-widget elementor-widget-image-gallery\" data-id=\"90a7d49\" data-element_type=\"widget\" data-widget_type=\"image-gallery.default\">\n\t\t\t\t<div class=\"elementor-widget-container\">\n\t\t\t\t\t\t\t<div class=\"elementor-image-gallery\">\n\t\t\t<div id='gallery-2' class='gallery galleryid-1608 gallery-columns-2 gallery-size-large'><figure class='gallery-item'>\n\t\t\t<div class='gallery-icon portrait'>\n\t\t\t\t<img decoding=\"async\" width=\"299\" height=\"611\" src=\"https:\/\/byggjobs.app\/wp-content\/uploads\/2022\/11\/review-candidates-2.png\" class=\"attachment-large size-large\" alt=\"\" srcset=\"https:\/\/byggjobs.app\/wp-content\/uploads\/2022\/11\/review-candidates-2.png 299w, https:\/\/byggjobs.app\/wp-content\/uploads\/2022\/11\/review-candidates-2-147x300.png 147w\" sizes=\"(max-width: 299px) 100vw, 299px\" \/>\n\t\t\t<\/div><\/figure><figure class='gallery-item'>\n\t\t\t<div class='gallery-icon portrait'>\n\t\t\t\t<img loading=\"lazy\" decoding=\"async\" width=\"299\" height=\"611\" src=\"https:\/\/byggjobs.app\/wp-content\/uploads\/2022\/11\/review-candidates.png\" class=\"attachment-large size-large\" alt=\"\" srcset=\"https:\/\/byggjobs.app\/wp-content\/uploads\/2022\/11\/review-candidates.png 299w, https:\/\/byggjobs.app\/wp-content\/uploads\/2022\/11\/review-candidates-147x300.png 147w\" sizes=\"(max-width: 299px) 100vw, 299px\" \/>\n\t\t\t<\/div><\/figure>\n\t\t<\/div>\n\t\t<\/div>\n\t\t\t\t\t\t<\/div>\n\t\t\t\t<\/div>\n\t\t\t\t\t<\/div>\n\t\t<\/div>\n\t\t\t\t\t<\/div>\n\t\t<\/section>\n\t\t\t\t<section class=\"elementor-section elementor-inner-section elementor-element elementor-element-742445f elementor-section-boxed elementor-section-height-default elementor-section-height-default\" data-id=\"742445f\" data-element_type=\"section\">\n\t\t\t\t\t\t<div class=\"elementor-container elementor-column-gap-default\">\n\t\t\t\t\t<div class=\"elementor-column elementor-col-50 elementor-inner-column elementor-element elementor-element-77c7880\" data-id=\"77c7880\" data-element_type=\"column\">\n\t\t\t<div class=\"elementor-widget-wrap elementor-element-populated\">\n\t\t\t\t\t\t<div class=\"elementor-element elementor-element-b7727f6 text-background elementor-widget elementor-widget-heading\" data-id=\"b7727f6\" data-element_type=\"widget\" data-widget_type=\"heading.default\">\n\t\t\t\t<div class=\"elementor-widget-container\">\n\t\t\t\t\t<h2 class=\"elementor-heading-title elementor-size-default\">Engagez le candidat qui remplit le mieux vos exigences.<\/h2>\t\t\t\t<\/div>\n\t\t\t\t<\/div>\n\t\t\t\t<div class=\"elementor-element elementor-element-89d75e9 elementor-widget elementor-widget-text-editor\" data-id=\"89d75e9\" data-element_type=\"widget\" data-widget_type=\"text-editor.default\">\n\t\t\t\t<div class=\"elementor-widget-container\">\n\t\t\t\t\t\t\t\t\t<p>Apr\u00e8s avoir choisi le candidat qui remplit toutes les exigences pour un poste donn\u00e9 vous pouvez lancer la proc\u00e9dure de son emploi. Passez vers la page \u201eInformations sur le candidat\u201d d\u2019un candidat donn\u00e9, et ensuite faites d\u00e9filer vers le bas jusqu\u2019\u00e0 la fin de la page. Il y a l\u00e0 une touche jaune \u201eEmployer\u201d. Appuyez sur cette touche pour pr\u00e9venir l\u2019employ\u00e9 potentiel que vous \u00eates pr\u00eat \u00e0 l\u2019engager. Il suffit maintenant que le candidat accepte votre offre.<\/p>\t\t\t\t\t\t\t\t<\/div>\n\t\t\t\t<\/div>\n\t\t\t\t\t<\/div>\n\t\t<\/div>\n\t\t\t\t<div class=\"elementor-column elementor-col-50 elementor-inner-column elementor-element elementor-element-89e9cd6\" data-id=\"89e9cd6\" data-element_type=\"column\">\n\t\t\t<div class=\"elementor-widget-wrap elementor-element-populated\">\n\t\t\t\t\t\t<div class=\"elementor-element elementor-element-28e3e05 gallery-spacing-custom elementor-widget elementor-widget-image-gallery\" data-id=\"28e3e05\" data-element_type=\"widget\" data-widget_type=\"image-gallery.default\">\n\t\t\t\t<div class=\"elementor-widget-container\">\n\t\t\t\t\t\t\t<div class=\"elementor-image-gallery\">\n\t\t\t<div id='gallery-3' class='gallery galleryid-1608 gallery-columns-2 gallery-size-large'><figure class='gallery-item'>\n\t\t\t<div class='gallery-icon portrait'>\n\t\t\t\t<img loading=\"lazy\" decoding=\"async\" width=\"297\" height=\"606\" src=\"https:\/\/byggjobs.app\/wp-content\/uploads\/2022\/11\/hire-the-best-fit-2.png\" class=\"attachment-large size-large\" alt=\"\" srcset=\"https:\/\/byggjobs.app\/wp-content\/uploads\/2022\/11\/hire-the-best-fit-2.png 297w, https:\/\/byggjobs.app\/wp-content\/uploads\/2022\/11\/hire-the-best-fit-2-147x300.png 147w\" sizes=\"(max-width: 297px) 100vw, 297px\" \/>\n\t\t\t<\/div><\/figure><figure class='gallery-item'>\n\t\t\t<div class='gallery-icon portrait'>\n\t\t\t\t<img loading=\"lazy\" decoding=\"async\" width=\"298\" height=\"610\" src=\"https:\/\/byggjobs.app\/wp-content\/uploads\/2022\/11\/hire-the-best-fit.png\" class=\"attachment-large size-large\" alt=\"\" srcset=\"https:\/\/byggjobs.app\/wp-content\/uploads\/2022\/11\/hire-the-best-fit.png 298w, https:\/\/byggjobs.app\/wp-content\/uploads\/2022\/11\/hire-the-best-fit-147x300.png 147w\" sizes=\"(max-width: 298px) 100vw, 298px\" \/>\n\t\t\t<\/div><\/figure>\n\t\t<\/div>\n\t\t<\/div>\n\t\t\t\t\t\t<\/div>\n\t\t\t\t<\/div>\n\t\t\t\t\t<\/div>\n\t\t<\/div>\n\t\t\t\t\t<\/div>\n\t\t<\/section>\n\t\t\t\t\t<\/div>\n\t\t<\/div>\n\t\t\t\t\t<\/div>\n\t\t<\/section>\n\t\t\t\t<\/div>\n\t\t","protected":false},"excerpt":{"rendered":"<p>Cr\u00e9ez une offre d\u2019emploi Regardez vers le bas de l\u2019\u00e9cran o\u00f9 se trouvent les ic\u00f4nes de navigation. Choisissez l\u2019ic\u00f4ne intitul\u00e9e Offres d\u2019emploi qui vous permettra de passer vers la page \u201eMes offres d\u2019emploi\u201d. \u00c0 l\u2019angle droit sup\u00e9rieur de cette page vous trouverez une touche jaune \u201eAjouter une offre d\u2019emploi\u201d. Appuyez sur cette touche pour ajouter [&hellip;]<\/p>\n","protected":false},"author":4,"featured_media":0,"parent":0,"menu_order":0,"comment_status":"closed","ping_status":"closed","template":"","meta":{"footnotes":""},"class_list":["post-1608","page","type-page","status-publish","hentry"],"_links":{"self":[{"href":"https:\/\/byggjobs.app\/fr\/wp-json\/wp\/v2\/pages\/1608","targetHints":{"allow":["GET"]}}],"collection":[{"href":"https:\/\/byggjobs.app\/fr\/wp-json\/wp\/v2\/pages"}],"about":[{"href":"https:\/\/byggjobs.app\/fr\/wp-json\/wp\/v2\/types\/page"}],"author":[{"embeddable":true,"href":"https:\/\/byggjobs.app\/fr\/wp-json\/wp\/v2\/users\/4"}],"replies":[{"embeddable":true,"href":"https:\/\/byggjobs.app\/fr\/wp-json\/wp\/v2\/comments?post=1608"}],"version-history":[{"count":5,"href":"https:\/\/byggjobs.app\/fr\/wp-json\/wp\/v2\/pages\/1608\/revisions"}],"predecessor-version":[{"id":1719,"href":"https:\/\/byggjobs.app\/fr\/wp-json\/wp\/v2\/pages\/1608\/revisions\/1719"}],"wp:attachment":[{"href":"https:\/\/byggjobs.app\/fr\/wp-json\/wp\/v2\/media?parent=1608"}],"curies":[{"name":"wp","href":"https:\/\/api.w.org\/{rel}","templated":true}]}}