{"id":1559,"date":"2022-11-17T09:22:17","date_gmt":"2022-11-17T09:22:17","guid":{"rendered":"https:\/\/byggjobs.stg.geckodoit.com\/faq\/"},"modified":"2022-12-07T06:27:57","modified_gmt":"2022-12-07T06:27:57","slug":"faq","status":"publish","type":"page","link":"https:\/\/byggjobs.app\/fr\/faq\/","title":{"rendered":"FAQ"},"content":{"rendered":"\t\t<div data-elementor-type=\"wp-page\" data-elementor-id=\"1559\" class=\"elementor elementor-1559 elementor-17\" data-elementor-post-type=\"page\">\n\t\t\t\t\t\t<section class=\"elementor-section elementor-top-section elementor-element elementor-element-c4636ab elementor-section-height-min-height elementor-section-boxed elementor-section-height-default elementor-section-items-middle\" data-id=\"c4636ab\" data-element_type=\"section\" data-settings=\"{&quot;background_background&quot;:&quot;classic&quot;}\">\n\t\t\t\t\t\t<div class=\"elementor-container elementor-column-gap-default\">\n\t\t\t\t\t<div class=\"elementor-column elementor-col-100 elementor-top-column elementor-element elementor-element-9d14f92\" data-id=\"9d14f92\" data-element_type=\"column\">\n\t\t\t<div class=\"elementor-widget-wrap elementor-element-populated\">\n\t\t\t\t\t\t<section class=\"elementor-section elementor-inner-section elementor-element elementor-element-2643c0f elementor-section-boxed elementor-section-height-default elementor-section-height-default\" data-id=\"2643c0f\" data-element_type=\"section\">\n\t\t\t\t\t\t<div class=\"elementor-container elementor-column-gap-default\">\n\t\t\t\t\t<div class=\"elementor-column elementor-col-100 elementor-inner-column elementor-element elementor-element-c84408e\" data-id=\"c84408e\" data-element_type=\"column\">\n\t\t\t<div class=\"elementor-widget-wrap elementor-element-populated\">\n\t\t\t\t\t\t<div class=\"elementor-element elementor-element-714c673 elementor-widget elementor-widget-heading\" data-id=\"714c673\" data-element_type=\"widget\" data-widget_type=\"heading.default\">\n\t\t\t\t<div class=\"elementor-widget-container\">\n\t\t\t\t\t<h1 class=\"elementor-heading-title elementor-size-default\">FAQ<\/h1>\t\t\t\t<\/div>\n\t\t\t\t<\/div>\n\t\t\t\t\t<\/div>\n\t\t<\/div>\n\t\t\t\t\t<\/div>\n\t\t<\/section>\n\t\t\t\t\t<\/div>\n\t\t<\/div>\n\t\t\t\t\t<\/div>\n\t\t<\/section>\n\t\t\t\t<section class=\"elementor-section elementor-top-section elementor-element elementor-element-35f44e1 elementor-section-boxed elementor-section-height-default elementor-section-height-default\" data-id=\"35f44e1\" data-element_type=\"section\" data-settings=\"{&quot;background_background&quot;:&quot;classic&quot;}\">\n\t\t\t\t\t\t<div class=\"elementor-container elementor-column-gap-default\">\n\t\t\t\t\t<div class=\"elementor-column elementor-col-100 elementor-top-column elementor-element elementor-element-94d5169\" data-id=\"94d5169\" data-element_type=\"column\">\n\t\t\t<div class=\"elementor-widget-wrap elementor-element-populated\">\n\t\t\t\t\t\t<section class=\"elementor-section elementor-inner-section elementor-element elementor-element-d8c0e3d elementor-section-boxed elementor-section-height-default elementor-section-height-default\" data-id=\"d8c0e3d\" data-element_type=\"section\">\n\t\t\t\t\t\t<div class=\"elementor-container elementor-column-gap-default\">\n\t\t\t\t\t<div class=\"elementor-column elementor-col-100 elementor-inner-column elementor-element elementor-element-d70e4e7\" data-id=\"d70e4e7\" data-element_type=\"column\">\n\t\t\t<div class=\"elementor-widget-wrap elementor-element-populated\">\n\t\t\t\t\t\t<div class=\"elementor-element elementor-element-6e424ea elementor-widget elementor-widget-heading\" data-id=\"6e424ea\" data-element_type=\"widget\" data-widget_type=\"heading.default\">\n\t\t\t\t<div class=\"elementor-widget-container\">\n\t\t\t\t\t<h2 class=\"elementor-heading-title elementor-size-default\">Questions fr\u00e9quemment pos\u00e9es<\/h2>\t\t\t\t<\/div>\n\t\t\t\t<\/div>\n\t\t\t\t\t<\/div>\n\t\t<\/div>\n\t\t\t\t\t<\/div>\n\t\t<\/section>\n\t\t\t\t<section class=\"elementor-section elementor-inner-section elementor-element elementor-element-e33eeb8 elementor-section-boxed elementor-section-height-default elementor-section-height-default\" data-id=\"e33eeb8\" data-element_type=\"section\">\n\t\t\t\t\t\t<div class=\"elementor-container elementor-column-gap-default\">\n\t\t\t\t\t<div class=\"elementor-column elementor-col-50 elementor-inner-column elementor-element elementor-element-24ebe40\" data-id=\"24ebe40\" data-element_type=\"column\">\n\t\t\t<div class=\"elementor-widget-wrap elementor-element-populated\">\n\t\t\t\t\t\t<div class=\"elementor-element elementor-element-fec9719 elementor-widget elementor-widget-eael-adv-accordion\" data-id=\"fec9719\" data-element_type=\"widget\" data-widget_type=\"eael-adv-accordion.default\">\n\t\t\t\t<div class=\"elementor-widget-container\">\n\t\t\t\t\t            <div class=\"eael-adv-accordion\" id=\"eael-adv-accordion-fec9719\" data-scroll-on-click=\"no\" data-scroll-speed=\"300\" data-accordion-id=\"fec9719\" data-accordion-type=\"accordion\" data-toogle-speed=\"300\">\n            <div class=\"eael-accordion-list\">\n\t\t\t\t\t<div id=\"comment-chercher-sur-byggjobs\" class=\"elementor-tab-title eael-accordion-header\" tabindex=\"0\" data-tab=\"1\" aria-controls=\"elementor-tab-content-2671\"><span class=\"eael-accordion-tab-title\">Comment chercher sur ByggJobs?<\/span><span class=\"eael-advanced-accordion-icon-closed\"><i aria-hidden=\"true\" class=\"fa-accordion-icon fas fa-plus\"><\/i><\/span><span class=\"eael-advanced-accordion-icon-opened\"><i aria-hidden=\"true\" class=\"fa-accordion-icon fas fa-minus\"><\/i><\/span><\/div><div id=\"elementor-tab-content-2671\" class=\"eael-accordion-content clearfix\" data-tab=\"1\" aria-labelledby=\"comment-chercher-sur-byggjobs\"><p>Une fois connect\u00e9,\u00a0 trouvez la fonction de recherche \u00e0 la page d\u2019accueil. Aussi bien en version de l\u2019application destin\u00e9e au site WWW, qu\u2019en application mobile cette fonction se trouve en haut de l\u2019\u00e9cran. Vous pouvez mettre en cette place un poste ou l\u2019entreprise qui vous int\u00e9ressent et lancer la recherche dans notre base de donn\u00e9es.<\/p><\/div>\n\t\t\t\t\t<\/div><div class=\"eael-accordion-list\">\n\t\t\t\t\t<div id=\"comment-je-peux-enregistrer-mes-offres-demploi-prfres\" class=\"elementor-tab-title eael-accordion-header\" tabindex=\"0\" data-tab=\"2\" aria-controls=\"elementor-tab-content-2672\"><span class=\"eael-accordion-tab-title\">Comment je peux enregistrer mes offres d\u2019emploi pr\u00e9f\u00e9r\u00e9es?<\/span><span class=\"eael-advanced-accordion-icon-closed\"><i aria-hidden=\"true\" class=\"fa-accordion-icon fas fa-plus\"><\/i><\/span><span class=\"eael-advanced-accordion-icon-opened\"><i aria-hidden=\"true\" class=\"fa-accordion-icon fas fa-minus\"><\/i><\/span><\/div><div id=\"elementor-tab-content-2672\" class=\"eael-accordion-content clearfix\" data-tab=\"2\" aria-labelledby=\"comment-je-peux-enregistrer-mes-offres-demploi-prfres\"><p>Toutes les offres d\u2019emploi disponibles seront affich\u00e9es \u00e0 la page d\u2019accueil. \u00c0\u00a0 droite de chaque offre d\u2019emploi il y a une ic\u00f4ne d\u2019onglet. Choisissez cette ic\u00f4ne pour ajouter l\u2019offre d\u2019emploi aux favoris. L\u2019offre sera alors automatiquement ajout\u00e9e \u00e0 l\u2019\u00c9cran des onglets \u2013 page pr\u00e8s de l\u2019onglet \u00ab\u00a0Page d\u2019accueil\u00a0\u00bb.<\/p><p>Si sous voulez supprimer l\u2019offre d\u2019emploi des onglets choisissez de nouveau la m\u00eame ic\u00f4ne de l\u2019onglet.<\/p><\/div>\n\t\t\t\t\t<\/div><div class=\"eael-accordion-list\">\n\t\t\t\t\t<div id=\"comment-filtrer-les-offres-demploi-\" class=\"elementor-tab-title eael-accordion-header\" tabindex=\"0\" data-tab=\"3\" aria-controls=\"elementor-tab-content-2673\"><span class=\"eael-accordion-tab-title\">Comment filtrer les offres d\u2019emploi ?<\/span><span class=\"eael-advanced-accordion-icon-closed\"><i aria-hidden=\"true\" class=\"fa-accordion-icon fas fa-plus\"><\/i><\/span><span class=\"eael-advanced-accordion-icon-opened\"><i aria-hidden=\"true\" class=\"fa-accordion-icon fas fa-minus\"><\/i><\/span><\/div><div id=\"elementor-tab-content-2673\" class=\"eael-accordion-content clearfix\" data-tab=\"3\" aria-labelledby=\"comment-filtrer-les-offres-demploi-\"><p>Passez au d\u00e9but de la page d\u2019accueil. \u00c0 droite du champ de recherche se trouve l\u2019ic\u00f4ne du filtre. Une fois cette ic\u00f4ne choisie un nouvel \u00e9cran s\u2019affichera sur lequel de diff\u00e9rentes cat\u00e9gories de filtres seront visibles. Apr\u00e8s avoir choisi tous les filtres dont vous avez besoin appuyez sur la touche \u00ab\u00a0Appliquer\u00a0\u00bb pour afficher les offres d\u2019emploi compte tenu des filtres de recherche choisis. Si vous voulez voir de nouveau toutes les t\u00e2ches cliquez sur la touche \u00ab\u00a0Effacer\u00a0\u00bb pour supprimer tous les filtres.<\/p><\/div>\n\t\t\t\t\t<\/div><div class=\"eael-accordion-list\">\n\t\t\t\t\t<div id=\"tous-les-filtres-est-ce-que-je-peux-mettre-les-offres-demploi-la-disposition-de-mes-amis-\" class=\"elementor-tab-title eael-accordion-header\" tabindex=\"0\" data-tab=\"4\" aria-controls=\"elementor-tab-content-2674\"><span class=\"eael-accordion-tab-title\">tous les filtres. Est-ce que je peux mettre les offres d\u2019emploi \u00e0 la disposition de mes amis ?<\/span><span class=\"eael-advanced-accordion-icon-closed\"><i aria-hidden=\"true\" class=\"fa-accordion-icon fas fa-plus\"><\/i><\/span><span class=\"eael-advanced-accordion-icon-opened\"><i aria-hidden=\"true\" class=\"fa-accordion-icon fas fa-minus\"><\/i><\/span><\/div><div id=\"elementor-tab-content-2674\" class=\"eael-accordion-content clearfix\" data-tab=\"4\" aria-labelledby=\"tous-les-filtres-est-ce-que-je-peux-mettre-les-offres-demploi-la-disposition-de-mes-amis-\"><p>Oui, bien s\u00fbr. Passez \u00e0 la Page d\u2019Accueil pour afficher une offre. Choisissez l\u2019annonce que vous voulez mettre \u00e0 la disposition de vos amis. Vous verrez les d\u00e9tails de l\u2019offre et dans l\u2019angle droit sup\u00e9rieur, l\u2019ic\u00f4ne de partage. Choisissez l\u2019ic\u00f4ne et notre application vous proposera alors de diff\u00e9rents canaux via lesquels vous pouvez envoyer un lien vers l\u2019annonce \u00e0 vos amis.\u00a0<\/p><\/div>\n\t\t\t\t\t<\/div><div class=\"eael-accordion-list\">\n\t\t\t\t\t<div id=\"comment-soumettre-une-demande-\" class=\"elementor-tab-title eael-accordion-header\" tabindex=\"0\" data-tab=\"5\" aria-controls=\"elementor-tab-content-2675\"><span class=\"eael-accordion-tab-title\">Comment soumettre une demande ?<\/span><span class=\"eael-advanced-accordion-icon-closed\"><i aria-hidden=\"true\" class=\"fa-accordion-icon fas fa-plus\"><\/i><\/span><span class=\"eael-advanced-accordion-icon-opened\"><i aria-hidden=\"true\" class=\"fa-accordion-icon fas fa-minus\"><\/i><\/span><\/div><div id=\"elementor-tab-content-2675\" class=\"eael-accordion-content clearfix\" data-tab=\"5\" aria-labelledby=\"comment-soumettre-une-demande-\"><p>En parcourant la page d\u2019accueil \u00e0 la recherche de postes appropri\u00e9s vous pouvez choisir une annonce quelconque et voir les d\u00e9tails relatifs \u00e0 l\u2019emploi offert. Si vous voulez soumettre une demande passez en bas de la page \u00e0 laquelle les informations d\u00e9taill\u00e9es relatives \u00e0 l\u2019offre d\u2019emploi sont pr\u00e9sent\u00e9es, et choisissez la touche \u00ab\u00a0Appliquer\u00a0\u00bb. Appuyez sur cette touche pour lancer le processus de soumission de la demande. L\u2019application vous demandera de confirmer si vous voulez soumettre une demande pour un poste donn\u00e9. Choisissez de nouveau \u00ab\u00a0Appliquer\u00a0\u00bb et votre CV sera envoy\u00e9 \u00e0 un employeur potentiel.<\/p><\/div>\n\t\t\t\t\t<\/div><div class=\"eael-accordion-list\">\n\t\t\t\t\t<div id=\"est-ce-que-je-peux-valuer-lentreprise\" class=\"elementor-tab-title eael-accordion-header\" tabindex=\"0\" data-tab=\"6\" aria-controls=\"elementor-tab-content-2676\"><span class=\"eael-accordion-tab-title\">Est-ce que je peux \u00e9valuer l\u2019entreprise?<\/span><span class=\"eael-advanced-accordion-icon-closed\"><i aria-hidden=\"true\" class=\"fa-accordion-icon fas fa-plus\"><\/i><\/span><span class=\"eael-advanced-accordion-icon-opened\"><i aria-hidden=\"true\" class=\"fa-accordion-icon fas fa-minus\"><\/i><\/span><\/div><div id=\"elementor-tab-content-2676\" class=\"eael-accordion-content clearfix\" data-tab=\"6\" aria-labelledby=\"est-ce-que-je-peux-valuer-lentreprise\"><p>Oui, mais seulement si vous avez collabor\u00e9 avec elle. Quand vous terminez votre collaboration avec une entreprise notre application vous enverra une notification push contenant l\u2019information que le travail a \u00e9t\u00e9 enregistr\u00e9 dans notre syst\u00e8me comme termin\u00e9. La s\u00e9lection de la notification entra\u00eenera le passage \u00e0 la page des d\u00e9tails de\u00a0 l\u2019offre d\u2019emploi o\u00f9 appara\u00eetra la section Notes et Avis. Vous pouvez mettre ici une \u00e9valuation relative \u00e0 l\u2019employeur et lui donner une note, sous forme d\u2019\u00e9toiles (de une \u00e0 cinq). Pour publier votre \u00e9valuation choisissez la touche \u00ab\u00a0Publier\u00a0\u00bb.<\/p><\/div>\n\t\t\t\t\t<\/div><div class=\"eael-accordion-list\">\n\t\t\t\t\t<div id=\"est-il-possible-de-dsactiver-les-notifications\" class=\"elementor-tab-title eael-accordion-header\" tabindex=\"0\" data-tab=\"7\" aria-controls=\"elementor-tab-content-2677\"><span class=\"eael-accordion-tab-title\">Est-il possible de d\u00e9sactiver les notifications?<\/span><span class=\"eael-advanced-accordion-icon-closed\"><i aria-hidden=\"true\" class=\"fa-accordion-icon fas fa-plus\"><\/i><\/span><span class=\"eael-advanced-accordion-icon-opened\"><i aria-hidden=\"true\" class=\"fa-accordion-icon fas fa-minus\"><\/i><\/span><\/div><div id=\"elementor-tab-content-2677\" class=\"eael-accordion-content clearfix\" data-tab=\"7\" aria-labelledby=\"est-il-possible-de-dsactiver-les-notifications\"><p>Oui, bien s\u00fbr. Pour le faire, passez \u00e0 l\u2019angle droit sup\u00e9rieur de la page et cherchez deux petites lignes horizontales. Choisissez, pour ouvrir le menu d\u00e9roulant, et ensuite choisissez l\u2019option Param\u00e8tres. Passez ensuite \u00e0 la section Notifications o\u00f9 on voit le curseur Marche-Arr\u00eat. Il permet de contr\u00f4ler les notifications affich\u00e9es par notre application.<\/p><\/div>\n\t\t\t\t\t<\/div><div class=\"eael-accordion-list\">\n\t\t\t\t\t<div id=\"comment-mettre-jour-son-profil\" class=\"elementor-tab-title eael-accordion-header\" tabindex=\"0\" data-tab=\"8\" aria-controls=\"elementor-tab-content-2678\"><span class=\"eael-accordion-tab-title\">Comment mettre \u00e0 jour son profil?<\/span><span class=\"eael-advanced-accordion-icon-closed\"><i aria-hidden=\"true\" class=\"fa-accordion-icon fas fa-plus\"><\/i><\/span><span class=\"eael-advanced-accordion-icon-opened\"><i aria-hidden=\"true\" class=\"fa-accordion-icon fas fa-minus\"><\/i><\/span><\/div><div id=\"elementor-tab-content-2678\" class=\"eael-accordion-content clearfix\" data-tab=\"8\" aria-labelledby=\"comment-mettre-jour-son-profil\"><p>Choisissez deux lignes dans l\u2019angle droit sup\u00e9rieur pour ouvrir le menu d\u00e9roulant. Choisissez la premi\u00e8re option My Profile, pour modifier votre profil au service ByggJobs. Vous pouvez ajouter des stages faits et des certificats obtenus, les langues que vous parlez, votre exp\u00e9rience et votre portfolio. Vous pouvez \u00e9galement modifier toutes les autres informations dont vos d\u00e9tails de contact.<\/p><\/div>\n\t\t\t\t\t<\/div><\/div>\t\t\t\t<\/div>\n\t\t\t\t<\/div>\n\t\t\t\t\t<\/div>\n\t\t<\/div>\n\t\t\t\t<div class=\"elementor-column elementor-col-50 elementor-inner-column elementor-element elementor-element-94c148a\" data-id=\"94c148a\" data-element_type=\"column\">\n\t\t\t<div class=\"elementor-widget-wrap elementor-element-populated\">\n\t\t\t\t\t\t<div class=\"elementor-element elementor-element-5f91cbd elementor-widget elementor-widget-eael-adv-accordion\" data-id=\"5f91cbd\" data-element_type=\"widget\" data-widget_type=\"eael-adv-accordion.default\">\n\t\t\t\t<div class=\"elementor-widget-container\">\n\t\t\t\t\t            <div class=\"eael-adv-accordion\" id=\"eael-adv-accordion-5f91cbd\" data-scroll-on-click=\"no\" data-scroll-speed=\"300\" data-accordion-id=\"5f91cbd\" data-accordion-type=\"accordion\" data-toogle-speed=\"300\">\n            <div class=\"eael-accordion-list\">\n\t\t\t\t\t<div id=\"comment-afficher-les-informations-dtailles-relatives-aux-employs\" class=\"elementor-tab-title eael-accordion-header\" tabindex=\"0\" data-tab=\"1\" aria-controls=\"elementor-tab-content-1001\"><span class=\"eael-accordion-tab-title\">Comment afficher les informations d\u00e9taill\u00e9es relatives aux employ\u00e9s?<\/span><span class=\"eael-advanced-accordion-icon-closed\"><i aria-hidden=\"true\" class=\"fa-accordion-icon fas fa-plus\"><\/i><\/span><span class=\"eael-advanced-accordion-icon-opened\"><i aria-hidden=\"true\" class=\"fa-accordion-icon fas fa-minus\"><\/i><\/span><\/div><div id=\"elementor-tab-content-1001\" class=\"eael-accordion-content clearfix\" data-tab=\"1\" aria-labelledby=\"comment-afficher-les-informations-dtailles-relatives-aux-employs\"><p>\u00c0 la Page d\u2019Accueil on voit la liste de tous les employ\u00e9s disponibles de votre secteur. Si vous voulez en savoir plus sur certains d\u2019eux, choisissez le champ avec le nom et la photo de la personne concern\u00e9e et l\u2019application vous am\u00e8nera vers un nouvel \u00e9cran o\u00f9 se trouvent les donn\u00e9es de l\u2019employ\u00e9.<\/p><\/div>\n\t\t\t\t\t<\/div><div class=\"eael-accordion-list\">\n\t\t\t\t\t<div id=\"comment-je-peux-crer-une-offre-demploi\" class=\"elementor-tab-title eael-accordion-header\" tabindex=\"0\" data-tab=\"2\" aria-controls=\"elementor-tab-content-1002\"><span class=\"eael-accordion-tab-title\">Comment je peux cr\u00e9er une offre d\u2019emploi?<\/span><span class=\"eael-advanced-accordion-icon-closed\"><i aria-hidden=\"true\" class=\"fa-accordion-icon fas fa-plus\"><\/i><\/span><span class=\"eael-advanced-accordion-icon-opened\"><i aria-hidden=\"true\" class=\"fa-accordion-icon fas fa-minus\"><\/i><\/span><\/div><div id=\"elementor-tab-content-1002\" class=\"eael-accordion-content clearfix\" data-tab=\"2\" aria-labelledby=\"comment-je-peux-crer-une-offre-demploi\"><p>Regardez en bas de l\u2019\u00e9cran o\u00f9 il y a les ic\u00f4nes de navigation. Choisissez l\u2019ic\u00f4ne intitul\u00e9e Offres d\u2019emploi qui vous permettra de passer \u00e0 la page Mes offres d\u2019emploi.\u00a0<br \/>\u00c0 l\u2019angle droit sup\u00e9rieur de cette page vous trouverez une touche jaune\u00a0 \u201eAjoutez une offre d\u2019emploi\u201d. Appuyez sur cette touche pour ajouter une offre d\u2019emploi. L\u2019application permet d\u2019introduire de diff\u00e9rents d\u00e9tails relatifs \u00e0 l\u2019offre, tels que: le nom du poste, le type d\u2019emploi ou le temps exact de l\u2019ex\u00e9cution du travail. Une fois l\u2019\u00e9dition de l\u2019offre termin\u00e9e, passez en bas de la page et appuyez\u00a0 Enregistrer et Publier, pour publier l\u2019annonce.<\/p><\/div>\n\t\t\t\t\t<\/div><div class=\"eael-accordion-list\">\n\t\t\t\t\t<div id=\"comment-organiser-un-entretien-avec-un-employ-potentiel\" class=\"elementor-tab-title eael-accordion-header\" tabindex=\"0\" data-tab=\"3\" aria-controls=\"elementor-tab-content-1003\"><span class=\"eael-accordion-tab-title\">Comment organiser un entretien avec un employ\u00e9 potentiel?<\/span><span class=\"eael-advanced-accordion-icon-closed\"><i aria-hidden=\"true\" class=\"fa-accordion-icon fas fa-plus\"><\/i><\/span><span class=\"eael-advanced-accordion-icon-opened\"><i aria-hidden=\"true\" class=\"fa-accordion-icon fas fa-minus\"><\/i><\/span><\/div><div id=\"elementor-tab-content-1003\" class=\"eael-accordion-content clearfix\" data-tab=\"3\" aria-labelledby=\"comment-organiser-un-entretien-avec-un-employ-potentiel\"><p>Passez \u00e0 la Page d\u2019Accueil et choisissez le candidat que vous voulez inviter \u00e0 l\u2019entretien. La page qui pr\u00e9sente les informations d\u00e9taill\u00e9es relatives \u00e0 l\u2019employ\u00e9 sera affich\u00e9e. Regardez la partie inf\u00e9rieure de l\u2019\u00e9cran o\u00f9 vous trouverez la touche jaune\u00a0 \u201eOrganiser l\u2019entretien\u201d. Appuyer sur cette touche pour fixer l\u2019entretien et aviser le candidat.<\/p><\/div>\n\t\t\t\t\t<\/div><div class=\"eael-accordion-list\">\n\t\t\t\t\t<div id=\"pourrai-je-parler-avec-lemploy-par-chat\" class=\"elementor-tab-title eael-accordion-header\" tabindex=\"0\" data-tab=\"4\" aria-controls=\"elementor-tab-content-1004\"><span class=\"eael-accordion-tab-title\">Pourrai-je parler avec l\u2019employ\u00e9 par chat?<\/span><span class=\"eael-advanced-accordion-icon-closed\"><i aria-hidden=\"true\" class=\"fa-accordion-icon fas fa-plus\"><\/i><\/span><span class=\"eael-advanced-accordion-icon-opened\"><i aria-hidden=\"true\" class=\"fa-accordion-icon fas fa-minus\"><\/i><\/span><\/div><div id=\"elementor-tab-content-1004\" class=\"eael-accordion-content clearfix\" data-tab=\"4\" aria-labelledby=\"pourrai-je-parler-avec-lemploy-par-chat\"><p>Oui, mais seulement avec les employ\u00e9s que vous avez embauch\u00e9s. Sur la barre de navigation dans la partie inf\u00e9rieure de l\u2019\u00e9cran il y a l\u2019ic\u00f4ne chat. Appuyez pour passer \u00e0 la page chat<\/p><\/div>\n\t\t\t\t\t<\/div><div class=\"eael-accordion-list\">\n\t\t\t\t\t<div id=\"comment-mettre-jour-le-profil-de-mon-entreprise-\" class=\"elementor-tab-title eael-accordion-header\" tabindex=\"0\" data-tab=\"5\" aria-controls=\"elementor-tab-content-1005\"><span class=\"eael-accordion-tab-title\">Comment mettre \u00e0 jour le profil de mon entreprise ?<\/span><span class=\"eael-advanced-accordion-icon-closed\"><i aria-hidden=\"true\" class=\"fa-accordion-icon fas fa-plus\"><\/i><\/span><span class=\"eael-advanced-accordion-icon-opened\"><i aria-hidden=\"true\" class=\"fa-accordion-icon fas fa-minus\"><\/i><\/span><\/div><div id=\"elementor-tab-content-1005\" class=\"eael-accordion-content clearfix\" data-tab=\"5\" aria-labelledby=\"comment-mettre-jour-le-profil-de-mon-entreprise-\"><p>Trouvez deux barres horizontales dans l\u2019angle droit sup\u00e9rieur de l\u2019\u00e9cran. Une fois ce symbole choisi, le menu d\u00e9roulant sera ouvert. La premi\u00e8re option du menu est constitu\u00e9e par le Profil. Choisissez ce symbole pour ouvrir la page d\u2019\u00e9dition du profil.<\/p><\/div>\n\t\t\t\t\t<\/div><div class=\"eael-accordion-list\">\n\t\t\t\t\t<div id=\"comment-je-pourrai-valuer-et-noter-le-travail-de-lemploy\" class=\"elementor-tab-title eael-accordion-header\" tabindex=\"0\" data-tab=\"6\" aria-controls=\"elementor-tab-content-1006\"><span class=\"eael-accordion-tab-title\">Comment je pourrai \u00e9valuer et noter le travail de l\u2019employ\u00e9?<\/span><span class=\"eael-advanced-accordion-icon-closed\"><i aria-hidden=\"true\" class=\"fa-accordion-icon fas fa-plus\"><\/i><\/span><span class=\"eael-advanced-accordion-icon-opened\"><i aria-hidden=\"true\" class=\"fa-accordion-icon fas fa-minus\"><\/i><\/span><\/div><div id=\"elementor-tab-content-1006\" class=\"eael-accordion-content clearfix\" data-tab=\"6\" aria-labelledby=\"comment-je-pourrai-valuer-et-noter-le-travail-de-lemploy\"><p>Une fois l\u2019emploi termin\u00e9, vous recevrez la notification push avec l\u2019information que nous avons enregistr\u00e9 la fin de votre collaboration avec l\u2019employ\u00e9. Une fois l\u2019information choisie, une nouvelle page sera affich\u00e9e o\u00f9 il y aura la possibilit\u00e9 de noter et d\u2019\u00e9valuer. Pour publier votre \u00e9valuation choisissez la touche \u00ab\u00a0Publier\u00a0\u00bb qui se trouve dans la partie inf\u00e9rieure de la page.<\/p><\/div>\n\t\t\t\t\t<\/div><\/div>\t\t\t\t<\/div>\n\t\t\t\t<\/div>\n\t\t\t\t\t<\/div>\n\t\t<\/div>\n\t\t\t\t\t<\/div>\n\t\t<\/section>\n\t\t\t\t\t<\/div>\n\t\t<\/div>\n\t\t\t\t\t<\/div>\n\t\t<\/section>\n\t\t\t\t<\/div>\n\t\t","protected":false},"excerpt":{"rendered":"<p>Questions fr\u00e9quemment pos\u00e9es Comment chercher sur ByggJobs? Une fois connect\u00e9,\u00a0 trouvez la fonction de recherche \u00e0 la page d\u2019accueil. Aussi bien en version de l\u2019application destin\u00e9e au site WWW, qu\u2019en application mobile cette fonction se trouve en haut de l\u2019\u00e9cran. Vous pouvez mettre en cette place un poste ou l\u2019entreprise qui vous int\u00e9ressent et lancer [&hellip;]<\/p>\n","protected":false},"author":4,"featured_media":0,"parent":0,"menu_order":0,"comment_status":"closed","ping_status":"closed","template":"","meta":{"footnotes":""},"class_list":["post-1559","page","type-page","status-publish","hentry"],"_links":{"self":[{"href":"https:\/\/byggjobs.app\/fr\/wp-json\/wp\/v2\/pages\/1559","targetHints":{"allow":["GET"]}}],"collection":[{"href":"https:\/\/byggjobs.app\/fr\/wp-json\/wp\/v2\/pages"}],"about":[{"href":"https:\/\/byggjobs.app\/fr\/wp-json\/wp\/v2\/types\/page"}],"author":[{"embeddable":true,"href":"https:\/\/byggjobs.app\/fr\/wp-json\/wp\/v2\/users\/4"}],"replies":[{"embeddable":true,"href":"https:\/\/byggjobs.app\/fr\/wp-json\/wp\/v2\/comments?post=1559"}],"version-history":[{"count":10,"href":"https:\/\/byggjobs.app\/fr\/wp-json\/wp\/v2\/pages\/1559\/revisions"}],"predecessor-version":[{"id":1728,"href":"https:\/\/byggjobs.app\/fr\/wp-json\/wp\/v2\/pages\/1559\/revisions\/1728"}],"wp:attachment":[{"href":"https:\/\/byggjobs.app\/fr\/wp-json\/wp\/v2\/media?parent=1559"}],"curies":[{"name":"wp","href":"https:\/\/api.w.org\/{rel}","templated":true}]}}