{"id":1558,"date":"2022-11-17T09:22:17","date_gmt":"2022-11-17T09:22:17","guid":{"rendered":"https:\/\/byggjobs.stg.geckodoit.com\/faq\/"},"modified":"2022-12-08T21:18:41","modified_gmt":"2022-12-08T21:18:41","slug":"faq","status":"publish","type":"page","link":"https:\/\/byggjobs.app\/fi\/faq\/","title":{"rendered":"FAQ"},"content":{"rendered":"\t\t<div data-elementor-type=\"wp-page\" data-elementor-id=\"1558\" class=\"elementor elementor-1558 elementor-17\" data-elementor-post-type=\"page\">\n\t\t\t\t\t\t<section class=\"elementor-section elementor-top-section elementor-element elementor-element-c4636ab elementor-section-height-min-height elementor-section-boxed elementor-section-height-default elementor-section-items-middle\" data-id=\"c4636ab\" data-element_type=\"section\" data-settings=\"{&quot;background_background&quot;:&quot;classic&quot;}\">\n\t\t\t\t\t\t<div class=\"elementor-container elementor-column-gap-default\">\n\t\t\t\t\t<div class=\"elementor-column elementor-col-100 elementor-top-column elementor-element elementor-element-9d14f92\" data-id=\"9d14f92\" data-element_type=\"column\">\n\t\t\t<div class=\"elementor-widget-wrap elementor-element-populated\">\n\t\t\t\t\t\t<section class=\"elementor-section elementor-inner-section elementor-element elementor-element-2643c0f elementor-section-boxed elementor-section-height-default elementor-section-height-default\" data-id=\"2643c0f\" data-element_type=\"section\">\n\t\t\t\t\t\t<div class=\"elementor-container elementor-column-gap-default\">\n\t\t\t\t\t<div class=\"elementor-column elementor-col-100 elementor-inner-column elementor-element elementor-element-c84408e\" data-id=\"c84408e\" data-element_type=\"column\">\n\t\t\t<div class=\"elementor-widget-wrap elementor-element-populated\">\n\t\t\t\t\t\t<div class=\"elementor-element elementor-element-714c673 elementor-widget elementor-widget-heading\" data-id=\"714c673\" data-element_type=\"widget\" data-widget_type=\"heading.default\">\n\t\t\t\t<div class=\"elementor-widget-container\">\n\t\t\t\t\t<h1 class=\"elementor-heading-title elementor-size-default\">FAQ<\/h1>\t\t\t\t<\/div>\n\t\t\t\t<\/div>\n\t\t\t\t\t<\/div>\n\t\t<\/div>\n\t\t\t\t\t<\/div>\n\t\t<\/section>\n\t\t\t\t\t<\/div>\n\t\t<\/div>\n\t\t\t\t\t<\/div>\n\t\t<\/section>\n\t\t\t\t<section class=\"elementor-section elementor-top-section elementor-element elementor-element-35f44e1 elementor-section-boxed elementor-section-height-default elementor-section-height-default\" data-id=\"35f44e1\" data-element_type=\"section\" data-settings=\"{&quot;background_background&quot;:&quot;classic&quot;}\">\n\t\t\t\t\t\t<div class=\"elementor-container elementor-column-gap-default\">\n\t\t\t\t\t<div class=\"elementor-column elementor-col-100 elementor-top-column elementor-element elementor-element-94d5169\" data-id=\"94d5169\" data-element_type=\"column\">\n\t\t\t<div class=\"elementor-widget-wrap elementor-element-populated\">\n\t\t\t\t\t\t<section class=\"elementor-section elementor-inner-section elementor-element elementor-element-d8c0e3d elementor-section-boxed elementor-section-height-default elementor-section-height-default\" data-id=\"d8c0e3d\" data-element_type=\"section\">\n\t\t\t\t\t\t<div class=\"elementor-container elementor-column-gap-default\">\n\t\t\t\t\t<div class=\"elementor-column elementor-col-100 elementor-inner-column elementor-element elementor-element-d70e4e7\" data-id=\"d70e4e7\" data-element_type=\"column\">\n\t\t\t<div class=\"elementor-widget-wrap elementor-element-populated\">\n\t\t\t\t\t\t<div class=\"elementor-element elementor-element-6e424ea elementor-widget elementor-widget-heading\" data-id=\"6e424ea\" data-element_type=\"widget\" data-widget_type=\"heading.default\">\n\t\t\t\t<div class=\"elementor-widget-container\">\n\t\t\t\t\t<h2 class=\"elementor-heading-title elementor-size-default\">Usein esitettyj\u00e4 kysymyksi\u00e4<\/h2>\t\t\t\t<\/div>\n\t\t\t\t<\/div>\n\t\t\t\t\t<\/div>\n\t\t<\/div>\n\t\t\t\t\t<\/div>\n\t\t<\/section>\n\t\t\t\t<section class=\"elementor-section elementor-inner-section elementor-element elementor-element-e33eeb8 elementor-section-boxed elementor-section-height-default elementor-section-height-default\" data-id=\"e33eeb8\" data-element_type=\"section\">\n\t\t\t\t\t\t<div class=\"elementor-container elementor-column-gap-default\">\n\t\t\t\t\t<div class=\"elementor-column elementor-col-50 elementor-inner-column elementor-element elementor-element-24ebe40\" data-id=\"24ebe40\" data-element_type=\"column\">\n\t\t\t<div class=\"elementor-widget-wrap elementor-element-populated\">\n\t\t\t\t\t\t<div class=\"elementor-element elementor-element-fec9719 elementor-widget elementor-widget-eael-adv-accordion\" data-id=\"fec9719\" data-element_type=\"widget\" data-widget_type=\"eael-adv-accordion.default\">\n\t\t\t\t<div class=\"elementor-widget-container\">\n\t\t\t\t\t            <div class=\"eael-adv-accordion\" id=\"eael-adv-accordion-fec9719\" data-scroll-on-click=\"no\" data-scroll-speed=\"300\" data-accordion-id=\"fec9719\" data-accordion-type=\"accordion\" data-toogle-speed=\"300\">\n            <div class=\"eael-accordion-list\">\n\t\t\t\t\t<div id=\"kuinka-etsi-byggjobsista\" class=\"elementor-tab-title eael-accordion-header\" tabindex=\"0\" data-tab=\"1\" aria-controls=\"elementor-tab-content-2671\"><span class=\"eael-accordion-tab-title\">Kuinka etsi\u00e4 ByggJobsista?<\/span><span class=\"eael-advanced-accordion-icon-closed\"><i aria-hidden=\"true\" class=\"fa-accordion-icon fas fa-plus\"><\/i><\/span><span class=\"eael-advanced-accordion-icon-opened\"><i aria-hidden=\"true\" class=\"fa-accordion-icon fas fa-minus\"><\/i><\/span><\/div><div id=\"elementor-tab-content-2671\" class=\"eael-accordion-content clearfix\" data-tab=\"1\" aria-labelledby=\"kuinka-etsi-byggjobsista\"><p>Kirjautumisen j\u00e4lkeen etsi hakutoiminto kotisivulta. T\u00e4m\u00e4 toiminto on sek\u00e4 sovelluksen verkkosivuversiossa ett\u00e4 mobiilisovelluksessa n\u00e4yt\u00f6n yl\u00e4osassa. T\u00e4nne voit sy\u00f6tt\u00e4\u00e4 mink\u00e4 tahansa Sinua kiinnostavan teht\u00e4v\u00e4n tai yrityksen ja aloittaa haun tietokannastamme.<\/p><\/div>\n\t\t\t\t\t<\/div><div class=\"eael-accordion-list\">\n\t\t\t\t\t<div id=\"kuinka-voin-tallentaa-suosikkitytarjoukseni\" class=\"elementor-tab-title eael-accordion-header\" tabindex=\"0\" data-tab=\"2\" aria-controls=\"elementor-tab-content-2672\"><span class=\"eael-accordion-tab-title\">Kuinka voin tallentaa suosikkity\u00f6tarjoukseni?<\/span><span class=\"eael-advanced-accordion-icon-closed\"><i aria-hidden=\"true\" class=\"fa-accordion-icon fas fa-plus\"><\/i><\/span><span class=\"eael-advanced-accordion-icon-opened\"><i aria-hidden=\"true\" class=\"fa-accordion-icon fas fa-minus\"><\/i><\/span><\/div><div id=\"elementor-tab-content-2672\" class=\"eael-accordion-content clearfix\" data-tab=\"2\" aria-labelledby=\"kuinka-voin-tallentaa-suosikkitytarjoukseni\"><p>Kaikki saatavilla olevat ty\u00f6tarjoukset n\u00e4kyv\u00e4t kotisivulla. Jokaisen ty\u00f6paikkailmoituksen oikealla puolella on kirjanmerkkikuvake. Valitse t\u00e4m\u00e4 kuvake, jos haluat lis\u00e4t\u00e4 ty\u00f6tarjouksen suosikkeihisi. T\u00e4ll\u00f6in ilmoitus lis\u00e4t\u00e4\u00e4n\u00a0 automaattisesti kirjanmerkkin\u00e4ytt\u00f6\u00f6n &#8211; Etusivu -v\u00e4lilehden viereiselle sivulle.\u00a0<\/p><p>Jos haluat poistaa tietyn ty\u00f6tarjouksen kirjanmerkkeist\u00e4si, valitse sama kirjanmerkkikuvake uudelleen.<\/p><\/div>\n\t\t\t\t\t<\/div><div class=\"eael-accordion-list\">\n\t\t\t\t\t<div id=\"kuinka-suodattaa-tytarjouksia\" class=\"elementor-tab-title eael-accordion-header\" tabindex=\"0\" data-tab=\"3\" aria-controls=\"elementor-tab-content-2673\"><span class=\"eael-accordion-tab-title\">Kuinka suodattaa ty\u00f6tarjouksia?<\/span><span class=\"eael-advanced-accordion-icon-closed\"><i aria-hidden=\"true\" class=\"fa-accordion-icon fas fa-plus\"><\/i><\/span><span class=\"eael-advanced-accordion-icon-opened\"><i aria-hidden=\"true\" class=\"fa-accordion-icon fas fa-minus\"><\/i><\/span><\/div><div id=\"elementor-tab-content-2673\" class=\"eael-accordion-content clearfix\" data-tab=\"3\" aria-labelledby=\"kuinka-suodattaa-tytarjouksia\"><p>Siirry etusivun alkuun. Hakukent\u00e4n oikealla puolella on suodatinkuvake. Kun olet valinnut sen, uusi n\u00e4ytt\u00f6 tulee n\u00e4kyviin eri luokkien suodattimien kanssa. Kun olet valinnut kaikki haluamasi suodattimet, paina &#8221;K\u00e4yt\u00e4&#8221; -painiketta n\u00e4hd\u00e4ksesi ty\u00f6tarjoukset valitsemillasi hakusuodattimilla. Jos haluat uudelleen n\u00e4hd\u00e4 kaikki teht\u00e4v\u00e4t, poista kaikki suodattimet napsauttamalla Tyhjenn\u00e4 -painiketta.<\/p><\/div>\n\t\t\t\t\t<\/div><div class=\"eael-accordion-list\">\n\t\t\t\t\t<div id=\"voinko-jakaa-tytarjouksia-ystvieni-kanssa\" class=\"elementor-tab-title eael-accordion-header\" tabindex=\"0\" data-tab=\"4\" aria-controls=\"elementor-tab-content-2674\"><span class=\"eael-accordion-tab-title\">Voinko jakaa ty\u00f6tarjouksia yst\u00e4vieni kanssa?<\/span><span class=\"eael-advanced-accordion-icon-closed\"><i aria-hidden=\"true\" class=\"fa-accordion-icon fas fa-plus\"><\/i><\/span><span class=\"eael-advanced-accordion-icon-opened\"><i aria-hidden=\"true\" class=\"fa-accordion-icon fas fa-minus\"><\/i><\/span><\/div><div id=\"elementor-tab-content-2674\" class=\"eael-accordion-content clearfix\" data-tab=\"4\" aria-labelledby=\"voinko-jakaa-tytarjouksia-ystvieni-kanssa\"><p>Tottakai. Siirry kotisivulle n\u00e4hd\u00e4ksesi avataksesi tietyn ty\u00f6tarjouksen. Valitse ilmoitus, jonka haluat jakaa tuttavillesi. N\u00e4et tarjouksen tiedot ja jakokuvakkeen n\u00e4yt\u00f6n oikeassa yl\u00e4kulmassa. Valitse kuvake, ja sen j\u00e4lkeen sovelluksemme ehdottaa erilaisia \u200b\u200bkanavia, joiden kautta voit l\u00e4hett\u00e4\u00e4 tuttavillesi linkin mainokseen.<\/p><\/div>\n\t\t\t\t\t<\/div><div class=\"eael-accordion-list\">\n\t\t\t\t\t<div id=\"kuinka-voin-lhett-hakemuksen\" class=\"elementor-tab-title eael-accordion-header\" tabindex=\"0\" data-tab=\"5\" aria-controls=\"elementor-tab-content-2675\"><span class=\"eael-accordion-tab-title\">Kuinka voin l\u00e4hett\u00e4\u00e4 hakemuksen?<\/span><span class=\"eael-advanced-accordion-icon-closed\"><i aria-hidden=\"true\" class=\"fa-accordion-icon fas fa-plus\"><\/i><\/span><span class=\"eael-advanced-accordion-icon-opened\"><i aria-hidden=\"true\" class=\"fa-accordion-icon fas fa-minus\"><\/i><\/span><\/div><div id=\"elementor-tab-content-2675\" class=\"eael-accordion-content clearfix\" data-tab=\"5\" aria-labelledby=\"kuinka-voin-lhett-hakemuksen\"><p>Selaamalla sopivia teht\u00e4vi\u00e4 kotisivulta voit valita mink\u00e4 tahansa ty\u00f6paikkailmoituksen ja tarkastella tarjotun teht\u00e4v\u00e4n tietoja. Jos haluat j\u00e4tt\u00e4\u00e4 hakemuksen, siirry sivun alareunaan, jossa on yksityiskohtaiset tiedot ty\u00f6tarjouksesta, ja valitse &#8221;K\u00e4yt\u00e4&#8221; -painike. Paina t\u00e4t\u00e4 painiketta aloittaaksesi hakuprosessin. Sovellus pyyt\u00e4\u00e4 Sinua vahvistamaan, ett\u00e4 haluat hakea kyseist\u00e4 teht\u00e4v\u00e4\u00e4. Valitse uudelleen &#8221;Hae&#8221; ja CV:si l\u00e4hetet\u00e4\u00e4n mahdolliselle ty\u00f6nantajalle.<\/p><\/div>\n\t\t\t\t\t<\/div><div class=\"eael-accordion-list\">\n\t\t\t\t\t<div id=\"voinko-arvioida-yrityst\" class=\"elementor-tab-title eael-accordion-header\" tabindex=\"0\" data-tab=\"6\" aria-controls=\"elementor-tab-content-2676\"><span class=\"eael-accordion-tab-title\">Voinko arvioida yrityst\u00e4?<\/span><span class=\"eael-advanced-accordion-icon-closed\"><i aria-hidden=\"true\" class=\"fa-accordion-icon fas fa-plus\"><\/i><\/span><span class=\"eael-advanced-accordion-icon-opened\"><i aria-hidden=\"true\" class=\"fa-accordion-icon fas fa-minus\"><\/i><\/span><\/div><div id=\"elementor-tab-content-2676\" class=\"eael-accordion-content clearfix\" data-tab=\"6\" aria-labelledby=\"voinko-arvioida-yrityst\"><p>Kyll\u00e4, mutta vain, jos olet ty\u00f6skennellyt siin\u00e4. Kun olet lopettanut ty\u00f6skentelyn t\u00e4ss\u00e4 yrityksess\u00e4, sovelluksemme l\u00e4hett\u00e4\u00e4 Sinulle push -ilmoituksen, jossa\u00a0 kerrotaan, ett\u00e4 ty\u00f6suhde on rekister\u00f6ity j\u00e4rjestelm\u00e4ss\u00e4mme p\u00e4\u00e4ttyneeksi. Ilmoituksen valitseminen siirt\u00e4\u00e4 Sinut ty\u00f6tarjouksen tarkempien tietojen sivulle, jolla n\u00e4kyy Arviot ja arvostelut -osa. T\u00e4nne voit kirjoittaa arvostelun ty\u00f6nantajastasi ja arvioida h\u00e4nt\u00e4 antamalla t\u00e4hti\u00e4 (yhdest\u00e4 viiteen). Voit julkaista arvostelusi valitsemalla Julkaise -painikkeen.<\/p><\/div>\n\t\t\t\t\t<\/div><div class=\"eael-accordion-list\">\n\t\t\t\t\t<div id=\"voinko-poistaa-ilmoitukset-kytst\" class=\"elementor-tab-title eael-accordion-header\" tabindex=\"0\" data-tab=\"7\" aria-controls=\"elementor-tab-content-2677\"><span class=\"eael-accordion-tab-title\">Voinko poistaa ilmoitukset k\u00e4yt\u00f6st\u00e4?<\/span><span class=\"eael-advanced-accordion-icon-closed\"><i aria-hidden=\"true\" class=\"fa-accordion-icon fas fa-plus\"><\/i><\/span><span class=\"eael-advanced-accordion-icon-opened\"><i aria-hidden=\"true\" class=\"fa-accordion-icon fas fa-minus\"><\/i><\/span><\/div><div id=\"elementor-tab-content-2677\" class=\"eael-accordion-content clearfix\" data-tab=\"7\" aria-labelledby=\"voinko-poistaa-ilmoitukset-kytst\"><p>Tottakai. Voit tehd\u00e4 t\u00e4m\u00e4n siirtym\u00e4ll\u00e4 sivun oikeaan yl\u00e4kulmaan ja etsim\u00e4ll\u00e4 kaksi pient\u00e4 vaakasuoraa viivaa. Avaa pudotusvalikko valitsemalla ja valitse Asetukset. Siirry sitten Ilmoitukset -osioon, jossa\u00a0 on n\u00e4kyviss\u00e4 On-Off -liukus\u00e4\u00e4din. Sen avulla voit hallita sovelluksemme n\u00e4ytt\u00e4mi\u00e4 ilmoituksia.<\/p><\/div>\n\t\t\t\t\t<\/div><div class=\"eael-accordion-list\">\n\t\t\t\t\t<div id=\"miten-pivitn-profiilini\" class=\"elementor-tab-title eael-accordion-header\" tabindex=\"0\" data-tab=\"8\" aria-controls=\"elementor-tab-content-2678\"><span class=\"eael-accordion-tab-title\">Miten p\u00e4ivit\u00e4n profiilini?<\/span><span class=\"eael-advanced-accordion-icon-closed\"><i aria-hidden=\"true\" class=\"fa-accordion-icon fas fa-plus\"><\/i><\/span><span class=\"eael-advanced-accordion-icon-opened\"><i aria-hidden=\"true\" class=\"fa-accordion-icon fas fa-minus\"><\/i><\/span><\/div><div id=\"elementor-tab-content-2678\" class=\"eael-accordion-content clearfix\" data-tab=\"8\" aria-labelledby=\"miten-pivitn-profiilini\"><p>Avaa pudotusvalikko napauttamalla oikeassa yl\u00e4kulmassa olevaa kahta viivaa. Muuta ByggJobs\u00a0-profiiliasi valitsemalla ensimm\u00e4inen vaihtoehto -My Profile. Voit lis\u00e4t\u00e4 suorittamasi kurssit ja sertifikaatit, kielet, joita puhut, ty\u00f6kokemuksesi ja portfolion. Voit my\u00f6s muokata muita tietoja, mukaan lukien yhteystietosi.<\/p><\/div>\n\t\t\t\t\t<\/div><\/div>\t\t\t\t<\/div>\n\t\t\t\t<\/div>\n\t\t\t\t\t<\/div>\n\t\t<\/div>\n\t\t\t\t<div class=\"elementor-column elementor-col-50 elementor-inner-column elementor-element elementor-element-94c148a\" data-id=\"94c148a\" data-element_type=\"column\">\n\t\t\t<div class=\"elementor-widget-wrap elementor-element-populated\">\n\t\t\t\t\t\t<div class=\"elementor-element elementor-element-5f91cbd elementor-widget elementor-widget-eael-adv-accordion\" data-id=\"5f91cbd\" data-element_type=\"widget\" data-widget_type=\"eael-adv-accordion.default\">\n\t\t\t\t<div class=\"elementor-widget-container\">\n\t\t\t\t\t            <div class=\"eael-adv-accordion\" id=\"eael-adv-accordion-5f91cbd\" data-scroll-on-click=\"no\" data-scroll-speed=\"300\" data-accordion-id=\"5f91cbd\" data-accordion-type=\"accordion\" data-toogle-speed=\"300\">\n            <div class=\"eael-accordion-list\">\n\t\t\t\t\t<div id=\"miten-nen-yksityiskohtaiset-tiedot-tyntekijist\" class=\"elementor-tab-title eael-accordion-header\" tabindex=\"0\" data-tab=\"1\" aria-controls=\"elementor-tab-content-1001\"><span class=\"eael-accordion-tab-title\">Miten n\u00e4en yksityiskohtaiset tiedot ty\u00f6ntekij\u00f6ist\u00e4?<\/span><span class=\"eael-advanced-accordion-icon-closed\"><i aria-hidden=\"true\" class=\"fa-accordion-icon fas fa-plus\"><\/i><\/span><span class=\"eael-advanced-accordion-icon-opened\"><i aria-hidden=\"true\" class=\"fa-accordion-icon fas fa-minus\"><\/i><\/span><\/div><div id=\"elementor-tab-content-1001\" class=\"eael-accordion-content clearfix\" data-tab=\"1\" aria-labelledby=\"miten-nen-yksityiskohtaiset-tiedot-tyntekijist\"><p>Kotisivu n\u00e4ytt\u00e4\u00e4 luettelon kaikista k\u00e4ytett\u00e4viss\u00e4 olevista alan ty\u00f6ntekij\u00f6ist\u00e4. Jos haluat lis\u00e4tietoja joistakin heist\u00e4, valitse kentt\u00e4, jossa on henkil\u00f6n nimi ja valokuva, ja sovellus vie Sinut uuteen n\u00e4ytt\u00f6\u00f6n, jossa on ty\u00f6ntekij\u00f6iden tiedot.<\/p><\/div>\n\t\t\t\t\t<\/div><div class=\"eael-accordion-list\">\n\t\t\t\t\t<div id=\"miten-voin-luoda-tytarjouksen\" class=\"elementor-tab-title eael-accordion-header\" tabindex=\"0\" data-tab=\"2\" aria-controls=\"elementor-tab-content-1002\"><span class=\"eael-accordion-tab-title\">Miten voin luoda ty\u00f6tarjouksen?<\/span><span class=\"eael-advanced-accordion-icon-closed\"><i aria-hidden=\"true\" class=\"fa-accordion-icon fas fa-plus\"><\/i><\/span><span class=\"eael-advanced-accordion-icon-opened\"><i aria-hidden=\"true\" class=\"fa-accordion-icon fas fa-minus\"><\/i><\/span><\/div><div id=\"elementor-tab-content-1002\" class=\"eael-accordion-content clearfix\" data-tab=\"2\" aria-labelledby=\"miten-voin-luoda-tytarjouksen\"><p>Katso navigointikuvakkeet n\u00e4yt\u00f6n alareunasta. Valitse Ty\u00f6tarjoukset -kuvake, joka vie sinut Omat ty\u00f6t -sivulle.<\/p><p>T\u00e4m\u00e4n sivun oikeassa yl\u00e4kulmassa on keltainen Lis\u00e4\u00e4 ty\u00f6 -painike. Lis\u00e4\u00e4 t\u00e4m\u00e4 ty\u00f6tarjous painamalla t\u00e4t\u00e4 painiketta. Sovelluksen avulla voit sy\u00f6tt\u00e4\u00e4 erilaisia \u200b\u200byksityiskohtaisia \u200b\u200btietoja tarjouksesta, kuten: teht\u00e4v\u00e4n nimike, ty\u00f6llist\u00e4misen luonne tai tarkka ty\u00f6aika. Kun olet muokannut tietojasi, mene sivun alareunaan ja julkaise tiedot painamalla Tallenna ja Julkaise.<\/p><\/div>\n\t\t\t\t\t<\/div><div class=\"eael-accordion-list\">\n\t\t\t\t\t<div id=\"kuinka-sopia-haastattelu-mahdollisen-tyntekijn-kanssa\" class=\"elementor-tab-title eael-accordion-header\" tabindex=\"0\" data-tab=\"3\" aria-controls=\"elementor-tab-content-1003\"><span class=\"eael-accordion-tab-title\">Kuinka sopia haastattelu mahdollisen ty\u00f6ntekij\u00e4n kanssa?<\/span><span class=\"eael-advanced-accordion-icon-closed\"><i aria-hidden=\"true\" class=\"fa-accordion-icon fas fa-plus\"><\/i><\/span><span class=\"eael-advanced-accordion-icon-opened\"><i aria-hidden=\"true\" class=\"fa-accordion-icon fas fa-minus\"><\/i><\/span><\/div><div id=\"elementor-tab-content-1003\" class=\"eael-accordion-content clearfix\" data-tab=\"3\" aria-labelledby=\"kuinka-sopia-haastattelu-mahdollisen-tyntekijn-kanssa\"><p>Siirry kotisivulle ja valitse ehdokas, jonka haluat kutsua haastatteluun. N\u00e4kyviin tulee sivu, jossa on yksityiskohtaisia \u200b\u200btietoja ty\u00f6ntekij\u00e4st\u00e4. Katso n\u00e4yt\u00f6n alareunasta keltainen &#8221;Ajoita haastattelu&#8221; -painike. Painamalla t\u00e4t\u00e4 painiketta voit varata tapaamisen ja ilmoittaa siit\u00e4 ehdokkaalle.<\/p><\/div>\n\t\t\t\t\t<\/div><div class=\"eael-accordion-list\">\n\t\t\t\t\t<div id=\"voinko-puhua-tyntekijn-kanssa-chatin-kautta\" class=\"elementor-tab-title eael-accordion-header\" tabindex=\"0\" data-tab=\"4\" aria-controls=\"elementor-tab-content-1004\"><span class=\"eael-accordion-tab-title\">Voinko puhua ty\u00f6ntekij\u00e4n kanssa chatin kautta?<\/span><span class=\"eael-advanced-accordion-icon-closed\"><i aria-hidden=\"true\" class=\"fa-accordion-icon fas fa-plus\"><\/i><\/span><span class=\"eael-advanced-accordion-icon-opened\"><i aria-hidden=\"true\" class=\"fa-accordion-icon fas fa-minus\"><\/i><\/span><\/div><div id=\"elementor-tab-content-1004\" class=\"eael-accordion-content clearfix\" data-tab=\"4\" aria-labelledby=\"voinko-puhua-tyntekijn-kanssa-chatin-kautta\"><p>Kyll\u00e4, mutta vain palkkaamiesi ty\u00f6ntekij\u00f6iden kanssa. N\u00e4yt\u00f6n alareunassa olevassa navigointipalkissa on chat -kuvake. Siirry chat -sivulle painamalla sit\u00e4.<\/p><\/div>\n\t\t\t\t\t<\/div><div class=\"eael-accordion-list\">\n\t\t\t\t\t<div id=\"kuinka-pivitn-yritykseni-profiilin\" class=\"elementor-tab-title eael-accordion-header\" tabindex=\"0\" data-tab=\"5\" aria-controls=\"elementor-tab-content-1005\"><span class=\"eael-accordion-tab-title\">Kuinka p\u00e4ivit\u00e4n yritykseni profiilin?<\/span><span class=\"eael-advanced-accordion-icon-closed\"><i aria-hidden=\"true\" class=\"fa-accordion-icon fas fa-plus\"><\/i><\/span><span class=\"eael-advanced-accordion-icon-opened\"><i aria-hidden=\"true\" class=\"fa-accordion-icon fas fa-minus\"><\/i><\/span><\/div><div id=\"elementor-tab-content-1005\" class=\"eael-accordion-content clearfix\" data-tab=\"5\" aria-labelledby=\"kuinka-pivitn-yritykseni-profiilin\"><p>Etsi kaksi vaakasuoraa palkkia n\u00e4yt\u00f6n oikeasta yl\u00e4kulmasta. Kun t\u00e4m\u00e4 symboli on valittu, avattava valikko avautuu. Valikon ensimm\u00e4inen vaihtoehto on Profiili. Avaa t\u00e4m\u00e4 profiilin muokkaussivu valitsemalla t\u00e4m\u00e4 symboli.<\/p><\/div>\n\t\t\t\t\t<\/div><div class=\"eael-accordion-list\">\n\t\t\t\t\t<div id=\"miten-voin-arvioida-ja-palautetta-tyntekijn-tyst\" class=\"elementor-tab-title eael-accordion-header\" tabindex=\"0\" data-tab=\"6\" aria-controls=\"elementor-tab-content-1006\"><span class=\"eael-accordion-tab-title\">Miten voin arvioida ja palautetta ty\u00f6ntekij\u00e4n ty\u00f6st\u00e4?<\/span><span class=\"eael-advanced-accordion-icon-closed\"><i aria-hidden=\"true\" class=\"fa-accordion-icon fas fa-plus\"><\/i><\/span><span class=\"eael-advanced-accordion-icon-opened\"><i aria-hidden=\"true\" class=\"fa-accordion-icon fas fa-minus\"><\/i><\/span><\/div><div id=\"elementor-tab-content-1006\" class=\"eael-accordion-content clearfix\" data-tab=\"6\" aria-labelledby=\"miten-voin-arvioida-ja-palautetta-tyntekijn-tyst\"><p>Kun ty\u00f6ntekij\u00e4 on lopettanut ty\u00f6ns\u00e4, saat push -ilmoituksen, jossa kerrotaan, ett\u00e4 olemme rekister\u00f6ineet yhteisty\u00f6n p\u00e4\u00e4ttymisen ty\u00f6ntekij\u00e4n kanssa. Tietojen valitsemisen j\u00e4lkeen n\u00e4ytet\u00e4\u00e4n uusi sivu, jossa on mahdollista antaa yleinen ja tarkempi arvio. Jos haluat julkaista arvostelusi, valitse Julkaise -painike sivun alareunasta.<\/p><\/div>\n\t\t\t\t\t<\/div><\/div>\t\t\t\t<\/div>\n\t\t\t\t<\/div>\n\t\t\t\t\t<\/div>\n\t\t<\/div>\n\t\t\t\t\t<\/div>\n\t\t<\/section>\n\t\t\t\t\t<\/div>\n\t\t<\/div>\n\t\t\t\t\t<\/div>\n\t\t<\/section>\n\t\t\t\t<\/div>\n\t\t","protected":false},"excerpt":{"rendered":"<p>Usein esitettyj\u00e4 kysymyksi\u00e4 Kuinka etsi\u00e4 ByggJobsista? Kirjautumisen j\u00e4lkeen etsi hakutoiminto kotisivulta. T\u00e4m\u00e4 toiminto on sek\u00e4 sovelluksen verkkosivuversiossa ett\u00e4 mobiilisovelluksessa n\u00e4yt\u00f6n yl\u00e4osassa. T\u00e4nne voit sy\u00f6tt\u00e4\u00e4 mink\u00e4 tahansa Sinua kiinnostavan teht\u00e4v\u00e4n tai yrityksen ja aloittaa haun tietokannastamme. Kuinka voin tallentaa suosikkity\u00f6tarjoukseni? Kaikki saatavilla olevat ty\u00f6tarjoukset n\u00e4kyv\u00e4t kotisivulla. Jokaisen ty\u00f6paikkailmoituksen oikealla puolella on kirjanmerkkikuvake. Valitse t\u00e4m\u00e4 kuvake, jos [&hellip;]<\/p>\n","protected":false},"author":4,"featured_media":0,"parent":0,"menu_order":0,"comment_status":"closed","ping_status":"closed","template":"","meta":{"footnotes":""},"class_list":["post-1558","page","type-page","status-publish","hentry"],"_links":{"self":[{"href":"https:\/\/byggjobs.app\/fi\/wp-json\/wp\/v2\/pages\/1558","targetHints":{"allow":["GET"]}}],"collection":[{"href":"https:\/\/byggjobs.app\/fi\/wp-json\/wp\/v2\/pages"}],"about":[{"href":"https:\/\/byggjobs.app\/fi\/wp-json\/wp\/v2\/types\/page"}],"author":[{"embeddable":true,"href":"https:\/\/byggjobs.app\/fi\/wp-json\/wp\/v2\/users\/4"}],"replies":[{"embeddable":true,"href":"https:\/\/byggjobs.app\/fi\/wp-json\/wp\/v2\/comments?post=1558"}],"version-history":[{"count":13,"href":"https:\/\/byggjobs.app\/fi\/wp-json\/wp\/v2\/pages\/1558\/revisions"}],"predecessor-version":[{"id":2301,"href":"https:\/\/byggjobs.app\/fi\/wp-json\/wp\/v2\/pages\/1558\/revisions\/2301"}],"wp:attachment":[{"href":"https:\/\/byggjobs.app\/fi\/wp-json\/wp\/v2\/media?parent=1558"}],"curies":[{"name":"wp","href":"https:\/\/api.w.org\/{rel}","templated":true}]}}