{"id":1557,"date":"2022-11-17T09:22:17","date_gmt":"2022-11-17T09:22:17","guid":{"rendered":"https:\/\/byggjobs.stg.geckodoit.com\/faq\/"},"modified":"2022-12-08T20:44:16","modified_gmt":"2022-12-08T20:44:16","slug":"faq","status":"publish","type":"page","link":"https:\/\/byggjobs.app\/et\/faq\/","title":{"rendered":"FAQ"},"content":{"rendered":"\t\t<div data-elementor-type=\"wp-page\" data-elementor-id=\"1557\" class=\"elementor elementor-1557 elementor-17\" data-elementor-post-type=\"page\">\n\t\t\t\t\t\t<section class=\"elementor-section elementor-top-section elementor-element elementor-element-c4636ab elementor-section-height-min-height elementor-section-boxed elementor-section-height-default elementor-section-items-middle\" data-id=\"c4636ab\" data-element_type=\"section\" data-settings=\"{&quot;background_background&quot;:&quot;classic&quot;}\">\n\t\t\t\t\t\t<div class=\"elementor-container elementor-column-gap-default\">\n\t\t\t\t\t<div class=\"elementor-column elementor-col-100 elementor-top-column elementor-element elementor-element-9d14f92\" data-id=\"9d14f92\" data-element_type=\"column\">\n\t\t\t<div class=\"elementor-widget-wrap elementor-element-populated\">\n\t\t\t\t\t\t<section class=\"elementor-section elementor-inner-section elementor-element elementor-element-2643c0f elementor-section-boxed elementor-section-height-default elementor-section-height-default\" data-id=\"2643c0f\" data-element_type=\"section\">\n\t\t\t\t\t\t<div class=\"elementor-container elementor-column-gap-default\">\n\t\t\t\t\t<div class=\"elementor-column elementor-col-100 elementor-inner-column elementor-element elementor-element-c84408e\" data-id=\"c84408e\" data-element_type=\"column\">\n\t\t\t<div class=\"elementor-widget-wrap elementor-element-populated\">\n\t\t\t\t\t\t<div class=\"elementor-element elementor-element-714c673 elementor-widget elementor-widget-heading\" data-id=\"714c673\" data-element_type=\"widget\" data-widget_type=\"heading.default\">\n\t\t\t\t<div class=\"elementor-widget-container\">\n\t\t\t\t\t<h1 class=\"elementor-heading-title elementor-size-default\">FAQ<\/h1>\t\t\t\t<\/div>\n\t\t\t\t<\/div>\n\t\t\t\t\t<\/div>\n\t\t<\/div>\n\t\t\t\t\t<\/div>\n\t\t<\/section>\n\t\t\t\t\t<\/div>\n\t\t<\/div>\n\t\t\t\t\t<\/div>\n\t\t<\/section>\n\t\t\t\t<section class=\"elementor-section elementor-top-section elementor-element elementor-element-35f44e1 elementor-section-boxed elementor-section-height-default elementor-section-height-default\" data-id=\"35f44e1\" data-element_type=\"section\" data-settings=\"{&quot;background_background&quot;:&quot;classic&quot;}\">\n\t\t\t\t\t\t<div class=\"elementor-container elementor-column-gap-default\">\n\t\t\t\t\t<div class=\"elementor-column elementor-col-100 elementor-top-column elementor-element elementor-element-94d5169\" data-id=\"94d5169\" data-element_type=\"column\">\n\t\t\t<div class=\"elementor-widget-wrap elementor-element-populated\">\n\t\t\t\t\t\t<section class=\"elementor-section elementor-inner-section elementor-element elementor-element-d8c0e3d elementor-section-boxed elementor-section-height-default elementor-section-height-default\" data-id=\"d8c0e3d\" data-element_type=\"section\">\n\t\t\t\t\t\t<div class=\"elementor-container elementor-column-gap-default\">\n\t\t\t\t\t<div class=\"elementor-column elementor-col-100 elementor-inner-column elementor-element elementor-element-d70e4e7\" data-id=\"d70e4e7\" data-element_type=\"column\">\n\t\t\t<div class=\"elementor-widget-wrap elementor-element-populated\">\n\t\t\t\t\t\t<div class=\"elementor-element elementor-element-6e424ea elementor-widget elementor-widget-heading\" data-id=\"6e424ea\" data-element_type=\"widget\" data-widget_type=\"heading.default\">\n\t\t\t\t<div class=\"elementor-widget-container\">\n\t\t\t\t\t<h2 class=\"elementor-heading-title elementor-size-default\">Korduma kippuvad k\u00fcsimused\n<\/h2>\t\t\t\t<\/div>\n\t\t\t\t<\/div>\n\t\t\t\t\t<\/div>\n\t\t<\/div>\n\t\t\t\t\t<\/div>\n\t\t<\/section>\n\t\t\t\t<section class=\"elementor-section elementor-inner-section elementor-element elementor-element-e33eeb8 elementor-section-boxed elementor-section-height-default elementor-section-height-default\" data-id=\"e33eeb8\" data-element_type=\"section\">\n\t\t\t\t\t\t<div class=\"elementor-container elementor-column-gap-default\">\n\t\t\t\t\t<div class=\"elementor-column elementor-col-50 elementor-inner-column elementor-element elementor-element-24ebe40\" data-id=\"24ebe40\" data-element_type=\"column\">\n\t\t\t<div class=\"elementor-widget-wrap elementor-element-populated\">\n\t\t\t\t\t\t<div class=\"elementor-element elementor-element-fec9719 elementor-widget elementor-widget-eael-adv-accordion\" data-id=\"fec9719\" data-element_type=\"widget\" data-widget_type=\"eael-adv-accordion.default\">\n\t\t\t\t<div class=\"elementor-widget-container\">\n\t\t\t\t\t            <div class=\"eael-adv-accordion\" id=\"eael-adv-accordion-fec9719\" data-scroll-on-click=\"no\" data-scroll-speed=\"300\" data-accordion-id=\"fec9719\" data-accordion-type=\"accordion\" data-toogle-speed=\"300\">\n            <div class=\"eael-accordion-list\">\n\t\t\t\t\t<div id=\"kuidas-teostada-otsingut-byggjobsis\" class=\"elementor-tab-title eael-accordion-header\" tabindex=\"0\" data-tab=\"1\" aria-controls=\"elementor-tab-content-2671\"><span class=\"eael-accordion-tab-title\">Kuidas teostada otsingut ByggJobsis?<\/span><span class=\"eael-advanced-accordion-icon-closed\"><i aria-hidden=\"true\" class=\"fa-accordion-icon fas fa-plus\"><\/i><\/span><span class=\"eael-advanced-accordion-icon-opened\"><i aria-hidden=\"true\" class=\"fa-accordion-icon fas fa-minus\"><\/i><\/span><\/div><div id=\"elementor-tab-content-2671\" class=\"eael-accordion-content clearfix\" data-tab=\"1\" aria-labelledby=\"kuidas-teostada-otsingut-byggjobsis\"><p>P\u00e4rast sisselogimist leia pealehek\u00fcljel otsingu funktsioon. Nii veebilehek\u00fcljele kui mobiilrakendusele m\u00f5eldud rakenduse versioonis asub see funktsioon ekraani \u00fclaosas. Siia v\u00f5id sisestada Sulle huvipakkuva suvalise ametikoha v\u00f5i ettev\u00f5tte ja meie andmebaasis otsingut alustada.<\/p><\/div>\n\t\t\t\t\t<\/div><div class=\"eael-accordion-list\">\n\t\t\t\t\t<div id=\"kuidas-oma-lemmik-tpakkumised-salvestada\" class=\"elementor-tab-title eael-accordion-header\" tabindex=\"0\" data-tab=\"2\" aria-controls=\"elementor-tab-content-2672\"><span class=\"eael-accordion-tab-title\">Kuidas oma lemmik t\u00f6\u00f6pakkumised salvestada?<\/span><span class=\"eael-advanced-accordion-icon-closed\"><i aria-hidden=\"true\" class=\"fa-accordion-icon fas fa-plus\"><\/i><\/span><span class=\"eael-advanced-accordion-icon-opened\"><i aria-hidden=\"true\" class=\"fa-accordion-icon fas fa-minus\"><\/i><\/span><\/div><div id=\"elementor-tab-content-2672\" class=\"eael-accordion-content clearfix\" data-tab=\"2\" aria-labelledby=\"kuidas-oma-lemmik-tpakkumised-salvestada\"><p>K\u00f5ik saadaolevad t\u00f6\u00f6pakkumised kuvatakse pealehek\u00fcljel. Igast t\u00f6\u00f6pakkumisest paremal asub j\u00e4rjehoidja ikoon. Vali see ikoon t\u00f6\u00f6pakkumise lemmikutesse lisamiseks. Siis lisatakse kuulutus automaatselt J\u00e4rjehoidjate Ekraanile \u2014 \u201ePealehek\u00fclje\u201d j\u00e4rjehoidja k\u00f5rval asuvale lehek\u00fcljele.<\/p><p>T\u00f6\u00f6pakkumise j\u00e4rjehoidjatest eemaldamise soovi korral vali seesama j\u00e4rjehoidja ikoon uuesti.<\/p><\/div>\n\t\t\t\t\t<\/div><div class=\"eael-accordion-list\">\n\t\t\t\t\t<div id=\"kuidas-tpakkumisi-filtreerida\" class=\"elementor-tab-title eael-accordion-header\" tabindex=\"0\" data-tab=\"3\" aria-controls=\"elementor-tab-content-2673\"><span class=\"eael-accordion-tab-title\">Kuidas t\u00f6\u00f6pakkumisi filtreerida?<\/span><span class=\"eael-advanced-accordion-icon-closed\"><i aria-hidden=\"true\" class=\"fa-accordion-icon fas fa-plus\"><\/i><\/span><span class=\"eael-advanced-accordion-icon-opened\"><i aria-hidden=\"true\" class=\"fa-accordion-icon fas fa-minus\"><\/i><\/span><\/div><div id=\"elementor-tab-content-2673\" class=\"eael-accordion-content clearfix\" data-tab=\"3\" aria-labelledby=\"kuidas-tpakkumisi-filtreerida\"><p>Liigu pealehek\u00fclje algusesse. Otsinguv\u00e4ljast paremal asub filtri ikoon. Selle valimise j\u00e4rel kuvatakse uus ekraan, millel on n\u00e4ha filtrite erinevad kategooriad. P\u00e4rast k\u00f5ikide vajalike filtrite valimist vajuta valitud otsingufiltrite kohaldamisega leitud t\u00f6\u00f6pakkumiste kuvamiseks nuppu \u201eRakenda\u201d. Kui soovid k\u00f5iki \u00fclesandeid uuesti vaadata, kl\u00f5psa k\u00f5ikide filtrite eemaldamiseks nuppu \u201eKustuta\u201d.<\/p><\/div>\n\t\t\t\t\t<\/div><div class=\"eael-accordion-list\">\n\t\t\t\t\t<div id=\"kas-ma-vin-tpakkumist-avaldada-oma-tuttavatele\" class=\"elementor-tab-title eael-accordion-header\" tabindex=\"0\" data-tab=\"4\" aria-controls=\"elementor-tab-content-2674\"><span class=\"eael-accordion-tab-title\">Kas ma v\u00f5in t\u00f6\u00f6pakkumist avaldada oma tuttavatele?<\/span><span class=\"eael-advanced-accordion-icon-closed\"><i aria-hidden=\"true\" class=\"fa-accordion-icon fas fa-plus\"><\/i><\/span><span class=\"eael-advanced-accordion-icon-opened\"><i aria-hidden=\"true\" class=\"fa-accordion-icon fas fa-minus\"><\/i><\/span><\/div><div id=\"elementor-tab-content-2674\" class=\"eael-accordion-content clearfix\" data-tab=\"4\" aria-labelledby=\"kas-ma-vin-tpakkumist-avaldada-oma-tuttavatele\"><p>Jah, loomulikult. Liigu t\u00f6\u00f6pakkumise kuvamiseks Pealehek\u00fcljele. Vali kuulutus, mida soovid tuttavale avaldada. N\u00e4ed pakkumise \u00fcksikasju ja paremas \u00fclemises nurgas avaldamise ikooni. Vali ikoon ja siis pakub meie rakendus Sulle erinevaid kanaleid, mille kaudu kuulutuse linki oma tuttavatele saata.<\/p><\/div>\n\t\t\t\t\t<\/div><div class=\"eael-accordion-list\">\n\t\t\t\t\t<div id=\"kuidas-ma-kandideerida-saaks\" class=\"elementor-tab-title eael-accordion-header\" tabindex=\"0\" data-tab=\"5\" aria-controls=\"elementor-tab-content-2675\"><span class=\"eael-accordion-tab-title\">Kuidas ma kandideerida saaks?<\/span><span class=\"eael-advanced-accordion-icon-closed\"><i aria-hidden=\"true\" class=\"fa-accordion-icon fas fa-plus\"><\/i><\/span><span class=\"eael-advanced-accordion-icon-opened\"><i aria-hidden=\"true\" class=\"fa-accordion-icon fas fa-minus\"><\/i><\/span><\/div><div id=\"elementor-tab-content-2675\" class=\"eael-accordion-content clearfix\" data-tab=\"5\" aria-labelledby=\"kuidas-ma-kandideerida-saaks\"><p>Sobivate t\u00f6\u00f6kohtade otsingul pealehek\u00fclge l\u00e4bi vaadates v\u00f5id suvalise kuulutuse valida ja pakutavat t\u00f6\u00f6d puudutavate \u00fcksikasjadega tutvuda. Kandideerimiseks liigu lehek\u00fclje alaossa, kus on esitletud t\u00f6\u00f6pakkumist puudutav \u00fcksikasjalik teave ja vali nupp \u201eKandideeri\u201d. Vajuta kandideerimise protsessi alustamiseks seda nuppu. Rakendus palub antud t\u00f6\u00f6kohale kandideerimise soovi kinnitada. Vali uuesti \u201eKandideeri\u201d ja Sinu CV edastatakse potentsiaalsele t\u00f6\u00f6andjale.<\/p><\/div>\n\t\t\t\t\t<\/div><div class=\"eael-accordion-list\">\n\t\t\t\t\t<div id=\"kas-ma-vin-ettevtet-hinnata\" class=\"elementor-tab-title eael-accordion-header\" tabindex=\"0\" data-tab=\"6\" aria-controls=\"elementor-tab-content-2676\"><span class=\"eael-accordion-tab-title\">Kas ma v\u00f5in ettev\u00f5tet hinnata?<\/span><span class=\"eael-advanced-accordion-icon-closed\"><i aria-hidden=\"true\" class=\"fa-accordion-icon fas fa-plus\"><\/i><\/span><span class=\"eael-advanced-accordion-icon-opened\"><i aria-hidden=\"true\" class=\"fa-accordion-icon fas fa-minus\"><\/i><\/span><\/div><div id=\"elementor-tab-content-2676\" class=\"eael-accordion-content clearfix\" data-tab=\"6\" aria-labelledby=\"kas-ma-vin-ettevtet-hinnata\"><p>Jah, aga ainult siis, kui oled sellega koost\u00f6\u00f6d teinud. Kui oled ettev\u00f5ttega koost\u00f6\u00f6 l\u00f5petanud saadab meie rakendus Sulle push s\u00f5numi teavitusega, et t\u00f6\u00f6 on meie s\u00fcsteemis registreeritud l\u00f5ppenuna. S\u00f5numi valimine viib \u00fcle t\u00f6\u00f6pakkumise \u00fcksikasjade lehek\u00fcljele, millel ilmub sektsioon Hinnangud ja Retsensioonid. Siia v\u00f5id kirjutada t\u00f6\u00f6andjat puudutava retsensiooni ja teda t\u00e4hekesi m\u00e4rkides (\u00fchest viieni) hinnata. Oma retsensiooni avaldamiseks vali nupp \u201eAvalda\u201d.<\/p><\/div>\n\t\t\t\t\t<\/div><div class=\"eael-accordion-list\">\n\t\t\t\t\t<div id=\"kas-kuulutusi-saab-vlja-llitada\" class=\"elementor-tab-title eael-accordion-header\" tabindex=\"0\" data-tab=\"7\" aria-controls=\"elementor-tab-content-2677\"><span class=\"eael-accordion-tab-title\">Kas kuulutusi saab v\u00e4lja l\u00fclitada?<\/span><span class=\"eael-advanced-accordion-icon-closed\"><i aria-hidden=\"true\" class=\"fa-accordion-icon fas fa-plus\"><\/i><\/span><span class=\"eael-advanced-accordion-icon-opened\"><i aria-hidden=\"true\" class=\"fa-accordion-icon fas fa-minus\"><\/i><\/span><\/div><div id=\"elementor-tab-content-2677\" class=\"eael-accordion-content clearfix\" data-tab=\"7\" aria-labelledby=\"kas-kuulutusi-saab-vlja-llitada\"><p>Jah, loomulikult. Selleks mine lehek\u00fclje paremasse \u00fclemisse nurka ja otsi kahte v\u00e4ikest horisontaalset joont. Vali, rippmen\u00fc\u00fc avamiseks ja vali seej\u00e4rel valik Seaded. Liigu seej\u00e4rel sektsiooni Kuulutused, milles on n\u00e4ha hoob Sisse-V\u00e4ljal\u00fclitamine. See v\u00f5imaldab meie rakenduse poolt kuvatavaid kuulutusi kontrollida.<\/p><\/div>\n\t\t\t\t\t<\/div><div class=\"eael-accordion-list\">\n\t\t\t\t\t<div id=\"kuidas-oma-profiili-vrskendada\" class=\"elementor-tab-title eael-accordion-header\" tabindex=\"0\" data-tab=\"8\" aria-controls=\"elementor-tab-content-2678\"><span class=\"eael-accordion-tab-title\">Kuidas oma profiili v\u00e4rskendada?<\/span><span class=\"eael-advanced-accordion-icon-closed\"><i aria-hidden=\"true\" class=\"fa-accordion-icon fas fa-plus\"><\/i><\/span><span class=\"eael-advanced-accordion-icon-opened\"><i aria-hidden=\"true\" class=\"fa-accordion-icon fas fa-minus\"><\/i><\/span><\/div><div id=\"elementor-tab-content-2678\" class=\"eael-accordion-content clearfix\" data-tab=\"8\" aria-labelledby=\"kuidas-oma-profiili-vrskendada\"><p>Rippmen\u00fc\u00fc avamiseks vali paremas \u00fclemises nurgas kaks joont. Teenuses ByggJobs\u00a0oma profiili modifitseerimiseks vali esimene valik My Profile. V\u00f5id lisada l\u00e4bitud kursused ja saadud tunnistused, keeled, mida valdad, oma kogemused ning portfoolio. Samuti v\u00f5id modifitseerida ka kogu muud teavet, sealhulgas oma kontaktandmeid.<\/p><\/div>\n\t\t\t\t\t<\/div><\/div>\t\t\t\t<\/div>\n\t\t\t\t<\/div>\n\t\t\t\t\t<\/div>\n\t\t<\/div>\n\t\t\t\t<div class=\"elementor-column elementor-col-50 elementor-inner-column elementor-element elementor-element-94c148a\" data-id=\"94c148a\" data-element_type=\"column\">\n\t\t\t<div class=\"elementor-widget-wrap elementor-element-populated\">\n\t\t\t\t\t\t<div class=\"elementor-element elementor-element-5f91cbd elementor-widget elementor-widget-eael-adv-accordion\" data-id=\"5f91cbd\" data-element_type=\"widget\" data-widget_type=\"eael-adv-accordion.default\">\n\t\t\t\t<div class=\"elementor-widget-container\">\n\t\t\t\t\t            <div class=\"eael-adv-accordion\" id=\"eael-adv-accordion-5f91cbd\" data-scroll-on-click=\"no\" data-scroll-speed=\"300\" data-accordion-id=\"5f91cbd\" data-accordion-type=\"accordion\" data-toogle-speed=\"300\">\n            <div class=\"eael-accordion-list\">\n\t\t\t\t\t<div id=\"kuidas-kuvada-ttajaid-puudutavat-ksikasjalikku-teavet\" class=\"elementor-tab-title eael-accordion-header\" tabindex=\"0\" data-tab=\"1\" aria-controls=\"elementor-tab-content-1001\"><span class=\"eael-accordion-tab-title\">Kuidas kuvada t\u00f6\u00f6tajaid puudutavat \u00fcksikasjalikku teavet?<\/span><span class=\"eael-advanced-accordion-icon-closed\"><i aria-hidden=\"true\" class=\"fa-accordion-icon fas fa-plus\"><\/i><\/span><span class=\"eael-advanced-accordion-icon-opened\"><i aria-hidden=\"true\" class=\"fa-accordion-icon fas fa-minus\"><\/i><\/span><\/div><div id=\"elementor-tab-content-1001\" class=\"eael-accordion-content clearfix\" data-tab=\"1\" aria-labelledby=\"kuidas-kuvada-ttajaid-puudutavat-ksikasjalikku-teavet\"><p>Pealehek\u00fcljel on n\u00e4ha k\u00f5ikide Sinu valdkonnas saadaolevate t\u00f6\u00f6tajate nimekiri. Kui soovid m\u00f5ne kohta enam teada saada, vali antud isiku nime ja fotoga v\u00e4li ning rakendus viib Su uuele ekraanile, kus asuvad t\u00f6\u00f6taja andmed.<\/p><\/div>\n\t\t\t\t\t<\/div><div class=\"eael-accordion-list\">\n\t\t\t\t\t<div id=\"kuidas-luua-tkuulutus\" class=\"elementor-tab-title eael-accordion-header\" tabindex=\"0\" data-tab=\"2\" aria-controls=\"elementor-tab-content-1002\"><span class=\"eael-accordion-tab-title\">Kuidas luua t\u00f6\u00f6kuulutus?<\/span><span class=\"eael-advanced-accordion-icon-closed\"><i aria-hidden=\"true\" class=\"fa-accordion-icon fas fa-plus\"><\/i><\/span><span class=\"eael-advanced-accordion-icon-opened\"><i aria-hidden=\"true\" class=\"fa-accordion-icon fas fa-minus\"><\/i><\/span><\/div><div id=\"elementor-tab-content-1002\" class=\"eael-accordion-content clearfix\" data-tab=\"2\" aria-labelledby=\"kuidas-luua-tkuulutus\"><p>Vaata ekraani alaossa, kus asuvad navigeerimise ikoonid. Vali ikoon pealkirjaga T\u00f6\u00f6pakkumised, mis v\u00f5imaldab Sul liikuda lehek\u00fcljele Minu t\u00f6\u00f6pakkumised.<br \/>Selle lehek\u00fclje paremas \u00fclemises nurgas leiad kollase nupu \u201eLisa t\u00f6\u00f6pakkumine\u201d. T\u00f6\u00f6pakkumise lisamiseks vajuta seda nuppu. Rakendus v\u00f5imaldab sisse viia erinevaid, pakkumist puudutavaid \u00fcksikasjalikke andmeid, nagu: ametikoha nimetus, t\u00f6\u00f6h\u00f5ive liik v\u00f5i t\u00f6\u00f6 teostamise t\u00e4pne aeg. P\u00e4rast pakkumise toimetamise l\u00f5petamist liigu lehek\u00fclje alaossa ning vajuta kuulutuse avaldamiseks Salvesta ja Avalda.<\/p><\/div>\n\t\t\t\t\t<\/div><div class=\"eael-accordion-list\">\n\t\t\t\t\t<div id=\"kuidas-potentsiaalse-ttajaga-tvestlus-kokku-leppida\" class=\"elementor-tab-title eael-accordion-header\" tabindex=\"0\" data-tab=\"3\" aria-controls=\"elementor-tab-content-1003\"><span class=\"eael-accordion-tab-title\">Kuidas potentsiaalse t\u00f6\u00f6tajaga t\u00f6\u00f6vestlus kokku leppida?<\/span><span class=\"eael-advanced-accordion-icon-closed\"><i aria-hidden=\"true\" class=\"fa-accordion-icon fas fa-plus\"><\/i><\/span><span class=\"eael-advanced-accordion-icon-opened\"><i aria-hidden=\"true\" class=\"fa-accordion-icon fas fa-minus\"><\/i><\/span><\/div><div id=\"elementor-tab-content-1003\" class=\"eael-accordion-content clearfix\" data-tab=\"3\" aria-labelledby=\"kuidas-potentsiaalse-ttajaga-tvestlus-kokku-leppida\"><p>Liigu Pealehek\u00fcljele ja vali kandidaat, keda Sa t\u00f6\u00f6vestlusele kutsuda soovid. Kuva t\u00f6\u00f6tajat puudutavat \u00fcksikasjalikku teavet esitlev lehek\u00fclg. Vaata ekraani alaossa, kust leiad kollase nupu \u201ePlaneeri t\u00f6\u00f6vestlus\u201d. Vajuta seda nuppu kohtumise m\u00e4\u00e4ramiseks ja kandidaadi teavitamiseks.<\/p><\/div>\n\t\t\t\t\t<\/div><div class=\"eael-accordion-list\">\n\t\t\t\t\t<div id=\"kas-ma-vin-rkida-ttajaga-jututoa-vahendusel\" class=\"elementor-tab-title eael-accordion-header\" tabindex=\"0\" data-tab=\"4\" aria-controls=\"elementor-tab-content-1004\"><span class=\"eael-accordion-tab-title\">Kas ma v\u00f5in r\u00e4\u00e4kida t\u00f6\u00f6tajaga jututoa vahendusel?<\/span><span class=\"eael-advanced-accordion-icon-closed\"><i aria-hidden=\"true\" class=\"fa-accordion-icon fas fa-plus\"><\/i><\/span><span class=\"eael-advanced-accordion-icon-opened\"><i aria-hidden=\"true\" class=\"fa-accordion-icon fas fa-minus\"><\/i><\/span><\/div><div id=\"elementor-tab-content-1004\" class=\"eael-accordion-content clearfix\" data-tab=\"4\" aria-labelledby=\"kas-ma-vin-rkida-ttajaga-jututoa-vahendusel\"><p>Jah, aga ainult t\u00f6\u00f6tajatega, keda oled t\u00f6\u00f6le v\u00f5tnud. Ekraani alaosas paiknevas navigeerimisribas asub jututoa ikoon. Vajuta seda jututoa lehek\u00fcljele minekuks.<\/p><\/div>\n\t\t\t\t\t<\/div><div class=\"eael-accordion-list\">\n\t\t\t\t\t<div id=\"kuidas-ajakohastada-oma-ettevtte-profiili\" class=\"elementor-tab-title eael-accordion-header\" tabindex=\"0\" data-tab=\"5\" aria-controls=\"elementor-tab-content-1005\"><span class=\"eael-accordion-tab-title\">Kuidas ajakohastada oma ettev\u00f5tte profiili?<\/span><span class=\"eael-advanced-accordion-icon-closed\"><i aria-hidden=\"true\" class=\"fa-accordion-icon fas fa-plus\"><\/i><\/span><span class=\"eael-advanced-accordion-icon-opened\"><i aria-hidden=\"true\" class=\"fa-accordion-icon fas fa-minus\"><\/i><\/span><\/div><div id=\"elementor-tab-content-1005\" class=\"eael-accordion-content clearfix\" data-tab=\"5\" aria-labelledby=\"kuidas-ajakohastada-oma-ettevtte-profiili\"><p>Leia ekraani paremas \u00fclemises nurgas kaks horisontaalset riba. P\u00e4rast selle s\u00fcmboli valimist avaneb rippmen\u00fc\u00fc. Men\u00fc\u00fc esimeseks valikuks on just Profiil. Vali profiili toimetamise lehek\u00fclje avamiseks see s\u00fcmbol.<\/p><\/div>\n\t\t\t\t\t<\/div><div class=\"eael-accordion-list\">\n\t\t\t\t\t<div id=\"kuidas-ttaja-td-hinnata-ja-retsenseerida\" class=\"elementor-tab-title eael-accordion-header\" tabindex=\"0\" data-tab=\"6\" aria-controls=\"elementor-tab-content-1006\"><span class=\"eael-accordion-tab-title\">Kuidas t\u00f6\u00f6taja t\u00f6\u00f6d hinnata ja retsenseerida?<\/span><span class=\"eael-advanced-accordion-icon-closed\"><i aria-hidden=\"true\" class=\"fa-accordion-icon fas fa-plus\"><\/i><\/span><span class=\"eael-advanced-accordion-icon-opened\"><i aria-hidden=\"true\" class=\"fa-accordion-icon fas fa-minus\"><\/i><\/span><\/div><div id=\"elementor-tab-content-1006\" class=\"eael-accordion-content clearfix\" data-tab=\"6\" aria-labelledby=\"kuidas-ttaja-td-hinnata-ja-retsenseerida\"><p>P\u00e4rast t\u00f6\u00f6taja poolt t\u00f6\u00f6 l\u00f5petamist saad push s\u00f5numi teabega, et registreerisime Sinu ja t\u00f6\u00f6taja vahelise koost\u00f6\u00f6 l\u00f5ppemise. P\u00e4rast teabe valimist kuvatakse uus lehek\u00fclg, millel on v\u00f5imalik hinnata ja retsenseerida. Oma retsensiooni avaldamiseks vali lehek\u00fclje alaosas paiknev nupp \u201eAvalda\u201d.<\/p><\/div>\n\t\t\t\t\t<\/div><\/div>\t\t\t\t<\/div>\n\t\t\t\t<\/div>\n\t\t\t\t\t<\/div>\n\t\t<\/div>\n\t\t\t\t\t<\/div>\n\t\t<\/section>\n\t\t\t\t\t<\/div>\n\t\t<\/div>\n\t\t\t\t\t<\/div>\n\t\t<\/section>\n\t\t\t\t<\/div>\n\t\t","protected":false},"excerpt":{"rendered":"<p>Korduma kippuvad k\u00fcsimused Kuidas teostada otsingut ByggJobsis? P\u00e4rast sisselogimist leia pealehek\u00fcljel otsingu funktsioon. Nii veebilehek\u00fcljele kui mobiilrakendusele m\u00f5eldud rakenduse versioonis asub see funktsioon ekraani \u00fclaosas. Siia v\u00f5id sisestada Sulle huvipakkuva suvalise ametikoha v\u00f5i ettev\u00f5tte ja meie andmebaasis otsingut alustada. Kuidas oma lemmik t\u00f6\u00f6pakkumised salvestada? K\u00f5ik saadaolevad t\u00f6\u00f6pakkumised kuvatakse pealehek\u00fcljel. Igast t\u00f6\u00f6pakkumisest paremal asub j\u00e4rjehoidja ikoon. [&hellip;]<\/p>\n","protected":false},"author":4,"featured_media":0,"parent":0,"menu_order":0,"comment_status":"closed","ping_status":"closed","template":"","meta":{"footnotes":""},"class_list":["post-1557","page","type-page","status-publish","hentry"],"_links":{"self":[{"href":"https:\/\/byggjobs.app\/et\/wp-json\/wp\/v2\/pages\/1557","targetHints":{"allow":["GET"]}}],"collection":[{"href":"https:\/\/byggjobs.app\/et\/wp-json\/wp\/v2\/pages"}],"about":[{"href":"https:\/\/byggjobs.app\/et\/wp-json\/wp\/v2\/types\/page"}],"author":[{"embeddable":true,"href":"https:\/\/byggjobs.app\/et\/wp-json\/wp\/v2\/users\/4"}],"replies":[{"embeddable":true,"href":"https:\/\/byggjobs.app\/et\/wp-json\/wp\/v2\/comments?post=1557"}],"version-history":[{"count":7,"href":"https:\/\/byggjobs.app\/et\/wp-json\/wp\/v2\/pages\/1557\/revisions"}],"predecessor-version":[{"id":2267,"href":"https:\/\/byggjobs.app\/et\/wp-json\/wp\/v2\/pages\/1557\/revisions\/2267"}],"wp:attachment":[{"href":"https:\/\/byggjobs.app\/et\/wp-json\/wp\/v2\/media?parent=1557"}],"curies":[{"name":"wp","href":"https:\/\/api.w.org\/{rel}","templated":true}]}}