{"id":1500,"date":"2022-11-17T09:20:50","date_gmt":"2022-11-17T09:20:50","guid":{"rendered":"https:\/\/byggjobs.stg.geckodoit.com\/about-us\/"},"modified":"2022-12-08T20:27:11","modified_gmt":"2022-12-08T20:27:11","slug":"meist","status":"publish","type":"page","link":"https:\/\/byggjobs.app\/et\/meist\/","title":{"rendered":"Meist"},"content":{"rendered":"\t\t<div data-elementor-type=\"wp-page\" data-elementor-id=\"1500\" class=\"elementor elementor-1500 elementor-13\" data-elementor-post-type=\"page\">\n\t\t\t\t\t\t<section class=\"elementor-section elementor-top-section elementor-element elementor-element-5bb95e6 elementor-section-height-min-height elementor-section-boxed elementor-section-height-default elementor-section-items-middle\" data-id=\"5bb95e6\" data-element_type=\"section\" data-settings=\"{&quot;background_background&quot;:&quot;classic&quot;}\">\n\t\t\t\t\t\t<div class=\"elementor-container elementor-column-gap-default\">\n\t\t\t\t\t<div class=\"elementor-column elementor-col-100 elementor-top-column elementor-element elementor-element-c352216\" data-id=\"c352216\" data-element_type=\"column\">\n\t\t\t<div class=\"elementor-widget-wrap elementor-element-populated\">\n\t\t\t\t\t\t<section class=\"elementor-section elementor-inner-section elementor-element elementor-element-dbcaf34 elementor-section-boxed elementor-section-height-default elementor-section-height-default\" data-id=\"dbcaf34\" data-element_type=\"section\">\n\t\t\t\t\t\t<div class=\"elementor-container elementor-column-gap-default\">\n\t\t\t\t\t<div class=\"elementor-column elementor-col-100 elementor-inner-column elementor-element elementor-element-23f44cd\" data-id=\"23f44cd\" data-element_type=\"column\">\n\t\t\t<div class=\"elementor-widget-wrap elementor-element-populated\">\n\t\t\t\t\t\t<div class=\"elementor-element elementor-element-1e29877 elementor-widget elementor-widget-heading\" data-id=\"1e29877\" data-element_type=\"widget\" data-widget_type=\"heading.default\">\n\t\t\t\t<div class=\"elementor-widget-container\">\n\t\t\t\t\t<h1 class=\"elementor-heading-title elementor-size-default\">Meist<\/h1>\t\t\t\t<\/div>\n\t\t\t\t<\/div>\n\t\t\t\t\t<\/div>\n\t\t<\/div>\n\t\t\t\t\t<\/div>\n\t\t<\/section>\n\t\t\t\t\t<\/div>\n\t\t<\/div>\n\t\t\t\t\t<\/div>\n\t\t<\/section>\n\t\t\t\t<section class=\"elementor-section elementor-top-section elementor-element elementor-element-05f8b2a elementor-section-boxed elementor-section-height-default elementor-section-height-default\" data-id=\"05f8b2a\" data-element_type=\"section\" data-settings=\"{&quot;background_background&quot;:&quot;classic&quot;}\">\n\t\t\t\t\t\t<div class=\"elementor-container elementor-column-gap-default\">\n\t\t\t\t\t<div class=\"elementor-column elementor-col-100 elementor-top-column elementor-element elementor-element-f533021\" data-id=\"f533021\" data-element_type=\"column\">\n\t\t\t<div class=\"elementor-widget-wrap elementor-element-populated\">\n\t\t\t\t\t\t<section class=\"elementor-section elementor-inner-section elementor-element elementor-element-df5befa elementor-section-boxed elementor-section-height-default elementor-section-height-default\" data-id=\"df5befa\" data-element_type=\"section\">\n\t\t\t\t\t\t<div class=\"elementor-container elementor-column-gap-default\">\n\t\t\t\t\t<div class=\"elementor-column elementor-col-50 elementor-inner-column elementor-element elementor-element-9661ed8\" data-id=\"9661ed8\" data-element_type=\"column\">\n\t\t\t<div class=\"elementor-widget-wrap elementor-element-populated\">\n\t\t\t\t\t\t<div class=\"elementor-element elementor-element-81a7034 text-background elementor-widget elementor-widget-heading\" data-id=\"81a7034\" data-element_type=\"widget\" data-widget_type=\"heading.default\">\n\t\t\t\t<div class=\"elementor-widget-container\">\n\t\t\t\t\t<h2 class=\"elementor-heading-title elementor-size-default\">Kes me oleme <\/h2>\t\t\t\t<\/div>\n\t\t\t\t<\/div>\n\t\t\t\t\t<\/div>\n\t\t<\/div>\n\t\t\t\t<div class=\"elementor-column elementor-col-50 elementor-inner-column elementor-element elementor-element-d123bdf\" data-id=\"d123bdf\" data-element_type=\"column\">\n\t\t\t<div class=\"elementor-widget-wrap elementor-element-populated\">\n\t\t\t\t\t\t<div class=\"elementor-element elementor-element-9f6b665 elementor-widget elementor-widget-text-editor\" data-id=\"9f6b665\" data-element_type=\"widget\" data-widget_type=\"text-editor.default\">\n\t\t\t\t<div class=\"elementor-widget-container\">\n\t\t\t\t\t\t\t\t\t<p>ByggJobs\u00a0platvormi asutas 2018. aastal Skandinaavia grupp EHRAB, kes tegeleb t\u00f6\u00f6tajate v\u00e4rbamise ja selle protsessi vahendamisega. Meie platvorm on virtuaalne turg t\u00f6\u00f6otsijatele ja t\u00f6\u00f6andjatele Euroopa ehituse, tsiviilehituse ja paigaldusteenuste valdkonnas. Meie eesm\u00e4rk on pakkuda kogu Euroopa ettev\u00f5tetele usaldusv\u00e4\u00e4rset juurdep\u00e4\u00e4su keskmiste ja k\u00f5rgete kvalifikatsioonidega t\u00f6\u00f6tajatele.<\/p>\t\t\t\t\t\t\t\t<\/div>\n\t\t\t\t<\/div>\n\t\t\t\t\t<\/div>\n\t\t<\/div>\n\t\t\t\t\t<\/div>\n\t\t<\/section>\n\t\t\t\t<section class=\"elementor-section elementor-inner-section elementor-element elementor-element-8897543 elementor-section-boxed elementor-section-height-default elementor-section-height-default\" data-id=\"8897543\" data-element_type=\"section\">\n\t\t\t\t\t\t<div class=\"elementor-container elementor-column-gap-default\">\n\t\t\t\t\t<div class=\"elementor-column elementor-col-50 elementor-inner-column elementor-element elementor-element-d83adb0\" data-id=\"d83adb0\" data-element_type=\"column\">\n\t\t\t<div class=\"elementor-widget-wrap elementor-element-populated\">\n\t\t\t\t\t\t<div class=\"elementor-element elementor-element-4120562 text-background elementor-widget elementor-widget-heading\" data-id=\"4120562\" data-element_type=\"widget\" data-widget_type=\"heading.default\">\n\t\t\t\t<div class=\"elementor-widget-container\">\n\t\t\t\t\t<h2 class=\"elementor-heading-title elementor-size-default\">Meie missioon <\/h2>\t\t\t\t<\/div>\n\t\t\t\t<\/div>\n\t\t\t\t\t<\/div>\n\t\t<\/div>\n\t\t\t\t<div class=\"elementor-column elementor-col-50 elementor-inner-column elementor-element elementor-element-f43244d\" data-id=\"f43244d\" data-element_type=\"column\">\n\t\t\t<div class=\"elementor-widget-wrap elementor-element-populated\">\n\t\t\t\t\t\t<div class=\"elementor-element elementor-element-7bb2279 elementor-widget elementor-widget-text-editor\" data-id=\"7bb2279\" data-element_type=\"widget\" data-widget_type=\"text-editor.default\">\n\t\t\t\t<div class=\"elementor-widget-container\">\n\t\t\t\t\t\t\t\t\t<p>\u00a0<\/p><div class=\"col-lg-7 col-md-7 col-sm-7 col-s-12 col-ss-12\"><div><p>Euroopa ehitust\u00f6\u00f6stus on viimastel aastak\u00fcmnetel tugevalt kasvanud, kuid samal ajal on tekkinud probleemid oskust\u00f6\u00f6j\u00f5u leidmisega. Paljud ettev\u00f5tted otsivad t\u00f6\u00f6tajate puudumise lahendamiseks t\u00f6\u00f6j\u00f5udu v\u00e4lismaalt. Suure n\u00f5udluse t\u00f5ttu on paljud v\u00e4lismaised t\u00f6\u00f6v\u00f5tjad hakanud otsima t\u00f6\u00f6tajaid Ida-Euroopast ja on avatud Skandinaavia riikidele. Ebapiisavalt reguleeritud turg andis v\u00f5imaluse kasutada \u00e4ra l\u00fcnki Euroopa maksuseadustes, sh piiri\u00fclest v\u00e4rbamist puudutavates s\u00e4tetes, mis m\u00f5jutas ehitussektori t\u00f6\u00f6turgu, mille tulemusena leidis aset sotsiaalne dumping, j\u00e4relevalve puudumine ja selle tagaj\u00e4rjena t\u00f6\u00f6tajate \u00e4rakasutamine. Vastuseks nendele probleemidele on EHRAB Grupp v\u00e4lja t\u00f6\u00f6tanud rakenduse ByggJobs, mis r\u00f5hutab eelk\u00f5ige j\u00e4tkusuutlikkust ja sotsiaalset vastutust. ByggJobs\u00a0rakenduse eesm\u00e4rgiks on pakkuda platvormi, mille kaudu t\u00f6\u00f6tajad ja t\u00f6\u00f6andjad saavad suhelda omavahel professionaalselt, j\u00e4rgides partnerlike t\u00f6\u00f6suhete reegleid. Meie pikaajaline eesm\u00e4rk on sotsiaalse dumpingu kaotamine ehitussektoris, tagades virtuaalse t\u00f6\u00f6turu, mis p\u00f5hineb l\u00e4bipaistvusel, hoolivusel ja n\u00f5uetekohasel j\u00e4relevalvel.<\/p><\/div><\/div>\t\t\t\t\t\t\t\t<\/div>\n\t\t\t\t<\/div>\n\t\t\t\t\t<\/div>\n\t\t<\/div>\n\t\t\t\t\t<\/div>\n\t\t<\/section>\n\t\t\t\t\t<\/div>\n\t\t<\/div>\n\t\t\t\t\t<\/div>\n\t\t<\/section>\n\t\t\t\t<section class=\"elementor-section elementor-top-section elementor-element elementor-element-60f6f70 elementor-section-boxed elementor-section-height-default elementor-section-height-default\" data-id=\"60f6f70\" data-element_type=\"section\">\n\t\t\t\t\t\t<div class=\"elementor-container elementor-column-gap-default\">\n\t\t\t\t\t<div class=\"elementor-column elementor-col-100 elementor-top-column elementor-element elementor-element-1f42838\" data-id=\"1f42838\" data-element_type=\"column\">\n\t\t\t<div class=\"elementor-widget-wrap elementor-element-populated\">\n\t\t\t\t\t\t<section class=\"elementor-section elementor-inner-section elementor-element elementor-element-ddcfc54 elementor-section-boxed elementor-section-height-default elementor-section-height-default\" data-id=\"ddcfc54\" data-element_type=\"section\">\n\t\t\t\t\t\t<div class=\"elementor-container elementor-column-gap-default\">\n\t\t\t\t\t<div class=\"elementor-column elementor-col-100 elementor-inner-column elementor-element elementor-element-6790c74\" data-id=\"6790c74\" data-element_type=\"column\">\n\t\t\t<div class=\"elementor-widget-wrap elementor-element-populated\">\n\t\t\t\t\t\t<div class=\"elementor-element elementor-element-31d1671 elementor-widget elementor-widget-heading\" data-id=\"31d1671\" data-element_type=\"widget\" data-widget_type=\"heading.default\">\n\t\t\t\t<div class=\"elementor-widget-container\">\n\t\t\t\t\t<h2 class=\"elementor-heading-title elementor-size-default\">Meie k\u00f5rgem eesm\u00e4rk<\/h2>\t\t\t\t<\/div>\n\t\t\t\t<\/div>\n\t\t\t\t\t<\/div>\n\t\t<\/div>\n\t\t\t\t\t<\/div>\n\t\t<\/section>\n\t\t\t\t<section class=\"elementor-section elementor-inner-section elementor-element elementor-element-c52fe32 elementor-section-boxed elementor-section-height-default elementor-section-height-default\" data-id=\"c52fe32\" data-element_type=\"section\">\n\t\t\t\t\t\t<div class=\"elementor-container elementor-column-gap-default\">\n\t\t\t\t\t<div class=\"elementor-column elementor-col-100 elementor-inner-column elementor-element elementor-element-3b8d0d9\" data-id=\"3b8d0d9\" data-element_type=\"column\">\n\t\t\t<div class=\"elementor-widget-wrap elementor-element-populated\">\n\t\t\t\t\t\t<div class=\"elementor-element elementor-element-fdb8d20 elementor-widget elementor-widget-video\" data-id=\"fdb8d20\" data-element_type=\"widget\" data-settings=\"{&quot;youtube_url&quot;:&quot;https:\\\/\\\/www.youtube.com\\\/watch?v=Pi4c-nGOfl8&quot;,&quot;video_type&quot;:&quot;youtube&quot;,&quot;controls&quot;:&quot;yes&quot;}\" data-widget_type=\"video.default\">\n\t\t\t\t<div class=\"elementor-widget-container\">\n\t\t\t\t\t\t\t<div class=\"elementor-wrapper elementor-open-inline\">\n\t\t\t<div class=\"elementor-video\"><\/div>\t\t<\/div>\n\t\t\t\t\t\t<\/div>\n\t\t\t\t<\/div>\n\t\t\t\t\t<\/div>\n\t\t<\/div>\n\t\t\t\t\t<\/div>\n\t\t<\/section>\n\t\t\t\t\t<\/div>\n\t\t<\/div>\n\t\t\t\t\t<\/div>\n\t\t<\/section>\n\t\t\t\t<\/div>\n\t\t","protected":false},"excerpt":{"rendered":"<p>Kes me oleme ByggJobs\u00a0platvormi asutas 2018. aastal Skandinaavia grupp EHRAB, kes tegeleb t\u00f6\u00f6tajate v\u00e4rbamise ja selle protsessi vahendamisega. Meie platvorm on virtuaalne turg t\u00f6\u00f6otsijatele ja t\u00f6\u00f6andjatele Euroopa ehituse, tsiviilehituse ja paigaldusteenuste valdkonnas. Meie eesm\u00e4rk on pakkuda kogu Euroopa ettev\u00f5tetele usaldusv\u00e4\u00e4rset juurdep\u00e4\u00e4su keskmiste ja k\u00f5rgete kvalifikatsioonidega t\u00f6\u00f6tajatele. Meie missioon \u00a0 Euroopa ehitust\u00f6\u00f6stus on viimastel aastak\u00fcmnetel tugevalt [&hellip;]<\/p>\n","protected":false},"author":4,"featured_media":0,"parent":0,"menu_order":0,"comment_status":"closed","ping_status":"closed","template":"","meta":{"footnotes":""},"class_list":["post-1500","page","type-page","status-publish","hentry"],"_links":{"self":[{"href":"https:\/\/byggjobs.app\/et\/wp-json\/wp\/v2\/pages\/1500","targetHints":{"allow":["GET"]}}],"collection":[{"href":"https:\/\/byggjobs.app\/et\/wp-json\/wp\/v2\/pages"}],"about":[{"href":"https:\/\/byggjobs.app\/et\/wp-json\/wp\/v2\/types\/page"}],"author":[{"embeddable":true,"href":"https:\/\/byggjobs.app\/et\/wp-json\/wp\/v2\/users\/4"}],"replies":[{"embeddable":true,"href":"https:\/\/byggjobs.app\/et\/wp-json\/wp\/v2\/comments?post=1500"}],"version-history":[{"count":9,"href":"https:\/\/byggjobs.app\/et\/wp-json\/wp\/v2\/pages\/1500\/revisions"}],"predecessor-version":[{"id":2226,"href":"https:\/\/byggjobs.app\/et\/wp-json\/wp\/v2\/pages\/1500\/revisions\/2226"}],"wp:attachment":[{"href":"https:\/\/byggjobs.app\/et\/wp-json\/wp\/v2\/media?parent=1500"}],"curies":[{"name":"wp","href":"https:\/\/api.w.org\/{rel}","templated":true}]}}