{"id":1565,"date":"2022-11-17T09:22:17","date_gmt":"2022-11-17T09:22:17","guid":{"rendered":"https:\/\/byggjobs.stg.geckodoit.com\/faq\/"},"modified":"2022-12-09T06:27:19","modified_gmt":"2022-12-09T06:27:19","slug":"faq","status":"publish","type":"page","link":"https:\/\/byggjobs.app\/es\/faq\/","title":{"rendered":"FAQ"},"content":{"rendered":"\t\t<div data-elementor-type=\"wp-page\" data-elementor-id=\"1565\" class=\"elementor elementor-1565 elementor-17\" data-elementor-post-type=\"page\">\n\t\t\t\t\t\t<section class=\"elementor-section elementor-top-section elementor-element elementor-element-c4636ab elementor-section-height-min-height elementor-section-boxed elementor-section-height-default elementor-section-items-middle\" data-id=\"c4636ab\" data-element_type=\"section\" data-settings=\"{&quot;background_background&quot;:&quot;classic&quot;}\">\n\t\t\t\t\t\t<div class=\"elementor-container elementor-column-gap-default\">\n\t\t\t\t\t<div class=\"elementor-column elementor-col-100 elementor-top-column elementor-element elementor-element-9d14f92\" data-id=\"9d14f92\" data-element_type=\"column\">\n\t\t\t<div class=\"elementor-widget-wrap elementor-element-populated\">\n\t\t\t\t\t\t<section class=\"elementor-section elementor-inner-section elementor-element elementor-element-2643c0f elementor-section-boxed elementor-section-height-default elementor-section-height-default\" data-id=\"2643c0f\" data-element_type=\"section\">\n\t\t\t\t\t\t<div class=\"elementor-container elementor-column-gap-default\">\n\t\t\t\t\t<div class=\"elementor-column elementor-col-100 elementor-inner-column elementor-element elementor-element-c84408e\" data-id=\"c84408e\" data-element_type=\"column\">\n\t\t\t<div class=\"elementor-widget-wrap elementor-element-populated\">\n\t\t\t\t\t\t<div class=\"elementor-element elementor-element-714c673 elementor-widget elementor-widget-heading\" data-id=\"714c673\" data-element_type=\"widget\" data-widget_type=\"heading.default\">\n\t\t\t\t<div class=\"elementor-widget-container\">\n\t\t\t\t\t<h1 class=\"elementor-heading-title elementor-size-default\">FAQ<\/h1>\t\t\t\t<\/div>\n\t\t\t\t<\/div>\n\t\t\t\t\t<\/div>\n\t\t<\/div>\n\t\t\t\t\t<\/div>\n\t\t<\/section>\n\t\t\t\t\t<\/div>\n\t\t<\/div>\n\t\t\t\t\t<\/div>\n\t\t<\/section>\n\t\t\t\t<section class=\"elementor-section elementor-top-section elementor-element elementor-element-35f44e1 elementor-section-boxed elementor-section-height-default elementor-section-height-default\" data-id=\"35f44e1\" data-element_type=\"section\" data-settings=\"{&quot;background_background&quot;:&quot;classic&quot;}\">\n\t\t\t\t\t\t<div class=\"elementor-container elementor-column-gap-default\">\n\t\t\t\t\t<div class=\"elementor-column elementor-col-100 elementor-top-column elementor-element elementor-element-94d5169\" data-id=\"94d5169\" data-element_type=\"column\">\n\t\t\t<div class=\"elementor-widget-wrap elementor-element-populated\">\n\t\t\t\t\t\t<section class=\"elementor-section elementor-inner-section elementor-element elementor-element-d8c0e3d elementor-section-boxed elementor-section-height-default elementor-section-height-default\" data-id=\"d8c0e3d\" data-element_type=\"section\">\n\t\t\t\t\t\t<div class=\"elementor-container elementor-column-gap-default\">\n\t\t\t\t\t<div class=\"elementor-column elementor-col-100 elementor-inner-column elementor-element elementor-element-d70e4e7\" data-id=\"d70e4e7\" data-element_type=\"column\">\n\t\t\t<div class=\"elementor-widget-wrap elementor-element-populated\">\n\t\t\t\t\t\t<div class=\"elementor-element elementor-element-6e424ea elementor-widget elementor-widget-heading\" data-id=\"6e424ea\" data-element_type=\"widget\" data-widget_type=\"heading.default\">\n\t\t\t\t<div class=\"elementor-widget-container\">\n\t\t\t\t\t<h2 class=\"elementor-heading-title elementor-size-default\">Preguntas frecuentes\n<\/h2>\t\t\t\t<\/div>\n\t\t\t\t<\/div>\n\t\t\t\t\t<\/div>\n\t\t<\/div>\n\t\t\t\t\t<\/div>\n\t\t<\/section>\n\t\t\t\t<section class=\"elementor-section elementor-inner-section elementor-element elementor-element-e33eeb8 elementor-section-boxed elementor-section-height-default elementor-section-height-default\" data-id=\"e33eeb8\" data-element_type=\"section\">\n\t\t\t\t\t\t<div class=\"elementor-container elementor-column-gap-default\">\n\t\t\t\t\t<div class=\"elementor-column elementor-col-50 elementor-inner-column elementor-element elementor-element-24ebe40\" data-id=\"24ebe40\" data-element_type=\"column\">\n\t\t\t<div class=\"elementor-widget-wrap elementor-element-populated\">\n\t\t\t\t\t\t<div class=\"elementor-element elementor-element-fec9719 elementor-widget elementor-widget-eael-adv-accordion\" data-id=\"fec9719\" data-element_type=\"widget\" data-widget_type=\"eael-adv-accordion.default\">\n\t\t\t\t<div class=\"elementor-widget-container\">\n\t\t\t\t\t            <div class=\"eael-adv-accordion\" id=\"eael-adv-accordion-fec9719\" data-scroll-on-click=\"no\" data-scroll-speed=\"300\" data-accordion-id=\"fec9719\" data-accordion-type=\"accordion\" data-toogle-speed=\"300\">\n            <div class=\"eael-accordion-list\">\n\t\t\t\t\t<div id=\"cmo-buscar-en-byggjobs\" class=\"elementor-tab-title eael-accordion-header\" tabindex=\"0\" data-tab=\"1\" aria-controls=\"elementor-tab-content-2671\"><span class=\"eael-accordion-tab-title\">\u00bfC\u00f3mo buscar en ByggJobs?<\/span><span class=\"eael-advanced-accordion-icon-closed\"><i aria-hidden=\"true\" class=\"fa-accordion-icon fas fa-plus\"><\/i><\/span><span class=\"eael-advanced-accordion-icon-opened\"><i aria-hidden=\"true\" class=\"fa-accordion-icon fas fa-minus\"><\/i><\/span><\/div><div id=\"elementor-tab-content-2671\" class=\"eael-accordion-content clearfix\" data-tab=\"1\" aria-labelledby=\"cmo-buscar-en-byggjobs\"><p>Al entrar encuentra la funci\u00f3n de b\u00fasqueda en la p\u00e1gina principal. Tanto en la versi\u00f3n de la aplicaci\u00f3n destinada para el sitio web como en la aplicaci\u00f3n m\u00f3vil esta funci\u00f3n se encuentra en la parte superior de la pantalla. Aqu\u00ed puede introducir cualquier puesto o empresa que te interese y empreza la b\u00fasqueda en nuestra base de datos.<\/p><\/div>\n\t\t\t\t\t<\/div><div class=\"eael-accordion-list\">\n\t\t\t\t\t<div id=\"cmo-puedo-guardar-mis-ofertas-de-trabajo-favoritas\" class=\"elementor-tab-title eael-accordion-header\" tabindex=\"0\" data-tab=\"2\" aria-controls=\"elementor-tab-content-2672\"><span class=\"eael-accordion-tab-title\">\u00bfC\u00f3mo puedo guardar mis ofertas de trabajo favoritas?<\/span><span class=\"eael-advanced-accordion-icon-closed\"><i aria-hidden=\"true\" class=\"fa-accordion-icon fas fa-plus\"><\/i><\/span><span class=\"eael-advanced-accordion-icon-opened\"><i aria-hidden=\"true\" class=\"fa-accordion-icon fas fa-minus\"><\/i><\/span><\/div><div id=\"elementor-tab-content-2672\" class=\"eael-accordion-content clearfix\" data-tab=\"2\" aria-labelledby=\"cmo-puedo-guardar-mis-ofertas-de-trabajo-favoritas\"><p>Todas las ofertas de trabajo disponibles se visualizar\u00e1n en la p\u00e1gina principal. A la derecha de cada oferta se encuentra el icono de pesta\u00f1a. Seleccione este incono para a\u00f1adir la oferta de trabajo a favoritas. Entonces el anuncio se a\u00f1adir\u00e1 autom\u00e1ticamente a la Pantalla de Pesta\u00f1as \u2014 p\u00e1gina al lado de la pesta\u00f1a \u00abP\u00e1gina Principal\u201d.<\/p><p>Si quiere eliminar la oferta de trabajo de las pesta\u00f1as, vuelva a seleccionar el mismo icono de la pesta\u00f1a.<\/p><\/div>\n\t\t\t\t\t<\/div><div class=\"eael-accordion-list\">\n\t\t\t\t\t<div id=\"cmo-filtrar-las-ofertas-de-trabajo\" class=\"elementor-tab-title eael-accordion-header\" tabindex=\"0\" data-tab=\"3\" aria-controls=\"elementor-tab-content-2673\"><span class=\"eael-accordion-tab-title\">\u00bfC\u00f3mo filtrar las ofertas de trabajo?<\/span><span class=\"eael-advanced-accordion-icon-closed\"><i aria-hidden=\"true\" class=\"fa-accordion-icon fas fa-plus\"><\/i><\/span><span class=\"eael-advanced-accordion-icon-opened\"><i aria-hidden=\"true\" class=\"fa-accordion-icon fas fa-minus\"><\/i><\/span><\/div><div id=\"elementor-tab-content-2673\" class=\"eael-accordion-content clearfix\" data-tab=\"3\" aria-labelledby=\"cmo-filtrar-las-ofertas-de-trabajo\"><p>Pasa al inicio de la p\u00e1gina principal. A la derecha del campo de b\u00fasqueda se encuentra el \u00edcono de filtro. Al seleccionarlo, aparecer\u00e1 la nueva pantalla, donde se ver\u00e1n las diferentes categor\u00edas de filtros. Al seleccionar todos los filtros necesarios, pinche el bot\u00f3n \u00abAplicar\u00bb para visualizar las ofertas de trabajo incluyendo los filtros de b\u00fasqueda seleccionados. Si quiere volver a ver todas las tareas, pinche en el bot\u00f3n \u00abBorrar\u00bb para eliminar todos los filtros.<\/p><\/div>\n\t\t\t\t\t<\/div><div class=\"eael-accordion-list\">\n\t\t\t\t\t<div id=\"puedo-compartir-las-ofertas-de-trabajo-a-mis-amigos\" class=\"elementor-tab-title eael-accordion-header\" tabindex=\"0\" data-tab=\"4\" aria-controls=\"elementor-tab-content-2674\"><span class=\"eael-accordion-tab-title\">\u00bfPuedo compartir las ofertas de trabajo a mis amigos?<\/span><span class=\"eael-advanced-accordion-icon-closed\"><i aria-hidden=\"true\" class=\"fa-accordion-icon fas fa-plus\"><\/i><\/span><span class=\"eael-advanced-accordion-icon-opened\"><i aria-hidden=\"true\" class=\"fa-accordion-icon fas fa-minus\"><\/i><\/span><\/div><div id=\"elementor-tab-content-2674\" class=\"eael-accordion-content clearfix\" data-tab=\"4\" aria-labelledby=\"puedo-compartir-las-ofertas-de-trabajo-a-mis-amigos\"><p>S\u00ed, desde luego. Pasa a la P\u00e1gina Principal para visualizar la oferta de trabajo. Seleccione el anuncio que quiera compartir a los amigos. Ver\u00e1 los detalles de la oferta y en el rinc\u00f3n superior derecho el icono de compartir. Seleccione el icono y entonces nuestra aplicaci\u00f3n le propondr\u00e1 los diferentes canales por los cuales podr\u00e1 enviar el enlace al anuncio a sus amigos.<\/p><\/div>\n\t\t\t\t\t<\/div><div class=\"eael-accordion-list\">\n\t\t\t\t\t<div id=\"cmo-puedo-aplicar\" class=\"elementor-tab-title eael-accordion-header\" tabindex=\"0\" data-tab=\"5\" aria-controls=\"elementor-tab-content-2675\"><span class=\"eael-accordion-tab-title\">\u00bfC\u00f3mo puedo aplicar?<\/span><span class=\"eael-advanced-accordion-icon-closed\"><i aria-hidden=\"true\" class=\"fa-accordion-icon fas fa-plus\"><\/i><\/span><span class=\"eael-advanced-accordion-icon-opened\"><i aria-hidden=\"true\" class=\"fa-accordion-icon fas fa-minus\"><\/i><\/span><\/div><div id=\"elementor-tab-content-2675\" class=\"eael-accordion-content clearfix\" data-tab=\"5\" aria-labelledby=\"cmo-puedo-aplicar\"><p>Si mira la p\u00e1gina principal para buscar los puestos adecuados, podr\u00e1 seleccionar cualquier anuncio y ver los detalles relativos al trabajo ofrecido. Si quiere aplicar, pase al pie de la p\u00e1gina donde se encuentra la informaci\u00f3n detallada relativa a las ofertas de trabajo y seleccione el bot\u00f3n \u00abAplicar\u00bb. Pinche este bot\u00f3n para empezar el proceso de aplicaci\u00f3n. La aplicaci\u00f3n pedir\u00e1 la conformaci\u00f3n que quiere aplicar el puesto dado. Vuelva a seleccionar \u00abAplicar\u00bb y su CV se enviar\u00e1 al empleador potencial.<\/p><\/div>\n\t\t\t\t\t<\/div><div class=\"eael-accordion-list\">\n\t\t\t\t\t<div id=\"puedo-evaluar-la-empresa\" class=\"elementor-tab-title eael-accordion-header\" tabindex=\"0\" data-tab=\"6\" aria-controls=\"elementor-tab-content-2676\"><span class=\"eael-accordion-tab-title\">\u00bfPuedo evaluar la empresa?<\/span><span class=\"eael-advanced-accordion-icon-closed\"><i aria-hidden=\"true\" class=\"fa-accordion-icon fas fa-plus\"><\/i><\/span><span class=\"eael-advanced-accordion-icon-opened\"><i aria-hidden=\"true\" class=\"fa-accordion-icon fas fa-minus\"><\/i><\/span><\/div><div id=\"elementor-tab-content-2676\" class=\"eael-accordion-content clearfix\" data-tab=\"6\" aria-labelledby=\"puedo-evaluar-la-empresa\"><p>S\u00ed, pero solamente si ha cooperado con ella. Cuando termine la cooperaci\u00f3n con la empresa, nuestra aplicaci\u00f3n le enviar\u00e1 un mensaje push avisando que el trabajo fue registrado en nuestro sistema como finalizado. La selecci\u00f3n del mensaje ocasionar\u00e1 el paso a la p\u00e1gina de los detalles de las ofertas de trabajo, donde aparecer\u00e1 la secci\u00f3n de Evaluaci\u00f3n y Rese\u00f1a. Aqu\u00ed puede escribir la rese\u00f1a relativa al empleador y evaluarlo, asignando estrellas (de una a cinco). Para publicar su rese\u00f1a, seleccione el bot\u00f3n \u00abPublicar\u00bb.<\/p><\/div>\n\t\t\t\t\t<\/div><div class=\"eael-accordion-list\">\n\t\t\t\t\t<div id=\"es-posible-desactivar-las-notificaciones\" class=\"elementor-tab-title eael-accordion-header\" tabindex=\"0\" data-tab=\"7\" aria-controls=\"elementor-tab-content-2677\"><span class=\"eael-accordion-tab-title\">\u00bfEs posible desactivar las notificaciones?<\/span><span class=\"eael-advanced-accordion-icon-closed\"><i aria-hidden=\"true\" class=\"fa-accordion-icon fas fa-plus\"><\/i><\/span><span class=\"eael-advanced-accordion-icon-opened\"><i aria-hidden=\"true\" class=\"fa-accordion-icon fas fa-minus\"><\/i><\/span><\/div><div id=\"elementor-tab-content-2677\" class=\"eael-accordion-content clearfix\" data-tab=\"7\" aria-labelledby=\"es-posible-desactivar-las-notificaciones\"><p>S\u00ed, desde luego. Para ello para al rinc\u00f3n superior derecho de la p\u00e1gina y busque las dos l\u00edneas horizontales peque\u00f1as. Seleccione para abrir el men\u00fa desplegable y, luego, seleccione la opci\u00f3n Configuraci\u00f3n. Luego, pase a la Secci\u00f3n Notificaciones, donde ver\u00e1 el interruptor Encender &#8211; Apagar. Permite controlar las notificaciones que visualiza nuestra aplicaci\u00f3n.<\/p><\/div>\n\t\t\t\t\t<\/div><div class=\"eael-accordion-list\">\n\t\t\t\t\t<div id=\"cmo-actualizo-mi-perfil\" class=\"elementor-tab-title eael-accordion-header\" tabindex=\"0\" data-tab=\"8\" aria-controls=\"elementor-tab-content-2678\"><span class=\"eael-accordion-tab-title\">\u00bfC\u00f3mo actualizo mi perfil?<\/span><span class=\"eael-advanced-accordion-icon-closed\"><i aria-hidden=\"true\" class=\"fa-accordion-icon fas fa-plus\"><\/i><\/span><span class=\"eael-advanced-accordion-icon-opened\"><i aria-hidden=\"true\" class=\"fa-accordion-icon fas fa-minus\"><\/i><\/span><\/div><div id=\"elementor-tab-content-2678\" class=\"eael-accordion-content clearfix\" data-tab=\"8\" aria-labelledby=\"cmo-actualizo-mi-perfil\"><p>Seleccione dos l\u00edneas del rinc\u00f3n derecho superior para abrir el men\u00fa desplegable. Seleccione la primera opci\u00f3n My Profile para modificar su perfil en el servicio ByggJobs. Puede a\u00f1adir los cursillos terminados y los certificados obtenidos, idiomas que domina, su experiencia y portfolio. Tambi\u00e9n puede modificar toda la informaci\u00f3n, incluyendo los datos de contacto.<\/p><\/div>\n\t\t\t\t\t<\/div><\/div>\t\t\t\t<\/div>\n\t\t\t\t<\/div>\n\t\t\t\t\t<\/div>\n\t\t<\/div>\n\t\t\t\t<div class=\"elementor-column elementor-col-50 elementor-inner-column elementor-element elementor-element-94c148a\" data-id=\"94c148a\" data-element_type=\"column\">\n\t\t\t<div class=\"elementor-widget-wrap elementor-element-populated\">\n\t\t\t\t\t\t<div class=\"elementor-element elementor-element-5f91cbd elementor-widget elementor-widget-eael-adv-accordion\" data-id=\"5f91cbd\" data-element_type=\"widget\" data-widget_type=\"eael-adv-accordion.default\">\n\t\t\t\t<div class=\"elementor-widget-container\">\n\t\t\t\t\t            <div class=\"eael-adv-accordion\" id=\"eael-adv-accordion-5f91cbd\" data-scroll-on-click=\"no\" data-scroll-speed=\"300\" data-accordion-id=\"5f91cbd\" data-accordion-type=\"accordion\" data-toogle-speed=\"300\">\n            <div class=\"eael-accordion-list\">\n\t\t\t\t\t<div id=\"cmo-visualizo-la-informacin-detallada-relativa-a-los-empleados\" class=\"elementor-tab-title eael-accordion-header\" tabindex=\"0\" data-tab=\"1\" aria-controls=\"elementor-tab-content-1001\"><span class=\"eael-accordion-tab-title\">\u00bfC\u00f3mo visualizo la informaci\u00f3n detallada relativa a los empleados?<\/span><span class=\"eael-advanced-accordion-icon-closed\"><i aria-hidden=\"true\" class=\"fa-accordion-icon fas fa-plus\"><\/i><\/span><span class=\"eael-advanced-accordion-icon-opened\"><i aria-hidden=\"true\" class=\"fa-accordion-icon fas fa-minus\"><\/i><\/span><\/div><div id=\"elementor-tab-content-1001\" class=\"eael-accordion-content clearfix\" data-tab=\"1\" aria-labelledby=\"cmo-visualizo-la-informacin-detallada-relativa-a-los-empleados\"><p>En la P\u00e1gina Principal ver\u00e1 la lista de todos los empleados disponibles de su sector. Si quiere enterarse m\u00e1s de algunos de ellos, seleccione el campo con el apellido y la foto de la persona dada y la aplicaci\u00f3n le pasar\u00e1 a la nueva pantalla, donde se encuentran los datos del empleado.<\/p><\/div>\n\t\t\t\t\t<\/div><div class=\"eael-accordion-list\">\n\t\t\t\t\t<div id=\"cmo-puedo-crear-la-oferta-de-trabajo\" class=\"elementor-tab-title eael-accordion-header\" tabindex=\"0\" data-tab=\"2\" aria-controls=\"elementor-tab-content-1002\"><span class=\"eael-accordion-tab-title\">\u00bfC\u00f3mo puedo crear la oferta de trabajo?<\/span><span class=\"eael-advanced-accordion-icon-closed\"><i aria-hidden=\"true\" class=\"fa-accordion-icon fas fa-plus\"><\/i><\/span><span class=\"eael-advanced-accordion-icon-opened\"><i aria-hidden=\"true\" class=\"fa-accordion-icon fas fa-minus\"><\/i><\/span><\/div><div id=\"elementor-tab-content-1002\" class=\"eael-accordion-content clearfix\" data-tab=\"2\" aria-labelledby=\"cmo-puedo-crear-la-oferta-de-trabajo\"><p>Mire en el pie de la pantalla, all\u00ed se encuentran los iconos de navegaci\u00f3n. Seleccione el icono titulado Ofertas de trabajo que le permitir\u00e1 pasar a la p\u00e1gina Mis oferts de trabajo.<br \/>En el rinc\u00f3n derecho superior encontrar\u00e1 el bot\u00f3n amarillo\u00a0 \u00abA\u00f1adir la oferta de trabajo\u00bb. Apriete este bot\u00f3n para a\u00f1adir la oferta de trabajo. La aplicaci\u00f3n permite introducir diferentes datos detallados relativos a la oferta, tales como: nombre de puesto de trabajo, tipo de empleo o fecha de realizaci\u00f3n de trabajo preciso. Al terminar la edici\u00f3n pase al pie de la p\u00e1gina y apriete Guardar y Publicar, para publicar el anuncio.<\/p><\/div>\n\t\t\t\t\t<\/div><div class=\"eael-accordion-list\">\n\t\t\t\t\t<div id=\"cmo-quedar-en-una-entrevista-de-trabajo-con-el-empleado-potencial\" class=\"elementor-tab-title eael-accordion-header\" tabindex=\"0\" data-tab=\"3\" aria-controls=\"elementor-tab-content-1003\"><span class=\"eael-accordion-tab-title\">\u00bfC\u00f3mo quedar en una entrevista de trabajo con el empleado potencial?<\/span><span class=\"eael-advanced-accordion-icon-closed\"><i aria-hidden=\"true\" class=\"fa-accordion-icon fas fa-plus\"><\/i><\/span><span class=\"eael-advanced-accordion-icon-opened\"><i aria-hidden=\"true\" class=\"fa-accordion-icon fas fa-minus\"><\/i><\/span><\/div><div id=\"elementor-tab-content-1003\" class=\"eael-accordion-content clearfix\" data-tab=\"3\" aria-labelledby=\"cmo-quedar-en-una-entrevista-de-trabajo-con-el-empleado-potencial\"><p>Pase a la P\u00e1gina Principal y seleccione al candidato que quiere invitar a la entrevista de trabajo. VIsualizar\u00e1 la p\u00e1gina que presenta la informaci\u00f3n detallada relativa al empleado. Mire el pie de la pantalla donde encontrar\u00e1 el bot\u00f3n amarillo\u00a0 \u00abPlanificar la entrevista de trabajo\u00bb. Apriete este bot\u00f3n para quedar una entrevista y avisar al candidato.<\/p><\/div>\n\t\t\t\t\t<\/div><div class=\"eael-accordion-list\">\n\t\t\t\t\t<div id=\"puedo-hablar-con-el-empleado-a-travs-de-chat\" class=\"elementor-tab-title eael-accordion-header\" tabindex=\"0\" data-tab=\"4\" aria-controls=\"elementor-tab-content-1004\"><span class=\"eael-accordion-tab-title\">\u00bfPuedo hablar con el empleado a trav\u00e9s de chat?<\/span><span class=\"eael-advanced-accordion-icon-closed\"><i aria-hidden=\"true\" class=\"fa-accordion-icon fas fa-plus\"><\/i><\/span><span class=\"eael-advanced-accordion-icon-opened\"><i aria-hidden=\"true\" class=\"fa-accordion-icon fas fa-minus\"><\/i><\/span><\/div><div id=\"elementor-tab-content-1004\" class=\"eael-accordion-content clearfix\" data-tab=\"4\" aria-labelledby=\"puedo-hablar-con-el-empleado-a-travs-de-chat\"><p>S\u00ed, perp solamente con los empleados que ha empleado Usted. En la barra de navegaci\u00f3n en el pie de la pantalla se encuentra el icono de chat. Apri\u00e9tela para pasar a la p\u00e1gina de chat.<\/p><\/div>\n\t\t\t\t\t<\/div><div class=\"eael-accordion-list\">\n\t\t\t\t\t<div id=\"cmo-actualizar-el-perfil-de-mi-empresa\" class=\"elementor-tab-title eael-accordion-header\" tabindex=\"0\" data-tab=\"5\" aria-controls=\"elementor-tab-content-1005\"><span class=\"eael-accordion-tab-title\">\u00bfC\u00f3mo actualizar el perfil de mi empresa?<\/span><span class=\"eael-advanced-accordion-icon-closed\"><i aria-hidden=\"true\" class=\"fa-accordion-icon fas fa-plus\"><\/i><\/span><span class=\"eael-advanced-accordion-icon-opened\"><i aria-hidden=\"true\" class=\"fa-accordion-icon fas fa-minus\"><\/i><\/span><\/div><div id=\"elementor-tab-content-1005\" class=\"eael-accordion-content clearfix\" data-tab=\"5\" aria-labelledby=\"cmo-actualizar-el-perfil-de-mi-empresa\"><p>Encuentre dos barras horizontales en el rinc\u00f3n superior derecho de la pantalla. Al seleccionar este s\u00edmbolo abrir\u00e1 el men\u00fa desplegable. La primera opci\u00f3n del men\u00fa es justamente el Perfil. Seleccione este s\u00edmbolo para abrir la p\u00e1gina de la edici\u00f3n de perfil.<\/p><\/div>\n\t\t\t\t\t<\/div><div class=\"eael-accordion-list\">\n\t\t\t\t\t<div id=\"cmo-puedo-evaluar-y-resear-el-trabajo-del-empleado\" class=\"elementor-tab-title eael-accordion-header\" tabindex=\"0\" data-tab=\"6\" aria-controls=\"elementor-tab-content-1006\"><span class=\"eael-accordion-tab-title\">\u00bfC\u00f3mo puedo evaluar y rese\u00f1ar el trabajo del empleado?<\/span><span class=\"eael-advanced-accordion-icon-closed\"><i aria-hidden=\"true\" class=\"fa-accordion-icon fas fa-plus\"><\/i><\/span><span class=\"eael-advanced-accordion-icon-opened\"><i aria-hidden=\"true\" class=\"fa-accordion-icon fas fa-minus\"><\/i><\/span><\/div><div id=\"elementor-tab-content-1006\" class=\"eael-accordion-content clearfix\" data-tab=\"6\" aria-labelledby=\"cmo-puedo-evaluar-y-resear-el-trabajo-del-empleado\"><p>Al finalizar el trabajo por el empleado recibir\u00e1 la notificaci\u00f3n push con el mensaje que hemos registrado la finalizaci\u00f3n de su cooperaci\u00f3n con el empleado. Al seleccionar esta informaci\u00f3n aparecer\u00e1 una p\u00e1gina nueva donde existir\u00e1 la posibilidad de evaluaci\u00f3n y rese\u00f1a. Para publicar su rese\u00f1a, seleccione el bot\u00f3n \u00abPublicar\u00bb que se encuentra en el pie de la p\u00e1gina.<\/p><\/div>\n\t\t\t\t\t<\/div><\/div>\t\t\t\t<\/div>\n\t\t\t\t<\/div>\n\t\t\t\t\t<\/div>\n\t\t<\/div>\n\t\t\t\t\t<\/div>\n\t\t<\/section>\n\t\t\t\t\t<\/div>\n\t\t<\/div>\n\t\t\t\t\t<\/div>\n\t\t<\/section>\n\t\t\t\t<\/div>\n\t\t","protected":false},"excerpt":{"rendered":"<p>Preguntas frecuentes \u00bfC\u00f3mo buscar en ByggJobs? Al entrar encuentra la funci\u00f3n de b\u00fasqueda en la p\u00e1gina principal. Tanto en la versi\u00f3n de la aplicaci\u00f3n destinada para el sitio web como en la aplicaci\u00f3n m\u00f3vil esta funci\u00f3n se encuentra en la parte superior de la pantalla. Aqu\u00ed puede introducir cualquier puesto o empresa que te interese [&hellip;]<\/p>\n","protected":false},"author":4,"featured_media":0,"parent":0,"menu_order":0,"comment_status":"closed","ping_status":"closed","template":"","meta":{"footnotes":""},"class_list":["post-1565","page","type-page","status-publish","hentry"],"_links":{"self":[{"href":"https:\/\/byggjobs.app\/es\/wp-json\/wp\/v2\/pages\/1565","targetHints":{"allow":["GET"]}}],"collection":[{"href":"https:\/\/byggjobs.app\/es\/wp-json\/wp\/v2\/pages"}],"about":[{"href":"https:\/\/byggjobs.app\/es\/wp-json\/wp\/v2\/types\/page"}],"author":[{"embeddable":true,"href":"https:\/\/byggjobs.app\/es\/wp-json\/wp\/v2\/users\/4"}],"replies":[{"embeddable":true,"href":"https:\/\/byggjobs.app\/es\/wp-json\/wp\/v2\/comments?post=1565"}],"version-history":[{"count":13,"href":"https:\/\/byggjobs.app\/es\/wp-json\/wp\/v2\/pages\/1565\/revisions"}],"predecessor-version":[{"id":2489,"href":"https:\/\/byggjobs.app\/es\/wp-json\/wp\/v2\/pages\/1565\/revisions\/2489"}],"wp:attachment":[{"href":"https:\/\/byggjobs.app\/es\/wp-json\/wp\/v2\/media?parent=1565"}],"curies":[{"name":"wp","href":"https:\/\/api.w.org\/{rel}","templated":true}]}}