{"id":1542,"date":"2022-11-17T09:20:50","date_gmt":"2022-11-17T09:20:50","guid":{"rendered":"https:\/\/byggjobs.stg.geckodoit.com\/about-us\/"},"modified":"2022-12-09T06:19:35","modified_gmt":"2022-12-09T06:19:35","slug":"sobre-nosotras","status":"publish","type":"page","link":"https:\/\/byggjobs.app\/es\/sobre-nosotras\/","title":{"rendered":"Sobre nosotras"},"content":{"rendered":"\t\t<div data-elementor-type=\"wp-page\" data-elementor-id=\"1542\" class=\"elementor elementor-1542 elementor-13\" data-elementor-post-type=\"page\">\n\t\t\t\t\t\t<section class=\"elementor-section elementor-top-section elementor-element elementor-element-5bb95e6 elementor-section-height-min-height elementor-section-boxed elementor-section-height-default elementor-section-items-middle\" data-id=\"5bb95e6\" data-element_type=\"section\" data-settings=\"{&quot;background_background&quot;:&quot;classic&quot;}\">\n\t\t\t\t\t\t<div class=\"elementor-container elementor-column-gap-default\">\n\t\t\t\t\t<div class=\"elementor-column elementor-col-100 elementor-top-column elementor-element elementor-element-c352216\" data-id=\"c352216\" data-element_type=\"column\">\n\t\t\t<div class=\"elementor-widget-wrap elementor-element-populated\">\n\t\t\t\t\t\t<section class=\"elementor-section elementor-inner-section elementor-element elementor-element-dbcaf34 elementor-section-boxed elementor-section-height-default elementor-section-height-default\" data-id=\"dbcaf34\" data-element_type=\"section\">\n\t\t\t\t\t\t<div class=\"elementor-container elementor-column-gap-default\">\n\t\t\t\t\t<div class=\"elementor-column elementor-col-100 elementor-inner-column elementor-element elementor-element-23f44cd\" data-id=\"23f44cd\" data-element_type=\"column\">\n\t\t\t<div class=\"elementor-widget-wrap elementor-element-populated\">\n\t\t\t\t\t\t<div class=\"elementor-element elementor-element-1e29877 elementor-widget elementor-widget-heading\" data-id=\"1e29877\" data-element_type=\"widget\" data-widget_type=\"heading.default\">\n\t\t\t\t<div class=\"elementor-widget-container\">\n\t\t\t\t\t<h1 class=\"elementor-heading-title elementor-size-default\">Sobre nosotras<\/h1>\t\t\t\t<\/div>\n\t\t\t\t<\/div>\n\t\t\t\t\t<\/div>\n\t\t<\/div>\n\t\t\t\t\t<\/div>\n\t\t<\/section>\n\t\t\t\t\t<\/div>\n\t\t<\/div>\n\t\t\t\t\t<\/div>\n\t\t<\/section>\n\t\t\t\t<section class=\"elementor-section elementor-top-section elementor-element elementor-element-05f8b2a elementor-section-boxed elementor-section-height-default elementor-section-height-default\" data-id=\"05f8b2a\" data-element_type=\"section\" data-settings=\"{&quot;background_background&quot;:&quot;classic&quot;}\">\n\t\t\t\t\t\t<div class=\"elementor-container elementor-column-gap-default\">\n\t\t\t\t\t<div class=\"elementor-column elementor-col-100 elementor-top-column elementor-element elementor-element-f533021\" data-id=\"f533021\" data-element_type=\"column\">\n\t\t\t<div class=\"elementor-widget-wrap elementor-element-populated\">\n\t\t\t\t\t\t<section class=\"elementor-section elementor-inner-section elementor-element elementor-element-df5befa elementor-section-boxed elementor-section-height-default elementor-section-height-default\" data-id=\"df5befa\" data-element_type=\"section\">\n\t\t\t\t\t\t<div class=\"elementor-container elementor-column-gap-default\">\n\t\t\t\t\t<div class=\"elementor-column elementor-col-50 elementor-inner-column elementor-element elementor-element-9661ed8\" data-id=\"9661ed8\" data-element_type=\"column\">\n\t\t\t<div class=\"elementor-widget-wrap elementor-element-populated\">\n\t\t\t\t\t\t<div class=\"elementor-element elementor-element-81a7034 text-background elementor-widget elementor-widget-heading\" data-id=\"81a7034\" data-element_type=\"widget\" data-widget_type=\"heading.default\">\n\t\t\t\t<div class=\"elementor-widget-container\">\n\t\t\t\t\t<h2 class=\"elementor-heading-title elementor-size-default\">\u00bfQui\u00e9nes somos? \n<\/h2>\t\t\t\t<\/div>\n\t\t\t\t<\/div>\n\t\t\t\t\t<\/div>\n\t\t<\/div>\n\t\t\t\t<div class=\"elementor-column elementor-col-50 elementor-inner-column elementor-element elementor-element-d123bdf\" data-id=\"d123bdf\" data-element_type=\"column\">\n\t\t\t<div class=\"elementor-widget-wrap elementor-element-populated\">\n\t\t\t\t\t\t<div class=\"elementor-element elementor-element-9f6b665 elementor-widget elementor-widget-text-editor\" data-id=\"9f6b665\" data-element_type=\"widget\" data-widget_type=\"text-editor.default\">\n\t\t\t\t<div class=\"elementor-widget-container\">\n\t\t\t\t\t\t\t\t\t<p>\u00a0<\/p><div class=\"col-lg-7 col-md-7 col-sm-7 col-s-12 col-ss-12\"><div><p>La plataforma ByggJobs\u00a0fue fundada en 2018 por el Grupo EHRAB de Escandinavia que se ocupaba de admisi\u00f3n e intermediaci\u00f3n en el proceso de empleo. Nuestra plataforma es mercado virtual para las personas que buscan trabajo y empleadores del sector de la construcci\u00f3n, de la ingenier\u00eda civil y de instalaci\u00f3n de Europa. Nuestro objetivo es garantizar acceso perfecto a las empresas de toda la Europa a los empleados de medio y alto grado de calificaci\u00f3n.<\/p><\/div><\/div>\t\t\t\t\t\t\t\t<\/div>\n\t\t\t\t<\/div>\n\t\t\t\t\t<\/div>\n\t\t<\/div>\n\t\t\t\t\t<\/div>\n\t\t<\/section>\n\t\t\t\t<section class=\"elementor-section elementor-inner-section elementor-element elementor-element-8897543 elementor-section-boxed elementor-section-height-default elementor-section-height-default\" data-id=\"8897543\" data-element_type=\"section\">\n\t\t\t\t\t\t<div class=\"elementor-container elementor-column-gap-default\">\n\t\t\t\t\t<div class=\"elementor-column elementor-col-50 elementor-inner-column elementor-element elementor-element-d83adb0\" data-id=\"d83adb0\" data-element_type=\"column\">\n\t\t\t<div class=\"elementor-widget-wrap elementor-element-populated\">\n\t\t\t\t\t\t<div class=\"elementor-element elementor-element-4120562 text-background elementor-widget elementor-widget-heading\" data-id=\"4120562\" data-element_type=\"widget\" data-widget_type=\"heading.default\">\n\t\t\t\t<div class=\"elementor-widget-container\">\n\t\t\t\t\t<h2 class=\"elementor-heading-title elementor-size-default\">Nuestra misi\u00f3n \n<\/h2>\t\t\t\t<\/div>\n\t\t\t\t<\/div>\n\t\t\t\t\t<\/div>\n\t\t<\/div>\n\t\t\t\t<div class=\"elementor-column elementor-col-50 elementor-inner-column elementor-element elementor-element-f43244d\" data-id=\"f43244d\" data-element_type=\"column\">\n\t\t\t<div class=\"elementor-widget-wrap elementor-element-populated\">\n\t\t\t\t\t\t<div class=\"elementor-element elementor-element-7bb2279 elementor-widget elementor-widget-text-editor\" data-id=\"7bb2279\" data-element_type=\"widget\" data-widget_type=\"text-editor.default\">\n\t\t\t\t<div class=\"elementor-widget-container\">\n\t\t\t\t\t\t\t\t\t<div class=\"col-lg-7 col-md-7 col-sm-7 col-s-12 col-ss-12\"><p>Durante las \u00faltimas d\u00e9cadas el sector de la construcci\u00f3n europeo vive su m\u00e1ximo desarrollo, sin embargo, experimenta las dificultades con encontrar la mano de obra con calificaciones. Muchas empresas buscan a sus empleados en el extranjero para complimentar las faltas de personal. Teniendo en cuenta las altas necesidades, muchos clientes extranjeros empezaron a buscar a sus empleados en la Europa Occidental y se abrieron a los pa\u00edses de Escandinavia. El mercado que es regulado insuficientemente ofreci\u00f3 la posibilidad de aprovechar de lagunas blancas en las leyes tributarias tales como las leyes del empleo transfronterizo, lo cual, como consecuencia, tuvo impacto en el mercado de trabajo en el sector de las construcciones y condujo al dumping social, falta de supervisi\u00f3n y, como consecuencia, explotaci\u00f3n de empleados. Como respuesta a estos problemas el Grupo EHRAB cre\u00f3 la aplicaci\u00f3n ByggJobs, en la cual se pone el \u00e9nfasis especial en la sostenibilidad y responsabilidad social. El objetivo de la aplicaci\u00f3n ByggJobs es garantizar la plataforma, por medio de la cual los empleados y los empleadores pueden comunicarse entre s\u00ed de manera profesional manteniendo los principios de cooperaci\u00f3n entre socios. Nuestro objetivo es eliminar a largo plazo el dumping social en el sector de la construcci\u00f3n por medio de garantizar el mercado de trabajo virtual, basado en la transparencia, cuidado y supervisi\u00f3n adecuada.<\/p><\/div>\t\t\t\t\t\t\t\t<\/div>\n\t\t\t\t<\/div>\n\t\t\t\t\t<\/div>\n\t\t<\/div>\n\t\t\t\t\t<\/div>\n\t\t<\/section>\n\t\t\t\t\t<\/div>\n\t\t<\/div>\n\t\t\t\t\t<\/div>\n\t\t<\/section>\n\t\t\t\t<section class=\"elementor-section elementor-top-section elementor-element elementor-element-60f6f70 elementor-section-boxed elementor-section-height-default elementor-section-height-default\" data-id=\"60f6f70\" data-element_type=\"section\">\n\t\t\t\t\t\t<div class=\"elementor-container elementor-column-gap-default\">\n\t\t\t\t\t<div class=\"elementor-column elementor-col-100 elementor-top-column elementor-element elementor-element-1f42838\" data-id=\"1f42838\" data-element_type=\"column\">\n\t\t\t<div class=\"elementor-widget-wrap elementor-element-populated\">\n\t\t\t\t\t\t<section class=\"elementor-section elementor-inner-section elementor-element elementor-element-ddcfc54 elementor-section-boxed elementor-section-height-default elementor-section-height-default\" data-id=\"ddcfc54\" data-element_type=\"section\">\n\t\t\t\t\t\t<div class=\"elementor-container elementor-column-gap-default\">\n\t\t\t\t\t<div class=\"elementor-column elementor-col-100 elementor-inner-column elementor-element elementor-element-6790c74\" data-id=\"6790c74\" data-element_type=\"column\">\n\t\t\t<div class=\"elementor-widget-wrap elementor-element-populated\">\n\t\t\t\t\t\t<div class=\"elementor-element elementor-element-31d1671 elementor-widget elementor-widget-heading\" data-id=\"31d1671\" data-element_type=\"widget\" data-widget_type=\"heading.default\">\n\t\t\t\t<div class=\"elementor-widget-container\">\n\t\t\t\t\t<h2 class=\"elementor-heading-title elementor-size-default\">M\u016bs\u0173 auk\u0161tesnis tikslas<\/h2>\t\t\t\t<\/div>\n\t\t\t\t<\/div>\n\t\t\t\t\t<\/div>\n\t\t<\/div>\n\t\t\t\t\t<\/div>\n\t\t<\/section>\n\t\t\t\t<section class=\"elementor-section elementor-inner-section elementor-element elementor-element-c52fe32 elementor-section-boxed elementor-section-height-default elementor-section-height-default\" data-id=\"c52fe32\" data-element_type=\"section\">\n\t\t\t\t\t\t<div class=\"elementor-container elementor-column-gap-default\">\n\t\t\t\t\t<div class=\"elementor-column elementor-col-100 elementor-inner-column elementor-element elementor-element-3b8d0d9\" data-id=\"3b8d0d9\" data-element_type=\"column\">\n\t\t\t<div class=\"elementor-widget-wrap elementor-element-populated\">\n\t\t\t\t\t\t<div class=\"elementor-element elementor-element-fdb8d20 elementor-widget elementor-widget-video\" data-id=\"fdb8d20\" data-element_type=\"widget\" data-settings=\"{&quot;youtube_url&quot;:&quot;https:\\\/\\\/www.youtube.com\\\/watch?v=Pi4c-nGOfl8&quot;,&quot;video_type&quot;:&quot;youtube&quot;,&quot;controls&quot;:&quot;yes&quot;}\" data-widget_type=\"video.default\">\n\t\t\t\t<div class=\"elementor-widget-container\">\n\t\t\t\t\t\t\t<div class=\"elementor-wrapper elementor-open-inline\">\n\t\t\t<div class=\"elementor-video\"><\/div>\t\t<\/div>\n\t\t\t\t\t\t<\/div>\n\t\t\t\t<\/div>\n\t\t\t\t\t<\/div>\n\t\t<\/div>\n\t\t\t\t\t<\/div>\n\t\t<\/section>\n\t\t\t\t\t<\/div>\n\t\t<\/div>\n\t\t\t\t\t<\/div>\n\t\t<\/section>\n\t\t\t\t<\/div>\n\t\t","protected":false},"excerpt":{"rendered":"<p>\u00bfQui\u00e9nes somos? \u00a0 La plataforma ByggJobs\u00a0fue fundada en 2018 por el Grupo EHRAB de Escandinavia que se ocupaba de admisi\u00f3n e intermediaci\u00f3n en el proceso de empleo. Nuestra plataforma es mercado virtual para las personas que buscan trabajo y empleadores del sector de la construcci\u00f3n, de la ingenier\u00eda civil y de instalaci\u00f3n de Europa. Nuestro [&hellip;]<\/p>\n","protected":false},"author":4,"featured_media":0,"parent":0,"menu_order":0,"comment_status":"closed","ping_status":"closed","template":"","meta":{"footnotes":""},"class_list":["post-1542","page","type-page","status-publish","hentry"],"_links":{"self":[{"href":"https:\/\/byggjobs.app\/es\/wp-json\/wp\/v2\/pages\/1542","targetHints":{"allow":["GET"]}}],"collection":[{"href":"https:\/\/byggjobs.app\/es\/wp-json\/wp\/v2\/pages"}],"about":[{"href":"https:\/\/byggjobs.app\/es\/wp-json\/wp\/v2\/types\/page"}],"author":[{"embeddable":true,"href":"https:\/\/byggjobs.app\/es\/wp-json\/wp\/v2\/users\/4"}],"replies":[{"embeddable":true,"href":"https:\/\/byggjobs.app\/es\/wp-json\/wp\/v2\/comments?post=1542"}],"version-history":[{"count":12,"href":"https:\/\/byggjobs.app\/es\/wp-json\/wp\/v2\/pages\/1542\/revisions"}],"predecessor-version":[{"id":2479,"href":"https:\/\/byggjobs.app\/es\/wp-json\/wp\/v2\/pages\/1542\/revisions\/2479"}],"wp:attachment":[{"href":"https:\/\/byggjobs.app\/es\/wp-json\/wp\/v2\/media?parent=1542"}],"curies":[{"name":"wp","href":"https:\/\/api.w.org\/{rel}","templated":true}]}}