{"id":1560,"date":"2022-11-17T09:22:17","date_gmt":"2022-11-17T09:22:17","guid":{"rendered":"https:\/\/byggjobs.stg.geckodoit.com\/faq\/"},"modified":"2022-12-08T21:43:02","modified_gmt":"2022-12-08T21:43:02","slug":"faq","status":"publish","type":"page","link":"https:\/\/byggjobs.app\/de\/faq\/","title":{"rendered":"FAQ"},"content":{"rendered":"\t\t<div data-elementor-type=\"wp-page\" data-elementor-id=\"1560\" class=\"elementor elementor-1560 elementor-17\" data-elementor-post-type=\"page\">\n\t\t\t\t\t\t<section class=\"elementor-section elementor-top-section elementor-element elementor-element-c4636ab elementor-section-height-min-height elementor-section-boxed elementor-section-height-default elementor-section-items-middle\" data-id=\"c4636ab\" data-element_type=\"section\" data-settings=\"{&quot;background_background&quot;:&quot;classic&quot;}\">\n\t\t\t\t\t\t<div class=\"elementor-container elementor-column-gap-default\">\n\t\t\t\t\t<div class=\"elementor-column elementor-col-100 elementor-top-column elementor-element elementor-element-9d14f92\" data-id=\"9d14f92\" data-element_type=\"column\">\n\t\t\t<div class=\"elementor-widget-wrap elementor-element-populated\">\n\t\t\t\t\t\t<section class=\"elementor-section elementor-inner-section elementor-element elementor-element-2643c0f elementor-section-boxed elementor-section-height-default elementor-section-height-default\" data-id=\"2643c0f\" data-element_type=\"section\">\n\t\t\t\t\t\t<div class=\"elementor-container elementor-column-gap-default\">\n\t\t\t\t\t<div class=\"elementor-column elementor-col-100 elementor-inner-column elementor-element elementor-element-c84408e\" data-id=\"c84408e\" data-element_type=\"column\">\n\t\t\t<div class=\"elementor-widget-wrap elementor-element-populated\">\n\t\t\t\t\t\t<div class=\"elementor-element elementor-element-714c673 elementor-widget elementor-widget-heading\" data-id=\"714c673\" data-element_type=\"widget\" data-widget_type=\"heading.default\">\n\t\t\t\t<div class=\"elementor-widget-container\">\n\t\t\t\t\t<h1 class=\"elementor-heading-title elementor-size-default\">FAQ<\/h1>\t\t\t\t<\/div>\n\t\t\t\t<\/div>\n\t\t\t\t\t<\/div>\n\t\t<\/div>\n\t\t\t\t\t<\/div>\n\t\t<\/section>\n\t\t\t\t\t<\/div>\n\t\t<\/div>\n\t\t\t\t\t<\/div>\n\t\t<\/section>\n\t\t\t\t<section class=\"elementor-section elementor-top-section elementor-element elementor-element-35f44e1 elementor-section-boxed elementor-section-height-default elementor-section-height-default\" data-id=\"35f44e1\" data-element_type=\"section\" data-settings=\"{&quot;background_background&quot;:&quot;classic&quot;}\">\n\t\t\t\t\t\t<div class=\"elementor-container elementor-column-gap-default\">\n\t\t\t\t\t<div class=\"elementor-column elementor-col-100 elementor-top-column elementor-element elementor-element-94d5169\" data-id=\"94d5169\" data-element_type=\"column\">\n\t\t\t<div class=\"elementor-widget-wrap elementor-element-populated\">\n\t\t\t\t\t\t<section class=\"elementor-section elementor-inner-section elementor-element elementor-element-d8c0e3d elementor-section-boxed elementor-section-height-default elementor-section-height-default\" data-id=\"d8c0e3d\" data-element_type=\"section\">\n\t\t\t\t\t\t<div class=\"elementor-container elementor-column-gap-default\">\n\t\t\t\t\t<div class=\"elementor-column elementor-col-100 elementor-inner-column elementor-element elementor-element-d70e4e7\" data-id=\"d70e4e7\" data-element_type=\"column\">\n\t\t\t<div class=\"elementor-widget-wrap elementor-element-populated\">\n\t\t\t\t\t\t<div class=\"elementor-element elementor-element-6e424ea elementor-widget elementor-widget-heading\" data-id=\"6e424ea\" data-element_type=\"widget\" data-widget_type=\"heading.default\">\n\t\t\t\t<div class=\"elementor-widget-container\">\n\t\t\t\t\t<h2 class=\"elementor-heading-title elementor-size-default\">H\u00e4ufig gestellte Fragen<\/h2>\t\t\t\t<\/div>\n\t\t\t\t<\/div>\n\t\t\t\t\t<\/div>\n\t\t<\/div>\n\t\t\t\t\t<\/div>\n\t\t<\/section>\n\t\t\t\t<section class=\"elementor-section elementor-inner-section elementor-element elementor-element-e33eeb8 elementor-section-boxed elementor-section-height-default elementor-section-height-default\" data-id=\"e33eeb8\" data-element_type=\"section\">\n\t\t\t\t\t\t<div class=\"elementor-container elementor-column-gap-default\">\n\t\t\t\t\t<div class=\"elementor-column elementor-col-50 elementor-inner-column elementor-element elementor-element-24ebe40\" data-id=\"24ebe40\" data-element_type=\"column\">\n\t\t\t<div class=\"elementor-widget-wrap elementor-element-populated\">\n\t\t\t\t\t\t<div class=\"elementor-element elementor-element-fec9719 elementor-widget elementor-widget-eael-adv-accordion\" data-id=\"fec9719\" data-element_type=\"widget\" data-widget_type=\"eael-adv-accordion.default\">\n\t\t\t\t<div class=\"elementor-widget-container\">\n\t\t\t\t\t            <div class=\"eael-adv-accordion\" id=\"eael-adv-accordion-fec9719\" data-scroll-on-click=\"no\" data-scroll-speed=\"300\" data-accordion-id=\"fec9719\" data-accordion-type=\"accordion\" data-toogle-speed=\"300\">\n            <div class=\"eael-accordion-list\">\n\t\t\t\t\t<div id=\"wie-kann-ich-in-byggjobs-suchen\" class=\"elementor-tab-title eael-accordion-header\" tabindex=\"0\" data-tab=\"1\" aria-controls=\"elementor-tab-content-2671\"><span class=\"eael-accordion-tab-title\">Wie kann ich in ByggJobs suchen?<\/span><span class=\"eael-advanced-accordion-icon-closed\"><i aria-hidden=\"true\" class=\"fa-accordion-icon fas fa-plus\"><\/i><\/span><span class=\"eael-advanced-accordion-icon-opened\"><i aria-hidden=\"true\" class=\"fa-accordion-icon fas fa-minus\"><\/i><\/span><\/div><div id=\"elementor-tab-content-2671\" class=\"eael-accordion-content clearfix\" data-tab=\"1\" aria-labelledby=\"wie-kann-ich-in-byggjobs-suchen\"><p>Wenn Sie sich einloggen, finden Sie die Suchfunktion auf der Startseite. Sowohl in der Web- als auch in der mobilen Version der App befindet sich diese Funktion am oberen Rand des Bildschirms. Hier k\u00f6nnen Sie jeden Job oder jedes Unternehmen eingeben, das Sie interessiert, und mit der Suche in unserer Datenbank beginnen.<\/p><\/div>\n\t\t\t\t\t<\/div><div class=\"eael-accordion-list\">\n\t\t\t\t\t<div id=\"wie-kann-ich-meine-lieblingsjobs-speichern\" class=\"elementor-tab-title eael-accordion-header\" tabindex=\"0\" data-tab=\"2\" aria-controls=\"elementor-tab-content-2672\"><span class=\"eael-accordion-tab-title\">Wie kann ich meine Lieblingsjobs speichern?<\/span><span class=\"eael-advanced-accordion-icon-closed\"><i aria-hidden=\"true\" class=\"fa-accordion-icon fas fa-plus\"><\/i><\/span><span class=\"eael-advanced-accordion-icon-opened\"><i aria-hidden=\"true\" class=\"fa-accordion-icon fas fa-minus\"><\/i><\/span><\/div><div id=\"elementor-tab-content-2672\" class=\"eael-accordion-content clearfix\" data-tab=\"2\" aria-labelledby=\"wie-kann-ich-meine-lieblingsjobs-speichern\"><p>Alle verf\u00fcgbaren Stellen werden auf der Startseite angezeigt. Auf der rechten Seite jeder Stellenanzeige befindet sich ein Lesezeichensymbol. W\u00e4hlen Sie dieses Symbol, um den Auftrag zu Ihren Favoriten hinzuzuf\u00fcgen. Die Stellenausschreibung wird dann automatisch zum Bildschirm &#8222;Lesezeichen&#8220; hinzugef\u00fcgt &#8211; die Seite neben der Registerkarte &#8222;Startseite&#8220;.<\/p><p>Wenn Sie ein Stellenangebot aus Ihren Lesezeichen entfernen m\u00f6chten, w\u00e4hlen Sie das gleiche Lesezeichensymbol erneut aus.<\/p><\/div>\n\t\t\t\t\t<\/div><div class=\"eael-accordion-list\">\n\t\t\t\t\t<div id=\"wie-filtere-ich-auftrge\" class=\"elementor-tab-title eael-accordion-header\" tabindex=\"0\" data-tab=\"3\" aria-controls=\"elementor-tab-content-2673\"><span class=\"eael-accordion-tab-title\">Wie filtere ich Auftr\u00e4ge?<\/span><span class=\"eael-advanced-accordion-icon-closed\"><i aria-hidden=\"true\" class=\"fa-accordion-icon fas fa-plus\"><\/i><\/span><span class=\"eael-advanced-accordion-icon-opened\"><i aria-hidden=\"true\" class=\"fa-accordion-icon fas fa-minus\"><\/i><\/span><\/div><div id=\"elementor-tab-content-2673\" class=\"eael-accordion-content clearfix\" data-tab=\"3\" aria-labelledby=\"wie-filtere-ich-auftrge\"><p>Gehen Sie zum Anfang der Startseite. Rechts neben dem Suchfeld befindet sich ein Filtersymbol. Wenn Sie ihn ausw\u00e4hlen, erscheint ein neuer Bildschirm mit den verschiedenen Filterkategorien. Wenn Sie alle gew\u00fcnschten Filter ausgew\u00e4hlt haben, klicken Sie auf die Schaltfl\u00e4che &#8222;Anwenden&#8220;, um die Stellen mit den von Ihnen ausgew\u00e4hlten Suchfiltern anzuzeigen. Wenn Sie wieder alle Auftr\u00e4ge sehen m\u00f6chten, klicken Sie auf die Schaltfl\u00e4che &#8222;L\u00f6schen&#8220;, um alle Filter zu entfernen.<\/p><\/div>\n\t\t\t\t\t<\/div><div class=\"eael-accordion-list\">\n\t\t\t\t\t<div id=\"kann-ich-auftrge-mit-meinen-freunden-teilen\" class=\"elementor-tab-title eael-accordion-header\" tabindex=\"0\" data-tab=\"4\" aria-controls=\"elementor-tab-content-2674\"><span class=\"eael-accordion-tab-title\">Kann ich Auftr\u00e4ge mit meinen Freunden teilen?<\/span><span class=\"eael-advanced-accordion-icon-closed\"><i aria-hidden=\"true\" class=\"fa-accordion-icon fas fa-plus\"><\/i><\/span><span class=\"eael-advanced-accordion-icon-opened\"><i aria-hidden=\"true\" class=\"fa-accordion-icon fas fa-minus\"><\/i><\/span><\/div><div id=\"elementor-tab-content-2674\" class=\"eael-accordion-content clearfix\" data-tab=\"4\" aria-labelledby=\"kann-ich-auftrge-mit-meinen-freunden-teilen\"><p>Ja, nat\u00fcrlich. Gehen Sie zur Startseite, um ein Stellenangebot zu sehen. W\u00e4hlen Sie die Stellenanzeige aus, die Sie mit Ihren Freunden teilen m\u00f6chten. Sie sehen die Details des Eintrags und ein Symbol zum Teilen in der oberen rechten Ecke. W\u00e4hlen Sie das Symbol und unsere App schl\u00e4gt Ihnen verschiedene Kan\u00e4le vor, \u00fcber die Sie den Link zur Anzeige an Ihre Freunde senden k\u00f6nnen.<\/p><\/div>\n\t\t\t\t\t<\/div><div class=\"eael-accordion-list\">\n\t\t\t\t\t<div id=\"wie-kann-ich-mich-bewerben\" class=\"elementor-tab-title eael-accordion-header\" tabindex=\"0\" data-tab=\"5\" aria-controls=\"elementor-tab-content-2675\"><span class=\"eael-accordion-tab-title\">Wie kann ich mich bewerben?<\/span><span class=\"eael-advanced-accordion-icon-closed\"><i aria-hidden=\"true\" class=\"fa-accordion-icon fas fa-plus\"><\/i><\/span><span class=\"eael-advanced-accordion-icon-opened\"><i aria-hidden=\"true\" class=\"fa-accordion-icon fas fa-minus\"><\/i><\/span><\/div><div id=\"elementor-tab-content-2675\" class=\"eael-accordion-content clearfix\" data-tab=\"5\" aria-labelledby=\"wie-kann-ich-mich-bewerben\"><p>Wenn Sie auf der Homepage nach geeigneten Stellen suchen, k\u00f6nnen Sie eine beliebige Anzeige ausw\u00e4hlen und Einzelheiten \u00fcber die angebotene Stelle einsehen. Wenn Sie sich bewerben m\u00f6chten, scrollen Sie zum unteren Ende der Seite, wo die Einzelheiten der Stelle angezeigt werden, und w\u00e4hlen Sie die Schaltfl\u00e4che &#8222;Bewerben&#8220;. Dr\u00fccken Sie diese Taste, um den Bewerbungsprozess zu starten. In der Bewerbung werden Sie aufgefordert, zu best\u00e4tigen, dass Sie sich auf die Stelle bewerben m\u00f6chten. W\u00e4hlen Sie erneut &#8222;Bewerben&#8220; und Ihr Lebenslauf wird an den potenziellen Arbeitgeber weitergeleitet.<\/p><\/div>\n\t\t\t\t\t<\/div><div class=\"eael-accordion-list\">\n\t\t\t\t\t<div id=\"kann-ich-die-firma-bewerten\" class=\"elementor-tab-title eael-accordion-header\" tabindex=\"0\" data-tab=\"6\" aria-controls=\"elementor-tab-content-2676\"><span class=\"eael-accordion-tab-title\">Kann ich die Firma bewerten??<\/span><span class=\"eael-advanced-accordion-icon-closed\"><i aria-hidden=\"true\" class=\"fa-accordion-icon fas fa-plus\"><\/i><\/span><span class=\"eael-advanced-accordion-icon-opened\"><i aria-hidden=\"true\" class=\"fa-accordion-icon fas fa-minus\"><\/i><\/span><\/div><div id=\"elementor-tab-content-2676\" class=\"eael-accordion-content clearfix\" data-tab=\"6\" aria-labelledby=\"kann-ich-die-firma-bewerten\"><p>Ja, aber nur, wenn Sie mit ihnen gearbeitet haben. Wenn Sie die Zusammenarbeit mit einem Unternehmen beendet haben, sendet Ihnen unsere App eine Push-Benachrichtigung, dass der Auftrag in unserem System als abgeschlossen registriert wurde. Wenn Sie die Meldung ausw\u00e4hlen, gelangen Sie auf die Seite mit den Auftragsdetails, wo Sie den Abschnitt Bewertungen und Rezensionen sehen. Hier k\u00f6nnen Sie eine Bewertung \u00fcber den Arbeitgeber verfassen und ihm durch die Vergabe von Sternen (von eins bis f\u00fcnf) ein Rating geben. Um Ihre Bewertung zu ver\u00f6ffentlichen, klicken Sie auf die Schaltfl\u00e4che &#8222;Ver\u00f6ffentlichen&#8220;.<\/p><\/div>\n\t\t\t\t\t<\/div><div class=\"eael-accordion-list\">\n\t\t\t\t\t<div id=\"ist-es-mglich-benachrichtigungen-zu-deaktivieren\" class=\"elementor-tab-title eael-accordion-header\" tabindex=\"0\" data-tab=\"7\" aria-controls=\"elementor-tab-content-2677\"><span class=\"eael-accordion-tab-title\">Ist es m\u00f6glich, Benachrichtigungen zu deaktivieren?<\/span><span class=\"eael-advanced-accordion-icon-closed\"><i aria-hidden=\"true\" class=\"fa-accordion-icon fas fa-plus\"><\/i><\/span><span class=\"eael-advanced-accordion-icon-opened\"><i aria-hidden=\"true\" class=\"fa-accordion-icon fas fa-minus\"><\/i><\/span><\/div><div id=\"elementor-tab-content-2677\" class=\"eael-accordion-content clearfix\" data-tab=\"7\" aria-labelledby=\"ist-es-mglich-benachrichtigungen-zu-deaktivieren\"><p>Ja, nat\u00fcrlich. Gehen Sie dazu in die obere rechte Ecke der Seite und suchen Sie nach zwei kleinen horizontalen Linien. W\u00e4hlen Sie, um das Dropdown-Men\u00fc zu \u00f6ffnen, und w\u00e4hlen Sie dann Einstellungen. Navigieren Sie dann zum Abschnitt Benachrichtigungen, wo Sie einen Schieberegler zum Aktivieren\/Deaktivieren finden. Damit k\u00f6nnen Sie die Benachrichtigungen steuern, die unsere App anzeigt.<\/p><\/div>\n\t\t\t\t\t<\/div><div class=\"eael-accordion-list\">\n\t\t\t\t\t<div id=\"wie-kann-ich-mein-profil-aktualisieren\" class=\"elementor-tab-title eael-accordion-header\" tabindex=\"0\" data-tab=\"8\" aria-controls=\"elementor-tab-content-2678\"><span class=\"eael-accordion-tab-title\">Wie kann ich mein Profil aktualisieren?<\/span><span class=\"eael-advanced-accordion-icon-closed\"><i aria-hidden=\"true\" class=\"fa-accordion-icon fas fa-plus\"><\/i><\/span><span class=\"eael-advanced-accordion-icon-opened\"><i aria-hidden=\"true\" class=\"fa-accordion-icon fas fa-minus\"><\/i><\/span><\/div><div id=\"elementor-tab-content-2678\" class=\"eael-accordion-content clearfix\" data-tab=\"8\" aria-labelledby=\"wie-kann-ich-mein-profil-aktualisieren\"><p>W\u00e4hlen Sie die beiden Linien in der oberen rechten Ecke, um das Dropdown-Men\u00fc zu \u00f6ffnen. W\u00e4hlen Sie die erste Option Mein Profil, um Ihr Profil auf ByggJobs\u00a0zu \u00e4ndern. Sie k\u00f6nnen abgeschlossene Kurse und erworbene Zertifikate, gesprochene Sprachen, Ihre Erfahrung und Ihr Portfolio hinzuf\u00fcgen. Sie k\u00f6nnen auch alle anderen Informationen \u00e4ndern, einschlie\u00dflich Ihrer Kontaktangaben.<\/p><\/div>\n\t\t\t\t\t<\/div><\/div>\t\t\t\t<\/div>\n\t\t\t\t<\/div>\n\t\t\t\t\t<\/div>\n\t\t<\/div>\n\t\t\t\t<div class=\"elementor-column elementor-col-50 elementor-inner-column elementor-element elementor-element-94c148a\" data-id=\"94c148a\" data-element_type=\"column\">\n\t\t\t<div class=\"elementor-widget-wrap elementor-element-populated\">\n\t\t\t\t\t\t<div class=\"elementor-element elementor-element-5f91cbd elementor-widget elementor-widget-eael-adv-accordion\" data-id=\"5f91cbd\" data-element_type=\"widget\" data-widget_type=\"eael-adv-accordion.default\">\n\t\t\t\t<div class=\"elementor-widget-container\">\n\t\t\t\t\t            <div class=\"eael-adv-accordion\" id=\"eael-adv-accordion-5f91cbd\" data-scroll-on-click=\"no\" data-scroll-speed=\"300\" data-accordion-id=\"5f91cbd\" data-accordion-type=\"accordion\" data-toogle-speed=\"300\">\n            <div class=\"eael-accordion-list\">\n\t\t\t\t\t<div id=\"wie-kann-ich-detaillierte-mitarbeiterinformationen-einsehen\" class=\"elementor-tab-title eael-accordion-header\" tabindex=\"0\" data-tab=\"1\" aria-controls=\"elementor-tab-content-1001\"><span class=\"eael-accordion-tab-title\">Wie kann ich detaillierte Mitarbeiterinformationen einsehen?<\/span><span class=\"eael-advanced-accordion-icon-closed\"><i aria-hidden=\"true\" class=\"fa-accordion-icon fas fa-plus\"><\/i><\/span><span class=\"eael-advanced-accordion-icon-opened\"><i aria-hidden=\"true\" class=\"fa-accordion-icon fas fa-minus\"><\/i><\/span><\/div><div id=\"elementor-tab-content-1001\" class=\"eael-accordion-content clearfix\" data-tab=\"1\" aria-labelledby=\"wie-kann-ich-detaillierte-mitarbeiterinformationen-einsehen\"><p>Die Startseite zeigt eine Liste aller verf\u00fcgbaren Mitarbeiter in Ihrer Branche. Wenn Sie mehr \u00fcber einige von ihnen erfahren m\u00f6chten, w\u00e4hlen Sie das Feld mit dem Namen und dem Foto der Person aus, und die App f\u00fchrt Sie zu einem neuen Bildschirm mit den Mitarbeiterdetails.<\/p><\/div>\n\t\t\t\t\t<\/div><div class=\"eael-accordion-list\">\n\t\t\t\t\t<div id=\"wie-erstelle-ich-ein-stellenangebot\" class=\"elementor-tab-title eael-accordion-header\" tabindex=\"0\" data-tab=\"2\" aria-controls=\"elementor-tab-content-1002\"><span class=\"eael-accordion-tab-title\">Wie erstelle ich ein Stellenangebot?<\/span><span class=\"eael-advanced-accordion-icon-closed\"><i aria-hidden=\"true\" class=\"fa-accordion-icon fas fa-plus\"><\/i><\/span><span class=\"eael-advanced-accordion-icon-opened\"><i aria-hidden=\"true\" class=\"fa-accordion-icon fas fa-minus\"><\/i><\/span><\/div><div id=\"elementor-tab-content-1002\" class=\"eael-accordion-content clearfix\" data-tab=\"2\" aria-labelledby=\"wie-erstelle-ich-ein-stellenangebot\"><p>Schauen Sie auf den unteren Teil des Bildschirms, wo sich die Navigationssymbole befinden. W\u00e4hlen Sie das Symbol mit dem Titel Jobs, das Sie zur Seite Meine Jobs f\u00fchrt.<\/p><p>In der oberen rechten Ecke dieser Seite finden Sie eine gelbe Schaltfl\u00e4che &#8222;Auftrag hinzuf\u00fcgen&#8220;. Tippen Sie auf diese Schaltfl\u00e4che, um ein Stellenangebot hinzuzuf\u00fcgen. Die App erm\u00f6glicht es Ihnen, eine Reihe von Details \u00fcber die Anzeige einzugeben, wie z. B. die Stellenbezeichnung, die Art der Besch\u00e4ftigung und die genaue Uhrzeit des Jobs. Wenn Sie die Bearbeitung des Eintrags abgeschlossen haben, gehen Sie zum Ende der Seite und klicken Sie auf Speichern und Ver\u00f6ffentlichen, um die Anzeige zu ver\u00f6ffentlichen.<\/p><\/div>\n\t\t\t\t\t<\/div><div class=\"eael-accordion-list\">\n\t\t\t\t\t<div id=\"wie-vereinbare-ich-ein-vorstellungsgesprch-mit-einem-potenziellen-mitarbeiter\" class=\"elementor-tab-title eael-accordion-header\" tabindex=\"0\" data-tab=\"3\" aria-controls=\"elementor-tab-content-1003\"><span class=\"eael-accordion-tab-title\">Wie vereinbare ich ein Vorstellungsgespr\u00e4ch mit einem potenziellen Mitarbeiter?<\/span><span class=\"eael-advanced-accordion-icon-closed\"><i aria-hidden=\"true\" class=\"fa-accordion-icon fas fa-plus\"><\/i><\/span><span class=\"eael-advanced-accordion-icon-opened\"><i aria-hidden=\"true\" class=\"fa-accordion-icon fas fa-minus\"><\/i><\/span><\/div><div id=\"elementor-tab-content-1003\" class=\"eael-accordion-content clearfix\" data-tab=\"3\" aria-labelledby=\"wie-vereinbare-ich-ein-vorstellungsgesprch-mit-einem-potenziellen-mitarbeiter\"><p>Gehen Sie zur Startseite und w\u00e4hlen Sie den Bewerber aus, den Sie zu einem Gespr\u00e4ch einladen m\u00f6chten. Sie erhalten eine Seite mit detaillierten Informationen \u00fcber den Mitarbeiter. Am unteren Rand des Bildschirms finden Sie die gelbe Schaltfl\u00e4che &#8222;Vorstellungsgespr\u00e4ch ansetzen&#8220;. Dr\u00fccken Sie diese Taste, um einen Termin zu vereinbaren und den Bewerber zu benachrichtigen.<\/p><\/div>\n\t\t\t\t\t<\/div><div class=\"eael-accordion-list\">\n\t\t\t\t\t<div id=\"kann-ich-mit-einem-mitarbeiter-per-chat-sprechen\" class=\"elementor-tab-title eael-accordion-header\" tabindex=\"0\" data-tab=\"4\" aria-controls=\"elementor-tab-content-1004\"><span class=\"eael-accordion-tab-title\">Kann ich mit einem Mitarbeiter per Chat sprechen?<\/span><span class=\"eael-advanced-accordion-icon-closed\"><i aria-hidden=\"true\" class=\"fa-accordion-icon fas fa-plus\"><\/i><\/span><span class=\"eael-advanced-accordion-icon-opened\"><i aria-hidden=\"true\" class=\"fa-accordion-icon fas fa-minus\"><\/i><\/span><\/div><div id=\"elementor-tab-content-1004\" class=\"eael-accordion-content clearfix\" data-tab=\"4\" aria-labelledby=\"kann-ich-mit-einem-mitarbeiter-per-chat-sprechen\"><p>Ja, aber nur bei Arbeitnehmern, die Sie eingestellt haben. In der Navigationsleiste am unteren Rand des Bildschirms befindet sich ein Chat-Symbol. Tippen Sie darauf, um die Chat-Seite aufzurufen.<\/p><\/div>\n\t\t\t\t\t<\/div><div class=\"eael-accordion-list\">\n\t\t\t\t\t<div id=\"wie-kann-ich-mein-unternehmensprofil-aktualisieren\" class=\"elementor-tab-title eael-accordion-header\" tabindex=\"0\" data-tab=\"5\" aria-controls=\"elementor-tab-content-1005\"><span class=\"eael-accordion-tab-title\">Wie kann ich mein Unternehmensprofil aktualisieren?<\/span><span class=\"eael-advanced-accordion-icon-closed\"><i aria-hidden=\"true\" class=\"fa-accordion-icon fas fa-plus\"><\/i><\/span><span class=\"eael-advanced-accordion-icon-opened\"><i aria-hidden=\"true\" class=\"fa-accordion-icon fas fa-minus\"><\/i><\/span><\/div><div id=\"elementor-tab-content-1005\" class=\"eael-accordion-content clearfix\" data-tab=\"5\" aria-labelledby=\"wie-kann-ich-mein-unternehmensprofil-aktualisieren\"><p>Suchen Sie die beiden horizontalen Balken oben rechts auf dem Bildschirm. Wenn Sie dieses Symbol ausw\u00e4hlen, wird ein Dropdown-Men\u00fc ge\u00f6ffnet. Die erste Option im Men\u00fc ist Profil. W\u00e4hlen Sie dieses Symbol, um die Profilbearbeitungsseite zu \u00f6ffnen.<\/p><\/div>\n\t\t\t\t\t<\/div><div class=\"eael-accordion-list\">\n\t\t\t\t\t<div id=\"wie-kann-ich-die-arbeit-eines-mitarbeiters-bewerten-und-beurteilen\" class=\"elementor-tab-title eael-accordion-header\" tabindex=\"0\" data-tab=\"6\" aria-controls=\"elementor-tab-content-1006\"><span class=\"eael-accordion-tab-title\">Wie kann ich die Arbeit eines Mitarbeiters bewerten und beurteilen?<\/span><span class=\"eael-advanced-accordion-icon-closed\"><i aria-hidden=\"true\" class=\"fa-accordion-icon fas fa-plus\"><\/i><\/span><span class=\"eael-advanced-accordion-icon-opened\"><i aria-hidden=\"true\" class=\"fa-accordion-icon fas fa-minus\"><\/i><\/span><\/div><div id=\"elementor-tab-content-1006\" class=\"eael-accordion-content clearfix\" data-tab=\"6\" aria-labelledby=\"wie-kann-ich-die-arbeit-eines-mitarbeiters-bewerten-und-beurteilen\"><p>Bei Beendigung des Arbeitsverh\u00e4ltnisses eines Mitarbeiters erhalten Sie eine Push-Benachrichtigung, in der Sie dar\u00fcber informiert werden, dass wir die Beendigung Ihrer Beziehung zu dem Mitarbeiter registriert haben. Sobald Sie die Informationen ausgew\u00e4hlt haben, wird eine neue Seite angezeigt, auf der Sie eine Bewertung abgeben k\u00f6nnen. Um Ihre Bewertung zu ver\u00f6ffentlichen, klicken Sie auf die Schaltfl\u00e4che &#8222;Ver\u00f6ffentlichen&#8220; unten auf der Seite.<\/p><\/div>\n\t\t\t\t\t<\/div><\/div>\t\t\t\t<\/div>\n\t\t\t\t<\/div>\n\t\t\t\t\t<\/div>\n\t\t<\/div>\n\t\t\t\t\t<\/div>\n\t\t<\/section>\n\t\t\t\t\t<\/div>\n\t\t<\/div>\n\t\t\t\t\t<\/div>\n\t\t<\/section>\n\t\t\t\t<\/div>\n\t\t","protected":false},"excerpt":{"rendered":"<p>H\u00e4ufig gestellte Fragen Wie kann ich in ByggJobs suchen? Wenn Sie sich einloggen, finden Sie die Suchfunktion auf der Startseite. Sowohl in der Web- als auch in der mobilen Version der App befindet sich diese Funktion am oberen Rand des Bildschirms. Hier k\u00f6nnen Sie jeden Job oder jedes Unternehmen eingeben, das Sie interessiert, und mit [&hellip;]<\/p>\n","protected":false},"author":4,"featured_media":0,"parent":0,"menu_order":0,"comment_status":"closed","ping_status":"closed","template":"","meta":{"footnotes":""},"class_list":["post-1560","page","type-page","status-publish","hentry"],"_links":{"self":[{"href":"https:\/\/byggjobs.app\/de\/wp-json\/wp\/v2\/pages\/1560","targetHints":{"allow":["GET"]}}],"collection":[{"href":"https:\/\/byggjobs.app\/de\/wp-json\/wp\/v2\/pages"}],"about":[{"href":"https:\/\/byggjobs.app\/de\/wp-json\/wp\/v2\/types\/page"}],"author":[{"embeddable":true,"href":"https:\/\/byggjobs.app\/de\/wp-json\/wp\/v2\/users\/4"}],"replies":[{"embeddable":true,"href":"https:\/\/byggjobs.app\/de\/wp-json\/wp\/v2\/comments?post=1560"}],"version-history":[{"count":14,"href":"https:\/\/byggjobs.app\/de\/wp-json\/wp\/v2\/pages\/1560\/revisions"}],"predecessor-version":[{"id":2337,"href":"https:\/\/byggjobs.app\/de\/wp-json\/wp\/v2\/pages\/1560\/revisions\/2337"}],"wp:attachment":[{"href":"https:\/\/byggjobs.app\/de\/wp-json\/wp\/v2\/media?parent=1560"}],"curies":[{"name":"wp","href":"https:\/\/api.w.org\/{rel}","templated":true}]}}