{"id":1458,"date":"2022-11-17T09:22:17","date_gmt":"2022-11-17T09:22:17","guid":{"rendered":"https:\/\/byggjobs.stg.geckodoit.com\/faq\/"},"modified":"2022-12-08T07:11:07","modified_gmt":"2022-12-08T07:11:07","slug":"faq","status":"publish","type":"page","link":"https:\/\/byggjobs.app\/cs\/faq\/","title":{"rendered":"FAQ"},"content":{"rendered":"\t\t<div data-elementor-type=\"wp-page\" data-elementor-id=\"1458\" class=\"elementor elementor-1458 elementor-17\" data-elementor-post-type=\"page\">\n\t\t\t\t\t\t<section class=\"elementor-section elementor-top-section elementor-element elementor-element-c4636ab elementor-section-height-min-height elementor-section-boxed elementor-section-height-default elementor-section-items-middle\" data-id=\"c4636ab\" data-element_type=\"section\" data-settings=\"{&quot;background_background&quot;:&quot;classic&quot;}\">\n\t\t\t\t\t\t<div class=\"elementor-container elementor-column-gap-default\">\n\t\t\t\t\t<div class=\"elementor-column elementor-col-100 elementor-top-column elementor-element elementor-element-9d14f92\" data-id=\"9d14f92\" data-element_type=\"column\">\n\t\t\t<div class=\"elementor-widget-wrap elementor-element-populated\">\n\t\t\t\t\t\t<section class=\"elementor-section elementor-inner-section elementor-element elementor-element-2643c0f elementor-section-boxed elementor-section-height-default elementor-section-height-default\" data-id=\"2643c0f\" data-element_type=\"section\">\n\t\t\t\t\t\t<div class=\"elementor-container elementor-column-gap-default\">\n\t\t\t\t\t<div class=\"elementor-column elementor-col-100 elementor-inner-column elementor-element elementor-element-c84408e\" data-id=\"c84408e\" data-element_type=\"column\">\n\t\t\t<div class=\"elementor-widget-wrap elementor-element-populated\">\n\t\t\t\t\t\t<div class=\"elementor-element elementor-element-714c673 elementor-widget elementor-widget-heading\" data-id=\"714c673\" data-element_type=\"widget\" data-widget_type=\"heading.default\">\n\t\t\t\t<div class=\"elementor-widget-container\">\n\t\t\t\t\t<h1 class=\"elementor-heading-title elementor-size-default\">FAQ<\/h1>\t\t\t\t<\/div>\n\t\t\t\t<\/div>\n\t\t\t\t\t<\/div>\n\t\t<\/div>\n\t\t\t\t\t<\/div>\n\t\t<\/section>\n\t\t\t\t\t<\/div>\n\t\t<\/div>\n\t\t\t\t\t<\/div>\n\t\t<\/section>\n\t\t\t\t<section class=\"elementor-section elementor-top-section elementor-element elementor-element-35f44e1 elementor-section-boxed elementor-section-height-default elementor-section-height-default\" data-id=\"35f44e1\" data-element_type=\"section\" data-settings=\"{&quot;background_background&quot;:&quot;classic&quot;}\">\n\t\t\t\t\t\t<div class=\"elementor-container elementor-column-gap-default\">\n\t\t\t\t\t<div class=\"elementor-column elementor-col-100 elementor-top-column elementor-element elementor-element-94d5169\" data-id=\"94d5169\" data-element_type=\"column\">\n\t\t\t<div class=\"elementor-widget-wrap elementor-element-populated\">\n\t\t\t\t\t\t<section class=\"elementor-section elementor-inner-section elementor-element elementor-element-d8c0e3d elementor-section-boxed elementor-section-height-default elementor-section-height-default\" data-id=\"d8c0e3d\" data-element_type=\"section\">\n\t\t\t\t\t\t<div class=\"elementor-container elementor-column-gap-default\">\n\t\t\t\t\t<div class=\"elementor-column elementor-col-100 elementor-inner-column elementor-element elementor-element-d70e4e7\" data-id=\"d70e4e7\" data-element_type=\"column\">\n\t\t\t<div class=\"elementor-widget-wrap elementor-element-populated\">\n\t\t\t\t\t\t<div class=\"elementor-element elementor-element-6e424ea elementor-widget elementor-widget-heading\" data-id=\"6e424ea\" data-element_type=\"widget\" data-widget_type=\"heading.default\">\n\t\t\t\t<div class=\"elementor-widget-container\">\n\t\t\t\t\t<h2 class=\"elementor-heading-title elementor-size-default\">Nej\u010dast\u011bji kladen\u00e9 dotazy a odpov\u011bdi<\/h2>\t\t\t\t<\/div>\n\t\t\t\t<\/div>\n\t\t\t\t\t<\/div>\n\t\t<\/div>\n\t\t\t\t\t<\/div>\n\t\t<\/section>\n\t\t\t\t<section class=\"elementor-section elementor-inner-section elementor-element elementor-element-e33eeb8 elementor-section-boxed elementor-section-height-default elementor-section-height-default\" data-id=\"e33eeb8\" data-element_type=\"section\">\n\t\t\t\t\t\t<div class=\"elementor-container elementor-column-gap-default\">\n\t\t\t\t\t<div class=\"elementor-column elementor-col-50 elementor-inner-column elementor-element elementor-element-24ebe40\" data-id=\"24ebe40\" data-element_type=\"column\">\n\t\t\t<div class=\"elementor-widget-wrap elementor-element-populated\">\n\t\t\t\t\t\t<div class=\"elementor-element elementor-element-fec9719 elementor-widget elementor-widget-eael-adv-accordion\" data-id=\"fec9719\" data-element_type=\"widget\" data-widget_type=\"eael-adv-accordion.default\">\n\t\t\t\t<div class=\"elementor-widget-container\">\n\t\t\t\t\t            <div class=\"eael-adv-accordion\" id=\"eael-adv-accordion-fec9719\" data-scroll-on-click=\"no\" data-scroll-speed=\"300\" data-accordion-id=\"fec9719\" data-accordion-type=\"accordion\" data-toogle-speed=\"300\">\n            <div class=\"eael-accordion-list\">\n\t\t\t\t\t<div id=\"jak-hledat-v-byggjobs\" class=\"elementor-tab-title eael-accordion-header\" tabindex=\"0\" data-tab=\"1\" aria-controls=\"elementor-tab-content-2671\"><span class=\"eael-accordion-tab-title\">Jak hledat v ByggJobs?<\/span><span class=\"eael-advanced-accordion-icon-closed\"><i aria-hidden=\"true\" class=\"fa-accordion-icon fas fa-plus\"><\/i><\/span><span class=\"eael-advanced-accordion-icon-opened\"><i aria-hidden=\"true\" class=\"fa-accordion-icon fas fa-minus\"><\/i><\/span><\/div><div id=\"elementor-tab-content-2671\" class=\"eael-accordion-content clearfix\" data-tab=\"1\" aria-labelledby=\"jak-hledat-v-byggjobs\"><p>Po p\u0159ihl\u00e1\u0161en\u00ed najdi funkci vyhled\u00e1v\u00e1n\u00ed na hlavn\u00ed\u00a0 stran\u011b. Ve versi aplikace ur\u010den\u00e9 na stranu WWW. V mobiln\u00ed aplikaci\u00a0 se tato funkce nach\u00e1z\u00ed v horn\u00ed \u010d\u00e1sti obrazovky. V tomto m\u00edst\u011b\u00a0 m\u016f\u017ee\u0161 uv\u00e9st libovoln\u00e9 prac.za\u0159azen\u00ed nebo firmu, kter\u00e1 t\u011b\u00a0 zaj\u00edm\u00e1 a za\u010dat vyhled\u00e1v\u00e1n\u00ed v na\u0161i datab\u00e1zi.<\/p><\/div>\n\t\t\t\t\t<\/div><div class=\"eael-accordion-list\">\n\t\t\t\t\t<div id=\"jak-mohu-zapsat-sv-oblben-nabdky-prce\" class=\"elementor-tab-title eael-accordion-header\" tabindex=\"0\" data-tab=\"2\" aria-controls=\"elementor-tab-content-2672\"><span class=\"eael-accordion-tab-title\">Jak mohu zapsat sv\u00e9 obl\u00edben\u00e9 nab\u00eddky pr\u00e1ce?<\/span><span class=\"eael-advanced-accordion-icon-closed\"><i aria-hidden=\"true\" class=\"fa-accordion-icon fas fa-plus\"><\/i><\/span><span class=\"eael-advanced-accordion-icon-opened\"><i aria-hidden=\"true\" class=\"fa-accordion-icon fas fa-minus\"><\/i><\/span><\/div><div id=\"elementor-tab-content-2672\" class=\"eael-accordion-content clearfix\" data-tab=\"2\" aria-labelledby=\"jak-mohu-zapsat-sv-oblben-nabdky-prce\"><p>V\u0161echny p\u0159\u00edstupn\u00e9 nab\u00eddky pr\u00e1ce budou zobrazeny na hlavn\u00ed stran\u011b. Vpravo od ka\u017ed\u00e9 nab\u00eddky pr\u00e1ce se nach\u00e1z\u00ed ikona z\u00e1lo\u017eky. Zvol tuto ikonu, aby byla nab\u00eddka pr\u00e1ce p\u0159id\u00e1na k obl\u00edben\u00fdch. Pot\u00e9 bude inzer\u00e1t automaticky p\u0159id\u00e1n\u00a0 do Obrazovky z\u00e1lo\u017eek \u2014 strana vedle z\u00e1lo\u017eky\u00a0 Hlavn\u00ed strana \/\u201eStrona G\u0142\u00f3wna\u201d.<\/p><p>Jestli chce\u0161 odstranit nab\u00eddku pr\u00e1ce ze z\u00e1lo\u017eek, vyber znovu stejnou ikonu z\u00e1lo\u017eky.<\/p><\/div>\n\t\t\t\t\t<\/div><div class=\"eael-accordion-list\">\n\t\t\t\t\t<div id=\"jak-filtrovat-nabdky-prce\" class=\"elementor-tab-title eael-accordion-header\" tabindex=\"0\" data-tab=\"3\" aria-controls=\"elementor-tab-content-2673\"><span class=\"eael-accordion-tab-title\">Jak filtrovat nab\u00eddky pr\u00e1ce?<\/span><span class=\"eael-advanced-accordion-icon-closed\"><i aria-hidden=\"true\" class=\"fa-accordion-icon fas fa-plus\"><\/i><\/span><span class=\"eael-advanced-accordion-icon-opened\"><i aria-hidden=\"true\" class=\"fa-accordion-icon fas fa-minus\"><\/i><\/span><\/div><div id=\"elementor-tab-content-2673\" class=\"eael-accordion-content clearfix\" data-tab=\"3\" aria-labelledby=\"jak-filtrovat-nabdky-prce\"><p>P\u0159ejdi na za\u010d\u00e1tek hlavn\u00ed strany. Napravo od pole vyhled\u00e1v\u00e1n\u00ed se nach\u00e1z\u00ed\u00a0 ikona filtru. Po jej\u00edm zvolen\u00ed\u00a0 se zobraz\u00ed nov\u00e1 obrazovka, na kter\u00e9 budou vid\u011bt r\u016fzn\u00e9 kategorie filtr\u016f. Po zvolen\u00ed v\u0161ech pot\u0159ebn\u00fdch filtr\u016f stla\u010d tla\u010d\u00edtko Pou\u017eij \/\u201eZastosuj\u201d, aby se zobrazily nab\u00eddky pr\u00e1ce se zohledn\u011bn\u00edm zvolen\u00fdch filtr\u016f vyhled\u00e1v\u00e1n\u00ed. Jestli chce\u0161 op\u011bt vid\u011bt\u00a0 v\u0161echna\u00a0 zad\u00e1n\u00ed, klikni tla\u010d\u00edtko Vy\u010disti\u00a0 \u201eWyczy\u015b\u0107\u201d, aby se odstranily v\u0161echny filtry.<\/p><\/div>\n\t\t\t\t\t<\/div><div class=\"eael-accordion-list\">\n\t\t\t\t\t<div id=\"mohu-zpstupnit-nabdky-prce-mm-znmm\" class=\"elementor-tab-title eael-accordion-header\" tabindex=\"0\" data-tab=\"4\" aria-controls=\"elementor-tab-content-2674\"><span class=\"eael-accordion-tab-title\">Mohu zp\u0159\u00edstupnit nab\u00eddky pr\u00e1ce m\u00fdm zn\u00e1m\u00fdm?<\/span><span class=\"eael-advanced-accordion-icon-closed\"><i aria-hidden=\"true\" class=\"fa-accordion-icon fas fa-plus\"><\/i><\/span><span class=\"eael-advanced-accordion-icon-opened\"><i aria-hidden=\"true\" class=\"fa-accordion-icon fas fa-minus\"><\/i><\/span><\/div><div id=\"elementor-tab-content-2674\" class=\"eael-accordion-content clearfix\" data-tab=\"4\" aria-labelledby=\"mohu-zpstupnit-nabdky-prce-mm-znmm\"><p>Ano, samoz\u0159ejm\u011b. P\u0159ejdi na hlavn\u00ed stranu, aby se zobrazily nab\u00eddky pr\u00e1ce. Zvol inzer\u00e1t, kter\u00fd chce\u0161 zp\u0159\u00edstupnit\u00a0 zn\u00e1m\u00fdm. Uvid\u00ed\u0161 detaily nab\u00eddky pr\u00e1ce, a v prav\u00e9m horn\u00edm rohu ikonu zp\u0159\u00edstup\u0148ov\u00e1n\u00ed. Zvol ikonu, a pot\u00e9 Ti na\u0161e aplikace navrhne r\u016fzn\u00e9\u00a0 kan\u00e1ly, p\u0159es kter\u00e9 m\u016f\u017ee\u0161 zaslat odkaz na inzer\u00e1t sv\u00fdm zn\u00e1m\u00fdm.<\/p><\/div>\n\t\t\t\t\t<\/div><div class=\"eael-accordion-list\">\n\t\t\t\t\t<div id=\"jak-mohu-podvat-aplikaci\" class=\"elementor-tab-title eael-accordion-header\" tabindex=\"0\" data-tab=\"5\" aria-controls=\"elementor-tab-content-2675\"><span class=\"eael-accordion-tab-title\">Jak mohu pod\u00e1vat aplikaci?<\/span><span class=\"eael-advanced-accordion-icon-closed\"><i aria-hidden=\"true\" class=\"fa-accordion-icon fas fa-plus\"><\/i><\/span><span class=\"eael-advanced-accordion-icon-opened\"><i aria-hidden=\"true\" class=\"fa-accordion-icon fas fa-minus\"><\/i><\/span><\/div><div id=\"elementor-tab-content-2675\" class=\"eael-accordion-content clearfix\" data-tab=\"5\" aria-labelledby=\"jak-mohu-podvat-aplikaci\"><p>Prohl\u00ed\u017eej\u00edc hlavn\u00ed stranu p\u0159i hled\u00e1n\u00ed vhodn\u00fdch prac. za\u0159azen\u00ed, m\u016f\u017ee\u0161 zvolit\u00a0 ka\u017ed\u00fd inzer\u00e1t a\u00a0 sledovat detaily nab\u00edzen\u00e9 pr\u00e1ce. Jestli chce\u0161 podat\u00a0 aplikaci, p\u0159ejdi na doln\u00ed \u010d\u00e1st strany, na kter\u00e9 jsou p\u0159edstaveny detailn\u00ed informace o nab\u00eddce pr\u00e1ce a stla\u010d tla\u010d\u00edtko Aplikuj\/ \u201eAplikuj\u201d. Stla\u010d to tla\u010d\u00edtko, aby se zah\u00e1jil proces pod\u00e1n\u00ed aplikace. Aplikace po\u017e\u00e1d\u00e1\u00a0 o potvrzen\u00ed, \u017ee chce\u0161 aplikovat na dan\u00e9 prac. za\u0159azen\u00ed. Op\u011bt zvol \u201eAplikuj\u201d, a Tv\u00e9 CV bude postoupeno potenci\u00e1ln\u00edmu zam\u011bstnavateli.<\/p><\/div>\n\t\t\t\t\t<\/div><div class=\"eael-accordion-list\">\n\t\t\t\t\t<div id=\"mohu-ocenit-firmu\" class=\"elementor-tab-title eael-accordion-header\" tabindex=\"0\" data-tab=\"6\" aria-controls=\"elementor-tab-content-2676\"><span class=\"eael-accordion-tab-title\">Mohu ocenit firmu?<\/span><span class=\"eael-advanced-accordion-icon-closed\"><i aria-hidden=\"true\" class=\"fa-accordion-icon fas fa-plus\"><\/i><\/span><span class=\"eael-advanced-accordion-icon-opened\"><i aria-hidden=\"true\" class=\"fa-accordion-icon fas fa-minus\"><\/i><\/span><\/div><div id=\"elementor-tab-content-2676\" class=\"eael-accordion-content clearfix\" data-tab=\"6\" aria-labelledby=\"mohu-ocenit-firmu\"><p>Ano, ale jen pokud jsi s tou firmou spolupracoval. A\u017e skon\u010d\u00ed\u0161 spolupr\u00e1ci s firmou za\u0161le Ti na\u0161e aplikace ozn\u00e1men\u00ed\u00a0 push s informac\u00ed, \u017ee pr\u00e1ce byla registrov\u00e1na v na\u0161em syst\u00e9mu jako ukon\u010dena. Zvolen\u00ed ozn\u00e1men\u00ed zp\u016fsob\u00ed p\u0159echod na stranu detail\u016f nab\u00eddky pr\u00e1ce, na kter\u00e9 se uk\u00e1\u017ee sekce Hodnocen\u00ed a recenz\u00ed. Zde m\u016f\u017ee\u0161 napsat recenzi t\u00fdkaj\u00edc\u00ed se zam\u011bstnavatele a vystavit mu hodnocen\u00ed v podob\u011b hv\u011bzdi\u010dek\u00a0 (od jedn\u00e9 do p\u011bti). Recenzi publikuje\u0161 stla\u010den\u00edm tla\u010d\u00edtka \u201ePublikuj\u201d.<\/p><\/div>\n\t\t\t\t\t<\/div><div class=\"eael-accordion-list\">\n\t\t\t\t\t<div id=\"je-mon-vypnout-oznmen\" class=\"elementor-tab-title eael-accordion-header\" tabindex=\"0\" data-tab=\"7\" aria-controls=\"elementor-tab-content-2677\"><span class=\"eael-accordion-tab-title\">Je mo\u017en\u00e9 vypnout ozn\u00e1men\u00ed?<\/span><span class=\"eael-advanced-accordion-icon-closed\"><i aria-hidden=\"true\" class=\"fa-accordion-icon fas fa-plus\"><\/i><\/span><span class=\"eael-advanced-accordion-icon-opened\"><i aria-hidden=\"true\" class=\"fa-accordion-icon fas fa-minus\"><\/i><\/span><\/div><div id=\"elementor-tab-content-2677\" class=\"eael-accordion-content clearfix\" data-tab=\"7\" aria-labelledby=\"je-mon-vypnout-oznmen\"><p>Ano, samoz\u0159ejm\u011b. P\u0159ejdi do prav\u00e9ho horn\u00edho rohu strany a najdi dv\u011b mal\u00e9 vodorovn\u00e9 \u010d\u00e1rky. Zvol je a otev\u0159e\u0161\u00a0 menu rozv\u00edjen\u00ed, a n\u00e1sledn\u011b zvol opci Nastaven\u00ed\/ Ustawienia. P\u0159ejdi do sekce Ozn\u00e1men\u00ed\/ Powiadomienia, ve kter\u00e9 je vid\u011bt\u00a0 Zapni\/Vypni W\u0142\u0105cz-Wy\u0142\u0105cz. Dovoluje to kontrolovat ozn\u00e1men\u00ed, jak\u00e9 zobrazuje na\u0161e aplikace.<\/p><\/div>\n\t\t\t\t\t<\/div><div class=\"eael-accordion-list\">\n\t\t\t\t\t<div id=\"jak-aktualizovat-svj-profil\" class=\"elementor-tab-title eael-accordion-header\" tabindex=\"0\" data-tab=\"8\" aria-controls=\"elementor-tab-content-2678\"><span class=\"eael-accordion-tab-title\">Jak aktualizovat sv\u016fj profil?<\/span><span class=\"eael-advanced-accordion-icon-closed\"><i aria-hidden=\"true\" class=\"fa-accordion-icon fas fa-plus\"><\/i><\/span><span class=\"eael-advanced-accordion-icon-opened\"><i aria-hidden=\"true\" class=\"fa-accordion-icon fas fa-minus\"><\/i><\/span><\/div><div id=\"elementor-tab-content-2678\" class=\"eael-accordion-content clearfix\" data-tab=\"8\" aria-labelledby=\"jak-aktualizovat-svj-profil\"><p>Zvol dv\u011b \u010d\u00e1rky v prav\u00e9m horn\u00edm rohu a otev\u0159e se rozv\u00edjen\u00e9 menu. Zvol prvn\u00ed opci My Profile a modifikuje\u0161 sv\u016fj profil v servisu ByggJobs. M\u016f\u017ee\u0161 p\u0159idat ukon\u010den\u00e9 kursy a z\u00edskan\u00e9 certifik\u00e1ty, jazyky, kter\u00e9 ovl\u00e1d\u00e1\u0161, sv\u00e9 zku\u0161enosti a portfolio. M\u016f\u017ee\u0161 rovn\u011b\u017e modifikovat ve\u0161ker\u00e9 jin\u00e9 informace, v\u010detn\u011b sv\u00fdch kontaktn\u00edch \u00fadaj\u016f.<\/p><\/div>\n\t\t\t\t\t<\/div><\/div>\t\t\t\t<\/div>\n\t\t\t\t<\/div>\n\t\t\t\t\t<\/div>\n\t\t<\/div>\n\t\t\t\t<div class=\"elementor-column elementor-col-50 elementor-inner-column elementor-element elementor-element-94c148a\" data-id=\"94c148a\" data-element_type=\"column\">\n\t\t\t<div class=\"elementor-widget-wrap elementor-element-populated\">\n\t\t\t\t\t\t<div class=\"elementor-element elementor-element-5f91cbd elementor-widget elementor-widget-eael-adv-accordion\" data-id=\"5f91cbd\" data-element_type=\"widget\" data-widget_type=\"eael-adv-accordion.default\">\n\t\t\t\t<div class=\"elementor-widget-container\">\n\t\t\t\t\t            <div class=\"eael-adv-accordion\" id=\"eael-adv-accordion-5f91cbd\" data-scroll-on-click=\"no\" data-scroll-speed=\"300\" data-accordion-id=\"5f91cbd\" data-accordion-type=\"accordion\" data-toogle-speed=\"300\">\n            <div class=\"eael-accordion-list\">\n\t\t\t\t\t<div id=\"jak-lze-zobrazit-podrobn-informace-o-pracovncch\" class=\"elementor-tab-title eael-accordion-header\" tabindex=\"0\" data-tab=\"1\" aria-controls=\"elementor-tab-content-1001\"><span class=\"eael-accordion-tab-title\">Jak lze zobrazit podrobn\u00e9 informace o pracovn\u00edc\u00edch?<\/span><span class=\"eael-advanced-accordion-icon-closed\"><i aria-hidden=\"true\" class=\"fa-accordion-icon fas fa-plus\"><\/i><\/span><span class=\"eael-advanced-accordion-icon-opened\"><i aria-hidden=\"true\" class=\"fa-accordion-icon fas fa-minus\"><\/i><\/span><\/div><div id=\"elementor-tab-content-1001\" class=\"eael-accordion-content clearfix\" data-tab=\"1\" aria-labelledby=\"jak-lze-zobrazit-podrobn-informace-o-pracovncch\"><p>Na Hlavn\u00ed stran\u011b je\u00a0 vid\u011bt seznam v\u0161ech dostupn\u00fdch pracovn\u00edk\u016f ve Tv\u00e9m odv\u011btv\u00ed. Jestli se chce\u0161 dov\u011bd\u011bt v\u00edce o n\u011bkter\u00fdch z nich, zvol pole s p\u0159\u00edjmen\u00edm a fotografii dan\u00e9 osoby.\u00a0 Aplikace t\u011b\u00a0 p\u0159enese na novou obrazovku, na kter\u00e9 se nach\u00e1zej\u00ed \u00fadaje pracovn\u00edka.<\/p><\/div>\n\t\t\t\t\t<\/div><div class=\"eael-accordion-list\">\n\t\t\t\t\t<div id=\"jak-mohu-utvoit-nabdku-prce\" class=\"elementor-tab-title eael-accordion-header\" tabindex=\"0\" data-tab=\"2\" aria-controls=\"elementor-tab-content-1002\"><span class=\"eael-accordion-tab-title\">Jak mohu utvo\u0159it nab\u00eddku pr\u00e1ce?<\/span><span class=\"eael-advanced-accordion-icon-closed\"><i aria-hidden=\"true\" class=\"fa-accordion-icon fas fa-plus\"><\/i><\/span><span class=\"eael-advanced-accordion-icon-opened\"><i aria-hidden=\"true\" class=\"fa-accordion-icon fas fa-minus\"><\/i><\/span><\/div><div id=\"elementor-tab-content-1002\" class=\"eael-accordion-content clearfix\" data-tab=\"2\" aria-labelledby=\"jak-mohu-utvoit-nabdku-prce\"><p>Pod\u00edvej se na doln\u00ed \u010d\u00e1st obrazovky, kde se nach\u00e1zej\u00ed ikony navigace. Zvol ikonu Nab\u00eddky pr\u00e1ce, kter\u00e1 Ti dovol\u00ed se dostat na stranu Moje nab\u00eddky pr\u00e1ce.<br \/>V prav\u00e9m horn\u00edm rohu t\u00e9to strany najde\u0161 \u017elut\u00e9 tla\u010d\u00edtko \u201eP\u0159idej nab\u00eddku pr\u00e1ce\u201d. Stla\u010d to tla\u010d\u00edtko a p\u0159id\u00e1\u0161 tak nab\u00eddky pr\u00e1ce. Aplikace umo\u017e\u0148uje zav\u00e1d\u011bn\u00ed r\u016fzn\u00fdch podrobn\u00fdch \u00fadaj\u016f t\u00fdkaj\u00edc\u00edch se nab\u00eddky pr\u00e1ce jako nap\u0159.: ozna\u010den\u00ed prac. za\u0159azen\u00ed, druh zam\u011bstn\u00e1n\u00ed nebo p\u0159esn\u00fd \u010das vykon\u00e1v\u00e1n\u00ed pr\u00e1ce. Po ukon\u010den\u00ed edice nab\u00eddky p\u0159ejdi do doln\u00ed \u010d\u00e1sti strany a stla\u010d\u00a0 Zapi\u0161 a Publikuj, ozn\u00e1men\u00ed bude zve\u0159ejn\u011bno.<\/p><\/div>\n\t\t\t\t\t<\/div><div class=\"eael-accordion-list\">\n\t\t\t\t\t<div id=\"jak-domluvit-kvalifikan-rozhovor-s-potencilnm-pracovnkem\" class=\"elementor-tab-title eael-accordion-header\" tabindex=\"0\" data-tab=\"3\" aria-controls=\"elementor-tab-content-1003\"><span class=\"eael-accordion-tab-title\">Jak domluvit kvalifika\u010dn\u00ed rozhovor s potenci\u00e1ln\u00edm pracovn\u00edkem?<\/span><span class=\"eael-advanced-accordion-icon-closed\"><i aria-hidden=\"true\" class=\"fa-accordion-icon fas fa-plus\"><\/i><\/span><span class=\"eael-advanced-accordion-icon-opened\"><i aria-hidden=\"true\" class=\"fa-accordion-icon fas fa-minus\"><\/i><\/span><\/div><div id=\"elementor-tab-content-1003\" class=\"eael-accordion-content clearfix\" data-tab=\"3\" aria-labelledby=\"jak-domluvit-kvalifikan-rozhovor-s-potencilnm-pracovnkem\"><p>P\u0159ejdi na Hlavn\u00ed stranu a vyber kandid\u00e1ta, kter\u00e9ho chce\u0161 pozvat na kvalifika\u010dn\u00ed rozhovor.. Zobraz\u00ed se strana prezentuj\u00edc\u00ed podrobn\u00e9 informace t\u00fdkaj\u00edc\u00ed se pracovn\u00edka. Pod\u00edvej se\u00a0 na doln\u00ed \u010d\u00e1st obrazovky, kde najde\u0161 \u017elut\u00e9 tla\u010d\u00edtko \u201eNapl\u00e1nuj kvalifika\u010dn\u00ed rozhovor\u201d. Stla\u010d ho. Dohodne\u0161 setk\u00e1n\u00ed a\u00a0 bude\u0161 informovat kandid\u00e1ta.<\/p><\/div>\n\t\t\t\t\t<\/div><div class=\"eael-accordion-list\">\n\t\t\t\t\t<div id=\"mohu-mluvit-s-pracovnkem-na-atu\" class=\"elementor-tab-title eael-accordion-header\" tabindex=\"0\" data-tab=\"4\" aria-controls=\"elementor-tab-content-1004\"><span class=\"eael-accordion-tab-title\">Mohu mluvit s pracovn\u00edkem na \u010datu?<\/span><span class=\"eael-advanced-accordion-icon-closed\"><i aria-hidden=\"true\" class=\"fa-accordion-icon fas fa-plus\"><\/i><\/span><span class=\"eael-advanced-accordion-icon-opened\"><i aria-hidden=\"true\" class=\"fa-accordion-icon fas fa-minus\"><\/i><\/span><\/div><div id=\"elementor-tab-content-1004\" class=\"eael-accordion-content clearfix\" data-tab=\"4\" aria-labelledby=\"mohu-mluvit-s-pracovnkem-na-atu\"><p>Ano, ale jen s pracovn\u00edky, kter\u00e9 jsi zam\u011bstnal. Na naviga\u010dn\u00edm p\u00e1sku v doln\u00ed \u010d\u00e1sti obrazovky se nach\u00e1z\u00ed ikona \u010datu. Stla\u010d ji, a dostane\u0161 se na stranu \u010datu.<\/p><\/div>\n\t\t\t\t\t<\/div><div class=\"eael-accordion-list\">\n\t\t\t\t\t<div id=\"jak-aktualizovat-profil-m-firmy\" class=\"elementor-tab-title eael-accordion-header\" tabindex=\"0\" data-tab=\"5\" aria-controls=\"elementor-tab-content-1005\"><span class=\"eael-accordion-tab-title\">Jak aktualizovat profil m\u00e9 firmy?<\/span><span class=\"eael-advanced-accordion-icon-closed\"><i aria-hidden=\"true\" class=\"fa-accordion-icon fas fa-plus\"><\/i><\/span><span class=\"eael-advanced-accordion-icon-opened\"><i aria-hidden=\"true\" class=\"fa-accordion-icon fas fa-minus\"><\/i><\/span><\/div><div id=\"elementor-tab-content-1005\" class=\"eael-accordion-content clearfix\" data-tab=\"5\" aria-labelledby=\"jak-aktualizovat-profil-m-firmy\"><p>Najdi dva vodorovn\u00e9 p\u00e1sky v prav\u00e9m horn\u00edm rohu obrazovky. Po zvolen\u00ed toho symbolu se otev\u0159e rozv\u00edjen\u00e9 menu. Prvn\u00ed opce v menu je Profil. Zvol ten symbol\u00a0 a otev\u0159e\u0161 stranu edice profilu.<\/p><\/div>\n\t\t\t\t\t<\/div><div class=\"eael-accordion-list\">\n\t\t\t\t\t<div id=\"jak-mohu-ocenit-a-recenzovat-prci-pracovnka\" class=\"elementor-tab-title eael-accordion-header\" tabindex=\"0\" data-tab=\"6\" aria-controls=\"elementor-tab-content-1006\"><span class=\"eael-accordion-tab-title\">Jak mohu ocenit a recenzovat pr\u00e1ci pracovn\u00edka?<\/span><span class=\"eael-advanced-accordion-icon-closed\"><i aria-hidden=\"true\" class=\"fa-accordion-icon fas fa-plus\"><\/i><\/span><span class=\"eael-advanced-accordion-icon-opened\"><i aria-hidden=\"true\" class=\"fa-accordion-icon fas fa-minus\"><\/i><\/span><\/div><div id=\"elementor-tab-content-1006\" class=\"eael-accordion-content clearfix\" data-tab=\"6\" aria-labelledby=\"jak-mohu-ocenit-a-recenzovat-prci-pracovnka\"><p>Po tom, kdy pracovn\u00edk ukon\u010d\u00ed pr\u00e1ci dostane\u0161 ozn\u00e1men\u00ed push s informac\u00ed, \u017ee jsme registrovali ukon\u010den\u00ed Tv\u00e9 spolupr\u00e1ce s pracovn\u00edkem. Po zvolen\u00ed informace se zobraz\u00ed\u00a0 nov\u00e1 strana, na kter\u00e9 bude dostupn\u00e1 mo\u017enost hodnocen\u00ed a recenze. Svoji recenzi zve\u0159ejn\u00ed\u0161 stla\u010den\u00edm tla\u010d\u00edtka\u00a0 \u201ePublikuj\u201d kter\u00fd je v doln\u00ed \u010d\u00e1sti strany.<\/p><\/div>\n\t\t\t\t\t<\/div><\/div>\t\t\t\t<\/div>\n\t\t\t\t<\/div>\n\t\t\t\t\t<\/div>\n\t\t<\/div>\n\t\t\t\t\t<\/div>\n\t\t<\/section>\n\t\t\t\t\t<\/div>\n\t\t<\/div>\n\t\t\t\t\t<\/div>\n\t\t<\/section>\n\t\t\t\t<\/div>\n\t\t","protected":false},"excerpt":{"rendered":"<p>Nej\u010dast\u011bji kladen\u00e9 dotazy a odpov\u011bdi Jak hledat v ByggJobs? Po p\u0159ihl\u00e1\u0161en\u00ed najdi funkci vyhled\u00e1v\u00e1n\u00ed na hlavn\u00ed\u00a0 stran\u011b. Ve versi aplikace ur\u010den\u00e9 na stranu WWW. V mobiln\u00ed aplikaci\u00a0 se tato funkce nach\u00e1z\u00ed v horn\u00ed \u010d\u00e1sti obrazovky. V tomto m\u00edst\u011b\u00a0 m\u016f\u017ee\u0161 uv\u00e9st libovoln\u00e9 prac.za\u0159azen\u00ed nebo firmu, kter\u00e1 t\u011b\u00a0 zaj\u00edm\u00e1 a za\u010dat vyhled\u00e1v\u00e1n\u00ed v na\u0161i datab\u00e1zi. Jak mohu [&hellip;]<\/p>\n","protected":false},"author":4,"featured_media":0,"parent":0,"menu_order":0,"comment_status":"closed","ping_status":"closed","template":"","meta":{"footnotes":""},"class_list":["post-1458","page","type-page","status-publish","hentry"],"_links":{"self":[{"href":"https:\/\/byggjobs.app\/cs\/wp-json\/wp\/v2\/pages\/1458","targetHints":{"allow":["GET"]}}],"collection":[{"href":"https:\/\/byggjobs.app\/cs\/wp-json\/wp\/v2\/pages"}],"about":[{"href":"https:\/\/byggjobs.app\/cs\/wp-json\/wp\/v2\/types\/page"}],"author":[{"embeddable":true,"href":"https:\/\/byggjobs.app\/cs\/wp-json\/wp\/v2\/users\/4"}],"replies":[{"embeddable":true,"href":"https:\/\/byggjobs.app\/cs\/wp-json\/wp\/v2\/comments?post=1458"}],"version-history":[{"count":7,"href":"https:\/\/byggjobs.app\/cs\/wp-json\/wp\/v2\/pages\/1458\/revisions"}],"predecessor-version":[{"id":2198,"href":"https:\/\/byggjobs.app\/cs\/wp-json\/wp\/v2\/pages\/1458\/revisions\/2198"}],"wp:attachment":[{"href":"https:\/\/byggjobs.app\/cs\/wp-json\/wp\/v2\/media?parent=1458"}],"curies":[{"name":"wp","href":"https:\/\/api.w.org\/{rel}","templated":true}]}}