{"id":1452,"date":"2022-11-17T09:20:50","date_gmt":"2022-11-17T09:20:50","guid":{"rendered":"https:\/\/byggjobs.stg.geckodoit.com\/about-us\/"},"modified":"2022-12-08T06:47:22","modified_gmt":"2022-12-08T06:47:22","slug":"o-nas","status":"publish","type":"page","link":"https:\/\/byggjobs.app\/cs\/o-nas\/","title":{"rendered":"O n\u00e1s"},"content":{"rendered":"\t\t<div data-elementor-type=\"wp-page\" data-elementor-id=\"1452\" class=\"elementor elementor-1452 elementor-13\" data-elementor-post-type=\"page\">\n\t\t\t\t\t\t<section class=\"elementor-section elementor-top-section elementor-element elementor-element-5bb95e6 elementor-section-height-min-height elementor-section-boxed elementor-section-height-default elementor-section-items-middle\" data-id=\"5bb95e6\" data-element_type=\"section\" data-settings=\"{&quot;background_background&quot;:&quot;classic&quot;}\">\n\t\t\t\t\t\t<div class=\"elementor-container elementor-column-gap-default\">\n\t\t\t\t\t<div class=\"elementor-column elementor-col-100 elementor-top-column elementor-element elementor-element-c352216\" data-id=\"c352216\" data-element_type=\"column\">\n\t\t\t<div class=\"elementor-widget-wrap elementor-element-populated\">\n\t\t\t\t\t\t<section class=\"elementor-section elementor-inner-section elementor-element elementor-element-dbcaf34 elementor-section-boxed elementor-section-height-default elementor-section-height-default\" data-id=\"dbcaf34\" data-element_type=\"section\">\n\t\t\t\t\t\t<div class=\"elementor-container elementor-column-gap-default\">\n\t\t\t\t\t<div class=\"elementor-column elementor-col-100 elementor-inner-column elementor-element elementor-element-23f44cd\" data-id=\"23f44cd\" data-element_type=\"column\">\n\t\t\t<div class=\"elementor-widget-wrap elementor-element-populated\">\n\t\t\t\t\t\t<div class=\"elementor-element elementor-element-1e29877 elementor-widget elementor-widget-heading\" data-id=\"1e29877\" data-element_type=\"widget\" data-widget_type=\"heading.default\">\n\t\t\t\t<div class=\"elementor-widget-container\">\n\t\t\t\t\t<h1 class=\"elementor-heading-title elementor-size-default\">O n\u00e1s<\/h1>\t\t\t\t<\/div>\n\t\t\t\t<\/div>\n\t\t\t\t\t<\/div>\n\t\t<\/div>\n\t\t\t\t\t<\/div>\n\t\t<\/section>\n\t\t\t\t\t<\/div>\n\t\t<\/div>\n\t\t\t\t\t<\/div>\n\t\t<\/section>\n\t\t\t\t<section class=\"elementor-section elementor-top-section elementor-element elementor-element-05f8b2a elementor-section-boxed elementor-section-height-default elementor-section-height-default\" data-id=\"05f8b2a\" data-element_type=\"section\" data-settings=\"{&quot;background_background&quot;:&quot;classic&quot;}\">\n\t\t\t\t\t\t<div class=\"elementor-container elementor-column-gap-default\">\n\t\t\t\t\t<div class=\"elementor-column elementor-col-100 elementor-top-column elementor-element elementor-element-f533021\" data-id=\"f533021\" data-element_type=\"column\">\n\t\t\t<div class=\"elementor-widget-wrap elementor-element-populated\">\n\t\t\t\t\t\t<section class=\"elementor-section elementor-inner-section elementor-element elementor-element-df5befa elementor-section-boxed elementor-section-height-default elementor-section-height-default\" data-id=\"df5befa\" data-element_type=\"section\">\n\t\t\t\t\t\t<div class=\"elementor-container elementor-column-gap-default\">\n\t\t\t\t\t<div class=\"elementor-column elementor-col-50 elementor-inner-column elementor-element elementor-element-9661ed8\" data-id=\"9661ed8\" data-element_type=\"column\">\n\t\t\t<div class=\"elementor-widget-wrap elementor-element-populated\">\n\t\t\t\t\t\t<div class=\"elementor-element elementor-element-81a7034 text-background elementor-widget elementor-widget-heading\" data-id=\"81a7034\" data-element_type=\"widget\" data-widget_type=\"heading.default\">\n\t\t\t\t<div class=\"elementor-widget-container\">\n\t\t\t\t\t<h2 class=\"elementor-heading-title elementor-size-default\">Kdo jsme? \n<\/h2>\t\t\t\t<\/div>\n\t\t\t\t<\/div>\n\t\t\t\t\t<\/div>\n\t\t<\/div>\n\t\t\t\t<div class=\"elementor-column elementor-col-50 elementor-inner-column elementor-element elementor-element-d123bdf\" data-id=\"d123bdf\" data-element_type=\"column\">\n\t\t\t<div class=\"elementor-widget-wrap elementor-element-populated\">\n\t\t\t\t\t\t<div class=\"elementor-element elementor-element-9f6b665 elementor-widget elementor-widget-text-editor\" data-id=\"9f6b665\" data-element_type=\"widget\" data-widget_type=\"text-editor.default\">\n\t\t\t\t<div class=\"elementor-widget-container\">\n\t\t\t\t\t\t\t\t\t<p>Platformu ByggJobs\u00a0zalo\u017eila v roce 2018\u00a0 skandin\u00e1vsk\u00e1 skupina Grupa EHRAB zab\u00fdvaj\u00edc\u00ed se n\u00e1borem a zprost\u0159edkov\u00e1n\u00edm v procesu zam\u011bstn\u00e1van\u00ed. Na\u0161e platforma je\u00a0 virtu\u00e1ln\u00ed trh pro osoby hledaj\u00edc\u00ed\u00a0 pr\u00e1ci a zam\u011bstnavatele v stavebn\u00edm odv\u011btv\u00ed, pozemn\u00edho in\u017een\u00fdrstv\u00ed a instala\u010dn\u00edho in\u017een\u00fdrstv\u00ed\u00a0 v Evrop\u011b. Na\u0161im c\u00edlem je zaji\u0161t\u011bn\u00ed spolehliv\u00e9ho p\u0159\u00edstupu podnik\u016fm z cel\u00e9 Evropy ke pr\u016fm\u011brn\u00fdm a vysoce kvalifikovan\u00fdm pracovn\u00edk\u016fm.<\/p>\t\t\t\t\t\t\t\t<\/div>\n\t\t\t\t<\/div>\n\t\t\t\t\t<\/div>\n\t\t<\/div>\n\t\t\t\t\t<\/div>\n\t\t<\/section>\n\t\t\t\t<section class=\"elementor-section elementor-inner-section elementor-element elementor-element-8897543 elementor-section-boxed elementor-section-height-default elementor-section-height-default\" data-id=\"8897543\" data-element_type=\"section\">\n\t\t\t\t\t\t<div class=\"elementor-container elementor-column-gap-default\">\n\t\t\t\t\t<div class=\"elementor-column elementor-col-50 elementor-inner-column elementor-element elementor-element-d83adb0\" data-id=\"d83adb0\" data-element_type=\"column\">\n\t\t\t<div class=\"elementor-widget-wrap elementor-element-populated\">\n\t\t\t\t\t\t<div class=\"elementor-element elementor-element-4120562 text-background elementor-widget elementor-widget-heading\" data-id=\"4120562\" data-element_type=\"widget\" data-widget_type=\"heading.default\">\n\t\t\t\t<div class=\"elementor-widget-container\">\n\t\t\t\t\t<h2 class=\"elementor-heading-title elementor-size-default\">Na\u0161e mise \n<\/h2>\t\t\t\t<\/div>\n\t\t\t\t<\/div>\n\t\t\t\t\t<\/div>\n\t\t<\/div>\n\t\t\t\t<div class=\"elementor-column elementor-col-50 elementor-inner-column elementor-element elementor-element-f43244d\" data-id=\"f43244d\" data-element_type=\"column\">\n\t\t\t<div class=\"elementor-widget-wrap elementor-element-populated\">\n\t\t\t\t\t\t<div class=\"elementor-element elementor-element-7bb2279 elementor-widget elementor-widget-text-editor\" data-id=\"7bb2279\" data-element_type=\"widget\" data-widget_type=\"text-editor.default\">\n\t\t\t\t<div class=\"elementor-widget-container\">\n\t\t\t\t\t\t\t\t\t<p>B\u011bhem poledn\u00edch des\u00edti let\u00ed p\u0159e\u017e\u00edv\u00e1\u00a0 evropsk\u00e9 stavebn\u00ed odv\u011btv\u00ed rozkv\u011bt, ale\u00a0sou\u010dasn\u011b\u00a0 m\u00e1 i t\u011b\u017ekosti s nalezen\u00edm kvalifikovan\u00e9 pracovn\u00ed\u00a0 s\u00edly. Mnoho\u00a0 firem hled\u00e1\u00a0 pracovn\u00edky v\u00a0 zahrani\u010d\u00ed, aby mohly doplnit chyb\u011bj\u00edc\u00ed k\u00e1dry. Berouc v \u00favahu velkou pot\u0159ebu mnoha\u00a0 zahrani\u010dn\u00edch partner\u016f za\u010dalo hledat pracovn\u00edky ve v\u00fdchodn\u00ed\u00a0 Evrop\u011b a otev\u0159eli se na\u00a0 skandin\u00e1vsk\u00e9 zem\u011b. Nedostate\u010dn\u011b regulovan\u00fd trh d\u00e1val mo\u017enost vyu\u017eit\u00ed mezer v evropsk\u00fdch da\u0148ov\u00fdch p\u0159episech jako p\u0159edpisy o p\u0159eshrani\u010dn\u00edm zam\u011bstn\u00e1n\u00ed, co\u017e v konsekvenci ovlivnilo pracovn\u00ed trh\u00a0 ve stavebn\u00edm odv\u011btv\u00ed a to vedlo k soci\u00e1ln\u00edmu\u00a0 dumpingu, nedostatku dozoru, a v d\u016fsledku k vyko\u0159is\u0165ov\u00e1n\u00ed pracovn\u00edk\u016f. Odpov\u00eddaj\u00edc na tyto probl\u00e9my skupina Grupa EHRAB vytvo\u0159ila aplikaci ByggJobs, ve\u00a0 kter\u00e9\u00a0 byl zvl\u00e1\u0161tn\u00ed d\u016fraz polo\u017een\u00a0 na udr\u017eiteln\u00fd\u00a0 rozvoj a spole\u010denskou odpov\u011bdnost. C\u00edlem aplikace ByggJobs\u00a0je zaji\u0161t\u011bn\u00ed\u00a0 platformy, za\u00a0 prost\u0159ednictv\u00edm kter\u00e9\u00a0 mohou pracovn\u00edci i zam\u011bstnavatel\u00e9\u00a0 komunikovat mezi\u00a0 sebou\u00a0 profesion\u00e1ln\u00ed zp\u016fsobem\u00a0 s dodr\u017een\u00edm\u00a0 z\u00e1sad partnersk\u00e9 spolupr\u00e1ce. Na\u0161\u00edm c\u00edlem dlouhodob\u00fdm je eliminace soci\u00e1ln\u00edho dumpingu v stavebn\u00edm odv\u011btv\u00ed p\u0159es zaji\u0161t\u011bn\u00e1 virtu\u00e1ln\u00edho\u00a0 pracovn\u00edho trhu zalo\u017een\u00e9ho\u00a0 na pr\u016fhlednosti, p\u00e9\u010di a p\u0159\u00edslu\u0161n\u00e9m dozoru.<\/p>\t\t\t\t\t\t\t\t<\/div>\n\t\t\t\t<\/div>\n\t\t\t\t\t<\/div>\n\t\t<\/div>\n\t\t\t\t\t<\/div>\n\t\t<\/section>\n\t\t\t\t\t<\/div>\n\t\t<\/div>\n\t\t\t\t\t<\/div>\n\t\t<\/section>\n\t\t\t\t<section class=\"elementor-section elementor-top-section elementor-element elementor-element-60f6f70 elementor-section-boxed elementor-section-height-default elementor-section-height-default\" data-id=\"60f6f70\" data-element_type=\"section\">\n\t\t\t\t\t\t<div class=\"elementor-container elementor-column-gap-default\">\n\t\t\t\t\t<div class=\"elementor-column elementor-col-100 elementor-top-column elementor-element elementor-element-1f42838\" data-id=\"1f42838\" data-element_type=\"column\">\n\t\t\t<div class=\"elementor-widget-wrap elementor-element-populated\">\n\t\t\t\t\t\t<section class=\"elementor-section elementor-inner-section elementor-element elementor-element-ddcfc54 elementor-section-boxed elementor-section-height-default elementor-section-height-default\" data-id=\"ddcfc54\" data-element_type=\"section\">\n\t\t\t\t\t\t<div class=\"elementor-container elementor-column-gap-default\">\n\t\t\t\t\t<div class=\"elementor-column elementor-col-100 elementor-inner-column elementor-element elementor-element-6790c74\" data-id=\"6790c74\" data-element_type=\"column\">\n\t\t\t<div class=\"elementor-widget-wrap elementor-element-populated\">\n\t\t\t\t\t\t<div class=\"elementor-element elementor-element-31d1671 elementor-widget elementor-widget-heading\" data-id=\"31d1671\" data-element_type=\"widget\" data-widget_type=\"heading.default\">\n\t\t\t\t<div class=\"elementor-widget-container\">\n\t\t\t\t\t<h2 class=\"elementor-heading-title elementor-size-default\">Our higher purpose<\/h2>\t\t\t\t<\/div>\n\t\t\t\t<\/div>\n\t\t\t\t\t<\/div>\n\t\t<\/div>\n\t\t\t\t\t<\/div>\n\t\t<\/section>\n\t\t\t\t<section class=\"elementor-section elementor-inner-section elementor-element elementor-element-c52fe32 elementor-section-boxed elementor-section-height-default elementor-section-height-default\" data-id=\"c52fe32\" data-element_type=\"section\">\n\t\t\t\t\t\t<div class=\"elementor-container elementor-column-gap-default\">\n\t\t\t\t\t<div class=\"elementor-column elementor-col-100 elementor-inner-column elementor-element elementor-element-3b8d0d9\" data-id=\"3b8d0d9\" data-element_type=\"column\">\n\t\t\t<div class=\"elementor-widget-wrap elementor-element-populated\">\n\t\t\t\t\t\t<div class=\"elementor-element elementor-element-fdb8d20 elementor-widget elementor-widget-video\" data-id=\"fdb8d20\" data-element_type=\"widget\" data-settings=\"{&quot;youtube_url&quot;:&quot;https:\\\/\\\/www.youtube.com\\\/watch?v=Pi4c-nGOfl8&quot;,&quot;video_type&quot;:&quot;youtube&quot;,&quot;controls&quot;:&quot;yes&quot;}\" data-widget_type=\"video.default\">\n\t\t\t\t<div class=\"elementor-widget-container\">\n\t\t\t\t\t\t\t<div class=\"elementor-wrapper elementor-open-inline\">\n\t\t\t<div class=\"elementor-video\"><\/div>\t\t<\/div>\n\t\t\t\t\t\t<\/div>\n\t\t\t\t<\/div>\n\t\t\t\t\t<\/div>\n\t\t<\/div>\n\t\t\t\t\t<\/div>\n\t\t<\/section>\n\t\t\t\t\t<\/div>\n\t\t<\/div>\n\t\t\t\t\t<\/div>\n\t\t<\/section>\n\t\t\t\t<\/div>\n\t\t","protected":false},"excerpt":{"rendered":"<p>Kdo jsme? Platformu ByggJobs\u00a0zalo\u017eila v roce 2018\u00a0 skandin\u00e1vsk\u00e1 skupina Grupa EHRAB zab\u00fdvaj\u00edc\u00ed se n\u00e1borem a zprost\u0159edkov\u00e1n\u00edm v procesu zam\u011bstn\u00e1van\u00ed. Na\u0161e platforma je\u00a0 virtu\u00e1ln\u00ed trh pro osoby hledaj\u00edc\u00ed\u00a0 pr\u00e1ci a zam\u011bstnavatele v stavebn\u00edm odv\u011btv\u00ed, pozemn\u00edho in\u017een\u00fdrstv\u00ed a instala\u010dn\u00edho in\u017een\u00fdrstv\u00ed\u00a0 v Evrop\u011b. Na\u0161im c\u00edlem je zaji\u0161t\u011bn\u00ed spolehliv\u00e9ho p\u0159\u00edstupu podnik\u016fm z cel\u00e9 Evropy ke pr\u016fm\u011brn\u00fdm a vysoce kvalifikovan\u00fdm [&hellip;]<\/p>\n","protected":false},"author":4,"featured_media":0,"parent":0,"menu_order":0,"comment_status":"closed","ping_status":"closed","template":"","meta":{"footnotes":""},"class_list":["post-1452","page","type-page","status-publish","hentry"],"_links":{"self":[{"href":"https:\/\/byggjobs.app\/cs\/wp-json\/wp\/v2\/pages\/1452","targetHints":{"allow":["GET"]}}],"collection":[{"href":"https:\/\/byggjobs.app\/cs\/wp-json\/wp\/v2\/pages"}],"about":[{"href":"https:\/\/byggjobs.app\/cs\/wp-json\/wp\/v2\/types\/page"}],"author":[{"embeddable":true,"href":"https:\/\/byggjobs.app\/cs\/wp-json\/wp\/v2\/users\/4"}],"replies":[{"embeddable":true,"href":"https:\/\/byggjobs.app\/cs\/wp-json\/wp\/v2\/comments?post=1452"}],"version-history":[{"count":6,"href":"https:\/\/byggjobs.app\/cs\/wp-json\/wp\/v2\/pages\/1452\/revisions"}],"predecessor-version":[{"id":2151,"href":"https:\/\/byggjobs.app\/cs\/wp-json\/wp\/v2\/pages\/1452\/revisions\/2151"}],"wp:attachment":[{"href":"https:\/\/byggjobs.app\/cs\/wp-json\/wp\/v2\/media?parent=1452"}],"curies":[{"name":"wp","href":"https:\/\/api.w.org\/{rel}","templated":true}]}}